{"id":7832,"date":"2023-07-28T18:42:47","date_gmt":"2023-07-28T18:42:47","guid":{"rendered":"https:\/\/live-rawf.pantheonsite.io\/?page_id=7832"},"modified":"2023-08-09T17:01:51","modified_gmt":"2023-08-09T17:01:51","slug":"recaudar-fondos-2","status":"publish","type":"page","link":"https:\/\/www.rawoodfoundation.org\/es\/fundraise-2\/","title":{"rendered":"Recaudar fondos"},"content":{"rendered":"<h2 class=\"wp-block-heading\">Su ayuda y apoyo contribuyen en gran medida a impulsar la labor de la RAWF<\/h2>\n\n\n\n<div class=\"wp-block-columns is-layout-flex wp-container-core-columns-is-layout-9d6595d7 wp-block-columns-is-layout-flex\">\n<div class=\"wp-block-column is-layout-flow wp-block-column-is-layout-flow\" style=\"flex-basis:66.66%\">\n<h3 class=\"wp-block-heading\">S<strong>et Up a <\/strong>FUNdraiser<strong>!<\/strong><\/h3>\n\n\n\n<p>La Fundaci\u00f3n Raymond A. Wood es una peque\u00f1a organizaci\u00f3n sin \u00e1nimo de lucro que opera con un presupuesto muy reducido y trabaja para encontrar mejores soluciones a los grandes problemas que afectan a los supervivientes de tumores cerebrales hipotal\u00e1mico-hipofisarios, incluidos craneofaringiomas, astrocitomas, hamartomas y otros tumores benignos y malignos del eje hipotal\u00e1mico-hipofisario. Estos tumores causan muchos problemas de calidad de vida a los que los supervivientes y cuidadores se enfrentan cada d\u00eda. <a href=\"https:\/\/secure.givelively.org\/donate\/raymond-a-wood-foundation-inc\/personal-milestone-fundraisers\" target=\"_blank\" rel=\"noreferrer noopener\">Yo<\/a><a href=\"https:\/\/secure.givelively.org\/donate\/raymond-a-wood-foundation-inc\/personal-milestone-fundraisers\">uede ayudar organizando una recaudaci\u00f3n de fondos y comparti\u00e9ndola con sus amigos y familiares. <\/a><\/p>\n\n\n\n<a class=\"gb-button gb-button-359c149a gb-button-text\" href=\"https:\/\/secure.givelively.org\/donate\/raymond-a-wood-foundation-inc\/personal-milestone-fundraisers\" target=\"_blank\" rel=\"noopener noreferrer\">Comenzar<\/a>\n<\/div>\n\n\n\n<div class=\"wp-block-column is-layout-flow wp-block-column-is-layout-flow\" style=\"flex-basis:33.33%\">\n<figure class=\"wp-block-image size-full\"><img decoding=\"async\" width=\"184\" height=\"356\" src=\"https:\/\/live-rawf.pantheonsite.io\/wp-content\/uploads\/2023\/07\/fundraise.gif\" alt=\"C\u00f3mo organizar una recaudaci\u00f3n de fondos (animaci\u00f3n de la p\u00e1gina)\" class=\"wp-image-7834\"\/><\/figure>\n<\/div>\n<\/div>\n\n\n\n<hr class=\"wp-block-separator has-text-color has-alpha-channel-opacity has-background\" style=\"background-color:#eeeeee;color:#eeeeee\"\/>\n\n\n\n<h3 class=\"wp-block-heading\">Recaudar fondos en Facebook<\/h3>\n\n\n\n<p>Puedes crear f\u00e1cilmente una recaudaci\u00f3n de fondos en Facebook para tu cumplea\u00f1os u ocasi\u00f3n especial. A continuaci\u00f3n te explicamos c\u00f3mo:<\/p>\n\n\n\n<ul class=\"wp-block-list\">\n<li>Visita la p\u00e1gina de Facebook de la Fundaci\u00f3n Raymond A. Wood y <strong>pulse el bot\u00f3n \"crear\".<\/strong><\/li>\n\n\n\n<li><strong>Sigue los pasos. <\/strong>Facebook ya tiene contenido sobre nuestra misi\u00f3n que puedes utilizar, pero tambi\u00e9n ayuda compartir historias personales sobre por qu\u00e9 RAWF es importante para ti.&nbsp;<\/li>\n\n\n\n<li><strong>Empieza poco a poco y ve aumentando.<\/strong> Fija tu objetivo en $250. A medida que vayas alcanzando el objetivo, puedes aumentar esa cifra. Si puedes ofrecer igualar una parte o la totalidad de las donaciones, ayudar\u00e1s a que la gente sienta que incluso los peque\u00f1os incrementos son \u00fatiles.<\/li>\n\n\n\n<li><strong>Compartir<\/strong> sobre los distintos programas que la RAWF que financia ayudar\u00e1 a sacar adelante. \u00bfPor qu\u00e9 te importan personalmente estos programas? Cuanto m\u00e1s hables de la recaudaci\u00f3n de fondos, m\u00e1s gente la ver\u00e1. Tambi\u00e9n puedes compartir gr\u00e1ficos y publicaciones de la p\u00e1gina de Facebook de RAWF en tu recaudaci\u00f3n de fondos. Comparte tambi\u00e9n tu recaudaci\u00f3n de fondos en tus historias.<\/li>\n\n\n\n<li><strong>Sigue promocion\u00e1ndolo.<\/strong> Comentar y compartir tu recaudaci\u00f3n de fondos a lo largo del d\u00eda har\u00e1 que llegue a la gente.<\/li>\n\n\n\n<li><strong>Invita a tus amigos.<\/strong> Empieza con un c\u00edrculo cercano que sepas que te apoyar\u00e1 y ve creciendo a partir de \u00e9l. Invita a m\u00e1s personas a lo largo de la recaudaci\u00f3n.<\/li>\n\n\n\n<li><strong>D\u00e9 las gracias a sus donantes.<\/strong> Durante la recaudaci\u00f3n de fondos, da las gracias a tus donantes. Etiqu\u00e9talos escribiendo @ (debe aparecer su nombre) para darles las gracias o d\u00e1ndoles las gracias directamente indicando en la p\u00e1gina de recaudaci\u00f3n de fondos que han donado. Hazles saber que \"les gusta\" la p\u00e1gina de Facebook de RAWF para recibir actualizaciones sobre c\u00f3mo sus fondos est\u00e1n ayudando a los supervivientes de tumores cerebrales. <\/li>\n<\/ul>\n\n\n\n<a class=\"gb-button gb-button-8855cab2 gb-button-text\" href=\"https:\/\/www.facebook.com\/rawoodfoundation\" target=\"_blank\" rel=\"noopener noreferrer\">Comenzar<\/a>\n\n\n<div class=\"gb-container gb-container-52e0cdbf\">\n<div class=\"gb-container gb-container-ebc4de33\">\n\n<figure class=\"wp-block-embed aligncenter is-type-video is-provider-vimeo wp-block-embed-vimeo\"><div class=\"wp-block-embed__wrapper\">\n<iframe title=\"facebook-fundraiser\" src=\"https:\/\/player.vimeo.com\/video\/475173933?dnt=1&amp;app_id=122963\" width=\"1200\" height=\"836\" frameborder=\"0\" allow=\"autoplay; fullscreen; picture-in-picture\" allowfullscreen><\/iframe>\n<\/div><\/figure>\n\n<\/div>\n<\/div>","protected":false},"excerpt":{"rendered":"<p>Su ayuda y apoyo contribuir\u00e1n en gran medida a hacer avanzar la labor de RAWF ... <a title=\"Recaudar fondos\" class=\"read-more\" href=\"https:\/\/www.rawoodfoundation.org\/es\/fundraise-2\/\" aria-label=\"Leer m\u00e1s sobre Recaudaci\u00f3n de fondos\">Seguir leyendo<\/a><\/p>","protected":false},"author":4,"featured_media":0,"parent":0,"menu_order":50,"comment_status":"closed","ping_status":"closed","template":"","meta":{"_acf_changed":false,"footnotes":""},"class_list":{"0":"post-7832","1":"page","2":"type-page","3":"status-publish","5":"no-featured-image-padding"},"acf":[],"yoast_head":"<!-- This site is optimized with the Yoast SEO plugin v27.3 - https:\/\/yoast.com\/product\/yoast-seo-wordpress\/ -->\n<title>Fundraise - Raymond A. Wood Foundation<\/title>\n<meta name=\"robots\" content=\"index, follow, max-snippet:-1, max-image-preview:large, max-video-preview:-1\" \/>\n<link rel=\"canonical\" href=\"https:\/\/www.rawoodfoundation.org\/es\/recaudar-fondos-2\/\" \/>\n<meta property=\"og:locale\" content=\"es_MX\" \/>\n<meta property=\"og:type\" content=\"article\" \/>\n<meta property=\"og:title\" content=\"Fundraise - Raymond A. Wood Foundation\" \/>\n<meta property=\"og:description\" content=\"Your Help and Support Goes a Long Way in Moving RAWF&#8217;s Work Forward Set Up ... Read more\" \/>\n<meta property=\"og:url\" content=\"https:\/\/www.rawoodfoundation.org\/es\/recaudar-fondos-2\/\" \/>\n<meta property=\"og:site_name\" content=\"Raymond A. Wood Foundation\" \/>\n<meta property=\"article:publisher\" content=\"https:\/\/www.facebook.com\/rawoodfoundation\" \/>\n<meta property=\"article:modified_time\" content=\"2023-08-09T17:01:51+00:00\" \/>\n<meta property=\"og:image\" content=\"https:\/\/live-rawf.pantheonsite.io\/wp-content\/uploads\/2023\/07\/fundraise.gif\" \/>\n<meta name=\"twitter:card\" content=\"summary_large_image\" \/>\n<meta name=\"twitter:site\" content=\"@rawoodfound\" \/>\n<meta name=\"twitter:label1\" content=\"Tiempo de lectura\" \/>\n\t<meta name=\"twitter:data1\" content=\"2 minutos\" \/>\n<script type=\"application\/ld+json\" class=\"yoast-schema-graph\">{\"@context\":\"https:\\\/\\\/schema.org\",\"@graph\":[{\"@type\":\"WebPage\",\"@id\":\"https:\\\/\\\/www.rawoodfoundation.org\\\/fundraise-2\\\/\",\"url\":\"https:\\\/\\\/www.rawoodfoundation.org\\\/fundraise-2\\\/\",\"name\":\"Fundraise - Raymond A. Wood Foundation\",\"isPartOf\":{\"@id\":\"https:\\\/\\\/www.rawoodfoundation.org\\\/#website\"},\"primaryImageOfPage\":{\"@id\":\"https:\\\/\\\/www.rawoodfoundation.org\\\/fundraise-2\\\/#primaryimage\"},\"image\":{\"@id\":\"https:\\\/\\\/www.rawoodfoundation.org\\\/fundraise-2\\\/#primaryimage\"},\"thumbnailUrl\":\"https:\\\/\\\/live-rawf.pantheonsite.io\\\/wp-content\\\/uploads\\\/2023\\\/07\\\/fundraise.gif\",\"datePublished\":\"2023-07-28T18:42:47+00:00\",\"dateModified\":\"2023-08-09T17:01:51+00:00\",\"breadcrumb\":{\"@id\":\"https:\\\/\\\/www.rawoodfoundation.org\\\/fundraise-2\\\/#breadcrumb\"},\"inLanguage\":\"es\",\"potentialAction\":[{\"@type\":\"ReadAction\",\"target\":[\"https:\\\/\\\/www.rawoodfoundation.org\\\/fundraise-2\\\/\"]}]},{\"@type\":\"ImageObject\",\"inLanguage\":\"es\",\"@id\":\"https:\\\/\\\/www.rawoodfoundation.org\\\/fundraise-2\\\/#primaryimage\",\"url\":\"https:\\\/\\\/live-rawf.pantheonsite.io\\\/wp-content\\\/uploads\\\/2023\\\/07\\\/fundraise.gif\",\"contentUrl\":\"https:\\\/\\\/live-rawf.pantheonsite.io\\\/wp-content\\\/uploads\\\/2023\\\/07\\\/fundraise.gif\"},{\"@type\":\"BreadcrumbList\",\"@id\":\"https:\\\/\\\/www.rawoodfoundation.org\\\/fundraise-2\\\/#breadcrumb\",\"itemListElement\":[{\"@type\":\"ListItem\",\"position\":1,\"name\":\"Home\",\"item\":\"https:\\\/\\\/www.rawoodfoundation.org\\\/\"},{\"@type\":\"ListItem\",\"position\":2,\"name\":\"Fundraise\"}]},{\"@type\":\"WebSite\",\"@id\":\"https:\\\/\\\/www.rawoodfoundation.org\\\/#website\",\"url\":\"https:\\\/\\\/www.rawoodfoundation.org\\\/\",\"name\":\"Raymond A. Wood Foundation\",\"description\":\"The mission of the RAWF is to provide quality of life support for childhood brain tumor survivors and their families.\",\"publisher\":{\"@id\":\"https:\\\/\\\/www.rawoodfoundation.org\\\/#organization\"},\"potentialAction\":[{\"@type\":\"SearchAction\",\"target\":{\"@type\":\"EntryPoint\",\"urlTemplate\":\"https:\\\/\\\/www.rawoodfoundation.org\\\/?s={search_term_string}\"},\"query-input\":{\"@type\":\"PropertyValueSpecification\",\"valueRequired\":true,\"valueName\":\"search_term_string\"}}],\"inLanguage\":\"es\"},{\"@type\":\"Organization\",\"@id\":\"https:\\\/\\\/www.rawoodfoundation.org\\\/#organization\",\"name\":\"Raymond A. Wood Foundation\",\"url\":\"https:\\\/\\\/www.rawoodfoundation.org\\\/\",\"logo\":{\"@type\":\"ImageObject\",\"inLanguage\":\"es\",\"@id\":\"https:\\\/\\\/www.rawoodfoundation.org\\\/#\\\/schema\\\/logo\\\/image\\\/\",\"url\":\"https:\\\/\\\/www.rawoodfoundation.org\\\/wp-content\\\/uploads\\\/2023\\\/07\\\/Raymond-A-Wood-Foundation-logo.webp\",\"contentUrl\":\"https:\\\/\\\/www.rawoodfoundation.org\\\/wp-content\\\/uploads\\\/2023\\\/07\\\/Raymond-A-Wood-Foundation-logo.webp\",\"width\":470,\"height\":128,\"caption\":\"Raymond A. Wood Foundation\"},\"image\":{\"@id\":\"https:\\\/\\\/www.rawoodfoundation.org\\\/#\\\/schema\\\/logo\\\/image\\\/\"},\"sameAs\":[\"https:\\\/\\\/www.facebook.com\\\/rawoodfoundation\",\"https:\\\/\\\/x.com\\\/rawoodfound\"]}]}<\/script>\n<!-- \/ Yoast SEO plugin. -->","yoast_head_json":{"title":"Recaudaci\u00f3n de fondos - Fundaci\u00f3n Raymond A. Wood","robots":{"index":"index","follow":"follow","max-snippet":"max-snippet:-1","max-image-preview":"max-image-preview:large","max-video-preview":"max-video-preview:-1"},"canonical":"https:\/\/www.rawoodfoundation.org\/es\/recaudar-fondos-2\/","og_locale":"es_MX","og_type":"article","og_title":"Fundraise - Raymond A. Wood Foundation","og_description":"Your Help and Support Goes a Long Way in Moving RAWF&#8217;s Work Forward Set Up ... Read more","og_url":"https:\/\/www.rawoodfoundation.org\/es\/recaudar-fondos-2\/","og_site_name":"Raymond A. Wood Foundation","article_publisher":"https:\/\/www.facebook.com\/rawoodfoundation","article_modified_time":"2023-08-09T17:01:51+00:00","og_image":[{"url":"https:\/\/live-rawf.pantheonsite.io\/wp-content\/uploads\/2023\/07\/fundraise.gif","type":"","width":"","height":""}],"twitter_card":"summary_large_image","twitter_site":"@rawoodfound","twitter_misc":{"Tiempo de lectura":"2 minutos"},"schema":{"@context":"https:\/\/schema.org","@graph":[{"@type":"WebPage","@id":"https:\/\/www.rawoodfoundation.org\/fundraise-2\/","url":"https:\/\/www.rawoodfoundation.org\/fundraise-2\/","name":"Recaudaci\u00f3n de fondos - Fundaci\u00f3n Raymond A. Wood","isPartOf":{"@id":"https:\/\/www.rawoodfoundation.org\/#website"},"primaryImageOfPage":{"@id":"https:\/\/www.rawoodfoundation.org\/fundraise-2\/#primaryimage"},"image":{"@id":"https:\/\/www.rawoodfoundation.org\/fundraise-2\/#primaryimage"},"thumbnailUrl":"https:\/\/live-rawf.pantheonsite.io\/wp-content\/uploads\/2023\/07\/fundraise.gif","datePublished":"2023-07-28T18:42:47+00:00","dateModified":"2023-08-09T17:01:51+00:00","breadcrumb":{"@id":"https:\/\/www.rawoodfoundation.org\/fundraise-2\/#breadcrumb"},"inLanguage":"es","potentialAction":[{"@type":"ReadAction","target":["https:\/\/www.rawoodfoundation.org\/fundraise-2\/"]}]},{"@type":"ImageObject","inLanguage":"es","@id":"https:\/\/www.rawoodfoundation.org\/fundraise-2\/#primaryimage","url":"https:\/\/live-rawf.pantheonsite.io\/wp-content\/uploads\/2023\/07\/fundraise.gif","contentUrl":"https:\/\/live-rawf.pantheonsite.io\/wp-content\/uploads\/2023\/07\/fundraise.gif"},{"@type":"BreadcrumbList","@id":"https:\/\/www.rawoodfoundation.org\/fundraise-2\/#breadcrumb","itemListElement":[{"@type":"ListItem","position":1,"name":"Home","item":"https:\/\/www.rawoodfoundation.org\/"},{"@type":"ListItem","position":2,"name":"Fundraise"}]},{"@type":"WebSite","@id":"https:\/\/www.rawoodfoundation.org\/#website","url":"https:\/\/www.rawoodfoundation.org\/","name":"Fundaci\u00f3n Raymond A. Wood","description":"La misi\u00f3n de la RAWF es proporcionar apoyo a la calidad de vida de los supervivientes de tumores cerebrales infantiles y sus familias.","publisher":{"@id":"https:\/\/www.rawoodfoundation.org\/#organization"},"potentialAction":[{"@type":"SearchAction","target":{"@type":"EntryPoint","urlTemplate":"https:\/\/www.rawoodfoundation.org\/?s={search_term_string}"},"query-input":{"@type":"PropertyValueSpecification","valueRequired":true,"valueName":"search_term_string"}}],"inLanguage":"es"},{"@type":"Organization","@id":"https:\/\/www.rawoodfoundation.org\/#organization","name":"Fundaci\u00f3n Raymond A. Wood","url":"https:\/\/www.rawoodfoundation.org\/","logo":{"@type":"ImageObject","inLanguage":"es","@id":"https:\/\/www.rawoodfoundation.org\/#\/schema\/logo\/image\/","url":"https:\/\/www.rawoodfoundation.org\/wp-content\/uploads\/2023\/07\/Raymond-A-Wood-Foundation-logo.webp","contentUrl":"https:\/\/www.rawoodfoundation.org\/wp-content\/uploads\/2023\/07\/Raymond-A-Wood-Foundation-logo.webp","width":470,"height":128,"caption":"Raymond A. Wood Foundation"},"image":{"@id":"https:\/\/www.rawoodfoundation.org\/#\/schema\/logo\/image\/"},"sameAs":["https:\/\/www.facebook.com\/rawoodfoundation","https:\/\/x.com\/rawoodfound"]}]}},"_links":{"self":[{"href":"https:\/\/www.rawoodfoundation.org\/es\/wp-json\/wp\/v2\/pages\/7832","targetHints":{"allow":["GET"]}}],"collection":[{"href":"https:\/\/www.rawoodfoundation.org\/es\/wp-json\/wp\/v2\/pages"}],"about":[{"href":"https:\/\/www.rawoodfoundation.org\/es\/wp-json\/wp\/v2\/types\/page"}],"author":[{"embeddable":true,"href":"https:\/\/www.rawoodfoundation.org\/es\/wp-json\/wp\/v2\/users\/4"}],"replies":[{"embeddable":true,"href":"https:\/\/www.rawoodfoundation.org\/es\/wp-json\/wp\/v2\/comments?post=7832"}],"version-history":[{"count":5,"href":"https:\/\/www.rawoodfoundation.org\/es\/wp-json\/wp\/v2\/pages\/7832\/revisions"}],"predecessor-version":[{"id":8147,"href":"https:\/\/www.rawoodfoundation.org\/es\/wp-json\/wp\/v2\/pages\/7832\/revisions\/8147"}],"wp:attachment":[{"href":"https:\/\/www.rawoodfoundation.org\/es\/wp-json\/wp\/v2\/media?parent=7832"}],"curies":[{"name":"wp","href":"https:\/\/api.w.org\/{rel}","templated":true}]}}