{"id":7734,"date":"2023-07-25T18:50:42","date_gmt":"2023-07-25T18:50:42","guid":{"rendered":"https:\/\/live-rawf.pantheonsite.io\/?page_id=7734"},"modified":"2025-09-22T17:30:19","modified_gmt":"2025-09-22T17:30:19","slug":"hacer-un-donativo","status":"publish","type":"page","link":"https:\/\/www.rawoodfoundation.org\/es\/make-a-donation\/","title":{"rendered":"Hacer una donaci\u00f3n"},"content":{"rendered":"<h2 class=\"wp-block-heading has-text-align-center\">Transforme vidas con un regalo hoy mismo<\/h2>\n\n\n\n<p class=\"has-text-align-center\">Cada donaci\u00f3n a la Fundaci\u00f3n Raymond A. Wood repercute directamente en la vida de los supervivientes de tumores cerebrales hipotal\u00e1mico-hipofisarios y sus familias. Su generosidad impulsa la investigaci\u00f3n vital, proporciona recursos cr\u00edticos y nos permite abogar por mejores tratamientos y sistemas de apoyo. Juntos, estamos creando un futuro mejor para los supervivientes, mejorando su calidad de vida y garantizando que ninguna familia se enfrente sola a este viaje.<\/p>\n\n\n\n<div class=\"wp-block-columns is-layout-flex wp-container-core-columns-is-layout-9d6595d7 wp-block-columns-is-layout-flex\">\n<div class=\"wp-block-column is-layout-flow wp-block-column-is-layout-flow\"><\/div>\n\n\n\n<div class=\"wp-block-column is-layout-flow wp-block-column-is-layout-flow\" style=\"flex-basis:50%\">\n<givebutter-widget id=\"pErqBj\"><\/givebutter-widget>\n<\/div>\n\n\n\n<div class=\"wp-block-column is-layout-flow wp-block-column-is-layout-flow\"><\/div>\n<\/div>\n\n\n\n<div class=\"wp-block-columns is-layout-flex wp-container-core-columns-is-layout-9d6595d7 wp-block-columns-is-layout-flex\">\n<div class=\"wp-block-column is-layout-flow wp-block-column-is-layout-flow\" style=\"flex-basis:100%\"><\/div>\n<\/div>\n\n\n\n<hr class=\"wp-block-separator has-alpha-channel-opacity\"\/>\n\n\n\n<h3 class=\"wp-block-heading has-text-align-center\">Donar por correo<\/h3>\n\n\n\n<p class=\"has-text-align-center\">Agradecemos su apoyo. Los cheques pueden enviarse por correo a<\/p>\n\n\n\n<p class=\"has-text-align-center\">Fundaci\u00f3n Raymond A. Wood<br>Apartado de correos 991<br>Ocean City, MD 21843<\/p>\n\n\n\n<p class=\"has-text-align-center has-small-font-size\">RAWF es una organizaci\u00f3n ben\u00e9fica p\u00fablica 501c3. Las donaciones son deducibles de impuestos<br>NIF # 81-4548646<\/p>\n\n\n\n<hr class=\"wp-block-separator has-alpha-channel-opacity\"\/>\n\n\n\n<h3 class=\"wp-block-heading has-text-align-center\">Duplique su donaci\u00f3n<\/h3>\n\n\n\n<script>jQuery(document).ready(function($) {var DDCONF = { API_KEY: \"b5ihRKZIQRc08rxK\" };var script = document.createElement('script');script.src = \"https:\/\/doublethedonation.com\/api\/js\/ddplugin.js\";document.body.appendChild(script);});<\/script> <div id=\"dd-container\"><a href=\"https:\/\/doublethedonation.com\/matching-grant-resources\/matching-gift-basics\/\">Matching Gift<\/a> y <a href=\"https:\/\/doublethedonation.com\/matching-grant-resources\/volunteer-grant-basics\/\">Subvenci\u00f3n para voluntarios<\/a> informaci\u00f3n proporcionada por <br><a href=\"https:\/\/doublethedonation.com\"><img alt=\"Impulsado por Double the Donation\" src=\"https:\/\/doublethedonation.com\/api\/img\/powered-by.png\" \/><\/a><\/div>\n\n\n\n<hr class=\"wp-block-separator has-alpha-channel-opacity\"\/>\n\n\n\n<h3 class=\"wp-block-heading has-text-align-center\">\u00bfTiene un DAF?<\/h3>\n\n\n\n<div id=\"daf-container\" style=\"text-align: center;\">\n\n\n<script>\n    jQuery(document).ready(function ($) {\n        setTimeout(function () {\n            \/\/ Set the _msdaf_id variable\n            window._msdaf_id = '1a03edd040db4';\n            \n            \/\/ Dynamically load the external script\n            var script = document.createElement('script');\n            script.src = \"https:\/\/app.dafwidget.com\/api\/js\/source.js\";\n            script.async = true;\n            document.body.appendChild(script);\n\n            \/\/ Optionally add the div for styling or layout\n            var widgetContainer = '<div align=\"center\" id=\"daf-widget-container\"><\/div>';\n            $('#daf-container').append(script);\n\n$(document).on('click', '#daf_link', function (event) {\n            event.preventDefault(); \/\/ Prevent default anchor behavior\n            console.log(\"DAF button clicked.\");\n\n            \/\/ Toggle the visibility of the modal\n            $('#outer').toggle();\n        });\n\n        \/\/ Close the modal when clicking the close button\n        $(document).on('click', '#close_daf_modal', function () {\n            $('#outer').hide();\n        });\n        }, 500); \n    });\n<\/script><\/div>\n\n\n\n<hr class=\"wp-block-separator has-alpha-channel-opacity\"\/>\n\n\n\n<h3 class=\"wp-block-heading\">\u00bfBusca otras formas de participar? <\/h3>\n\n\n\n<p>Existen infinitas oportunidades para apoyar la misi\u00f3n de la Fundaci\u00f3n Raymond A. Wood y a la comunidad de tumores cerebrales raros a la que servimos a diario.&nbsp;<\/p>\n\n\n<div class=\"gb-container gb-container-b0faa0a2\">\n<div class=\"gb-container gb-container-4c60da10\">\n\n<div class=\"wp-block-columns is-layout-flex wp-container-core-columns-is-layout-9d6595d7 wp-block-columns-is-layout-flex\">\n<div class=\"wp-block-column is-layout-flow wp-block-column-is-layout-flow\" style=\"flex-basis:33.33%\"><div class=\"gb-container gb-container-254db55e\">\n\n<figure class=\"wp-block-image size-full\"><img decoding=\"async\" width=\"678\" height=\"479\" src=\"https:\/\/live-rawf.pantheonsite.io\/wp-content\/uploads\/2023\/07\/girlwithhearthands.jpg\" alt=\"Chica con manos de coraz\u00f3n\" class=\"wp-image-7741\" srcset=\"https:\/\/www.rawoodfoundation.org\/wp-content\/uploads\/2023\/07\/girlwithhearthands.jpg 678w, https:\/\/www.rawoodfoundation.org\/wp-content\/uploads\/2023\/07\/girlwithhearthands-300x212.jpg 300w, https:\/\/www.rawoodfoundation.org\/wp-content\/uploads\/2023\/07\/girlwithhearthands-18x12.jpg 18w\" sizes=\"(max-width: 678px) 100vw, 678px\" \/><\/figure>\n\n<\/div><\/div>\n\n\n\n<div class=\"wp-block-column is-layout-flow wp-block-column-is-layout-flow\" style=\"flex-basis:66.66%\"><div class=\"gb-container gb-container-2c4590e8\">\n\n<h4 class=\"gb-headline gb-headline-094bad58 gb-headline-text\">Convi\u00e9rtete en recaudador de fondos<\/h4>\n\n\n\n<p class=\"gb-headline gb-headline-33254764 gb-headline-text\">Celebre hitos importantes recaudando fondos en apoyo de los supervivientes de tumores cerebrales raros. Desde cumplea\u00f1os y aniversarios hasta d\u00edas festivos, nuestras p\u00e1ginas personalizadas de recaudaci\u00f3n de fondos le permiten transmitir su gratitud en apoyo de los pacientes, supervivientes y cuidadores que merecen una mejor calidad de vida. <\/p>\n\n\n\n<p class=\"gb-headline gb-headline-52423adb round-icon\"><span class=\"gb-icon\"><svg aria-hidden=\"true\" role=\"img\" height=\"1em\" width=\"1em\" viewbox=\"0 0 256 512\" xmlns=\"http:\/\/www.w3.org\/2000\/svg\"><path fill=\"currentColor\" d=\"M224.3 273l-136 136c-9.4 9.4-24.6 9.4-33.9 0l-22.6-22.6c-9.4-9.4-9.4-24.6 0-33.9l96.4-96.4-96.4-96.4c-9.4-9.4-9.4-24.6 0-33.9L54.3 103c9.4-9.4 24.6-9.4 33.9 0l136 136c9.5 9.4 9.5 24.6.1 34z\"><\/path><\/svg><\/span><span class=\"gb-headline-text\"><a href=\"https:\/\/secure.givelively.org\/donate\/raymond-a-wood-foundation-inc\/personal-milestone-fundraisers\" target=\"_blank\" rel=\"noreferrer noopener\">Iniciar un FUNdraiser<\/a><\/span><\/p>\n\n<\/div><\/div>\n\n\n\n<div class=\"wp-block-column is-layout-flow wp-block-column-is-layout-flow\"><\/div>\n<\/div>\n\n<\/div>\n\n\n<div style=\"height:30px\" aria-hidden=\"true\" class=\"wp-block-spacer\"><\/div>\n\n\n<div class=\"gb-container gb-container-7eb14127\">\n\n<div class=\"wp-block-columns is-layout-flex wp-container-core-columns-is-layout-9d6595d7 wp-block-columns-is-layout-flex\">\n<div class=\"wp-block-column is-layout-flow wp-block-column-is-layout-flow\" style=\"flex-basis:33.33%\"><div class=\"gb-container gb-container-41941001\">\n\n<figure class=\"wp-block-image size-full\"><img decoding=\"async\" width=\"678\" height=\"479\" src=\"https:\/\/live-rawf.pantheonsite.io\/wp-content\/uploads\/2023\/07\/member.jpg\" alt=\"Unir las manos\" class=\"wp-image-7742\" srcset=\"https:\/\/www.rawoodfoundation.org\/wp-content\/uploads\/2023\/07\/member.jpg 678w, https:\/\/www.rawoodfoundation.org\/wp-content\/uploads\/2023\/07\/member-300x212.jpg 300w, https:\/\/www.rawoodfoundation.org\/wp-content\/uploads\/2023\/07\/member-18x12.jpg 18w\" sizes=\"(max-width: 678px) 100vw, 678px\" \/><\/figure>\n\n<\/div><\/div>\n\n\n\n<div class=\"wp-block-column is-layout-flow wp-block-column-is-layout-flow\" style=\"flex-basis:66.66%\"><div class=\"gb-container gb-container-3496dc3b\">\n\n<h4 class=\"gb-headline gb-headline-150bde98 gb-headline-text\">Comparte tu historia<\/h4>\n\n\n\n<p class=\"gb-headline gb-headline-d09115d5 gb-headline-text\">Como superviviente o cuidador de un tumor cerebral hipotal\u00e1mico-hipofisario -&nbsp;<strong>T\u00da tienes una historia que contar<\/strong>\u00a1! Desde el diagn\u00f3stico hasta el tratamiento y los cuidados continuos, pasando por las distintas emociones, luchas y cambios. Compartir su historia no s\u00f3lo ayuda a unir a esta peque\u00f1a comunidad de tumores cerebrales raros, sino que tambi\u00e9n difunde la concienciaci\u00f3n sobre el viaje al que se enfrentan los supervivientes y cuidadores de tumores cerebrales hipotal\u00e1mico-hipofisarios.<\/p>\n\n\n\n<p class=\"gb-headline gb-headline-bc384e9b round-icon\"><span class=\"gb-icon\"><svg aria-hidden=\"true\" role=\"img\" height=\"1em\" width=\"1em\" viewbox=\"0 0 256 512\" xmlns=\"http:\/\/www.w3.org\/2000\/svg\"><path fill=\"currentColor\" d=\"M224.3 273l-136 136c-9.4 9.4-24.6 9.4-33.9 0l-22.6-22.6c-9.4-9.4-9.4-24.6 0-33.9l96.4-96.4-96.4-96.4c-9.4-9.4-9.4-24.6 0-33.9L54.3 103c9.4-9.4 24.6-9.4 33.9 0l136 136c9.5 9.4 9.5 24.6.1 34z\"><\/path><\/svg><\/span><span class=\"gb-headline-text\"><a href=\"https:\/\/www.rawoodfoundation.org\/es\/comparte-tu-historia-2\/\" target=\"_blank\" rel=\"noreferrer noopener\">Visite<\/a><a href=\"https:\/\/live-rawf.pantheonsite.io\/become-a-member\/\" target=\"_blank\" rel=\"noreferrer noopener\"> informaci\u00f3n para miembros<\/a><\/span><\/p>\n\n<\/div><\/div>\n\n\n\n<div class=\"wp-block-column is-layout-flow wp-block-column-is-layout-flow\"><\/div>\n<\/div>\n\n<\/div>\n\n\n<div style=\"height:30px\" aria-hidden=\"true\" class=\"wp-block-spacer\"><\/div>\n\n<\/div>\n\n\n<p><em>P\u00f3ngase en contacto con <a href=\"mailto:development@rawoodfoundation.org\">development@rawoodfoundation.org<\/a> para conocer m\u00e1s formas de hacer un donativo, incluidas las donaciones por transferencia, acciones, fondos recomendados por el donante, aportaciones de empresas, etc.<\/em><\/p>","protected":false},"excerpt":{"rendered":"<p>Transforme vidas con un regalo hoy Cada donaci\u00f3n a la Fundaci\u00f3n Raymond A. Wood ... <a title=\"Hacer una donaci\u00f3n\" class=\"read-more\" href=\"https:\/\/www.rawoodfoundation.org\/es\/make-a-donation\/\" aria-label=\"Leer m\u00e1s sobre Haz un donativo\">Seguir leyendo<\/a><\/p>","protected":false},"author":4,"featured_media":0,"parent":0,"menu_order":51,"comment_status":"closed","ping_status":"closed","template":"","meta":{"_acf_changed":false,"footnotes":""},"class_list":{"0":"post-7734","1":"page","2":"type-page","3":"status-publish","5":"no-featured-image-padding"},"acf":[],"yoast_head":"<!-- This site is optimized with the Yoast SEO plugin v27.3 - https:\/\/yoast.com\/product\/yoast-seo-wordpress\/ -->\n<title>Make A Donation - Raymond A. Wood Foundation<\/title>\n<meta name=\"robots\" content=\"index, follow, max-snippet:-1, max-image-preview:large, max-video-preview:-1\" \/>\n<link rel=\"canonical\" href=\"https:\/\/www.rawoodfoundation.org\/es\/hacer-un-donativo\/\" \/>\n<meta property=\"og:locale\" content=\"es_MX\" \/>\n<meta property=\"og:type\" content=\"article\" \/>\n<meta property=\"og:title\" content=\"Make A Donation - Raymond A. Wood Foundation\" \/>\n<meta property=\"og:description\" content=\"Transform Lives with a Gift Today Every donation to the Raymond A. Wood Foundation directly ... Read more\" \/>\n<meta property=\"og:url\" content=\"https:\/\/www.rawoodfoundation.org\/es\/hacer-un-donativo\/\" \/>\n<meta property=\"og:site_name\" content=\"Raymond A. Wood Foundation\" \/>\n<meta property=\"article:publisher\" content=\"https:\/\/www.facebook.com\/rawoodfoundation\" \/>\n<meta property=\"article:modified_time\" content=\"2025-09-22T17:30:19+00:00\" \/>\n<meta property=\"og:image\" content=\"https:\/\/live-rawf.pantheonsite.io\/wp-content\/uploads\/2023\/07\/girlwithhearthands.jpg\" \/>\n<meta name=\"twitter:card\" content=\"summary_large_image\" \/>\n<meta name=\"twitter:site\" content=\"@rawoodfound\" \/>\n<meta name=\"twitter:label1\" content=\"Tiempo de lectura\" \/>\n\t<meta name=\"twitter:data1\" content=\"2 minutos\" \/>\n<script type=\"application\/ld+json\" class=\"yoast-schema-graph\">{\"@context\":\"https:\\\/\\\/schema.org\",\"@graph\":[{\"@type\":\"WebPage\",\"@id\":\"https:\\\/\\\/www.rawoodfoundation.org\\\/make-a-donation\\\/\",\"url\":\"https:\\\/\\\/www.rawoodfoundation.org\\\/make-a-donation\\\/\",\"name\":\"Make A Donation - Raymond A. Wood Foundation\",\"isPartOf\":{\"@id\":\"https:\\\/\\\/www.rawoodfoundation.org\\\/#website\"},\"primaryImageOfPage\":{\"@id\":\"https:\\\/\\\/www.rawoodfoundation.org\\\/make-a-donation\\\/#primaryimage\"},\"image\":{\"@id\":\"https:\\\/\\\/www.rawoodfoundation.org\\\/make-a-donation\\\/#primaryimage\"},\"thumbnailUrl\":\"https:\\\/\\\/live-rawf.pantheonsite.io\\\/wp-content\\\/uploads\\\/2023\\\/07\\\/girlwithhearthands.jpg\",\"datePublished\":\"2023-07-25T18:50:42+00:00\",\"dateModified\":\"2025-09-22T17:30:19+00:00\",\"breadcrumb\":{\"@id\":\"https:\\\/\\\/www.rawoodfoundation.org\\\/make-a-donation\\\/#breadcrumb\"},\"inLanguage\":\"es\",\"potentialAction\":[{\"@type\":\"ReadAction\",\"target\":[\"https:\\\/\\\/www.rawoodfoundation.org\\\/make-a-donation\\\/\"]}]},{\"@type\":\"ImageObject\",\"inLanguage\":\"es\",\"@id\":\"https:\\\/\\\/www.rawoodfoundation.org\\\/make-a-donation\\\/#primaryimage\",\"url\":\"https:\\\/\\\/live-rawf.pantheonsite.io\\\/wp-content\\\/uploads\\\/2023\\\/07\\\/girlwithhearthands.jpg\",\"contentUrl\":\"https:\\\/\\\/live-rawf.pantheonsite.io\\\/wp-content\\\/uploads\\\/2023\\\/07\\\/girlwithhearthands.jpg\"},{\"@type\":\"BreadcrumbList\",\"@id\":\"https:\\\/\\\/www.rawoodfoundation.org\\\/make-a-donation\\\/#breadcrumb\",\"itemListElement\":[{\"@type\":\"ListItem\",\"position\":1,\"name\":\"Home\",\"item\":\"https:\\\/\\\/www.rawoodfoundation.org\\\/\"},{\"@type\":\"ListItem\",\"position\":2,\"name\":\"Make A Donation\"}]},{\"@type\":\"WebSite\",\"@id\":\"https:\\\/\\\/www.rawoodfoundation.org\\\/#website\",\"url\":\"https:\\\/\\\/www.rawoodfoundation.org\\\/\",\"name\":\"Raymond A. Wood Foundation\",\"description\":\"The mission of the RAWF is to provide quality of life support for childhood brain tumor survivors and their families.\",\"publisher\":{\"@id\":\"https:\\\/\\\/www.rawoodfoundation.org\\\/#organization\"},\"potentialAction\":[{\"@type\":\"SearchAction\",\"target\":{\"@type\":\"EntryPoint\",\"urlTemplate\":\"https:\\\/\\\/www.rawoodfoundation.org\\\/?s={search_term_string}\"},\"query-input\":{\"@type\":\"PropertyValueSpecification\",\"valueRequired\":true,\"valueName\":\"search_term_string\"}}],\"inLanguage\":\"es\"},{\"@type\":\"Organization\",\"@id\":\"https:\\\/\\\/www.rawoodfoundation.org\\\/#organization\",\"name\":\"Raymond A. Wood Foundation\",\"url\":\"https:\\\/\\\/www.rawoodfoundation.org\\\/\",\"logo\":{\"@type\":\"ImageObject\",\"inLanguage\":\"es\",\"@id\":\"https:\\\/\\\/www.rawoodfoundation.org\\\/#\\\/schema\\\/logo\\\/image\\\/\",\"url\":\"https:\\\/\\\/www.rawoodfoundation.org\\\/wp-content\\\/uploads\\\/2023\\\/07\\\/Raymond-A-Wood-Foundation-logo.webp\",\"contentUrl\":\"https:\\\/\\\/www.rawoodfoundation.org\\\/wp-content\\\/uploads\\\/2023\\\/07\\\/Raymond-A-Wood-Foundation-logo.webp\",\"width\":470,\"height\":128,\"caption\":\"Raymond A. Wood Foundation\"},\"image\":{\"@id\":\"https:\\\/\\\/www.rawoodfoundation.org\\\/#\\\/schema\\\/logo\\\/image\\\/\"},\"sameAs\":[\"https:\\\/\\\/www.facebook.com\\\/rawoodfoundation\",\"https:\\\/\\\/x.com\\\/rawoodfound\"]}]}<\/script>\n<!-- \/ Yoast SEO plugin. -->","yoast_head_json":{"title":"Hacer una donaci\u00f3n - Fundaci\u00f3n Raymond A. Wood","robots":{"index":"index","follow":"follow","max-snippet":"max-snippet:-1","max-image-preview":"max-image-preview:large","max-video-preview":"max-video-preview:-1"},"canonical":"https:\/\/www.rawoodfoundation.org\/es\/hacer-un-donativo\/","og_locale":"es_MX","og_type":"article","og_title":"Make A Donation - Raymond A. Wood Foundation","og_description":"Transform Lives with a Gift Today Every donation to the Raymond A. Wood Foundation directly ... Read more","og_url":"https:\/\/www.rawoodfoundation.org\/es\/hacer-un-donativo\/","og_site_name":"Raymond A. Wood Foundation","article_publisher":"https:\/\/www.facebook.com\/rawoodfoundation","article_modified_time":"2025-09-22T17:30:19+00:00","og_image":[{"url":"https:\/\/live-rawf.pantheonsite.io\/wp-content\/uploads\/2023\/07\/girlwithhearthands.jpg","type":"","width":"","height":""}],"twitter_card":"summary_large_image","twitter_site":"@rawoodfound","twitter_misc":{"Tiempo de lectura":"2 minutos"},"schema":{"@context":"https:\/\/schema.org","@graph":[{"@type":"WebPage","@id":"https:\/\/www.rawoodfoundation.org\/make-a-donation\/","url":"https:\/\/www.rawoodfoundation.org\/make-a-donation\/","name":"Hacer una donaci\u00f3n - Fundaci\u00f3n Raymond A. Wood","isPartOf":{"@id":"https:\/\/www.rawoodfoundation.org\/#website"},"primaryImageOfPage":{"@id":"https:\/\/www.rawoodfoundation.org\/make-a-donation\/#primaryimage"},"image":{"@id":"https:\/\/www.rawoodfoundation.org\/make-a-donation\/#primaryimage"},"thumbnailUrl":"https:\/\/live-rawf.pantheonsite.io\/wp-content\/uploads\/2023\/07\/girlwithhearthands.jpg","datePublished":"2023-07-25T18:50:42+00:00","dateModified":"2025-09-22T17:30:19+00:00","breadcrumb":{"@id":"https:\/\/www.rawoodfoundation.org\/make-a-donation\/#breadcrumb"},"inLanguage":"es","potentialAction":[{"@type":"ReadAction","target":["https:\/\/www.rawoodfoundation.org\/make-a-donation\/"]}]},{"@type":"ImageObject","inLanguage":"es","@id":"https:\/\/www.rawoodfoundation.org\/make-a-donation\/#primaryimage","url":"https:\/\/live-rawf.pantheonsite.io\/wp-content\/uploads\/2023\/07\/girlwithhearthands.jpg","contentUrl":"https:\/\/live-rawf.pantheonsite.io\/wp-content\/uploads\/2023\/07\/girlwithhearthands.jpg"},{"@type":"BreadcrumbList","@id":"https:\/\/www.rawoodfoundation.org\/make-a-donation\/#breadcrumb","itemListElement":[{"@type":"ListItem","position":1,"name":"Home","item":"https:\/\/www.rawoodfoundation.org\/"},{"@type":"ListItem","position":2,"name":"Make A Donation"}]},{"@type":"WebSite","@id":"https:\/\/www.rawoodfoundation.org\/#website","url":"https:\/\/www.rawoodfoundation.org\/","name":"Fundaci\u00f3n Raymond A. Wood","description":"La misi\u00f3n de la RAWF es proporcionar apoyo a la calidad de vida de los supervivientes de tumores cerebrales infantiles y sus familias.","publisher":{"@id":"https:\/\/www.rawoodfoundation.org\/#organization"},"potentialAction":[{"@type":"SearchAction","target":{"@type":"EntryPoint","urlTemplate":"https:\/\/www.rawoodfoundation.org\/?s={search_term_string}"},"query-input":{"@type":"PropertyValueSpecification","valueRequired":true,"valueName":"search_term_string"}}],"inLanguage":"es"},{"@type":"Organization","@id":"https:\/\/www.rawoodfoundation.org\/#organization","name":"Fundaci\u00f3n Raymond A. Wood","url":"https:\/\/www.rawoodfoundation.org\/","logo":{"@type":"ImageObject","inLanguage":"es","@id":"https:\/\/www.rawoodfoundation.org\/#\/schema\/logo\/image\/","url":"https:\/\/www.rawoodfoundation.org\/wp-content\/uploads\/2023\/07\/Raymond-A-Wood-Foundation-logo.webp","contentUrl":"https:\/\/www.rawoodfoundation.org\/wp-content\/uploads\/2023\/07\/Raymond-A-Wood-Foundation-logo.webp","width":470,"height":128,"caption":"Raymond A. Wood Foundation"},"image":{"@id":"https:\/\/www.rawoodfoundation.org\/#\/schema\/logo\/image\/"},"sameAs":["https:\/\/www.facebook.com\/rawoodfoundation","https:\/\/x.com\/rawoodfound"]}]}},"_links":{"self":[{"href":"https:\/\/www.rawoodfoundation.org\/es\/wp-json\/wp\/v2\/pages\/7734","targetHints":{"allow":["GET"]}}],"collection":[{"href":"https:\/\/www.rawoodfoundation.org\/es\/wp-json\/wp\/v2\/pages"}],"about":[{"href":"https:\/\/www.rawoodfoundation.org\/es\/wp-json\/wp\/v2\/types\/page"}],"author":[{"embeddable":true,"href":"https:\/\/www.rawoodfoundation.org\/es\/wp-json\/wp\/v2\/users\/4"}],"replies":[{"embeddable":true,"href":"https:\/\/www.rawoodfoundation.org\/es\/wp-json\/wp\/v2\/comments?post=7734"}],"version-history":[{"count":66,"href":"https:\/\/www.rawoodfoundation.org\/es\/wp-json\/wp\/v2\/pages\/7734\/revisions"}],"predecessor-version":[{"id":17153,"href":"https:\/\/www.rawoodfoundation.org\/es\/wp-json\/wp\/v2\/pages\/7734\/revisions\/17153"}],"wp:attachment":[{"href":"https:\/\/www.rawoodfoundation.org\/es\/wp-json\/wp\/v2\/media?parent=7734"}],"curies":[{"name":"wp","href":"https:\/\/api.w.org\/{rel}","templated":true}]}}