{"id":7429,"date":"2023-07-20T13:41:26","date_gmt":"2023-07-20T13:41:26","guid":{"rendered":"https:\/\/live-rawf.pantheonsite.io\/?page_id=7429"},"modified":"2025-12-23T03:59:20","modified_gmt":"2025-12-23T03:59:20","slug":"medidor-de-sodio","status":"publish","type":"page","link":"https:\/\/www.rawoodfoundation.org\/es\/sodium-meter\/","title":{"rendered":"Medidor de sodio"},"content":{"rendered":"<h2 class=\"wp-block-heading\">Desarrollar un medio para medir el sodio en sangre en casa<\/h2>\n\n\n\n<div class=\"wp-block-columns is-layout-flex wp-container-core-columns-is-layout-9d6595d7 wp-block-columns-is-layout-flex\">\n<div class=\"wp-block-column is-layout-flow wp-block-column-is-layout-flow\">\n<p>A principios de 2020, la Fundaci\u00f3n Raymond A. Wood se embarc\u00f3 en un esfuerzo para determinar la viabilidad del desarrollo de un kit de prueba de sodio para el hogar para ayudar con la gesti\u00f3n de la deficiencia de arginina vasopresina (AVP-D) antes conocida como diabetes ins\u00edpida, una condici\u00f3n m\u00e9dica compleja que se produce cuando el cuerpo no puede regular el equilibrio de l\u00edquidos.\u00a0\u00a0<\/p>\n\n\n\n<p>A principios de 2020, la Fundaci\u00f3n Raymond A. Wood se embarc\u00f3 en un esfuerzo por determinar la viabilidad del desarrollo de un medidor de sodio en sangre de uso dom\u00e9stico para ayudar en la gesti\u00f3n de la AVP-D, una compleja afecci\u00f3n m\u00e9dica que se produce cuando el organismo no puede regular el equilibrio de l\u00edquidos.&nbsp;&nbsp;<\/p>\n<\/div>\n\n\n\n<div class=\"wp-block-column is-layout-flow wp-block-column-is-layout-flow\"><div class=\"wp-block-image\">\n<figure class=\"aligncenter size-large is-resized\"><img decoding=\"async\" width=\"172\" height=\"226\" src=\"https:\/\/live-rawf.pantheonsite.io\/wp-content\/uploads\/2023\/07\/sodium-meter-1.svg\" alt=\"Kit de an\u00e1lisis casero de sodio\" class=\"wp-image-7436\" style=\"width:231px;height:302px\"\/><\/figure><\/div><\/div>\n<\/div>\n\n\n\n<p>En la actualidad, no hay forma de medir el sodio en sangre fuera del laboratorio. Los pacientes pueden tener que soportar varias visitas al laboratorio en una semana y obtener los resultados de esas extracciones de laboratorio puede llevar horas, lo que no es ideal para una gesti\u00f3n proactiva. En el caso de los pacientes pedi\u00e1tricos, las extracciones de sangre venosa pueden ser especialmente traumatizantes y las venas se desgastan o se vuelven dif\u00edciles de encontrar, lo que provoca que los pacientes se queden atascados varias veces en una misma sesi\u00f3n.<\/p>\n\n\n\n<p>En 2016, Shawn y Amy Wood, padres de Alex, que entonces se recuperaba de la resecci\u00f3n de un tumor cerebral craneofaringioma y luchaba contra el AVP-D fue trasladado en avi\u00f3n varias veces por convulsiones relacionadas con el sodio. Los Woods buscaron una forma de analizar el sodio en sangre en casa y descubrieron un analizador de sangre port\u00e1til utilizado en hospitales y cl\u00ednicas de atenci\u00f3n urgente, y se dispusieron a comprar uno. Con la ayuda de su comunidad y del pediatra de Alex, pudieron conseguir uno y ponerlo en funcionamiento. El aparato pod\u00eda medir el sodio, entre otras pruebas, con un volumen de sangre de 20 gotas, extra\u00eddas de un pinchazo en el dedo, y pod\u00eda dar un resultado exacto en cuesti\u00f3n de minutos. La familia, con la ayuda del endocrin\u00f3logo de Alex, pod\u00eda ajustar los l\u00edquidos y la medicaci\u00f3n para mantenerlo en un rango normal de sodio.&nbsp;<\/p>\n\n\n\n<p>La Fundaci\u00f3n Raymond A. Wood fue fundada por los Woods en 2017 para tratar de proporcionar estos dispositivos a otras familias y concienciar a la comunidad m\u00e9dica de que esta es una forma viable de tratar esta afecci\u00f3n. Pero el problema es que estos dispositivos no est\u00e1n pensados para este uso y tienen un precio elevado. Surgi\u00f3 la pregunta: \u00bfpodr\u00eda desarrollarse un dispositivo similar al gluc\u00f3metro que utiliza un diab\u00e9tico para medir el az\u00facar en sangre y que pudiera medir el sodio? La directora ejecutiva de RAWF, Amy Wood, y Shana McCormack, MD, MTR, directora cient\u00edfica neuroendocrina del Hospital Infantil de Filadelfia, que trata habitualmente a pacientes con problemas de regulaci\u00f3n del sodio por DI, se propusieron responder a esa pregunta.<\/p>\n\n\n\n<p>Seg\u00fan el Dr. McCormack, \"Durante mucho tiempo, hemos reconocido la necesidad de dar a los pacientes y sus familias mejores herramientas para gestionar su AVP-D. Prevemos que este nuevo dispositivo, una vez en uso, nos ayudar\u00e1 a colaborar con las personas afectadas para identificar y abordar los peque\u00f1os problemas de forma precoz, antes de que se conviertan en problemas mayores que den lugar a visitas a urgencias y hospitalizaciones.\"<\/p>\n\n\n\n<p>El equipo del proyecto est\u00e1 formado por la Dra. Shana McCormack, Amy Wood, el Dr. Khushbu Patel, Director del Laboratorio de Qu\u00edmica Cl\u00ednica del CHOP y la empresa de investigaci\u00f3n y desarrollo Giner, Inc. con la orientaci\u00f3n normativa de Pro Pharma Group. Actualmente ha concluido la fase uno de desarrollo de un<a href=\"https:\/\/reporter.nih.gov\/search\/65Q2p81lB0W4nxoyJvKsog\/project-details\/10395189\" target=\"_blank\" rel=\"noreferrer noopener\"> con el apoyo financiero de los NIH<\/a> en forma de subvenci\u00f3n a la investigaci\u00f3n para la innovaci\u00f3n en peque\u00f1as empresas (SBIR) y la Fundaci\u00f3n Raymond A. Wood.<\/p>\n\n\n<div class=\"gb-container gb-container-cae12789\"><a class=\"gb-container-link\" href=\"https:\/\/givebutter.com\/sodium\" aria-label=\"Apoye esta labor\"><\/a>\n<div class=\"gb-container gb-container-dc76974b\">\n\n<a class=\"gb-button gb-button-3adc5fe9 gb-button-text\" href=\"https:\/\/givebutter.com\/sodium\" target=\"_blank\" rel=\"noopener noreferrer\">Apoye esta labor<\/a>\n\n<\/div>\n<\/div>\n\n\n<hr class=\"wp-block-separator has-alpha-channel-opacity\"\/>\n\n\n\n<h3 class=\"wp-block-heading\">Noticias del proyecto<\/h3>\n\n\n\n<p>News Post: <a href=\"https:\/\/live-rawf.pantheonsite.io\/2022\/07\/11\/2022-7-11-raymond-a-wood-foundation-announces-collaboration-with-giner-labs-on-research-and-development-of-home-use-sodium-meter\/\">La Fundaci\u00f3n Raymond A. Wood anuncia su colaboraci\u00f3n con Giner Labs en la investigaci\u00f3n y desarrollo de un medidor de sodio de uso dom\u00e9stico para el tratamiento de la diabetes ins\u00edpida<\/a><\/p>\n\n\n\n<hr class=\"wp-block-separator has-alpha-channel-opacity\"\/>\n\n\n<div class=\"gb-container gb-container-b0faa0a2\">\n\n<div class=\"wp-block-columns is-layout-flex wp-container-core-columns-is-layout-9d6595d7 wp-block-columns-is-layout-flex\">\n<div class=\"wp-block-column is-layout-flow wp-block-column-is-layout-flow\" style=\"flex-basis:33.33%\"><div class=\"gb-container gb-container-254db55e\">\n\n<figure class=\"wp-block-image size-full\"><img decoding=\"async\" width=\"500\" height=\"667\" src=\"https:\/\/live-rawf.pantheonsite.io\/wp-content\/uploads\/2023\/07\/Abigail-copy-1.jpg\" alt=\"Abigail, superviviente de un germinoma\" class=\"wp-image-7431\" srcset=\"https:\/\/www.rawoodfoundation.org\/wp-content\/uploads\/2023\/07\/Abigail-copy-1.jpg 500w, https:\/\/www.rawoodfoundation.org\/wp-content\/uploads\/2023\/07\/Abigail-copy-1-225x300.jpg 225w, https:\/\/www.rawoodfoundation.org\/wp-content\/uploads\/2023\/07\/Abigail-copy-1-9x12.jpg 9w\" sizes=\"(max-width: 500px) 100vw, 500px\" \/><\/figure>\n\n<\/div><\/div>\n\n\n\n<div class=\"wp-block-column is-layout-flow wp-block-column-is-layout-flow\" style=\"flex-basis:66.66%\"><div class=\"gb-container gb-container-2c4590e8\">\n\n<h3 class=\"gb-headline gb-headline-094bad58 gb-headline-text\">Apoye esta labor<\/h3>\n\n\n\n<p class=\"gb-headline gb-headline-33254764 gb-headline-text\">Con su ayuda, podremos acelerar el proceso de investigaci\u00f3n y desarrollo, llevando esperanza a quienes luchan contra esta enfermedad y a quienes necesitan un control del sodio en sangre, lo que podr\u00eda mejorar sus vidas.<\/p>\n\n\n\n<p class=\"gb-headline gb-headline-52423adb round-icon\"><span class=\"gb-icon\"><svg aria-hidden=\"true\" role=\"img\" height=\"1em\" width=\"1em\" viewbox=\"0 0 256 512\" xmlns=\"http:\/\/www.w3.org\/2000\/svg\"><path fill=\"currentColor\" d=\"M224.3 273l-136 136c-9.4 9.4-24.6 9.4-33.9 0l-22.6-22.6c-9.4-9.4-9.4-24.6 0-33.9l96.4-96.4-96.4-96.4c-9.4-9.4-9.4-24.6 0-33.9L54.3 103c9.4-9.4 24.6-9.4 33.9 0l136 136c9.5 9.4 9.5 24.6.1 34z\"><\/path><\/svg><\/span><span class=\"gb-headline-text\"><a href=\"https:\/\/givebutter.com\/sodium\" target=\"_blank\" rel=\"noreferrer noopener\">M\u00e1s informaci\u00f3n<\/a><\/span><\/p>\n\n<\/div><\/div>\n\n\n\n<div class=\"wp-block-column is-layout-flow wp-block-column-is-layout-flow\"><\/div>\n<\/div>\n\n<\/div>","protected":false},"excerpt":{"rendered":"<p>Desarrollo de un medio para medir el sodio en sangre en casa A principios de 2020, el ... <a title=\"Medidor de sodio\" class=\"read-more\" href=\"https:\/\/www.rawoodfoundation.org\/es\/sodium-meter\/\" aria-label=\"Leer m\u00e1s sobre Medidor de sodio\">Seguir leyendo<\/a><\/p>","protected":false},"author":4,"featured_media":0,"parent":0,"menu_order":57,"comment_status":"closed","ping_status":"closed","template":"","meta":{"_acf_changed":false,"footnotes":""},"class_list":{"0":"post-7429","1":"page","2":"type-page","3":"status-publish","5":"no-featured-image-padding"},"acf":[],"yoast_head":"<!-- This site is optimized with the Yoast SEO plugin v27.3 - https:\/\/yoast.com\/product\/yoast-seo-wordpress\/ -->\n<title>Sodium Home Test Kit for Easy At-Home Monitoring<\/title>\n<meta name=\"description\" content=\"Sodium home test kit to check sodium levels at home with fast, accurate results. Monitor hydration and overall health with reliable testing.\" \/>\n<meta name=\"robots\" content=\"index, follow, max-snippet:-1, max-image-preview:large, max-video-preview:-1\" \/>\n<link rel=\"canonical\" href=\"https:\/\/www.rawoodfoundation.org\/es\/medidor-de-sodio\/\" \/>\n<meta property=\"og:locale\" content=\"es_MX\" \/>\n<meta property=\"og:type\" content=\"article\" \/>\n<meta property=\"og:title\" content=\"Sodium Home Test Kit for Easy At-Home Monitoring\" \/>\n<meta property=\"og:description\" content=\"Sodium home test kit to check sodium levels at home with fast, accurate results. Monitor hydration and overall health with reliable testing.\" \/>\n<meta property=\"og:url\" content=\"https:\/\/www.rawoodfoundation.org\/es\/medidor-de-sodio\/\" \/>\n<meta property=\"og:site_name\" content=\"Raymond A. Wood Foundation\" \/>\n<meta property=\"article:publisher\" content=\"https:\/\/www.facebook.com\/rawoodfoundation\" \/>\n<meta property=\"article:modified_time\" content=\"2025-12-23T03:59:20+00:00\" \/>\n<meta property=\"og:image\" content=\"https:\/\/www.rawoodfoundation.org\/wp-content\/uploads\/2025\/12\/Sodium.png\" \/>\n\t<meta property=\"og:image:width\" content=\"592\" \/>\n\t<meta property=\"og:image:height\" content=\"383\" \/>\n\t<meta property=\"og:image:type\" content=\"image\/png\" \/>\n<meta name=\"twitter:card\" content=\"summary_large_image\" \/>\n<meta name=\"twitter:image\" content=\"https:\/\/www.rawoodfoundation.org\/wp-content\/uploads\/2025\/12\/Sodium.png\" \/>\n<meta name=\"twitter:site\" content=\"@rawoodfound\" \/>\n<meta name=\"twitter:label1\" content=\"Tiempo de lectura\" \/>\n\t<meta name=\"twitter:data1\" content=\"4 minutos\" \/>\n<script type=\"application\/ld+json\" class=\"yoast-schema-graph\">{\"@context\":\"https:\\\/\\\/schema.org\",\"@graph\":[{\"@type\":\"WebPage\",\"@id\":\"https:\\\/\\\/www.rawoodfoundation.org\\\/sodium-meter\\\/\",\"url\":\"https:\\\/\\\/www.rawoodfoundation.org\\\/sodium-meter\\\/\",\"name\":\"Sodium Home Test Kit for Easy At-Home Monitoring\",\"isPartOf\":{\"@id\":\"https:\\\/\\\/www.rawoodfoundation.org\\\/#website\"},\"primaryImageOfPage\":{\"@id\":\"https:\\\/\\\/www.rawoodfoundation.org\\\/sodium-meter\\\/#primaryimage\"},\"image\":{\"@id\":\"https:\\\/\\\/www.rawoodfoundation.org\\\/sodium-meter\\\/#primaryimage\"},\"thumbnailUrl\":\"https:\\\/\\\/live-rawf.pantheonsite.io\\\/wp-content\\\/uploads\\\/2023\\\/07\\\/sodium-meter-1.svg\",\"datePublished\":\"2023-07-20T13:41:26+00:00\",\"dateModified\":\"2025-12-23T03:59:20+00:00\",\"description\":\"Sodium home test kit to check sodium levels at home with fast, accurate results. Monitor hydration and overall health with reliable testing.\",\"breadcrumb\":{\"@id\":\"https:\\\/\\\/www.rawoodfoundation.org\\\/sodium-meter\\\/#breadcrumb\"},\"inLanguage\":\"es\",\"potentialAction\":[{\"@type\":\"ReadAction\",\"target\":[\"https:\\\/\\\/www.rawoodfoundation.org\\\/sodium-meter\\\/\"]}]},{\"@type\":\"ImageObject\",\"inLanguage\":\"es\",\"@id\":\"https:\\\/\\\/www.rawoodfoundation.org\\\/sodium-meter\\\/#primaryimage\",\"url\":\"https:\\\/\\\/live-rawf.pantheonsite.io\\\/wp-content\\\/uploads\\\/2023\\\/07\\\/sodium-meter-1.svg\",\"contentUrl\":\"https:\\\/\\\/live-rawf.pantheonsite.io\\\/wp-content\\\/uploads\\\/2023\\\/07\\\/sodium-meter-1.svg\"},{\"@type\":\"BreadcrumbList\",\"@id\":\"https:\\\/\\\/www.rawoodfoundation.org\\\/sodium-meter\\\/#breadcrumb\",\"itemListElement\":[{\"@type\":\"ListItem\",\"position\":1,\"name\":\"Home\",\"item\":\"https:\\\/\\\/www.rawoodfoundation.org\\\/\"},{\"@type\":\"ListItem\",\"position\":2,\"name\":\"Sodium Meter\"}]},{\"@type\":\"WebSite\",\"@id\":\"https:\\\/\\\/www.rawoodfoundation.org\\\/#website\",\"url\":\"https:\\\/\\\/www.rawoodfoundation.org\\\/\",\"name\":\"Raymond A. Wood Foundation\",\"description\":\"The mission of the RAWF is to provide quality of life support for childhood brain tumor survivors and their families.\",\"publisher\":{\"@id\":\"https:\\\/\\\/www.rawoodfoundation.org\\\/#organization\"},\"potentialAction\":[{\"@type\":\"SearchAction\",\"target\":{\"@type\":\"EntryPoint\",\"urlTemplate\":\"https:\\\/\\\/www.rawoodfoundation.org\\\/?s={search_term_string}\"},\"query-input\":{\"@type\":\"PropertyValueSpecification\",\"valueRequired\":true,\"valueName\":\"search_term_string\"}}],\"inLanguage\":\"es\"},{\"@type\":\"Organization\",\"@id\":\"https:\\\/\\\/www.rawoodfoundation.org\\\/#organization\",\"name\":\"Raymond A. Wood Foundation\",\"url\":\"https:\\\/\\\/www.rawoodfoundation.org\\\/\",\"logo\":{\"@type\":\"ImageObject\",\"inLanguage\":\"es\",\"@id\":\"https:\\\/\\\/www.rawoodfoundation.org\\\/#\\\/schema\\\/logo\\\/image\\\/\",\"url\":\"https:\\\/\\\/www.rawoodfoundation.org\\\/wp-content\\\/uploads\\\/2023\\\/07\\\/Raymond-A-Wood-Foundation-logo.webp\",\"contentUrl\":\"https:\\\/\\\/www.rawoodfoundation.org\\\/wp-content\\\/uploads\\\/2023\\\/07\\\/Raymond-A-Wood-Foundation-logo.webp\",\"width\":470,\"height\":128,\"caption\":\"Raymond A. Wood Foundation\"},\"image\":{\"@id\":\"https:\\\/\\\/www.rawoodfoundation.org\\\/#\\\/schema\\\/logo\\\/image\\\/\"},\"sameAs\":[\"https:\\\/\\\/www.facebook.com\\\/rawoodfoundation\",\"https:\\\/\\\/x.com\\\/rawoodfound\"]}]}<\/script>\n<!-- \/ Yoast SEO plugin. -->","yoast_head_json":{"title":"Kit de an\u00e1lisis de sodio para un control sencillo en casa","description":"Kit de an\u00e1lisis casero de sodio para comprobar los niveles de sodio en casa con resultados r\u00e1pidos y precisos. Controle la hidrataci\u00f3n y la salud general con pruebas fiables.","robots":{"index":"index","follow":"follow","max-snippet":"max-snippet:-1","max-image-preview":"max-image-preview:large","max-video-preview":"max-video-preview:-1"},"canonical":"https:\/\/www.rawoodfoundation.org\/es\/medidor-de-sodio\/","og_locale":"es_MX","og_type":"article","og_title":"Sodium Home Test Kit for Easy At-Home Monitoring","og_description":"Sodium home test kit to check sodium levels at home with fast, accurate results. Monitor hydration and overall health with reliable testing.","og_url":"https:\/\/www.rawoodfoundation.org\/es\/medidor-de-sodio\/","og_site_name":"Raymond A. Wood Foundation","article_publisher":"https:\/\/www.facebook.com\/rawoodfoundation","article_modified_time":"2025-12-23T03:59:20+00:00","og_image":[{"width":592,"height":383,"url":"https:\/\/www.rawoodfoundation.org\/wp-content\/uploads\/2025\/12\/Sodium.png","type":"image\/png"}],"twitter_card":"summary_large_image","twitter_image":"https:\/\/www.rawoodfoundation.org\/wp-content\/uploads\/2025\/12\/Sodium.png","twitter_site":"@rawoodfound","twitter_misc":{"Tiempo de lectura":"4 minutos"},"schema":{"@context":"https:\/\/schema.org","@graph":[{"@type":"WebPage","@id":"https:\/\/www.rawoodfoundation.org\/sodium-meter\/","url":"https:\/\/www.rawoodfoundation.org\/sodium-meter\/","name":"Kit de an\u00e1lisis de sodio para un control sencillo en casa","isPartOf":{"@id":"https:\/\/www.rawoodfoundation.org\/#website"},"primaryImageOfPage":{"@id":"https:\/\/www.rawoodfoundation.org\/sodium-meter\/#primaryimage"},"image":{"@id":"https:\/\/www.rawoodfoundation.org\/sodium-meter\/#primaryimage"},"thumbnailUrl":"https:\/\/live-rawf.pantheonsite.io\/wp-content\/uploads\/2023\/07\/sodium-meter-1.svg","datePublished":"2023-07-20T13:41:26+00:00","dateModified":"2025-12-23T03:59:20+00:00","description":"Kit de an\u00e1lisis casero de sodio para comprobar los niveles de sodio en casa con resultados r\u00e1pidos y precisos. Controle la hidrataci\u00f3n y la salud general con pruebas fiables.","breadcrumb":{"@id":"https:\/\/www.rawoodfoundation.org\/sodium-meter\/#breadcrumb"},"inLanguage":"es","potentialAction":[{"@type":"ReadAction","target":["https:\/\/www.rawoodfoundation.org\/sodium-meter\/"]}]},{"@type":"ImageObject","inLanguage":"es","@id":"https:\/\/www.rawoodfoundation.org\/sodium-meter\/#primaryimage","url":"https:\/\/live-rawf.pantheonsite.io\/wp-content\/uploads\/2023\/07\/sodium-meter-1.svg","contentUrl":"https:\/\/live-rawf.pantheonsite.io\/wp-content\/uploads\/2023\/07\/sodium-meter-1.svg"},{"@type":"BreadcrumbList","@id":"https:\/\/www.rawoodfoundation.org\/sodium-meter\/#breadcrumb","itemListElement":[{"@type":"ListItem","position":1,"name":"Home","item":"https:\/\/www.rawoodfoundation.org\/"},{"@type":"ListItem","position":2,"name":"Sodium Meter"}]},{"@type":"WebSite","@id":"https:\/\/www.rawoodfoundation.org\/#website","url":"https:\/\/www.rawoodfoundation.org\/","name":"Fundaci\u00f3n Raymond A. Wood","description":"La misi\u00f3n de la RAWF es proporcionar apoyo a la calidad de vida de los supervivientes de tumores cerebrales infantiles y sus familias.","publisher":{"@id":"https:\/\/www.rawoodfoundation.org\/#organization"},"potentialAction":[{"@type":"SearchAction","target":{"@type":"EntryPoint","urlTemplate":"https:\/\/www.rawoodfoundation.org\/?s={search_term_string}"},"query-input":{"@type":"PropertyValueSpecification","valueRequired":true,"valueName":"search_term_string"}}],"inLanguage":"es"},{"@type":"Organization","@id":"https:\/\/www.rawoodfoundation.org\/#organization","name":"Fundaci\u00f3n Raymond A. Wood","url":"https:\/\/www.rawoodfoundation.org\/","logo":{"@type":"ImageObject","inLanguage":"es","@id":"https:\/\/www.rawoodfoundation.org\/#\/schema\/logo\/image\/","url":"https:\/\/www.rawoodfoundation.org\/wp-content\/uploads\/2023\/07\/Raymond-A-Wood-Foundation-logo.webp","contentUrl":"https:\/\/www.rawoodfoundation.org\/wp-content\/uploads\/2023\/07\/Raymond-A-Wood-Foundation-logo.webp","width":470,"height":128,"caption":"Raymond A. Wood Foundation"},"image":{"@id":"https:\/\/www.rawoodfoundation.org\/#\/schema\/logo\/image\/"},"sameAs":["https:\/\/www.facebook.com\/rawoodfoundation","https:\/\/x.com\/rawoodfound"]}]}},"_links":{"self":[{"href":"https:\/\/www.rawoodfoundation.org\/es\/wp-json\/wp\/v2\/pages\/7429","targetHints":{"allow":["GET"]}}],"collection":[{"href":"https:\/\/www.rawoodfoundation.org\/es\/wp-json\/wp\/v2\/pages"}],"about":[{"href":"https:\/\/www.rawoodfoundation.org\/es\/wp-json\/wp\/v2\/types\/page"}],"author":[{"embeddable":true,"href":"https:\/\/www.rawoodfoundation.org\/es\/wp-json\/wp\/v2\/users\/4"}],"replies":[{"embeddable":true,"href":"https:\/\/www.rawoodfoundation.org\/es\/wp-json\/wp\/v2\/comments?post=7429"}],"version-history":[{"count":23,"href":"https:\/\/www.rawoodfoundation.org\/es\/wp-json\/wp\/v2\/pages\/7429\/revisions"}],"predecessor-version":[{"id":17827,"href":"https:\/\/www.rawoodfoundation.org\/es\/wp-json\/wp\/v2\/pages\/7429\/revisions\/17827"}],"wp:attachment":[{"href":"https:\/\/www.rawoodfoundation.org\/es\/wp-json\/wp\/v2\/media?parent=7429"}],"curies":[{"name":"wp","href":"https:\/\/api.w.org\/{rel}","templated":true}]}}