{"id":7373,"date":"2023-07-19T19:05:14","date_gmt":"2023-07-19T19:05:14","guid":{"rendered":"https:\/\/live-rawf.pantheonsite.io\/?page_id=7373"},"modified":"2023-09-25T18:40:37","modified_gmt":"2023-09-25T18:40:37","slug":"registro-de-pacientes","status":"publish","type":"page","link":"https:\/\/www.rawoodfoundation.org\/es\/patient-registry\/","title":{"rendered":"Registro de pacientes"},"content":{"rendered":"<h2 class=\"wp-block-heading\">Creaci\u00f3n de un registro internacional de pacientes con tumores cerebrales hipotal\u00e1mico-hipofisarios poco frecuentes<\/h2>\n\n\n\n<p><strong>Investigador principal: <\/strong>Dra. Nathalie Kayadjanian<\/p>\n\n\n\n<h3 class=\"wp-block-heading\">Objetivo:<\/h3>\n\n\n\n<p>El objetivo del registro de pacientes es crear un repositorio central internacional de datos introducidos por cuidadores y pacientes sobre la vida con s\u00edndromes tumorales hipotal\u00e1mico-hipofisarios (H-P)....<\/p>\n\n\n\n<h3 class=\"wp-block-heading\">Objetivos:<\/h3>\n\n\n\n<ul class=\"wp-block-list\">\n<li>Apoyar y acelerar la realizaci\u00f3n de ensayos cl\u00ednicos<\/li>\n\n\n\n<li>Recopilar datos basados en pruebas sobre los puntos de vista y las necesidades insatisfechas de cuidadores y supervivientes en relaci\u00f3n con el impacto de la enfermedad y los tratamientos en su calidad de vida, las prioridades de tratamiento y la evaluaci\u00f3n de beneficios y riesgos.<\/li>\n\n\n\n<li>Comprender mejor todo el espectro de s\u00edntomas, epidemiolog\u00eda y progresi\u00f3n de la H-P (historia natural).<\/li>\n\n\n\n<li>Mejorar la atenci\u00f3n a los pacientes<\/li>\n\n\n\n<li>Facilitar la investigaci\u00f3n<\/li>\n<\/ul>\n\n\n\n<p>Los tumores cerebrales hipotal\u00e1mico-hipofisarios poco frecuentes se encuentran en una zona anat\u00f3mica cerebral compleja que comprende el hipot\u00e1lamo, la hip\u00f3fisis, el quiasma \u00f3ptico, los nervios \u00f3pticos y otras estructuras vitales. Abarcan m\u00faltiples tumores poco frecuentes, como el craneofaringioma, los gliomas de bajo grado o los gliomas de la v\u00eda \u00f3ptica\/hipotal\u00e1micos, el germinoma, los hamartomas hipotal\u00e1micos, la histiocitosis de c\u00e9lulas de Langerhans, el quiste hendido de Rathke, algunos meningiomas y otros tumores sellares\/paraselares. Las manifestaciones cl\u00ednicas derivadas del tumor y\/o de su tratamiento son m\u00faltiples y a menudo de por vida. Incluyen disfunci\u00f3n hipotal\u00e1mica, deterioro cognitivo, problemas psicosociales, panhipopituitarismo y d\u00e9ficit visual.<\/p>\n\n\n\n<p>Los tratamientos actuales se limitan sobre todo a terapias reductoras de tumores. Aunque las terapias hormonales sustitutivas pueden hacer frente a las endocrinopat\u00edas, muchas de las secuelas sanitarias no pueden corregirse debido a la falta de tratamientos eficaces, lo que deteriora gravemente la calidad de vida de los supervivientes. Aunque el n\u00famero de v\u00edas terap\u00e9uticas que se est\u00e1n siguiendo para los tumores hipotal\u00e1mico-hipofisarios es alentador, un mejor conocimiento de la progresi\u00f3n de las comorbilidades asociadas a los tumores hipotal\u00e1mico-hipofisarios raros (es decir, la historia natural), una base de datos s\u00f3lida de posibles participantes en estudios cl\u00ednicos, as\u00ed como una mejor comprensi\u00f3n de las necesidades cl\u00ednicas no cubiertas de los supervivientes y cuidadores (por ejemplo, la voz de los pacientes) pueden facilitar el desarrollo de mejores terapias para los supervivientes de tumores hipotal\u00e1mico-hipofisarios raros.<\/p>\n\n\n\n<p>La Fundaci\u00f3n Raymond A. Wood ha identificado recientemente la creaci\u00f3n de un registro internacional de pacientes como una prioridad para apoyar el desarrollo de tratamientos eficaces para los supervivientes de tumores cerebrales hipotal\u00e1mico-hipofisarios raros. El objetivo principal del registro es crear un repositorio central internacional de datos de cuidadores y pacientes sobre la vida con tumores hipotal\u00e1mico-hipofisarios raros.  El registro pretende recopilar datos sobre las experiencias con la enfermedad e identificar necesidades m\u00e9dicas no cubiertas desde la perspectiva de los supervivientes y cuidadores; documentar la progresi\u00f3n natural de las enfermedades en toda la poblaci\u00f3n; identificar \u00e1reas poco estudiadas; acelerar la realizaci\u00f3n de ensayos cl\u00ednicos; guiar el desarrollo de est\u00e1ndares de atenci\u00f3n; y facilitar la investigaci\u00f3n.<\/p>\n\n\n\n<p>El registro estar\u00e1 basado en la web y alojado en la Plataforma de Registro de la Organizaci\u00f3n Nacional de Enfermedades Raras (NORD), que cumple las leyes de privacidad de la informaci\u00f3n sanitaria de Estados Unidos, la normativa de la FDA sobre registros electr\u00f3nicos y los requisitos de seguridad del Reglamento General de Protecci\u00f3n de Datos (GDPR) de la Uni\u00f3n Europea. Solo se compartir\u00e1n datos desidentificados con investigadores y otras partes interesadas. Se ha reunido una Junta Asesora del Registro que incluye cient\u00edficos, m\u00e9dicos y defensores de los pacientes, para supervisar la realizaci\u00f3n del registro.<\/p>\n\n\n\n<p>Los participantes en el registro ser\u00e1n supervivientes o cuidadores de una persona con un tumor cerebral hipotal\u00e1mico-hipofisario poco frecuente. Se pedir\u00e1 a los participantes que respondan a encuestas en l\u00ednea disponibles en todo el mundo en ingl\u00e9s, franc\u00e9s y espa\u00f1ol. Se har\u00e1 un seguimiento de los participantes a lo largo de su vida, aportando datos a intervalos variables. Se recoger\u00e1n datos al inicio del estudio y al menos una vez al a\u00f1o sobre temas como demograf\u00eda, diagn\u00f3stico, calidad de vida, historial m\u00e9dico, manifestaciones cl\u00ednicas, experiencia personal con los tumores, estado de salud general, medicaci\u00f3n y tratamientos.<\/p>\n\n\n\n<p>El registro de pacientes es una poderosa herramienta para empoderar a los supervivientes de tumores cerebrales hipotal\u00e1mico-hipofisarios. Al participar, pasar\u00e1 a formar parte del equipo de investigaci\u00f3n, que guiar\u00e1 el desarrollo de terapias significativas para usted y su familia.<\/p>\n\n\n\n<hr class=\"wp-block-separator has-alpha-channel-opacity\"\/>\n\n\n\n<h3 class=\"wp-block-heading\">Calendario del Registro<\/h3>\n\n\n\n<p><strong>Enero de 2023<\/strong> Inicio del proyecto<\/p>\n\n\n\n<p><strong>Marzo de 2023<\/strong> Reuni\u00f3n inaugural del Consejo Asesor del Registro<\/p>\n\n\n\n<p><strong>Abril 2023 - Octubre 2023<\/strong> Desarrollo de la plataforma<\/p>\n\n\n\n<p><strong>Noviembre - Diciembre 2023 <\/strong>Lanzamiento de la primera encuesta a pacientes<\/p>\n\n\n\n<hr class=\"wp-block-separator has-alpha-channel-opacity\"\/>\n\n\n\n<h3 class=\"wp-block-heading\">Junta Consultiva del Registro<\/h3>\n\n\n\n<p><strong>Johan de Graaf<br><\/strong>Superviviente y Presidenta de la Fundaci\u00f3n Holandesa de Pituitaria, Pa\u00edses Bajos<\/p>\n\n\n\n<p><strong>Doctor Shuang Liu<\/strong><br>Consejero delegado y fundador de ConSynance Therapeutics, Inc.<\/p>\n\n\n\n<p><strong>Lynn Mathies<\/strong><br>Superviviente y estudiante del M\u00e1ster en Neurociencia y Cognici\u00f3n de la Universidad de Utrecht (Pa\u00edses Bajos).<\/p>\n\n\n\n<p><strong>Dra. Shana McCormack, MTR<\/strong><br>Director Cient\u00edfico del Centro Neuroendocrino Divisi\u00f3n de Endocrinolog\u00eda y Diabetes, Hospital Infantil de Filadelfia, EE.UU.<\/p>\n\n\n\n<p><strong>Dr. Hermann Muller<\/strong><br>Jefe del Departamento de Pediatr\u00eda y Hematolog\u00eda y Oncolog\u00eda Pedi\u00e1tricas, Klinikum Oldenburg, Alemania<\/p>\n\n\n\n<p><strong>Doctor Bradley Richards<\/strong><br>Cuidadora, profesora adjunta, Universidad de York Toronto, Canad\u00e1<\/p>\n\n\n\n<p><strong>Doctora Theresa Strong<\/strong><br>Director, Programas de Investigaci\u00f3n, Fundaci\u00f3n para la Investigaci\u00f3n de Prader-Willi, EE.UU.<\/p>\n\n\n\n<hr class=\"wp-block-separator has-alpha-channel-opacity\"\/>\n\n\n<div class=\"gb-container gb-container-98493386\">\n\n<div class=\"wp-block-columns is-layout-flex wp-container-core-columns-is-layout-9d6595d7 wp-block-columns-is-layout-flex\">\n<div class=\"wp-block-column is-layout-flow wp-block-column-is-layout-flow\" style=\"flex-basis:33.33%\">\n<figure class=\"wp-block-image size-full\"><img decoding=\"async\" width=\"600\" height=\"380\" src=\"https:\/\/live-rawf.pantheonsite.io\/wp-content\/uploads\/2023\/07\/research.jpg\" alt=\"\" class=\"wp-image-7382\" srcset=\"https:\/\/www.rawoodfoundation.org\/wp-content\/uploads\/2023\/07\/research.jpg 600w, https:\/\/www.rawoodfoundation.org\/wp-content\/uploads\/2023\/07\/research-300x190.jpg 300w, https:\/\/www.rawoodfoundation.org\/wp-content\/uploads\/2023\/07\/research-18x12.jpg 18w\" sizes=\"(max-width: 600px) 100vw, 600px\" \/><\/figure>\n<\/div>\n\n\n\n<div class=\"wp-block-column is-layout-flow wp-block-column-is-layout-flow\" style=\"flex-basis:66.66%\">\n<h3 class=\"gb-headline gb-headline-094bad58 gb-headline-text\">Apoye esta labor<\/h3>\n\n\n\n<p class=\"gb-headline gb-headline-33254764 gb-headline-text\">Participar en la investigaci\u00f3n permite a los pacientes contribuir a los avances m\u00e9dicos, acceder a tratamientos experimentales y formar parte de una comunidad solidaria. Como participante en una investigaci\u00f3n, puede influir activamente en los resultados de la atenci\u00f3n sanitaria y mejorar los tratamientos futuros.<\/p>\n\n\n\n<p class=\"gb-headline gb-headline-52423adb round-icon\"><span class=\"gb-icon\"><svg aria-hidden=\"true\" role=\"img\" height=\"1em\" width=\"1em\" viewbox=\"0 0 256 512\" xmlns=\"http:\/\/www.w3.org\/2000\/svg\"><path fill=\"currentColor\" d=\"M224.3 273l-136 136c-9.4 9.4-24.6 9.4-33.9 0l-22.6-22.6c-9.4-9.4-9.4-24.6 0-33.9l96.4-96.4-96.4-96.4c-9.4-9.4-9.4-24.6 0-33.9L54.3 103c9.4-9.4 24.6-9.4 33.9 0l136 136c9.5 9.4 9.5 24.6.1 34z\"><\/path><\/svg><\/span><span class=\"gb-headline-text\"><a href=\"https:\/\/www.rawoodfoundation.org\/es\/plan-estrategico\/\">M\u00e1s informaci\u00f3n sobre investigaci\u00f3n<\/a><\/span><\/p>\n\n\n\n<p class=\"gb-headline gb-headline-1207c705 round-icon\"><span class=\"gb-icon\"><svg aria-hidden=\"true\" role=\"img\" height=\"1em\" width=\"1em\" viewbox=\"0 0 256 512\" xmlns=\"http:\/\/www.w3.org\/2000\/svg\"><path fill=\"currentColor\" d=\"M224.3 273l-136 136c-9.4 9.4-24.6 9.4-33.9 0l-22.6-22.6c-9.4-9.4-9.4-24.6 0-33.9l96.4-96.4-96.4-96.4c-9.4-9.4-9.4-24.6 0-33.9L54.3 103c9.4-9.4 24.6-9.4 33.9 0l136 136c9.5 9.4 9.5 24.6.1 34z\"><\/path><\/svg><\/span><span class=\"gb-headline-text\"><a href=\"https:\/\/raymondawoodfoundation-bloom.kindful.com\/\">Haga un donativo para apoyar este proyecto<\/a><\/span><\/p>\n<\/div>\n<\/div>\n\n<\/div>","protected":false},"excerpt":{"rendered":"<p>Creaci\u00f3n de un registro internacional de pacientes con tumores cerebrales hipotal\u00e1mico-hipofisarios poco frecuentes Investigadora principal: Nathalie Kayadjanian, PhD ... <a title=\"Registro de pacientes\" class=\"read-more\" href=\"https:\/\/www.rawoodfoundation.org\/es\/patient-registry\/\" aria-label=\"Leer m\u00e1s sobre Registro de pacientes\">Seguir leyendo<\/a><\/p>","protected":false},"author":4,"featured_media":0,"parent":0,"menu_order":58,"comment_status":"closed","ping_status":"closed","template":"","meta":{"_acf_changed":false,"footnotes":""},"class_list":{"0":"post-7373","1":"page","2":"type-page","3":"status-publish","5":"no-featured-image-padding"},"acf":[],"yoast_head":"<!-- This site is optimized with the Yoast SEO plugin v27.3 - https:\/\/yoast.com\/product\/yoast-seo-wordpress\/ -->\n<title>Patient Registry - Raymond A. Wood Foundation<\/title>\n<meta name=\"robots\" content=\"index, follow, max-snippet:-1, max-image-preview:large, max-video-preview:-1\" \/>\n<link rel=\"canonical\" href=\"https:\/\/www.rawoodfoundation.org\/es\/registro-de-pacientes\/\" \/>\n<meta property=\"og:locale\" content=\"es_MX\" \/>\n<meta property=\"og:type\" content=\"article\" \/>\n<meta property=\"og:title\" content=\"Patient Registry - Raymond A. Wood Foundation\" \/>\n<meta property=\"og:description\" content=\"Building an international patient registry for rare hypothalamic-pituitary brain tumors Principal Investigator: Nathalie Kayadjanian, PhD ... Read more\" \/>\n<meta property=\"og:url\" content=\"https:\/\/www.rawoodfoundation.org\/es\/registro-de-pacientes\/\" \/>\n<meta property=\"og:site_name\" content=\"Raymond A. Wood Foundation\" \/>\n<meta property=\"article:publisher\" content=\"https:\/\/www.facebook.com\/rawoodfoundation\" \/>\n<meta property=\"article:modified_time\" content=\"2023-09-25T18:40:37+00:00\" \/>\n<meta property=\"og:image\" content=\"https:\/\/live-rawf.pantheonsite.io\/wp-content\/uploads\/2023\/07\/research.jpg\" \/>\n<meta name=\"twitter:card\" content=\"summary_large_image\" \/>\n<meta name=\"twitter:site\" content=\"@rawoodfound\" \/>\n<meta name=\"twitter:label1\" content=\"Tiempo de lectura\" \/>\n\t<meta name=\"twitter:data1\" content=\"4 minutos\" \/>\n<script type=\"application\/ld+json\" class=\"yoast-schema-graph\">{\"@context\":\"https:\\\/\\\/schema.org\",\"@graph\":[{\"@type\":\"WebPage\",\"@id\":\"https:\\\/\\\/www.rawoodfoundation.org\\\/patient-registry\\\/\",\"url\":\"https:\\\/\\\/www.rawoodfoundation.org\\\/patient-registry\\\/\",\"name\":\"Patient Registry - Raymond A. Wood Foundation\",\"isPartOf\":{\"@id\":\"https:\\\/\\\/www.rawoodfoundation.org\\\/#website\"},\"primaryImageOfPage\":{\"@id\":\"https:\\\/\\\/www.rawoodfoundation.org\\\/patient-registry\\\/#primaryimage\"},\"image\":{\"@id\":\"https:\\\/\\\/www.rawoodfoundation.org\\\/patient-registry\\\/#primaryimage\"},\"thumbnailUrl\":\"https:\\\/\\\/live-rawf.pantheonsite.io\\\/wp-content\\\/uploads\\\/2023\\\/07\\\/research.jpg\",\"datePublished\":\"2023-07-19T19:05:14+00:00\",\"dateModified\":\"2023-09-25T18:40:37+00:00\",\"breadcrumb\":{\"@id\":\"https:\\\/\\\/www.rawoodfoundation.org\\\/patient-registry\\\/#breadcrumb\"},\"inLanguage\":\"es\",\"potentialAction\":[{\"@type\":\"ReadAction\",\"target\":[\"https:\\\/\\\/www.rawoodfoundation.org\\\/patient-registry\\\/\"]}]},{\"@type\":\"ImageObject\",\"inLanguage\":\"es\",\"@id\":\"https:\\\/\\\/www.rawoodfoundation.org\\\/patient-registry\\\/#primaryimage\",\"url\":\"https:\\\/\\\/live-rawf.pantheonsite.io\\\/wp-content\\\/uploads\\\/2023\\\/07\\\/research.jpg\",\"contentUrl\":\"https:\\\/\\\/live-rawf.pantheonsite.io\\\/wp-content\\\/uploads\\\/2023\\\/07\\\/research.jpg\"},{\"@type\":\"BreadcrumbList\",\"@id\":\"https:\\\/\\\/www.rawoodfoundation.org\\\/patient-registry\\\/#breadcrumb\",\"itemListElement\":[{\"@type\":\"ListItem\",\"position\":1,\"name\":\"Home\",\"item\":\"https:\\\/\\\/www.rawoodfoundation.org\\\/\"},{\"@type\":\"ListItem\",\"position\":2,\"name\":\"Patient Registry\"}]},{\"@type\":\"WebSite\",\"@id\":\"https:\\\/\\\/www.rawoodfoundation.org\\\/#website\",\"url\":\"https:\\\/\\\/www.rawoodfoundation.org\\\/\",\"name\":\"Raymond A. Wood Foundation\",\"description\":\"The mission of the RAWF is to provide quality of life support for childhood brain tumor survivors and their families.\",\"publisher\":{\"@id\":\"https:\\\/\\\/www.rawoodfoundation.org\\\/#organization\"},\"potentialAction\":[{\"@type\":\"SearchAction\",\"target\":{\"@type\":\"EntryPoint\",\"urlTemplate\":\"https:\\\/\\\/www.rawoodfoundation.org\\\/?s={search_term_string}\"},\"query-input\":{\"@type\":\"PropertyValueSpecification\",\"valueRequired\":true,\"valueName\":\"search_term_string\"}}],\"inLanguage\":\"es\"},{\"@type\":\"Organization\",\"@id\":\"https:\\\/\\\/www.rawoodfoundation.org\\\/#organization\",\"name\":\"Raymond A. Wood Foundation\",\"url\":\"https:\\\/\\\/www.rawoodfoundation.org\\\/\",\"logo\":{\"@type\":\"ImageObject\",\"inLanguage\":\"es\",\"@id\":\"https:\\\/\\\/www.rawoodfoundation.org\\\/#\\\/schema\\\/logo\\\/image\\\/\",\"url\":\"https:\\\/\\\/www.rawoodfoundation.org\\\/wp-content\\\/uploads\\\/2023\\\/07\\\/Raymond-A-Wood-Foundation-logo.webp\",\"contentUrl\":\"https:\\\/\\\/www.rawoodfoundation.org\\\/wp-content\\\/uploads\\\/2023\\\/07\\\/Raymond-A-Wood-Foundation-logo.webp\",\"width\":470,\"height\":128,\"caption\":\"Raymond A. Wood Foundation\"},\"image\":{\"@id\":\"https:\\\/\\\/www.rawoodfoundation.org\\\/#\\\/schema\\\/logo\\\/image\\\/\"},\"sameAs\":[\"https:\\\/\\\/www.facebook.com\\\/rawoodfoundation\",\"https:\\\/\\\/x.com\\\/rawoodfound\"]}]}<\/script>\n<!-- \/ Yoast SEO plugin. -->","yoast_head_json":{"title":"Registro de pacientes - Fundaci\u00f3n Raymond A. Wood","robots":{"index":"index","follow":"follow","max-snippet":"max-snippet:-1","max-image-preview":"max-image-preview:large","max-video-preview":"max-video-preview:-1"},"canonical":"https:\/\/www.rawoodfoundation.org\/es\/registro-de-pacientes\/","og_locale":"es_MX","og_type":"article","og_title":"Patient Registry - Raymond A. Wood Foundation","og_description":"Building an international patient registry for rare hypothalamic-pituitary brain tumors Principal Investigator: Nathalie Kayadjanian, PhD ... Read more","og_url":"https:\/\/www.rawoodfoundation.org\/es\/registro-de-pacientes\/","og_site_name":"Raymond A. Wood Foundation","article_publisher":"https:\/\/www.facebook.com\/rawoodfoundation","article_modified_time":"2023-09-25T18:40:37+00:00","og_image":[{"url":"https:\/\/live-rawf.pantheonsite.io\/wp-content\/uploads\/2023\/07\/research.jpg","type":"","width":"","height":""}],"twitter_card":"summary_large_image","twitter_site":"@rawoodfound","twitter_misc":{"Tiempo de lectura":"4 minutos"},"schema":{"@context":"https:\/\/schema.org","@graph":[{"@type":"WebPage","@id":"https:\/\/www.rawoodfoundation.org\/patient-registry\/","url":"https:\/\/www.rawoodfoundation.org\/patient-registry\/","name":"Registro de pacientes - Fundaci\u00f3n Raymond A. Wood","isPartOf":{"@id":"https:\/\/www.rawoodfoundation.org\/#website"},"primaryImageOfPage":{"@id":"https:\/\/www.rawoodfoundation.org\/patient-registry\/#primaryimage"},"image":{"@id":"https:\/\/www.rawoodfoundation.org\/patient-registry\/#primaryimage"},"thumbnailUrl":"https:\/\/live-rawf.pantheonsite.io\/wp-content\/uploads\/2023\/07\/research.jpg","datePublished":"2023-07-19T19:05:14+00:00","dateModified":"2023-09-25T18:40:37+00:00","breadcrumb":{"@id":"https:\/\/www.rawoodfoundation.org\/patient-registry\/#breadcrumb"},"inLanguage":"es","potentialAction":[{"@type":"ReadAction","target":["https:\/\/www.rawoodfoundation.org\/patient-registry\/"]}]},{"@type":"ImageObject","inLanguage":"es","@id":"https:\/\/www.rawoodfoundation.org\/patient-registry\/#primaryimage","url":"https:\/\/live-rawf.pantheonsite.io\/wp-content\/uploads\/2023\/07\/research.jpg","contentUrl":"https:\/\/live-rawf.pantheonsite.io\/wp-content\/uploads\/2023\/07\/research.jpg"},{"@type":"BreadcrumbList","@id":"https:\/\/www.rawoodfoundation.org\/patient-registry\/#breadcrumb","itemListElement":[{"@type":"ListItem","position":1,"name":"Home","item":"https:\/\/www.rawoodfoundation.org\/"},{"@type":"ListItem","position":2,"name":"Patient Registry"}]},{"@type":"WebSite","@id":"https:\/\/www.rawoodfoundation.org\/#website","url":"https:\/\/www.rawoodfoundation.org\/","name":"Fundaci\u00f3n Raymond A. Wood","description":"La misi\u00f3n de la RAWF es proporcionar apoyo a la calidad de vida de los supervivientes de tumores cerebrales infantiles y sus familias.","publisher":{"@id":"https:\/\/www.rawoodfoundation.org\/#organization"},"potentialAction":[{"@type":"SearchAction","target":{"@type":"EntryPoint","urlTemplate":"https:\/\/www.rawoodfoundation.org\/?s={search_term_string}"},"query-input":{"@type":"PropertyValueSpecification","valueRequired":true,"valueName":"search_term_string"}}],"inLanguage":"es"},{"@type":"Organization","@id":"https:\/\/www.rawoodfoundation.org\/#organization","name":"Fundaci\u00f3n Raymond A. Wood","url":"https:\/\/www.rawoodfoundation.org\/","logo":{"@type":"ImageObject","inLanguage":"es","@id":"https:\/\/www.rawoodfoundation.org\/#\/schema\/logo\/image\/","url":"https:\/\/www.rawoodfoundation.org\/wp-content\/uploads\/2023\/07\/Raymond-A-Wood-Foundation-logo.webp","contentUrl":"https:\/\/www.rawoodfoundation.org\/wp-content\/uploads\/2023\/07\/Raymond-A-Wood-Foundation-logo.webp","width":470,"height":128,"caption":"Raymond A. Wood Foundation"},"image":{"@id":"https:\/\/www.rawoodfoundation.org\/#\/schema\/logo\/image\/"},"sameAs":["https:\/\/www.facebook.com\/rawoodfoundation","https:\/\/x.com\/rawoodfound"]}]}},"_links":{"self":[{"href":"https:\/\/www.rawoodfoundation.org\/es\/wp-json\/wp\/v2\/pages\/7373","targetHints":{"allow":["GET"]}}],"collection":[{"href":"https:\/\/www.rawoodfoundation.org\/es\/wp-json\/wp\/v2\/pages"}],"about":[{"href":"https:\/\/www.rawoodfoundation.org\/es\/wp-json\/wp\/v2\/types\/page"}],"author":[{"embeddable":true,"href":"https:\/\/www.rawoodfoundation.org\/es\/wp-json\/wp\/v2\/users\/4"}],"replies":[{"embeddable":true,"href":"https:\/\/www.rawoodfoundation.org\/es\/wp-json\/wp\/v2\/comments?post=7373"}],"version-history":[{"count":17,"href":"https:\/\/www.rawoodfoundation.org\/es\/wp-json\/wp\/v2\/pages\/7373\/revisions"}],"predecessor-version":[{"id":8622,"href":"https:\/\/www.rawoodfoundation.org\/es\/wp-json\/wp\/v2\/pages\/7373\/revisions\/8622"}],"wp:attachment":[{"href":"https:\/\/www.rawoodfoundation.org\/es\/wp-json\/wp\/v2\/media?parent=7373"}],"curies":[{"name":"wp","href":"https:\/\/api.w.org\/{rel}","templated":true}]}}