{"id":7359,"date":"2023-07-19T18:46:23","date_gmt":"2023-07-19T18:46:23","guid":{"rendered":"https:\/\/live-rawf.pantheonsite.io\/?page_id=7359"},"modified":"2023-09-01T14:58:54","modified_gmt":"2023-09-01T14:58:54","slug":"estudio-de-impacto-sobre-los-cuidadores","status":"publish","type":"page","link":"https:\/\/www.rawoodfoundation.org\/es\/caregiver-impact-study\/","title":{"rendered":"Estudio sobre el impacto en los cuidadores"},"content":{"rendered":"<h2 class=\"wp-block-heading\">Comprender el impacto del craneofaringioma en cuidadores y supervivientes<\/h2>\n\n\n<div class=\"gb-grid-wrapper gb-grid-wrapper-93b6d0f5\">\n<div class=\"gb-grid-column gb-grid-column-53bc7264\"><div class=\"gb-container gb-container-53bc7264\">\n\n<p><strong>Introducci\u00f3n:<\/strong> La Fundaci\u00f3n Raymond A. Wood (RAWF), una organizaci\u00f3n dedicada a promover la investigaci\u00f3n y el apoyo a los supervivientes de craneofaringioma y sus familias, se complace en anunciar la publicaci\u00f3n de su estudio de investigaci\u00f3n inaugural. Este innovador estudio, titulado \"Caregiver Burden and its Relationship to Health-Related Quality of Life in Craniopharyngioma Survivors\" (La carga del cuidador y su relaci\u00f3n con la calidad de vida relacionada con la salud en supervivientes de craneofaringioma), ha sido publicado en la prestigiosa revista Journal of Clinical Endocrinology &amp; Metabolism. Dirigido por estimados miembros de la RAWF, este estudio arroja luz sobre los retos a los que se enfrentan los cuidadores y destaca el impacto socioecon\u00f3mico en las familias con craneofaringioma (CP) y en la sociedad en su conjunto.<\/p>\n\n\n\n<p><strong>El reto:<\/strong> El craneofaringioma (CP) es un tumor cerebral no canceroso poco frecuente que suele localizarse en el eje hipotal\u00e1mico-hipofisario. Presenta afecciones m\u00e9dicas complejas y cr\u00f3nicas que requieren atenci\u00f3n y tratamiento de por vida. Aunque el impacto negativo del CP en la calidad de vida de los supervivientes est\u00e1 bien documentado, sus efectos en los cuidadores han pasado a menudo desapercibidos. Este estudio desvela la carga de la enfermedad que soportan los cuidadores de pacientes con par\u00e1lisis cerebral, revelando no s\u00f3lo sus retos, sino tambi\u00e9n el coste socioecon\u00f3mico para las familias y la sociedad.<\/p>\n\n<\/div><\/div>\n\n<div class=\"gb-grid-column gb-grid-column-d2d67878\"><div class=\"gb-container gb-container-d2d67878\">\n\n<figure class=\"wp-block-image size-full\"><a href=\"https:\/\/academic.oup.com\/jcem\/advance-article\/doi\/10.1210\/clinem\/dgad488\/7246360\" target=\"_blank\" rel=\"noreferrer noopener\"><img decoding=\"async\" width=\"600\" height=\"1001\" src=\"https:\/\/www.rawoodfoundation.org\/wp-content\/uploads\/2023\/08\/PUB.jpg\" alt=\"Vista m\u00f3vil del informe\" class=\"wp-image-8588\" srcset=\"https:\/\/www.rawoodfoundation.org\/wp-content\/uploads\/2023\/08\/PUB.jpg 600w, https:\/\/www.rawoodfoundation.org\/wp-content\/uploads\/2023\/08\/PUB-180x300.jpg 180w, https:\/\/www.rawoodfoundation.org\/wp-content\/uploads\/2023\/08\/PUB-7x12.jpg 7w\" sizes=\"(max-width: 600px) 100vw, 600px\" \/><\/a><\/figure>\n\n<\/div><\/div>\n<\/div>\n\n\n<p><strong>Misi\u00f3n de RAWF:<\/strong> Como organizaci\u00f3n de defensa del paciente impulsada por la investigaci\u00f3n, RAWF sirve como faro de comprensi\u00f3n y apoyo para los supervivientes de craneofaringioma y sus cuidadores. Fundada e impulsada principalmente por los propios cuidadores, RAWF aporta experiencias \u00fanicas de primera mano. Estas percepciones de los cuidadores revelan necesidades insatisfechas que a menudo se pasan por alto en contextos cl\u00ednicos y de investigaci\u00f3n. Por ejemplo, se recopil\u00f3 una lista exhaustiva de los problemas de salud que afectan a los supervivientes tras el tratamiento, que va m\u00e1s all\u00e1 de la literatura m\u00e9dica conocida.<\/p>\n\n\n\n<p><strong>Principales conclusiones:<\/strong> El an\u00e1lisis de las respuestas de 82 cuidadores de supervivientes de CP que participaron en una encuesta en l\u00ednea revel\u00f3 que los cuidadores informaron de una media de 13 de 29 problemas de salud en los supervivientes tras el tratamiento del tumor. Un factor significativo que afectaba a la calidad de vida relacionada con la salud de los supervivientes y que supon\u00eda una carga importante para los cuidadores era la hiperfagia: hambre excesiva e insaciable, falta de saciedad y b\u00fasqueda de comida. Sorprendentemente, la carga del cuidador, aunque moderada, superaba los niveles observados en cuidadores de enfermedades como el Alzheimer, la demencia o el dolor cr\u00f3nico. Es importante destacar que la carga del cuidador era independiente de factores como la educaci\u00f3n y los ingresos del cuidador, pero estaba estrechamente correlacionada con el n\u00famero y el tipo de problemas de salud de los supervivientes, especialmente los que presentaban s\u00edntomas de disfunci\u00f3n hipotal\u00e1mica. El estudio tambi\u00e9n revel\u00f3 que la calidad de vida relacionada con la salud de los supervivientes era muy deficiente, y que este factor desempe\u00f1aba un papel predictivo en la carga de los cuidadores. Estos hallazgos subrayan los retos polifac\u00e9ticos a los que se enfrentan los cuidadores y los supervivientes de craneofaringioma, enfatizando la necesidad cr\u00edtica de un apoyo hol\u00edstico.<\/p>\n\n\n\n<p><strong>Perspectiva del autor:<\/strong> Nathalie Kayadjanian, autora del informe, expres\u00f3 su entusiasmo: \"Estoy encantada de que el primer estudio realizado por la Fundaci\u00f3n Raymond A. Wood se publique en la revista l\u00edder mundial de investigaci\u00f3n cl\u00ednica endocrina y pr\u00e1ctica cl\u00ednica. Los hallazgos de este estudio son importantes, ya que no s\u00f3lo revelan la necesidad cr\u00edtica insatisfecha de apoyo a los cuidadores de personas con craneofaringioma, sino que tambi\u00e9n ponen de relieve los determinantes cr\u00edticos de la carga del cuidador, principalmente los m\u00faltiples problemas de salud del superviviente, incluida la hiperfagia y otros s\u00edntomas de disfunci\u00f3n hipotal\u00e1mica. Este estudio es un gran ejemplo de un estudio de investigaci\u00f3n impulsado por pacientes y cuidadores que guiar\u00e1 futuras l\u00edneas de investigaci\u00f3n para mejorar la vida de los afectados por craneofaringioma.\"<\/p>\n\n\n\n<p><strong>El compromiso de RAWF con la investigaci\u00f3n:<\/strong> En reconocimiento de la prevalencia y el profundo impacto de la hiperfagia en los supervivientes de par\u00e1lisis cerebral y sus cuidadores, RAWF se ha comprometido a impulsar la investigaci\u00f3n en esta \u00e1rea cr\u00edtica. Dada la escasez de investigaciones sobre este tema, nos estamos embarcando en un estudio riguroso para caracterizar y medir exhaustivamente la hiperfagia en esta poblaci\u00f3n \u00fanica. Adem\u00e1s, reconociendo la importancia de captar las perspectivas tanto del paciente como del cuidador en relaci\u00f3n con el impacto de la enfermedad, el tratamiento y las necesidades no cubiertas, estamos desarrollando un registro de pacientes que servir\u00e1 como un recurso valioso, proporcionando datos basados en la evidencia para informar y guiar futuras investigaciones y estudios cl\u00ednicos destinados a abordar las necesidades de los pacientes y cuidadores por igual.<\/p>\n\n\n\n<p><strong>Conclusi\u00f3n:<\/strong> Este estudio, publicado en una destacada revista de investigaci\u00f3n cl\u00ednica, marca un hito importante para la Fundaci\u00f3n Raymond A. Wood y la comunidad del craneofaringioma. Destaca el papel vital de los cuidadores y los retos a los que se enfrentan, al tiempo que subraya la acuciante necesidad de un apoyo integral. RAWF sigue comprometida con el avance de la investigaci\u00f3n, la prestaci\u00f3n de apoyo y la mejora de las vidas de los supervivientes de craneofaringioma y de sus cuidadores. Para los interesados en leer el estudio completo, est\u00e1 disponible <a href=\"https:\/\/academic.oup.com\/jcem\/advance-article\/doi\/10.1210\/clinem\/dgad488\/7246360\" target=\"_blank\" rel=\"noreferrer noopener\">aqu\u00ed<\/a>.<\/p>\n\n\n\n<figure class=\"wp-block-embed is-type-video is-provider-youtube wp-block-embed-youtube wp-embed-aspect-16-9 wp-has-aspect-ratio\"><div class=\"wp-block-embed__wrapper\">\n<iframe title=\"Revisi\u00f3n de estudios: Comprender el impacto del craneofaringioma en cuidadores y supervivientes\" width=\"1200\" height=\"675\" src=\"https:\/\/www.youtube.com\/embed\/5ubsPdWeYhk?feature=oembed\" frameborder=\"0\" allow=\"accelerometer; autoplay; clipboard-write; encrypted-media; gyroscope; picture-in-picture; web-share\" allowfullscreen><\/iframe>\n<\/div><\/figure>","protected":false},"excerpt":{"rendered":"<p>Comprender el impacto del craneofaringioma en cuidadores y supervivientes Misi\u00f3n de RAWF: Como asociaci\u00f3n de pacientes ... <a title=\"Estudio sobre el impacto en los cuidadores\" class=\"read-more\" href=\"https:\/\/www.rawoodfoundation.org\/es\/caregiver-impact-study\/\" aria-label=\"Leer m\u00e1s sobre Estudio sobre el impacto en los cuidadores\">Seguir leyendo<\/a><\/p>","protected":false},"author":4,"featured_media":7363,"parent":0,"menu_order":60,"comment_status":"closed","ping_status":"closed","template":"","meta":{"_acf_changed":false,"footnotes":""},"class_list":{"0":"post-7359","1":"page","2":"type-page","3":"status-publish","4":"has-post-thumbnail","6":"no-featured-image-padding"},"acf":[],"yoast_head":"<!-- This site is optimized with the Yoast SEO plugin v27.3 - https:\/\/yoast.com\/product\/yoast-seo-wordpress\/ -->\n<title>Caregiver Impact Study - Raymond A. Wood Foundation<\/title>\n<meta name=\"robots\" content=\"index, follow, max-snippet:-1, max-image-preview:large, max-video-preview:-1\" \/>\n<link rel=\"canonical\" href=\"https:\/\/www.rawoodfoundation.org\/es\/estudio-de-impacto-sobre-los-cuidadores\/\" \/>\n<meta property=\"og:locale\" content=\"es_MX\" \/>\n<meta property=\"og:type\" content=\"article\" \/>\n<meta property=\"og:title\" content=\"Caregiver Impact Study - Raymond A. Wood Foundation\" \/>\n<meta property=\"og:description\" content=\"Understanding the Impact of Craniopharyngioma on Caregivers and Survivors RAWF&#8217;s Mission: As a research-driven patient ... Read more\" \/>\n<meta property=\"og:url\" content=\"https:\/\/www.rawoodfoundation.org\/es\/estudio-de-impacto-sobre-los-cuidadores\/\" \/>\n<meta property=\"og:site_name\" content=\"Raymond A. Wood Foundation\" \/>\n<meta property=\"article:publisher\" content=\"https:\/\/www.facebook.com\/rawoodfoundation\" \/>\n<meta property=\"article:modified_time\" content=\"2023-09-01T14:58:54+00:00\" \/>\n<meta property=\"og:image\" content=\"https:\/\/www.rawoodfoundation.org\/wp-content\/uploads\/2023\/07\/survey.jpg\" \/>\n\t<meta property=\"og:image:width\" content=\"1000\" \/>\n\t<meta property=\"og:image:height\" content=\"556\" \/>\n\t<meta property=\"og:image:type\" content=\"image\/jpeg\" \/>\n<meta name=\"twitter:card\" content=\"summary_large_image\" \/>\n<meta name=\"twitter:site\" content=\"@rawoodfound\" \/>\n<meta name=\"twitter:label1\" content=\"Tiempo de lectura\" \/>\n\t<meta name=\"twitter:data1\" content=\"4 minutos\" \/>\n<script type=\"application\/ld+json\" class=\"yoast-schema-graph\">{\"@context\":\"https:\\\/\\\/schema.org\",\"@graph\":[{\"@type\":\"WebPage\",\"@id\":\"https:\\\/\\\/www.rawoodfoundation.org\\\/caregiver-impact-study\\\/\",\"url\":\"https:\\\/\\\/www.rawoodfoundation.org\\\/caregiver-impact-study\\\/\",\"name\":\"Caregiver Impact Study - Raymond A. Wood Foundation\",\"isPartOf\":{\"@id\":\"https:\\\/\\\/www.rawoodfoundation.org\\\/#website\"},\"primaryImageOfPage\":{\"@id\":\"https:\\\/\\\/www.rawoodfoundation.org\\\/caregiver-impact-study\\\/#primaryimage\"},\"image\":{\"@id\":\"https:\\\/\\\/www.rawoodfoundation.org\\\/caregiver-impact-study\\\/#primaryimage\"},\"thumbnailUrl\":\"https:\\\/\\\/www.rawoodfoundation.org\\\/wp-content\\\/uploads\\\/2023\\\/07\\\/survey.jpg\",\"datePublished\":\"2023-07-19T18:46:23+00:00\",\"dateModified\":\"2023-09-01T14:58:54+00:00\",\"breadcrumb\":{\"@id\":\"https:\\\/\\\/www.rawoodfoundation.org\\\/caregiver-impact-study\\\/#breadcrumb\"},\"inLanguage\":\"es\",\"potentialAction\":[{\"@type\":\"ReadAction\",\"target\":[\"https:\\\/\\\/www.rawoodfoundation.org\\\/caregiver-impact-study\\\/\"]}]},{\"@type\":\"ImageObject\",\"inLanguage\":\"es\",\"@id\":\"https:\\\/\\\/www.rawoodfoundation.org\\\/caregiver-impact-study\\\/#primaryimage\",\"url\":\"https:\\\/\\\/www.rawoodfoundation.org\\\/wp-content\\\/uploads\\\/2023\\\/07\\\/survey.jpg\",\"contentUrl\":\"https:\\\/\\\/www.rawoodfoundation.org\\\/wp-content\\\/uploads\\\/2023\\\/07\\\/survey.jpg\",\"width\":1000,\"height\":556,\"caption\":\"Online survey\"},{\"@type\":\"BreadcrumbList\",\"@id\":\"https:\\\/\\\/www.rawoodfoundation.org\\\/caregiver-impact-study\\\/#breadcrumb\",\"itemListElement\":[{\"@type\":\"ListItem\",\"position\":1,\"name\":\"Home\",\"item\":\"https:\\\/\\\/www.rawoodfoundation.org\\\/\"},{\"@type\":\"ListItem\",\"position\":2,\"name\":\"Caregiver Impact Study\"}]},{\"@type\":\"WebSite\",\"@id\":\"https:\\\/\\\/www.rawoodfoundation.org\\\/#website\",\"url\":\"https:\\\/\\\/www.rawoodfoundation.org\\\/\",\"name\":\"Raymond A. Wood Foundation\",\"description\":\"The mission of the RAWF is to provide quality of life support for childhood brain tumor survivors and their families.\",\"publisher\":{\"@id\":\"https:\\\/\\\/www.rawoodfoundation.org\\\/#organization\"},\"potentialAction\":[{\"@type\":\"SearchAction\",\"target\":{\"@type\":\"EntryPoint\",\"urlTemplate\":\"https:\\\/\\\/www.rawoodfoundation.org\\\/?s={search_term_string}\"},\"query-input\":{\"@type\":\"PropertyValueSpecification\",\"valueRequired\":true,\"valueName\":\"search_term_string\"}}],\"inLanguage\":\"es\"},{\"@type\":\"Organization\",\"@id\":\"https:\\\/\\\/www.rawoodfoundation.org\\\/#organization\",\"name\":\"Raymond A. Wood Foundation\",\"url\":\"https:\\\/\\\/www.rawoodfoundation.org\\\/\",\"logo\":{\"@type\":\"ImageObject\",\"inLanguage\":\"es\",\"@id\":\"https:\\\/\\\/www.rawoodfoundation.org\\\/#\\\/schema\\\/logo\\\/image\\\/\",\"url\":\"https:\\\/\\\/www.rawoodfoundation.org\\\/wp-content\\\/uploads\\\/2023\\\/07\\\/Raymond-A-Wood-Foundation-logo.webp\",\"contentUrl\":\"https:\\\/\\\/www.rawoodfoundation.org\\\/wp-content\\\/uploads\\\/2023\\\/07\\\/Raymond-A-Wood-Foundation-logo.webp\",\"width\":470,\"height\":128,\"caption\":\"Raymond A. Wood Foundation\"},\"image\":{\"@id\":\"https:\\\/\\\/www.rawoodfoundation.org\\\/#\\\/schema\\\/logo\\\/image\\\/\"},\"sameAs\":[\"https:\\\/\\\/www.facebook.com\\\/rawoodfoundation\",\"https:\\\/\\\/x.com\\\/rawoodfound\"]}]}<\/script>\n<!-- \/ Yoast SEO plugin. -->","yoast_head_json":{"title":"Estudio sobre el impacto en los cuidadores - Raymond A. Wood Foundation","robots":{"index":"index","follow":"follow","max-snippet":"max-snippet:-1","max-image-preview":"max-image-preview:large","max-video-preview":"max-video-preview:-1"},"canonical":"https:\/\/www.rawoodfoundation.org\/es\/estudio-de-impacto-sobre-los-cuidadores\/","og_locale":"es_MX","og_type":"article","og_title":"Caregiver Impact Study - Raymond A. Wood Foundation","og_description":"Understanding the Impact of Craniopharyngioma on Caregivers and Survivors RAWF&#8217;s Mission: As a research-driven patient ... Read more","og_url":"https:\/\/www.rawoodfoundation.org\/es\/estudio-de-impacto-sobre-los-cuidadores\/","og_site_name":"Raymond A. Wood Foundation","article_publisher":"https:\/\/www.facebook.com\/rawoodfoundation","article_modified_time":"2023-09-01T14:58:54+00:00","og_image":[{"width":1000,"height":556,"url":"https:\/\/www.rawoodfoundation.org\/wp-content\/uploads\/2023\/07\/survey.jpg","type":"image\/jpeg"}],"twitter_card":"summary_large_image","twitter_site":"@rawoodfound","twitter_misc":{"Tiempo de lectura":"4 minutos"},"schema":{"@context":"https:\/\/schema.org","@graph":[{"@type":"WebPage","@id":"https:\/\/www.rawoodfoundation.org\/caregiver-impact-study\/","url":"https:\/\/www.rawoodfoundation.org\/caregiver-impact-study\/","name":"Estudio sobre el impacto en los cuidadores - Raymond A. Wood Foundation","isPartOf":{"@id":"https:\/\/www.rawoodfoundation.org\/#website"},"primaryImageOfPage":{"@id":"https:\/\/www.rawoodfoundation.org\/caregiver-impact-study\/#primaryimage"},"image":{"@id":"https:\/\/www.rawoodfoundation.org\/caregiver-impact-study\/#primaryimage"},"thumbnailUrl":"https:\/\/www.rawoodfoundation.org\/wp-content\/uploads\/2023\/07\/survey.jpg","datePublished":"2023-07-19T18:46:23+00:00","dateModified":"2023-09-01T14:58:54+00:00","breadcrumb":{"@id":"https:\/\/www.rawoodfoundation.org\/caregiver-impact-study\/#breadcrumb"},"inLanguage":"es","potentialAction":[{"@type":"ReadAction","target":["https:\/\/www.rawoodfoundation.org\/caregiver-impact-study\/"]}]},{"@type":"ImageObject","inLanguage":"es","@id":"https:\/\/www.rawoodfoundation.org\/caregiver-impact-study\/#primaryimage","url":"https:\/\/www.rawoodfoundation.org\/wp-content\/uploads\/2023\/07\/survey.jpg","contentUrl":"https:\/\/www.rawoodfoundation.org\/wp-content\/uploads\/2023\/07\/survey.jpg","width":1000,"height":556,"caption":"Online survey"},{"@type":"BreadcrumbList","@id":"https:\/\/www.rawoodfoundation.org\/caregiver-impact-study\/#breadcrumb","itemListElement":[{"@type":"ListItem","position":1,"name":"Home","item":"https:\/\/www.rawoodfoundation.org\/"},{"@type":"ListItem","position":2,"name":"Caregiver Impact Study"}]},{"@type":"WebSite","@id":"https:\/\/www.rawoodfoundation.org\/#website","url":"https:\/\/www.rawoodfoundation.org\/","name":"Fundaci\u00f3n Raymond A. Wood","description":"La misi\u00f3n de la RAWF es proporcionar apoyo a la calidad de vida de los supervivientes de tumores cerebrales infantiles y sus familias.","publisher":{"@id":"https:\/\/www.rawoodfoundation.org\/#organization"},"potentialAction":[{"@type":"SearchAction","target":{"@type":"EntryPoint","urlTemplate":"https:\/\/www.rawoodfoundation.org\/?s={search_term_string}"},"query-input":{"@type":"PropertyValueSpecification","valueRequired":true,"valueName":"search_term_string"}}],"inLanguage":"es"},{"@type":"Organization","@id":"https:\/\/www.rawoodfoundation.org\/#organization","name":"Fundaci\u00f3n Raymond A. Wood","url":"https:\/\/www.rawoodfoundation.org\/","logo":{"@type":"ImageObject","inLanguage":"es","@id":"https:\/\/www.rawoodfoundation.org\/#\/schema\/logo\/image\/","url":"https:\/\/www.rawoodfoundation.org\/wp-content\/uploads\/2023\/07\/Raymond-A-Wood-Foundation-logo.webp","contentUrl":"https:\/\/www.rawoodfoundation.org\/wp-content\/uploads\/2023\/07\/Raymond-A-Wood-Foundation-logo.webp","width":470,"height":128,"caption":"Raymond A. Wood Foundation"},"image":{"@id":"https:\/\/www.rawoodfoundation.org\/#\/schema\/logo\/image\/"},"sameAs":["https:\/\/www.facebook.com\/rawoodfoundation","https:\/\/x.com\/rawoodfound"]}]}},"_links":{"self":[{"href":"https:\/\/www.rawoodfoundation.org\/es\/wp-json\/wp\/v2\/pages\/7359","targetHints":{"allow":["GET"]}}],"collection":[{"href":"https:\/\/www.rawoodfoundation.org\/es\/wp-json\/wp\/v2\/pages"}],"about":[{"href":"https:\/\/www.rawoodfoundation.org\/es\/wp-json\/wp\/v2\/types\/page"}],"author":[{"embeddable":true,"href":"https:\/\/www.rawoodfoundation.org\/es\/wp-json\/wp\/v2\/users\/4"}],"replies":[{"embeddable":true,"href":"https:\/\/www.rawoodfoundation.org\/es\/wp-json\/wp\/v2\/comments?post=7359"}],"version-history":[{"count":11,"href":"https:\/\/www.rawoodfoundation.org\/es\/wp-json\/wp\/v2\/pages\/7359\/revisions"}],"predecessor-version":[{"id":8593,"href":"https:\/\/www.rawoodfoundation.org\/es\/wp-json\/wp\/v2\/pages\/7359\/revisions\/8593"}],"wp:featuredmedia":[{"embeddable":true,"href":"https:\/\/www.rawoodfoundation.org\/es\/wp-json\/wp\/v2\/media\/7363"}],"wp:attachment":[{"href":"https:\/\/www.rawoodfoundation.org\/es\/wp-json\/wp\/v2\/media?parent=7359"}],"curies":[{"name":"wp","href":"https:\/\/api.w.org\/{rel}","templated":true}]}}