{"id":5380,"date":"2023-05-16T21:01:16","date_gmt":"2023-05-16T21:01:16","guid":{"rendered":"https:\/\/live-rawf.pantheonsite.io\/?page_id=5380"},"modified":"2026-01-22T16:54:31","modified_gmt":"2026-01-22T16:54:31","slug":"boletin-de-noticias","status":"publish","type":"page","link":"https:\/\/www.rawoodfoundation.org\/es\/boletin-de-noticias\/","title":{"rendered":"Mant\u00e9ngase informado. Mant\u00e9ngase informado."},"content":{"rendered":"<h2 class=\"wp-block-heading\">Suscr\u00edbase al bolet\u00edn de la Fundaci\u00f3n Raymond A. Wood<\/h2>\n\n\n\n<p>Mant\u00e9ngase conectado a una comunidad mundial que trabaja para mejorar la vida de los supervivientes de tumores cerebrales hipotal\u00e1mico-hipofisarios.<\/p>\n\n\n\n<p>Cada mes, recibir\u00e1s:<\/p>\n\n\n\n<ul class=\"wp-block-list\">\n<li><strong>Investigaci\u00f3n y actualizaciones cl\u00ednicas<\/strong> - Inf\u00f3rmese de lo \u00faltimo en ensayos cl\u00ednicos, tratamientos emergentes y avances cient\u00edficos.<\/li>\n\n\n\n<li><strong>Historias de pacientes y cuidadores<\/strong> - Experiencias reales, puntos de vista y voces de la comunidad.<\/li>\n\n\n\n<li><strong>Recursos educativos<\/strong> - Seminarios web, preguntas y respuestas de expertos y herramientas para ayudar a afrontar la vida despu\u00e9s del diagn\u00f3stico.<\/li>\n\n\n\n<li><strong>Noticias de sensibilizaci\u00f3n<\/strong> - Descubra c\u00f3mo RAWF est\u00e1 dando forma a la pol\u00edtica e impulsando el cambio, y c\u00f3mo puede participar.<\/li>\n<\/ul>\n\n\n\n<p>Respetamos su tiempo y su bandeja de entrada. Puede darse de baja en cualquier momento.<\/p>\n\n\n\n<script src=\"https:\/\/s3-us-west-2.amazonaws.com\/bloomerang-public-cdn\/raymondawoodfoundation\/.widget-js\/543744.js\" type=\"text\/javascript\"><\/script>","protected":false},"excerpt":{"rendered":"<p>Sign up for the Raymond A. Wood Foundation Newsletter Stay connected to a global community &#8230; <a title=\"Mant\u00e9ngase informado. Mant\u00e9ngase informado.\" class=\"read-more\" href=\"https:\/\/www.rawoodfoundation.org\/es\/boletin-de-noticias\/\" aria-label=\"Leer m\u00e1s sobre Stay Informed. Stay Empowered.\">Seguir leyendo<\/a><\/p>","protected":false},"author":1,"featured_media":0,"parent":0,"menu_order":63,"comment_status":"closed","ping_status":"closed","template":"","meta":{"_acf_changed":false,"footnotes":""},"class_list":{"0":"post-5380","1":"page","2":"type-page","3":"status-publish","5":"no-featured-image-padding"},"acf":[],"yoast_head":"<!-- This site is optimized with the Yoast SEO plugin v25.0 - https:\/\/yoast.com\/wordpress\/plugins\/seo\/ -->\n<title>Stay Informed. Stay Empowered. - Raymond A. Wood Foundation<\/title>\n<meta name=\"robots\" content=\"index, follow, max-snippet:-1, max-image-preview:large, max-video-preview:-1\" \/>\n<link rel=\"canonical\" href=\"https:\/\/www.rawoodfoundation.org\/es\/boletin-de-noticias\/\" \/>\n<meta property=\"og:locale\" content=\"es_MX\" \/>\n<meta property=\"og:type\" content=\"article\" \/>\n<meta property=\"og:title\" content=\"Stay Informed. Stay Empowered. - Raymond A. Wood Foundation\" \/>\n<meta property=\"og:description\" content=\"Sign up for the Raymond A. Wood Foundation Newsletter Stay connected to a global community ... Read more\" \/>\n<meta property=\"og:url\" content=\"https:\/\/www.rawoodfoundation.org\/es\/boletin-de-noticias\/\" \/>\n<meta property=\"og:site_name\" content=\"Raymond A. Wood Foundation\" \/>\n<meta property=\"article:publisher\" content=\"https:\/\/www.facebook.com\/rawoodfoundation\" \/>\n<meta property=\"article:modified_time\" content=\"2026-01-22T16:54:31+00:00\" \/>\n<meta name=\"twitter:card\" content=\"summary_large_image\" \/>\n<meta name=\"twitter:site\" content=\"@rawoodfound\" \/>\n<meta name=\"twitter:label1\" content=\"Tiempo de lectura\" \/>\n\t<meta name=\"twitter:data1\" content=\"1 minuto\" \/>\n<script type=\"application\/ld+json\" class=\"yoast-schema-graph\">{\"@context\":\"https:\/\/schema.org\",\"@graph\":[{\"@type\":\"WebPage\",\"@id\":\"https:\/\/www.rawoodfoundation.org\/newsletter-sign-up\/\",\"url\":\"https:\/\/www.rawoodfoundation.org\/newsletter-sign-up\/\",\"name\":\"Stay Informed. Stay Empowered. - Raymond A. Wood Foundation\",\"isPartOf\":{\"@id\":\"https:\/\/www.rawoodfoundation.org\/#website\"},\"datePublished\":\"2023-05-16T21:01:16+00:00\",\"dateModified\":\"2026-01-22T16:54:31+00:00\",\"breadcrumb\":{\"@id\":\"https:\/\/www.rawoodfoundation.org\/newsletter-sign-up\/#breadcrumb\"},\"inLanguage\":\"es\",\"potentialAction\":[{\"@type\":\"ReadAction\",\"target\":[\"https:\/\/www.rawoodfoundation.org\/newsletter-sign-up\/\"]}]},{\"@type\":\"BreadcrumbList\",\"@id\":\"https:\/\/www.rawoodfoundation.org\/newsletter-sign-up\/#breadcrumb\",\"itemListElement\":[{\"@type\":\"ListItem\",\"position\":1,\"name\":\"Home\",\"item\":\"https:\/\/www.rawoodfoundation.org\/\"},{\"@type\":\"ListItem\",\"position\":2,\"name\":\"Stay Informed. Stay Empowered.\"}]},{\"@type\":\"WebSite\",\"@id\":\"https:\/\/www.rawoodfoundation.org\/#website\",\"url\":\"https:\/\/www.rawoodfoundation.org\/\",\"name\":\"Raymond A. Wood Foundation\",\"description\":\"The mission of the RAWF is to provide quality of life support for childhood brain tumor survivors and their families.\",\"publisher\":{\"@id\":\"https:\/\/www.rawoodfoundation.org\/#organization\"},\"potentialAction\":[{\"@type\":\"SearchAction\",\"target\":{\"@type\":\"EntryPoint\",\"urlTemplate\":\"https:\/\/www.rawoodfoundation.org\/?s={search_term_string}\"},\"query-input\":{\"@type\":\"PropertyValueSpecification\",\"valueRequired\":true,\"valueName\":\"search_term_string\"}}],\"inLanguage\":\"es\"},{\"@type\":\"Organization\",\"@id\":\"https:\/\/www.rawoodfoundation.org\/#organization\",\"name\":\"Raymond A. Wood Foundation\",\"url\":\"https:\/\/www.rawoodfoundation.org\/\",\"logo\":{\"@type\":\"ImageObject\",\"inLanguage\":\"es\",\"@id\":\"https:\/\/www.rawoodfoundation.org\/#\/schema\/logo\/image\/\",\"url\":\"https:\/\/www.rawoodfoundation.org\/wp-content\/uploads\/2023\/07\/Raymond-A-Wood-Foundation-logo.webp\",\"contentUrl\":\"https:\/\/www.rawoodfoundation.org\/wp-content\/uploads\/2023\/07\/Raymond-A-Wood-Foundation-logo.webp\",\"width\":470,\"height\":128,\"caption\":\"Raymond A. Wood Foundation\"},\"image\":{\"@id\":\"https:\/\/www.rawoodfoundation.org\/#\/schema\/logo\/image\/\"},\"sameAs\":[\"https:\/\/www.facebook.com\/rawoodfoundation\",\"https:\/\/x.com\/rawoodfound\"]}]}<\/script>\n<!-- \/ Yoast SEO plugin. -->","yoast_head_json":{"title":"Stay Informed. Stay Empowered. - Raymond A. Wood Foundation","robots":{"index":"index","follow":"follow","max-snippet":"max-snippet:-1","max-image-preview":"max-image-preview:large","max-video-preview":"max-video-preview:-1"},"canonical":"https:\/\/www.rawoodfoundation.org\/es\/boletin-de-noticias\/","og_locale":"es_MX","og_type":"article","og_title":"Stay Informed. Stay Empowered. - Raymond A. Wood Foundation","og_description":"Sign up for the Raymond A. Wood Foundation Newsletter Stay connected to a global community ... Read more","og_url":"https:\/\/www.rawoodfoundation.org\/es\/boletin-de-noticias\/","og_site_name":"Raymond A. Wood Foundation","article_publisher":"https:\/\/www.facebook.com\/rawoodfoundation","article_modified_time":"2026-01-22T16:54:31+00:00","twitter_card":"summary_large_image","twitter_site":"@rawoodfound","twitter_misc":{"Tiempo de lectura":"1 minuto"},"schema":{"@context":"https:\/\/schema.org","@graph":[{"@type":"WebPage","@id":"https:\/\/www.rawoodfoundation.org\/newsletter-sign-up\/","url":"https:\/\/www.rawoodfoundation.org\/newsletter-sign-up\/","name":"Stay Informed. Stay Empowered. - Raymond A. Wood Foundation","isPartOf":{"@id":"https:\/\/www.rawoodfoundation.org\/#website"},"datePublished":"2023-05-16T21:01:16+00:00","dateModified":"2026-01-22T16:54:31+00:00","breadcrumb":{"@id":"https:\/\/www.rawoodfoundation.org\/newsletter-sign-up\/#breadcrumb"},"inLanguage":"es","potentialAction":[{"@type":"ReadAction","target":["https:\/\/www.rawoodfoundation.org\/newsletter-sign-up\/"]}]},{"@type":"BreadcrumbList","@id":"https:\/\/www.rawoodfoundation.org\/newsletter-sign-up\/#breadcrumb","itemListElement":[{"@type":"ListItem","position":1,"name":"Home","item":"https:\/\/www.rawoodfoundation.org\/"},{"@type":"ListItem","position":2,"name":"Stay Informed. Stay Empowered."}]},{"@type":"WebSite","@id":"https:\/\/www.rawoodfoundation.org\/#website","url":"https:\/\/www.rawoodfoundation.org\/","name":"Raymond A. Wood Foundation","description":"The mission of the RAWF is to provide quality of life support for childhood brain tumor survivors and their families.","publisher":{"@id":"https:\/\/www.rawoodfoundation.org\/#organization"},"potentialAction":[{"@type":"SearchAction","target":{"@type":"EntryPoint","urlTemplate":"https:\/\/www.rawoodfoundation.org\/?s={search_term_string}"},"query-input":{"@type":"PropertyValueSpecification","valueRequired":true,"valueName":"search_term_string"}}],"inLanguage":"es"},{"@type":"Organization","@id":"https:\/\/www.rawoodfoundation.org\/#organization","name":"Raymond A. Wood Foundation","url":"https:\/\/www.rawoodfoundation.org\/","logo":{"@type":"ImageObject","inLanguage":"es","@id":"https:\/\/www.rawoodfoundation.org\/#\/schema\/logo\/image\/","url":"https:\/\/www.rawoodfoundation.org\/wp-content\/uploads\/2023\/07\/Raymond-A-Wood-Foundation-logo.webp","contentUrl":"https:\/\/www.rawoodfoundation.org\/wp-content\/uploads\/2023\/07\/Raymond-A-Wood-Foundation-logo.webp","width":470,"height":128,"caption":"Raymond A. Wood Foundation"},"image":{"@id":"https:\/\/www.rawoodfoundation.org\/#\/schema\/logo\/image\/"},"sameAs":["https:\/\/www.facebook.com\/rawoodfoundation","https:\/\/x.com\/rawoodfound"]}]}},"_links":{"self":[{"href":"https:\/\/www.rawoodfoundation.org\/es\/wp-json\/wp\/v2\/pages\/5380","targetHints":{"allow":["GET"]}}],"collection":[{"href":"https:\/\/www.rawoodfoundation.org\/es\/wp-json\/wp\/v2\/pages"}],"about":[{"href":"https:\/\/www.rawoodfoundation.org\/es\/wp-json\/wp\/v2\/types\/page"}],"author":[{"embeddable":true,"href":"https:\/\/www.rawoodfoundation.org\/es\/wp-json\/wp\/v2\/users\/1"}],"replies":[{"embeddable":true,"href":"https:\/\/www.rawoodfoundation.org\/es\/wp-json\/wp\/v2\/comments?post=5380"}],"version-history":[{"count":4,"href":"https:\/\/www.rawoodfoundation.org\/es\/wp-json\/wp\/v2\/pages\/5380\/revisions"}],"predecessor-version":[{"id":18349,"href":"https:\/\/www.rawoodfoundation.org\/es\/wp-json\/wp\/v2\/pages\/5380\/revisions\/18349"}],"wp:attachment":[{"href":"https:\/\/www.rawoodfoundation.org\/es\/wp-json\/wp\/v2\/media?parent=5380"}],"curies":[{"name":"wp","href":"https:\/\/api.w.org\/{rel}","templated":true}]}}