{"id":5348,"date":"2023-05-16T20:45:24","date_gmt":"2023-05-16T20:45:24","guid":{"rendered":"https:\/\/live-rawf.pantheonsite.io\/?page_id=5348"},"modified":"2023-07-31T15:18:56","modified_gmt":"2023-07-31T15:18:56","slug":"recursos-en-espanol","status":"publish","type":"page","link":"https:\/\/www.rawoodfoundation.org\/es\/recursos-en-espanol\/","title":{"rendered":"Recursos en espa\u00f1ol"},"content":{"rendered":"<h2 class=\"wp-block-heading\"><strong>Tumores cerebrales Hipot\u00e1lamo-Hipofisarios (H-P) (Gl\u00e1ndula Pituitaria)<\/strong><\/h2>\n\n\n\n<p>Estos son crecimientos anormales que afectan a regiones del cerebro, incluidos el hipot\u00e1lamo, la gl\u00e1ndula pituitaria y los nervios \u00f3pticos (del ojo). Craneofaringioma, germinoma, glioma y hamartoma son ejemplos de tumores H-P. Aunque muchos de estos tumores no se diseminan a otras partes del cerebro o del cuerpo, a menudo provocan afecciones m\u00e9dicas que pueden requerir un tratamiento de por vida (medicamentos, visitas regulares al m\u00e9dico, etc.), incluso despu\u00e9s de que los tumores se extirpen mediante cirug\u00eda o radiaci\u00f3n.<\/p>\n\n\n\n<h3 class=\"wp-block-heading\"><strong>Common medical conditions after a H-P tumor<\/strong><\/h3>\n\n\n\n<p>El hipot\u00e1lamo, que es una parte del cerebro, y la gl\u00e1ndula pituitaria, que se encuentra debajo del cerebro, son responsables de la funci\u00f3n hormonal. Las hormonas son mensajeros qu\u00edmicos. El hipot\u00e1lamo es responsable de regular el equilibrio interno del cuerpo (llamado homeostasis), regulando la producci\u00f3n de hormonas de la gl\u00e1ndula pituitaria y produciendo dos hormonas en s\u00ed mismas. La gl\u00e1ndula pituitaria es responsable de producir otras seis hormonas y liberarlas al torrente sangu\u00edneo. Despu\u00e9s de la extirpaci\u00f3n de un tumor H-P, el hipot\u00e1lamo y la gl\u00e1ndula pituitaria a menudo se da\u00f1an y ya no pueden producir ni regular hormonas. Estas hormonas son esenciales para la vida; afortunadamente, existen medicamentos que se pueden tomar para reemplazar las hormonas que el hipot\u00e1lamo y la gl\u00e1ndula pituitaria da\u00f1ados ya no pueden producir.<\/p>\n\n\n\n<div class=\"wp-block-columns is-layout-flex wp-container-core-columns-is-layout-9d6595d7 wp-block-columns-is-layout-flex\">\n<div class=\"wp-block-column is-layout-flow wp-block-column-is-layout-flow\"><div class=\"gb-container gb-container-a83858ef clickable-container\">\n\n<h5 class=\"gb-headline gb-headline-83ff5696 round-icon\"><span class=\"gb-icon\"><svg aria-hidden=\"true\" role=\"img\" height=\"1em\" width=\"1em\" viewbox=\"0 0 256 512\" xmlns=\"http:\/\/www.w3.org\/2000\/svg\"><path fill=\"currentColor\" d=\"M224.3 273l-136 136c-9.4 9.4-24.6 9.4-33.9 0l-22.6-22.6c-9.4-9.4-9.4-24.6 0-33.9l96.4-96.4-96.4-96.4c-9.4-9.4-9.4-24.6 0-33.9L54.3 103c9.4-9.4 24.6-9.4 33.9 0l136 136c9.5 9.4 9.5 24.6.1 34z\"><\/path><\/svg><\/span><span class=\"gb-headline-text\"><a href=\"https:\/\/live-rawf.pantheonsite.io\/wp-content\/uploads\/2023\/07\/TumoresHipotalamo-Hipofisarios.pdf\" target=\"_blank\" rel=\"noreferrer noopener\">Tumores Hipot\u00e1lamo-Hipofisarios Folleto<\/a><\/span><\/h5>\n\n<\/div><\/div>\n\n\n\n<div class=\"wp-block-column is-layout-flow wp-block-column-is-layout-flow\"><div class=\"gb-container gb-container-bb52d3ef clickable-container\">\n\n<h5 class=\"gb-headline gb-headline-4344d348 round-icon\"><span class=\"gb-icon\"><svg aria-hidden=\"true\" role=\"img\" height=\"1em\" width=\"1em\" viewbox=\"0 0 256 512\" xmlns=\"http:\/\/www.w3.org\/2000\/svg\"><path fill=\"currentColor\" d=\"M224.3 273l-136 136c-9.4 9.4-24.6 9.4-33.9 0l-22.6-22.6c-9.4-9.4-9.4-24.6 0-33.9l96.4-96.4-96.4-96.4c-9.4-9.4-9.4-24.6 0-33.9L54.3 103c9.4-9.4 24.6-9.4 33.9 0l136 136c9.5 9.4 9.5 24.6.1 34z\"><\/path><\/svg><\/span><span class=\"gb-headline-text\"><a href=\"https:\/\/www.youtube.com\/playlist?list=PL8bx0JUyrC5C1N9ASMutJzl3pcHDOfe31\" target=\"_blank\" rel=\"noreferrer noopener\">Videos Educativos en Espa\u00f1ol<\/a><\/span><\/h5>\n\n<\/div><\/div>\n<\/div>\n\n\n\n<hr class=\"wp-block-separator has-alpha-channel-opacity\"\/>\n\n\n\n<h3 class=\"wp-block-heading has-text-align-center\">S\u00edndrome Hipotal\u00e1mico<\/h3>\n\n\n\n<p class=\"has-text-align-center\">Cuando el hipot\u00e1lamo est\u00e1 da\u00f1ado por el tumor o el tratamiento, el cerebro ya no es capaz de mantener el cuerpo en equilibrio y esto puede dar lugar a ciertos s\u00edntomas, entre ellos:<\/p>\n\n\n\n<div class=\"wp-block-columns is-layout-flex wp-container-core-columns-is-layout-9d6595d7 wp-block-columns-is-layout-flex\">\n<div class=\"wp-block-column is-layout-flow wp-block-column-is-layout-flow\">\n<ul class=\"wp-block-list\">\n<li><strong>Obesity hypothalamic:<\/strong>&nbsp;Esta afecci\u00f3n puede provocar un aumento de peso r\u00e1pido, hambre extrema y obsesiones por la comida<\/li>\n\n\n\n<li><strong>Adipsia o Polidipsia:<\/strong>&nbsp;Una persona con estas afecciones no tiene un mecanismo de sed intacto y puede causar que una persona no sienta sed o que sienta una sed excesiva<\/li>\n\n\n\n<li><strong>Trastornos de la regulaci\u00f3n de la temperatura:<\/strong>&nbsp;Esta condici\u00f3n hace que una persona tenga dificultad para regular la temperatura corporal y puede hacer que las temperaturas m\u00e1s c\u00e1lidas o m\u00e1s fr\u00edas sean dif\u00edciles de tolerar<\/li>\n<\/ul>\n<\/div>\n\n\n\n<div class=\"wp-block-column is-layout-flow wp-block-column-is-layout-flow\">\n<ul class=\"wp-block-list\">\n<li><strong>Dificultades para dormir:<\/strong>&nbsp;El hipot\u00e1lamo es responsable del ritmo circadiano, el reloj del cuerpo, y un hipot\u00e1lamo da\u00f1ado puede causar irregularidades en el sue\u00f1o, incluyendo la somnolencia diurna y el insomnio nocturno.<\/li>\n\n\n\n<li><strong>Falta de energ\u00eda:<\/strong>&nbsp;Una persona con esta afecci\u00f3n puede experimentar fatiga extrema y poca motivaci\u00f3n<\/li>\n\n\n\n<li><strong>Trastornos sociales y del estado de \u00e1nimo:<\/strong>&nbsp;Una persona con estas afecciones puede sentirse menos interesada en relacionarse socialmente, sentirse ansiosa o deprimida<\/li>\n<\/ul>\n<\/div>\n<\/div>\n\n\n\n<hr class=\"wp-block-separator has-alpha-channel-opacity\"\/>\n\n\n\n<div class=\"wp-block-columns is-layout-flex wp-container-core-columns-is-layout-9d6595d7 wp-block-columns-is-layout-flex\">\n<div class=\"wp-block-column is-layout-flow wp-block-column-is-layout-flow\" style=\"flex-basis:100%\">\n<h3 class=\"wp-block-heading has-text-align-center\">Obtenga apoyo de la Fundaci\u00f3n Raymond A. Wood<\/h3>\n\n\n\n<p class=\"has-text-align-center\">La Fundaci\u00f3n Raymond A. Wood (RAWF) es una organizaci\u00f3n de defensa del paciente fundada por los padres de un ni\u00f1o con craneofaringioma. La misi\u00f3n de RAWF es mejorar la vida de los pacientes con tumores H-P y ofrecemos investigaci\u00f3n, educaci\u00f3n, apoyo y otros recursos \u00fatiles para ayudar a los pacientes con tumores H-P y a sus familias.<\/p>\n<\/div>\n<\/div>\n\n\n\n<figure class=\"wp-block-embed is-type-video is-provider-youtube wp-block-embed-youtube wp-embed-aspect-16-9 wp-has-aspect-ratio\"><div class=\"wp-block-embed__wrapper\">\n<iframe title=\"Inspiration for caregivers\/ Inspiraci\u00f3n para cuidadoras\" width=\"1200\" height=\"675\" src=\"https:\/\/www.youtube.com\/embed\/XvxmFCY-kZQ?feature=oembed\" frameborder=\"0\" allow=\"accelerometer; autoplay; clipboard-write; encrypted-media; gyroscope; picture-in-picture; web-share\" allowfullscreen><\/iframe>\n<\/div><\/figure>\n\n\n\n<div style=\"height:39px\" aria-hidden=\"true\" class=\"wp-block-spacer\"><\/div>\n\n\n<div class=\"gb-container gb-container-3cc27352\">\n\n<p class=\"gb-headline gb-headline-52423adb round-icon\"><span class=\"gb-icon\"><svg aria-hidden=\"true\" role=\"img\" height=\"1em\" width=\"1em\" viewbox=\"0 0 256 512\" xmlns=\"http:\/\/www.w3.org\/2000\/svg\"><path fill=\"currentColor\" d=\"M224.3 273l-136 136c-9.4 9.4-24.6 9.4-33.9 0l-22.6-22.6c-9.4-9.4-9.4-24.6 0-33.9l96.4-96.4-96.4-96.4c-9.4-9.4-9.4-24.6 0-33.9L54.3 103c9.4-9.4 24.6-9.4 33.9 0l136 136c9.5 9.4 9.5 24.6.1 34z\"><\/path><\/svg><\/span><span class=\"gb-headline-text\"><a href=\"\/es\/pongase-en-contacto-con\/\">Contacta con nosotros<\/a><\/span><\/p>\n\n<\/div>\n\n\n<p><\/p>\n\n\n\n<p class=\"has-small-font-size\"><em>Descargo de responsabilidad: la informaci\u00f3n proporcionada en esta p\u00e1gina web tiene fines \u00fanicamente educativos y no debe considerarse un consejo m\u00e9dico. Siempre consulte con un profesional de la salud calificado para obtener orientaci\u00f3n personalizada y opciones de tratamiento para los tumores cerebrales.<\/em><\/p>\n\n\n\n<div style=\"height:38px\" aria-hidden=\"true\" class=\"wp-block-spacer\"><\/div>","protected":false},"excerpt":{"rendered":"<p>Tumores cerebrales Hipot\u00e1lamo-Hipofisarios (H-P) (Gl\u00e1ndula Pituitaria) Estos son crecimientos anormales que afectan a regiones del cerebro, ... <a title=\"Recursos en espa\u00f1ol\" class=\"read-more\" href=\"https:\/\/www.rawoodfoundation.org\/es\/recursos-en-espanol\/\" aria-label=\"Leer m\u00e1s sobre Recursos en espa\u00f1ol\">Seguir leyendo<\/a><\/p>","protected":false},"author":1,"featured_media":0,"parent":0,"menu_order":69,"comment_status":"closed","ping_status":"closed","template":"","meta":{"_acf_changed":false,"footnotes":""},"class_list":{"0":"post-5348","1":"page","2":"type-page","3":"status-publish","5":"no-featured-image-padding"},"acf":[],"yoast_head":"<!-- This site is optimized with the Yoast SEO plugin v27.3 - https:\/\/yoast.com\/product\/yoast-seo-wordpress\/ -->\n<title>Recursos en espano - Raymond A. Wood<\/title>\n<meta name=\"robots\" content=\"index, follow, max-snippet:-1, max-image-preview:large, max-video-preview:-1\" \/>\n<link rel=\"canonical\" href=\"https:\/\/www.rawoodfoundation.org\/es\/recursos-en-espanol\/\" \/>\n<meta property=\"og:locale\" content=\"es_MX\" \/>\n<meta property=\"og:type\" content=\"article\" \/>\n<meta property=\"og:title\" content=\"Recursos en espano - Raymond A. Wood\" \/>\n<meta property=\"og:description\" content=\"Tumores cerebrales Hipot\u00e1lamo-Hipofisarios (H-P) (Gl\u00e1ndula Pituitaria) Estos son crecimientos anormales que afectan regiones del cerebro, ... Read more\" \/>\n<meta property=\"og:url\" content=\"https:\/\/www.rawoodfoundation.org\/es\/recursos-en-espanol\/\" \/>\n<meta property=\"og:site_name\" content=\"Raymond A. Wood Foundation\" \/>\n<meta property=\"article:publisher\" content=\"https:\/\/www.facebook.com\/rawoodfoundation\" \/>\n<meta property=\"article:modified_time\" content=\"2023-07-31T15:18:56+00:00\" \/>\n<meta name=\"twitter:card\" content=\"summary_large_image\" \/>\n<meta name=\"twitter:site\" content=\"@rawoodfound\" \/>\n<meta name=\"twitter:label1\" content=\"Tiempo de lectura\" \/>\n\t<meta name=\"twitter:data1\" content=\"3 minutos\" \/>\n<script type=\"application\/ld+json\" class=\"yoast-schema-graph\">{\"@context\":\"https:\\\/\\\/schema.org\",\"@graph\":[{\"@type\":\"WebPage\",\"@id\":\"https:\\\/\\\/www.rawoodfoundation.org\\\/recursos-en-espanol\\\/\",\"url\":\"https:\\\/\\\/www.rawoodfoundation.org\\\/recursos-en-espanol\\\/\",\"name\":\"Recursos en espano - Raymond A. Wood\",\"isPartOf\":{\"@id\":\"https:\\\/\\\/www.rawoodfoundation.org\\\/#website\"},\"datePublished\":\"2023-05-16T20:45:24+00:00\",\"dateModified\":\"2023-07-31T15:18:56+00:00\",\"breadcrumb\":{\"@id\":\"https:\\\/\\\/www.rawoodfoundation.org\\\/recursos-en-espanol\\\/#breadcrumb\"},\"inLanguage\":\"es\",\"potentialAction\":[{\"@type\":\"ReadAction\",\"target\":[\"https:\\\/\\\/www.rawoodfoundation.org\\\/recursos-en-espanol\\\/\"]}]},{\"@type\":\"BreadcrumbList\",\"@id\":\"https:\\\/\\\/www.rawoodfoundation.org\\\/recursos-en-espanol\\\/#breadcrumb\",\"itemListElement\":[{\"@type\":\"ListItem\",\"position\":1,\"name\":\"Home\",\"item\":\"https:\\\/\\\/www.rawoodfoundation.org\\\/\"},{\"@type\":\"ListItem\",\"position\":2,\"name\":\"Recursos en espanol\"}]},{\"@type\":\"WebSite\",\"@id\":\"https:\\\/\\\/www.rawoodfoundation.org\\\/#website\",\"url\":\"https:\\\/\\\/www.rawoodfoundation.org\\\/\",\"name\":\"Raymond A. Wood Foundation\",\"description\":\"The mission of the RAWF is to provide quality of life support for childhood brain tumor survivors and their families.\",\"publisher\":{\"@id\":\"https:\\\/\\\/www.rawoodfoundation.org\\\/#organization\"},\"potentialAction\":[{\"@type\":\"SearchAction\",\"target\":{\"@type\":\"EntryPoint\",\"urlTemplate\":\"https:\\\/\\\/www.rawoodfoundation.org\\\/?s={search_term_string}\"},\"query-input\":{\"@type\":\"PropertyValueSpecification\",\"valueRequired\":true,\"valueName\":\"search_term_string\"}}],\"inLanguage\":\"es\"},{\"@type\":\"Organization\",\"@id\":\"https:\\\/\\\/www.rawoodfoundation.org\\\/#organization\",\"name\":\"Raymond A. Wood Foundation\",\"url\":\"https:\\\/\\\/www.rawoodfoundation.org\\\/\",\"logo\":{\"@type\":\"ImageObject\",\"inLanguage\":\"es\",\"@id\":\"https:\\\/\\\/www.rawoodfoundation.org\\\/#\\\/schema\\\/logo\\\/image\\\/\",\"url\":\"https:\\\/\\\/www.rawoodfoundation.org\\\/wp-content\\\/uploads\\\/2023\\\/07\\\/Raymond-A-Wood-Foundation-logo.webp\",\"contentUrl\":\"https:\\\/\\\/www.rawoodfoundation.org\\\/wp-content\\\/uploads\\\/2023\\\/07\\\/Raymond-A-Wood-Foundation-logo.webp\",\"width\":470,\"height\":128,\"caption\":\"Raymond A. Wood Foundation\"},\"image\":{\"@id\":\"https:\\\/\\\/www.rawoodfoundation.org\\\/#\\\/schema\\\/logo\\\/image\\\/\"},\"sameAs\":[\"https:\\\/\\\/www.facebook.com\\\/rawoodfoundation\",\"https:\\\/\\\/x.com\\\/rawoodfound\"]}]}<\/script>\n<!-- \/ Yoast SEO plugin. -->","yoast_head_json":{"title":"Recursos en espa\u00f1ol - Raymond A. Wood","robots":{"index":"index","follow":"follow","max-snippet":"max-snippet:-1","max-image-preview":"max-image-preview:large","max-video-preview":"max-video-preview:-1"},"canonical":"https:\/\/www.rawoodfoundation.org\/es\/recursos-en-espanol\/","og_locale":"es_MX","og_type":"article","og_title":"Recursos en espano - Raymond A. Wood","og_description":"Tumores cerebrales Hipot\u00e1lamo-Hipofisarios (H-P) (Gl\u00e1ndula Pituitaria) Estos son crecimientos anormales que afectan regiones del cerebro, ... Read more","og_url":"https:\/\/www.rawoodfoundation.org\/es\/recursos-en-espanol\/","og_site_name":"Raymond A. Wood Foundation","article_publisher":"https:\/\/www.facebook.com\/rawoodfoundation","article_modified_time":"2023-07-31T15:18:56+00:00","twitter_card":"summary_large_image","twitter_site":"@rawoodfound","twitter_misc":{"Tiempo de lectura":"3 minutos"},"schema":{"@context":"https:\/\/schema.org","@graph":[{"@type":"WebPage","@id":"https:\/\/www.rawoodfoundation.org\/recursos-en-espanol\/","url":"https:\/\/www.rawoodfoundation.org\/recursos-en-espanol\/","name":"Recursos en espa\u00f1ol - Raymond A. Wood","isPartOf":{"@id":"https:\/\/www.rawoodfoundation.org\/#website"},"datePublished":"2023-05-16T20:45:24+00:00","dateModified":"2023-07-31T15:18:56+00:00","breadcrumb":{"@id":"https:\/\/www.rawoodfoundation.org\/recursos-en-espanol\/#breadcrumb"},"inLanguage":"es","potentialAction":[{"@type":"ReadAction","target":["https:\/\/www.rawoodfoundation.org\/recursos-en-espanol\/"]}]},{"@type":"BreadcrumbList","@id":"https:\/\/www.rawoodfoundation.org\/recursos-en-espanol\/#breadcrumb","itemListElement":[{"@type":"ListItem","position":1,"name":"Home","item":"https:\/\/www.rawoodfoundation.org\/"},{"@type":"ListItem","position":2,"name":"Recursos en espanol"}]},{"@type":"WebSite","@id":"https:\/\/www.rawoodfoundation.org\/#website","url":"https:\/\/www.rawoodfoundation.org\/","name":"Fundaci\u00f3n Raymond A. Wood","description":"La misi\u00f3n de la RAWF es proporcionar apoyo a la calidad de vida de los supervivientes de tumores cerebrales infantiles y sus familias.","publisher":{"@id":"https:\/\/www.rawoodfoundation.org\/#organization"},"potentialAction":[{"@type":"SearchAction","target":{"@type":"EntryPoint","urlTemplate":"https:\/\/www.rawoodfoundation.org\/?s={search_term_string}"},"query-input":{"@type":"PropertyValueSpecification","valueRequired":true,"valueName":"search_term_string"}}],"inLanguage":"es"},{"@type":"Organization","@id":"https:\/\/www.rawoodfoundation.org\/#organization","name":"Fundaci\u00f3n Raymond A. Wood","url":"https:\/\/www.rawoodfoundation.org\/","logo":{"@type":"ImageObject","inLanguage":"es","@id":"https:\/\/www.rawoodfoundation.org\/#\/schema\/logo\/image\/","url":"https:\/\/www.rawoodfoundation.org\/wp-content\/uploads\/2023\/07\/Raymond-A-Wood-Foundation-logo.webp","contentUrl":"https:\/\/www.rawoodfoundation.org\/wp-content\/uploads\/2023\/07\/Raymond-A-Wood-Foundation-logo.webp","width":470,"height":128,"caption":"Raymond A. Wood Foundation"},"image":{"@id":"https:\/\/www.rawoodfoundation.org\/#\/schema\/logo\/image\/"},"sameAs":["https:\/\/www.facebook.com\/rawoodfoundation","https:\/\/x.com\/rawoodfound"]}]}},"_links":{"self":[{"href":"https:\/\/www.rawoodfoundation.org\/es\/wp-json\/wp\/v2\/pages\/5348","targetHints":{"allow":["GET"]}}],"collection":[{"href":"https:\/\/www.rawoodfoundation.org\/es\/wp-json\/wp\/v2\/pages"}],"about":[{"href":"https:\/\/www.rawoodfoundation.org\/es\/wp-json\/wp\/v2\/types\/page"}],"author":[{"embeddable":true,"href":"https:\/\/www.rawoodfoundation.org\/es\/wp-json\/wp\/v2\/users\/1"}],"replies":[{"embeddable":true,"href":"https:\/\/www.rawoodfoundation.org\/es\/wp-json\/wp\/v2\/comments?post=5348"}],"version-history":[{"count":10,"href":"https:\/\/www.rawoodfoundation.org\/es\/wp-json\/wp\/v2\/pages\/5348\/revisions"}],"predecessor-version":[{"id":7888,"href":"https:\/\/www.rawoodfoundation.org\/es\/wp-json\/wp\/v2\/pages\/5348\/revisions\/7888"}],"wp:attachment":[{"href":"https:\/\/www.rawoodfoundation.org\/es\/wp-json\/wp\/v2\/media?parent=5348"}],"curies":[{"name":"wp","href":"https:\/\/api.w.org\/{rel}","templated":true}]}}