{"id":5317,"date":"2023-05-16T20:25:09","date_gmt":"2023-05-16T20:25:09","guid":{"rendered":"https:\/\/live-rawf.pantheonsite.io\/?page_id=5317"},"modified":"2023-07-24T23:04:52","modified_gmt":"2023-07-24T23:04:52","slug":"otras-formas-de-apoyar","status":"publish","type":"page","link":"https:\/\/www.rawoodfoundation.org\/es\/other-ways-to-support\/","title":{"rendered":"Otras formas de apoyar"},"content":{"rendered":"<div style=\"height:60px\" aria-hidden=\"true\" class=\"wp-block-spacer hide-on-mobile\"><\/div>\n\n\n<div class=\"gb-grid-wrapper gb-grid-wrapper-70a02121\">\n<div class=\"gb-grid-column gb-grid-column-872daf30\"><div class=\"gb-container gb-container-872daf30 shadow\">\n<div class=\"gb-container gb-container-53414862\">\n\n<h4 class=\"wp-block-heading\">Aplicaci\u00f3n RoundUp<\/h4>\n\n\n<div class=\"wp-block-safe-svg-svg-icon safe-svg-cover\" style=\"text-align: right;\">\n\t\t\t\t<div class=\"safe-svg-inside safe-svg-inline\" style=\"width: 40px; height: 39px; background-color: var(--wp--preset--color--); color: var(--wp--preset--color--); padding-top: ; padding-right: ; padding-bottom: ; padding-left: ; margin-top: ; margin-right: ; margin-bottom: ; margin-left: ;\"><?xml version=\"1.0\" encoding=\"UTF-8\"?> <svg xmlns=\"http:\/\/www.w3.org\/2000\/svg\" width=\"53\" height=\"52\" viewbox=\"0 0 53 52\" fill=\"none\"><path d=\"M52.5 26C52.5 40.0743 40.8684 51.5 26.5 51.5C12.1316 51.5 0.5 40.0743 0.5 26C0.5 11.9257 12.1316 0.5 26.5 0.5C40.8684 0.5 52.5 11.9257 52.5 26Z\" stroke=\"#002D5D\"><\/path><path d=\"M33 27.0625L24.5 35.5625C23.875 36.1875 22.9375 36.1875 22.375 35.5625L20.9375 34.1875C20.375 33.5625 20.375 32.625 20.9375 32.0625L27 26.0625L20.9375 20C20.375 19.4375 20.375 18.5 20.9375 17.875L22.375 16.4375C22.9375 15.875 23.875 15.875 24.5 16.4375L33 24.9375C33.5625 25.5625 33.5625 26.5 33 27.0625Z\" fill=\"#002D5D\"><\/path><\/svg> <\/div>\n\t\t\t<\/div>\n<\/div>\n\n\n<p>Simplifique sus donaciones a diversas organizaciones sin \u00e1nimo de lucro redondeando sus compras al siguiente d\u00f3lar.<\/p>\n\n<\/div><\/div>\n\n<div class=\"gb-grid-column gb-grid-column-6f72deaf\"><div class=\"gb-container gb-container-6f72deaf shadow\">\n<div class=\"gb-container gb-container-e5a0bf71\">\n\n<h4 class=\"wp-block-heading\">Siga a RAWF<\/h4>\n\n\n<div class=\"wp-block-safe-svg-svg-icon safe-svg-cover\" style=\"text-align: right;\">\n\t\t\t\t<div class=\"safe-svg-inside safe-svg-inline\" style=\"width: 40px; height: 39px; background-color: var(--wp--preset--color--); color: var(--wp--preset--color--); padding-top: ; padding-right: ; padding-bottom: ; padding-left: ; margin-top: ; margin-right: ; margin-bottom: ; margin-left: ;\"><?xml version=\"1.0\" encoding=\"UTF-8\"?> <svg xmlns=\"http:\/\/www.w3.org\/2000\/svg\" width=\"53\" height=\"52\" viewbox=\"0 0 53 52\" fill=\"none\"><path d=\"M52.5 26C52.5 40.0743 40.8684 51.5 26.5 51.5C12.1316 51.5 0.5 40.0743 0.5 26C0.5 11.9257 12.1316 0.5 26.5 0.5C40.8684 0.5 52.5 11.9257 52.5 26Z\" stroke=\"#002D5D\"><\/path><path d=\"M33 27.0625L24.5 35.5625C23.875 36.1875 22.9375 36.1875 22.375 35.5625L20.9375 34.1875C20.375 33.5625 20.375 32.625 20.9375 32.0625L27 26.0625L20.9375 20C20.375 19.4375 20.375 18.5 20.9375 17.875L22.375 16.4375C22.9375 15.875 23.875 15.875 24.5 16.4375L33 24.9375C33.5625 25.5625 33.5625 26.5 33 27.0625Z\" fill=\"#002D5D\"><\/path><\/svg> <\/div>\n\t\t\t<\/div>\n<\/div>\n\n\n<p>S\u00edganos en nuestras redes sociales <\/p>\n\n<\/div><\/div>\n\n<div class=\"gb-grid-column gb-grid-column-8f526493\"><div class=\"gb-container gb-container-8f526493 shadow\">\n<div class=\"gb-container gb-container-38ac9498\">\n\n<h4 class=\"wp-block-heading\">Suscripci\u00f3n al bolet\u00edn de noticias<\/h4>\n\n\n<div class=\"wp-block-safe-svg-svg-icon safe-svg-cover\" style=\"text-align: right;\">\n\t\t\t\t<div class=\"safe-svg-inside safe-svg-inline\" style=\"width: 40px; height: 39px; background-color: var(--wp--preset--color--); color: var(--wp--preset--color--); padding-top: ; padding-right: ; padding-bottom: ; padding-left: ; margin-top: ; margin-right: ; margin-bottom: ; margin-left: ;\"><?xml version=\"1.0\" encoding=\"UTF-8\"?> <svg xmlns=\"http:\/\/www.w3.org\/2000\/svg\" width=\"53\" height=\"52\" viewbox=\"0 0 53 52\" fill=\"none\"><path d=\"M52.5 26C52.5 40.0743 40.8684 51.5 26.5 51.5C12.1316 51.5 0.5 40.0743 0.5 26C0.5 11.9257 12.1316 0.5 26.5 0.5C40.8684 0.5 52.5 11.9257 52.5 26Z\" stroke=\"#002D5D\"><\/path><path d=\"M33 27.0625L24.5 35.5625C23.875 36.1875 22.9375 36.1875 22.375 35.5625L20.9375 34.1875C20.375 33.5625 20.375 32.625 20.9375 32.0625L27 26.0625L20.9375 20C20.375 19.4375 20.375 18.5 20.9375 17.875L22.375 16.4375C22.9375 15.875 23.875 15.875 24.5 16.4375L33 24.9375C33.5625 25.5625 33.5625 26.5 33 27.0625Z\" fill=\"#002D5D\"><\/path><\/svg> <\/div>\n\t\t\t<\/div>\n<\/div>\n\n\n<p>Suscr\u00edbase a nuestro bolet\u00edn para estar al d\u00eda de nuestras \u00faltimas novedades.<\/p>\n\n<\/div><\/div>\n<\/div>","protected":false},"excerpt":{"rendered":"","protected":false},"author":1,"featured_media":0,"parent":0,"menu_order":73,"comment_status":"closed","ping_status":"closed","template":"","meta":{"_acf_changed":false,"footnotes":""},"class_list":{"0":"post-5317","1":"page","2":"type-page","3":"status-publish","5":"no-featured-image-padding"},"acf":[],"yoast_head":"<!-- This site is optimized with the Yoast SEO plugin v27.3 - https:\/\/yoast.com\/product\/yoast-seo-wordpress\/ -->\n<title>Support Raymond A. Wood<\/title>\n<meta name=\"description\" content=\"Discover the other ways you can support the Raymond A. Wood Foundation.\" \/>\n<meta name=\"robots\" content=\"index, follow, max-snippet:-1, max-image-preview:large, max-video-preview:-1\" \/>\n<link rel=\"canonical\" href=\"https:\/\/www.rawoodfoundation.org\/es\/otras-formas-de-apoyar\/\" \/>\n<meta property=\"og:locale\" content=\"es_MX\" \/>\n<meta property=\"og:type\" content=\"article\" \/>\n<meta property=\"og:title\" content=\"Support Raymond A. Wood\" \/>\n<meta property=\"og:description\" content=\"Discover the other ways you can support the Raymond A. Wood Foundation.\" \/>\n<meta property=\"og:url\" content=\"https:\/\/www.rawoodfoundation.org\/es\/otras-formas-de-apoyar\/\" \/>\n<meta property=\"og:site_name\" content=\"Raymond A. Wood Foundation\" \/>\n<meta property=\"article:publisher\" content=\"https:\/\/www.facebook.com\/rawoodfoundation\" \/>\n<meta property=\"article:modified_time\" content=\"2023-07-24T23:04:52+00:00\" \/>\n<meta name=\"twitter:card\" content=\"summary_large_image\" \/>\n<meta name=\"twitter:site\" content=\"@rawoodfound\" \/>\n<meta name=\"twitter:label1\" content=\"Tiempo de lectura\" \/>\n\t<meta name=\"twitter:data1\" content=\"1 minuto\" \/>\n<script type=\"application\/ld+json\" class=\"yoast-schema-graph\">{\"@context\":\"https:\\\/\\\/schema.org\",\"@graph\":[{\"@type\":\"WebPage\",\"@id\":\"https:\\\/\\\/www.rawoodfoundation.org\\\/other-ways-to-support\\\/\",\"url\":\"https:\\\/\\\/www.rawoodfoundation.org\\\/other-ways-to-support\\\/\",\"name\":\"Support Raymond A. Wood\",\"isPartOf\":{\"@id\":\"https:\\\/\\\/www.rawoodfoundation.org\\\/#website\"},\"datePublished\":\"2023-05-16T20:25:09+00:00\",\"dateModified\":\"2023-07-24T23:04:52+00:00\",\"description\":\"Discover the other ways you can support the Raymond A. Wood Foundation.\",\"breadcrumb\":{\"@id\":\"https:\\\/\\\/www.rawoodfoundation.org\\\/other-ways-to-support\\\/#breadcrumb\"},\"inLanguage\":\"es\",\"potentialAction\":[{\"@type\":\"ReadAction\",\"target\":[\"https:\\\/\\\/www.rawoodfoundation.org\\\/other-ways-to-support\\\/\"]}]},{\"@type\":\"BreadcrumbList\",\"@id\":\"https:\\\/\\\/www.rawoodfoundation.org\\\/other-ways-to-support\\\/#breadcrumb\",\"itemListElement\":[{\"@type\":\"ListItem\",\"position\":1,\"name\":\"Home\",\"item\":\"https:\\\/\\\/www.rawoodfoundation.org\\\/\"},{\"@type\":\"ListItem\",\"position\":2,\"name\":\"Other Ways to Support\"}]},{\"@type\":\"WebSite\",\"@id\":\"https:\\\/\\\/www.rawoodfoundation.org\\\/#website\",\"url\":\"https:\\\/\\\/www.rawoodfoundation.org\\\/\",\"name\":\"Raymond A. Wood Foundation\",\"description\":\"The mission of the RAWF is to provide quality of life support for childhood brain tumor survivors and their families.\",\"publisher\":{\"@id\":\"https:\\\/\\\/www.rawoodfoundation.org\\\/#organization\"},\"potentialAction\":[{\"@type\":\"SearchAction\",\"target\":{\"@type\":\"EntryPoint\",\"urlTemplate\":\"https:\\\/\\\/www.rawoodfoundation.org\\\/?s={search_term_string}\"},\"query-input\":{\"@type\":\"PropertyValueSpecification\",\"valueRequired\":true,\"valueName\":\"search_term_string\"}}],\"inLanguage\":\"es\"},{\"@type\":\"Organization\",\"@id\":\"https:\\\/\\\/www.rawoodfoundation.org\\\/#organization\",\"name\":\"Raymond A. Wood Foundation\",\"url\":\"https:\\\/\\\/www.rawoodfoundation.org\\\/\",\"logo\":{\"@type\":\"ImageObject\",\"inLanguage\":\"es\",\"@id\":\"https:\\\/\\\/www.rawoodfoundation.org\\\/#\\\/schema\\\/logo\\\/image\\\/\",\"url\":\"https:\\\/\\\/www.rawoodfoundation.org\\\/wp-content\\\/uploads\\\/2023\\\/07\\\/Raymond-A-Wood-Foundation-logo.webp\",\"contentUrl\":\"https:\\\/\\\/www.rawoodfoundation.org\\\/wp-content\\\/uploads\\\/2023\\\/07\\\/Raymond-A-Wood-Foundation-logo.webp\",\"width\":470,\"height\":128,\"caption\":\"Raymond A. Wood Foundation\"},\"image\":{\"@id\":\"https:\\\/\\\/www.rawoodfoundation.org\\\/#\\\/schema\\\/logo\\\/image\\\/\"},\"sameAs\":[\"https:\\\/\\\/www.facebook.com\\\/rawoodfoundation\",\"https:\\\/\\\/x.com\\\/rawoodfound\"]}]}<\/script>\n<!-- \/ Yoast SEO plugin. -->","yoast_head_json":{"title":"Apoyar a Raymond A. Wood","description":"Descubra otras formas de apoyar a la Fundaci\u00f3n Raymond A. Wood.","robots":{"index":"index","follow":"follow","max-snippet":"max-snippet:-1","max-image-preview":"max-image-preview:large","max-video-preview":"max-video-preview:-1"},"canonical":"https:\/\/www.rawoodfoundation.org\/es\/otras-formas-de-apoyar\/","og_locale":"es_MX","og_type":"article","og_title":"Support Raymond A. Wood","og_description":"Discover the other ways you can support the Raymond A. Wood Foundation.","og_url":"https:\/\/www.rawoodfoundation.org\/es\/otras-formas-de-apoyar\/","og_site_name":"Raymond A. Wood Foundation","article_publisher":"https:\/\/www.facebook.com\/rawoodfoundation","article_modified_time":"2023-07-24T23:04:52+00:00","twitter_card":"summary_large_image","twitter_site":"@rawoodfound","twitter_misc":{"Tiempo de lectura":"1 minuto"},"schema":{"@context":"https:\/\/schema.org","@graph":[{"@type":"WebPage","@id":"https:\/\/www.rawoodfoundation.org\/other-ways-to-support\/","url":"https:\/\/www.rawoodfoundation.org\/other-ways-to-support\/","name":"Apoyar a Raymond A. Wood","isPartOf":{"@id":"https:\/\/www.rawoodfoundation.org\/#website"},"datePublished":"2023-05-16T20:25:09+00:00","dateModified":"2023-07-24T23:04:52+00:00","description":"Descubra otras formas de apoyar a la Fundaci\u00f3n Raymond A. Wood.","breadcrumb":{"@id":"https:\/\/www.rawoodfoundation.org\/other-ways-to-support\/#breadcrumb"},"inLanguage":"es","potentialAction":[{"@type":"ReadAction","target":["https:\/\/www.rawoodfoundation.org\/other-ways-to-support\/"]}]},{"@type":"BreadcrumbList","@id":"https:\/\/www.rawoodfoundation.org\/other-ways-to-support\/#breadcrumb","itemListElement":[{"@type":"ListItem","position":1,"name":"Home","item":"https:\/\/www.rawoodfoundation.org\/"},{"@type":"ListItem","position":2,"name":"Other Ways to Support"}]},{"@type":"WebSite","@id":"https:\/\/www.rawoodfoundation.org\/#website","url":"https:\/\/www.rawoodfoundation.org\/","name":"Fundaci\u00f3n Raymond A. Wood","description":"La misi\u00f3n de la RAWF es proporcionar apoyo a la calidad de vida de los supervivientes de tumores cerebrales infantiles y sus familias.","publisher":{"@id":"https:\/\/www.rawoodfoundation.org\/#organization"},"potentialAction":[{"@type":"SearchAction","target":{"@type":"EntryPoint","urlTemplate":"https:\/\/www.rawoodfoundation.org\/?s={search_term_string}"},"query-input":{"@type":"PropertyValueSpecification","valueRequired":true,"valueName":"search_term_string"}}],"inLanguage":"es"},{"@type":"Organization","@id":"https:\/\/www.rawoodfoundation.org\/#organization","name":"Fundaci\u00f3n Raymond A. Wood","url":"https:\/\/www.rawoodfoundation.org\/","logo":{"@type":"ImageObject","inLanguage":"es","@id":"https:\/\/www.rawoodfoundation.org\/#\/schema\/logo\/image\/","url":"https:\/\/www.rawoodfoundation.org\/wp-content\/uploads\/2023\/07\/Raymond-A-Wood-Foundation-logo.webp","contentUrl":"https:\/\/www.rawoodfoundation.org\/wp-content\/uploads\/2023\/07\/Raymond-A-Wood-Foundation-logo.webp","width":470,"height":128,"caption":"Raymond A. Wood Foundation"},"image":{"@id":"https:\/\/www.rawoodfoundation.org\/#\/schema\/logo\/image\/"},"sameAs":["https:\/\/www.facebook.com\/rawoodfoundation","https:\/\/x.com\/rawoodfound"]}]}},"_links":{"self":[{"href":"https:\/\/www.rawoodfoundation.org\/es\/wp-json\/wp\/v2\/pages\/5317","targetHints":{"allow":["GET"]}}],"collection":[{"href":"https:\/\/www.rawoodfoundation.org\/es\/wp-json\/wp\/v2\/pages"}],"about":[{"href":"https:\/\/www.rawoodfoundation.org\/es\/wp-json\/wp\/v2\/types\/page"}],"author":[{"embeddable":true,"href":"https:\/\/www.rawoodfoundation.org\/es\/wp-json\/wp\/v2\/users\/1"}],"replies":[{"embeddable":true,"href":"https:\/\/www.rawoodfoundation.org\/es\/wp-json\/wp\/v2\/comments?post=5317"}],"version-history":[{"count":6,"href":"https:\/\/www.rawoodfoundation.org\/es\/wp-json\/wp\/v2\/pages\/5317\/revisions"}],"predecessor-version":[{"id":6258,"href":"https:\/\/www.rawoodfoundation.org\/es\/wp-json\/wp\/v2\/pages\/5317\/revisions\/6258"}],"wp:attachment":[{"href":"https:\/\/www.rawoodfoundation.org\/es\/wp-json\/wp\/v2\/media?parent=5317"}],"curies":[{"name":"wp","href":"https:\/\/api.w.org\/{rel}","templated":true}]}}