{"id":5309,"date":"2023-05-16T20:24:04","date_gmt":"2023-05-16T20:24:04","guid":{"rendered":"https:\/\/live-rawf.pantheonsite.io\/?page_id=5309"},"modified":"2023-08-14T19:18:38","modified_gmt":"2023-08-14T19:18:38","slug":"recursos-adicionales-en-linea","status":"publish","type":"page","link":"https:\/\/www.rawoodfoundation.org\/es\/additional-online-resources\/","title":{"rendered":"Recursos en l\u00ednea adicionales"},"content":{"rendered":"<p>Hay una gran variedad de recursos para supervivientes y cuidadores de otras organizaciones.<\/p>\n\n\n\n<h3 class=\"wp-block-heading\">Gastos m\u00e9dicos:<\/h3>\n\n\n\n<ul class=\"wp-block-list\">\n<li><a href=\"https:\/\/curethekids.org\/resources\/financial-assistance\/\" target=\"_blank\" rel=\"noreferrer noopener\"><strong>Programa de ayuda financiera del Fondo Mariposa<\/strong><\/a><strong>&#8211;<\/strong> Programa de asistencia de emergencia para ayudar a las familias cuyo hijo ha sido diagnosticado de un tumor cerebral pedi\u00e1trico y que, como consecuencia de ello, atraviesan dificultades econ\u00f3micas.<\/li>\n\n\n\n<li><a href=\"http:\/\/www.miracleflights.org\/\" target=\"_blank\" rel=\"noreferrer noopener\"><strong>Vuelos milagrosos<\/strong><\/a>- proporciona ayuda financiera a ni\u00f1os con bajos ingresos para viajes a\u00e9reos comerciales con el fin de obtener atenci\u00f3n m\u00e9dica especial. Las familias que re\u00fanan los requisitos pueden recibir ayuda para el viaje del ni\u00f1o paciente y de hasta dos padres o tutores legales.<\/li>\n\n\n\n<li><a href=\"http:\/\/www.mygooddays.org\/\" target=\"_blank\" rel=\"noreferrer noopener\"><strong>Buenos d\u00edas<\/strong><\/a>- es una organizaci\u00f3n que trabaja para mejorar la salud y la calidad de vida de los pacientes con enfermedades cr\u00f3nicas, c\u00e1ncer u otras afecciones que alteran la vida. La organizaci\u00f3n puede ayudar a proporcionar a las familias ayuda econ\u00f3mica y para viajes.<\/li>\n\n\n\n<li><a href=\"http:\/\/www.healthwellfoundation.org\/\" target=\"_blank\" rel=\"noreferrer noopener\"><strong>Fundaci\u00f3n Healthwell<\/strong><\/a>- es una organizaci\u00f3n sin \u00e1nimo de lucro dedicada a reducir las barreras econ\u00f3micas a la atenci\u00f3n sanitaria de los estadounidenses con seguro insuficiente y enfermedades cr\u00f3nicas que alteran su vida. HealthWell ayuda a sufragar los gastos compartidos y ofrece un salvavidas econ\u00f3mico a adultos y ni\u00f1os que necesitan desesperadamente tratamientos m\u00e9dicos cr\u00edticos pero no pueden permit\u00edrselos.<\/li>\n<\/ul>\n\n\n\n<h3 class=\"wp-block-heading\">Becas universitarias:<\/h3>\n\n\n\n<ul class=\"wp-block-list\">\n<li><a href=\"https:\/\/everylifefoundation.org\/rare-scholarship\/\" target=\"_blank\" rel=\"noreferrer noopener\"><strong>Fundaci\u00f3n Everylife<\/strong><\/a>- #RAREis Scholarship Fund apoyar\u00e1 la realizaci\u00f3n de actividades de enriquecimiento vital para adultos que viven con enfermedades raras para una variedad de actividades educativas, incluyendo cursos educativos y la obtenci\u00f3n de t\u00edtulos de dos y cuatro a\u00f1os. Todos los beneficiarios de las becas ser\u00e1n seleccionados por una junta independiente de revisores nombrada por EveryLife Foundation.<\/li>\n<\/ul>\n\n\n\n<h3 class=\"wp-block-heading\">Apoyo social y emocional:<\/h3>\n\n\n\n<ul class=\"wp-block-list\">\n<li><a href=\"https:\/\/ourodyssey.org\/\" target=\"_blank\" rel=\"noreferrer noopener\"><strong>Nuestra odisea<\/strong><\/a>- conecta a j\u00f3venes adultos afectados por una enfermedad rara o cr\u00f3nica con apoyo social y emocional con la esperanza de mejorar su calidad de vida.<\/li>\n<\/ul>\n\n\n\n<h3 class=\"wp-block-heading\">Campamentos de verano:<\/h3>\n\n\n\n<ul class=\"wp-block-list\">\n<li><a href=\"https:\/\/www.campdream.org\/\" target=\"_blank\" rel=\"noreferrer noopener\"><strong>Campamento Mak-A-Dream<\/strong><\/a>- se cre\u00f3 para llevar a cabo la misi\u00f3n de la Children's Oncology Camp Foundation, que consiste en ofrecer el Campamento Mak-A-Dream como una experiencia gratuita con supervisi\u00f3n m\u00e9dica para ni\u00f1os y j\u00f3venes enfermos de c\u00e1ncer.<\/li>\n<\/ul>\n\n\n\n<h3 class=\"wp-block-heading\">Organizaciones de tumores cerebrales:<\/h3>\n\n\n\n<ul class=\"wp-block-list\">\n<li><a href=\"http:\/\/www.curethekids.org\/\" target=\"_blank\" rel=\"noreferrer noopener\"><strong>Fundaci\u00f3n de Tumores Cerebrales Pedi\u00e1tricos (PBTF)<\/strong><\/a>- ofrece recursos de apoyo a las familias, como ayuda econ\u00f3mica, tutor\u00eda entre iguales, grupos de apoyo virtuales y mucho m\u00e1s.<\/li>\n\n\n\n<li><a href=\"https:\/\/cbtf.org\/\" target=\"_blank\" rel=\"noreferrer noopener\"><strong>Fundaci\u00f3n de Tumores Cerebrales Infantiles (CBTF)<\/strong>&#8211;<\/a> ofrece programas, recursos, becas y eventos para pacientes pedi\u00e1tricos con tumores cerebrales y sus familias.<\/li>\n\n\n\n<li><a href=\"https:\/\/www.pnocfoundation.org\/\" target=\"_blank\" rel=\"noreferrer noopener\"><strong>Fundaci\u00f3n Consorcio de Neurooncolog\u00eda Pedi\u00e1trica (PNOC)<\/strong><\/a>- tiene como misi\u00f3n recaudar recursos e influencia para apoyar al Consorcio PNOC en su labor de proporcionar acceso a estrategias de tratamiento personalizadas y, en \u00faltima instancia, mejorar los resultados generales de los ni\u00f1os con tumores cerebrales.<\/li>\n\n\n\n<li><a href=\"https:\/\/braintumor.org\/\" target=\"_blank\" rel=\"noreferrer noopener\"><strong>Sociedad Nacional de Tumores Cerebrales (NBTS)<\/strong><\/a>- ofrece grupos de apoyo, kits de herramientas para pacientes y cuidadores y los lunes de meditaci\u00f3n.<\/li>\n<\/ul>","protected":false},"excerpt":{"rendered":"<p>Hay una gran variedad de recursos para supervivientes y cuidadores de otras organizaciones. Gastos m\u00e9dicos: ... <a title=\"Recursos en l\u00ednea adicionales\" class=\"read-more\" href=\"https:\/\/www.rawoodfoundation.org\/es\/additional-online-resources\/\" aria-label=\"Leer m\u00e1s sobre Recursos adicionales en l\u00ednea\">Seguir leyendo<\/a><\/p>","protected":false},"author":1,"featured_media":0,"parent":0,"menu_order":77,"comment_status":"closed","ping_status":"closed","template":"","meta":{"_acf_changed":false,"footnotes":""},"class_list":{"0":"post-5309","1":"page","2":"type-page","3":"status-publish","5":"no-featured-image-padding"},"acf":[],"yoast_head":"<!-- This site is optimized with the Yoast SEO plugin v27.3 - https:\/\/yoast.com\/product\/yoast-seo-wordpress\/ -->\n<title>Additional Online Resources<\/title>\n<meta name=\"description\" content=\"Find additional resources from the Raymond A. Wood Foundation to help improve the quality of life for Craniopharyngioma Brain Tumor Survivors\" \/>\n<meta name=\"robots\" content=\"index, follow, max-snippet:-1, max-image-preview:large, max-video-preview:-1\" \/>\n<link rel=\"canonical\" href=\"https:\/\/www.rawoodfoundation.org\/es\/recursos-adicionales-en-linea\/\" \/>\n<meta property=\"og:locale\" content=\"es_MX\" \/>\n<meta property=\"og:type\" content=\"article\" \/>\n<meta property=\"og:title\" content=\"Additional Online Resources\" \/>\n<meta property=\"og:description\" content=\"Find additional resources from the Raymond A. Wood Foundation to help improve the quality of life for Craniopharyngioma Brain Tumor Survivors\" \/>\n<meta property=\"og:url\" content=\"https:\/\/www.rawoodfoundation.org\/es\/recursos-adicionales-en-linea\/\" \/>\n<meta property=\"og:site_name\" content=\"Raymond A. Wood Foundation\" \/>\n<meta property=\"article:publisher\" content=\"https:\/\/www.facebook.com\/rawoodfoundation\" \/>\n<meta property=\"article:modified_time\" content=\"2023-08-14T19:18:38+00:00\" \/>\n<meta name=\"twitter:card\" content=\"summary_large_image\" \/>\n<meta name=\"twitter:site\" content=\"@rawoodfound\" \/>\n<meta name=\"twitter:label1\" content=\"Tiempo de lectura\" \/>\n\t<meta name=\"twitter:data1\" content=\"2 minutos\" \/>\n<script type=\"application\/ld+json\" class=\"yoast-schema-graph\">{\"@context\":\"https:\\\/\\\/schema.org\",\"@graph\":[{\"@type\":\"WebPage\",\"@id\":\"https:\\\/\\\/www.rawoodfoundation.org\\\/additional-online-resources\\\/\",\"url\":\"https:\\\/\\\/www.rawoodfoundation.org\\\/additional-online-resources\\\/\",\"name\":\"Additional Online Resources\",\"isPartOf\":{\"@id\":\"https:\\\/\\\/www.rawoodfoundation.org\\\/#website\"},\"datePublished\":\"2023-05-16T20:24:04+00:00\",\"dateModified\":\"2023-08-14T19:18:38+00:00\",\"description\":\"Find additional resources from the Raymond A. Wood Foundation to help improve the quality of life for Craniopharyngioma Brain Tumor Survivors\",\"breadcrumb\":{\"@id\":\"https:\\\/\\\/www.rawoodfoundation.org\\\/additional-online-resources\\\/#breadcrumb\"},\"inLanguage\":\"es\",\"potentialAction\":[{\"@type\":\"ReadAction\",\"target\":[\"https:\\\/\\\/www.rawoodfoundation.org\\\/additional-online-resources\\\/\"]}]},{\"@type\":\"BreadcrumbList\",\"@id\":\"https:\\\/\\\/www.rawoodfoundation.org\\\/additional-online-resources\\\/#breadcrumb\",\"itemListElement\":[{\"@type\":\"ListItem\",\"position\":1,\"name\":\"Home\",\"item\":\"https:\\\/\\\/www.rawoodfoundation.org\\\/\"},{\"@type\":\"ListItem\",\"position\":2,\"name\":\"Additional Online Resources\"}]},{\"@type\":\"WebSite\",\"@id\":\"https:\\\/\\\/www.rawoodfoundation.org\\\/#website\",\"url\":\"https:\\\/\\\/www.rawoodfoundation.org\\\/\",\"name\":\"Raymond A. Wood Foundation\",\"description\":\"The mission of the RAWF is to provide quality of life support for childhood brain tumor survivors and their families.\",\"publisher\":{\"@id\":\"https:\\\/\\\/www.rawoodfoundation.org\\\/#organization\"},\"potentialAction\":[{\"@type\":\"SearchAction\",\"target\":{\"@type\":\"EntryPoint\",\"urlTemplate\":\"https:\\\/\\\/www.rawoodfoundation.org\\\/?s={search_term_string}\"},\"query-input\":{\"@type\":\"PropertyValueSpecification\",\"valueRequired\":true,\"valueName\":\"search_term_string\"}}],\"inLanguage\":\"es\"},{\"@type\":\"Organization\",\"@id\":\"https:\\\/\\\/www.rawoodfoundation.org\\\/#organization\",\"name\":\"Raymond A. Wood Foundation\",\"url\":\"https:\\\/\\\/www.rawoodfoundation.org\\\/\",\"logo\":{\"@type\":\"ImageObject\",\"inLanguage\":\"es\",\"@id\":\"https:\\\/\\\/www.rawoodfoundation.org\\\/#\\\/schema\\\/logo\\\/image\\\/\",\"url\":\"https:\\\/\\\/www.rawoodfoundation.org\\\/wp-content\\\/uploads\\\/2023\\\/07\\\/Raymond-A-Wood-Foundation-logo.webp\",\"contentUrl\":\"https:\\\/\\\/www.rawoodfoundation.org\\\/wp-content\\\/uploads\\\/2023\\\/07\\\/Raymond-A-Wood-Foundation-logo.webp\",\"width\":470,\"height\":128,\"caption\":\"Raymond A. Wood Foundation\"},\"image\":{\"@id\":\"https:\\\/\\\/www.rawoodfoundation.org\\\/#\\\/schema\\\/logo\\\/image\\\/\"},\"sameAs\":[\"https:\\\/\\\/www.facebook.com\\\/rawoodfoundation\",\"https:\\\/\\\/x.com\\\/rawoodfound\"]}]}<\/script>\n<!-- \/ Yoast SEO plugin. -->","yoast_head_json":{"title":"Recursos en l\u00ednea adicionales","description":"Encuentre recursos adicionales de la Fundaci\u00f3n Raymond A. Wood para ayudar a mejorar la calidad de vida de los supervivientes de tumores cerebrales craneofaringiomas.","robots":{"index":"index","follow":"follow","max-snippet":"max-snippet:-1","max-image-preview":"max-image-preview:large","max-video-preview":"max-video-preview:-1"},"canonical":"https:\/\/www.rawoodfoundation.org\/es\/recursos-adicionales-en-linea\/","og_locale":"es_MX","og_type":"article","og_title":"Additional Online Resources","og_description":"Find additional resources from the Raymond A. Wood Foundation to help improve the quality of life for Craniopharyngioma Brain Tumor Survivors","og_url":"https:\/\/www.rawoodfoundation.org\/es\/recursos-adicionales-en-linea\/","og_site_name":"Raymond A. Wood Foundation","article_publisher":"https:\/\/www.facebook.com\/rawoodfoundation","article_modified_time":"2023-08-14T19:18:38+00:00","twitter_card":"summary_large_image","twitter_site":"@rawoodfound","twitter_misc":{"Tiempo de lectura":"2 minutos"},"schema":{"@context":"https:\/\/schema.org","@graph":[{"@type":"WebPage","@id":"https:\/\/www.rawoodfoundation.org\/additional-online-resources\/","url":"https:\/\/www.rawoodfoundation.org\/additional-online-resources\/","name":"Recursos en l\u00ednea adicionales","isPartOf":{"@id":"https:\/\/www.rawoodfoundation.org\/#website"},"datePublished":"2023-05-16T20:24:04+00:00","dateModified":"2023-08-14T19:18:38+00:00","description":"Encuentre recursos adicionales de la Fundaci\u00f3n Raymond A. Wood para ayudar a mejorar la calidad de vida de los supervivientes de tumores cerebrales craneofaringiomas.","breadcrumb":{"@id":"https:\/\/www.rawoodfoundation.org\/additional-online-resources\/#breadcrumb"},"inLanguage":"es","potentialAction":[{"@type":"ReadAction","target":["https:\/\/www.rawoodfoundation.org\/additional-online-resources\/"]}]},{"@type":"BreadcrumbList","@id":"https:\/\/www.rawoodfoundation.org\/additional-online-resources\/#breadcrumb","itemListElement":[{"@type":"ListItem","position":1,"name":"Home","item":"https:\/\/www.rawoodfoundation.org\/"},{"@type":"ListItem","position":2,"name":"Additional Online Resources"}]},{"@type":"WebSite","@id":"https:\/\/www.rawoodfoundation.org\/#website","url":"https:\/\/www.rawoodfoundation.org\/","name":"Fundaci\u00f3n Raymond A. Wood","description":"La misi\u00f3n de la RAWF es proporcionar apoyo a la calidad de vida de los supervivientes de tumores cerebrales infantiles y sus familias.","publisher":{"@id":"https:\/\/www.rawoodfoundation.org\/#organization"},"potentialAction":[{"@type":"SearchAction","target":{"@type":"EntryPoint","urlTemplate":"https:\/\/www.rawoodfoundation.org\/?s={search_term_string}"},"query-input":{"@type":"PropertyValueSpecification","valueRequired":true,"valueName":"search_term_string"}}],"inLanguage":"es"},{"@type":"Organization","@id":"https:\/\/www.rawoodfoundation.org\/#organization","name":"Fundaci\u00f3n Raymond A. Wood","url":"https:\/\/www.rawoodfoundation.org\/","logo":{"@type":"ImageObject","inLanguage":"es","@id":"https:\/\/www.rawoodfoundation.org\/#\/schema\/logo\/image\/","url":"https:\/\/www.rawoodfoundation.org\/wp-content\/uploads\/2023\/07\/Raymond-A-Wood-Foundation-logo.webp","contentUrl":"https:\/\/www.rawoodfoundation.org\/wp-content\/uploads\/2023\/07\/Raymond-A-Wood-Foundation-logo.webp","width":470,"height":128,"caption":"Raymond A. Wood Foundation"},"image":{"@id":"https:\/\/www.rawoodfoundation.org\/#\/schema\/logo\/image\/"},"sameAs":["https:\/\/www.facebook.com\/rawoodfoundation","https:\/\/x.com\/rawoodfound"]}]}},"_links":{"self":[{"href":"https:\/\/www.rawoodfoundation.org\/es\/wp-json\/wp\/v2\/pages\/5309","targetHints":{"allow":["GET"]}}],"collection":[{"href":"https:\/\/www.rawoodfoundation.org\/es\/wp-json\/wp\/v2\/pages"}],"about":[{"href":"https:\/\/www.rawoodfoundation.org\/es\/wp-json\/wp\/v2\/types\/page"}],"author":[{"embeddable":true,"href":"https:\/\/www.rawoodfoundation.org\/es\/wp-json\/wp\/v2\/users\/1"}],"replies":[{"embeddable":true,"href":"https:\/\/www.rawoodfoundation.org\/es\/wp-json\/wp\/v2\/comments?post=5309"}],"version-history":[{"count":10,"href":"https:\/\/www.rawoodfoundation.org\/es\/wp-json\/wp\/v2\/pages\/5309\/revisions"}],"predecessor-version":[{"id":8233,"href":"https:\/\/www.rawoodfoundation.org\/es\/wp-json\/wp\/v2\/pages\/5309\/revisions\/8233"}],"wp:attachment":[{"href":"https:\/\/www.rawoodfoundation.org\/es\/wp-json\/wp\/v2\/media?parent=5309"}],"curies":[{"name":"wp","href":"https:\/\/api.w.org\/{rel}","templated":true}]}}