{"id":5299,"date":"2023-05-16T20:22:42","date_gmt":"2023-05-16T20:22:42","guid":{"rendered":"https:\/\/live-rawf.pantheonsite.io\/?page_id=5299"},"modified":"2025-05-05T17:59:58","modified_gmt":"2025-05-05T17:59:58","slug":"recursos-para-supervivientes","status":"publish","type":"page","link":"https:\/\/www.rawoodfoundation.org\/es\/survivor-resources\/","title":{"rendered":"Recursos para supervivientes"},"content":{"rendered":"<h2 class=\"wp-block-heading\">Herramientas para prosperar sobreviviendo<\/h2>\n\n\n\n<p>Entendemos que navegar por la vida despu\u00e9s de un diagn\u00f3stico de tumor cerebral puede ser un reto, y es por eso que hemos elaborado una colecci\u00f3n de informaci\u00f3n valiosa y apoyo para ayudarle a lo largo de su viaje.<\/p>\n\n\n\n<p>Nuestro objetivo es proporcionarle las herramientas y los recursos que necesita para recuperar el control, encontrar consuelo y descubrir un camino hacia la curaci\u00f3n y la recuperaci\u00f3n y convertirse en su mejor defensor.<\/p>\n\n\n\n<p>Aqu\u00ed encontrar\u00e1 una gran variedad de recursos, desde art\u00edculos educativos y opiniones de expertos hasta consejos pr\u00e1cticos e historias personales de supervivientes. Cubrimos diversos aspectos de la recuperaci\u00f3n de un tumor cerebral, como el bienestar f\u00edsico y emocional, las opciones de tratamiento, la rehabilitaci\u00f3n y los cuidados a largo plazo.<\/p>\n\n\n\n<p>Nuestro equipo se dedica a recopilar informaci\u00f3n precisa y actualizada de fuentes de confianza, garantizando que usted tenga acceso a los \u00faltimos avances en investigaci\u00f3n sobre tumores cerebrales, opciones de tratamiento y servicios de apoyo. Somos conscientes de la importancia de disponer de informaci\u00f3n fiable para tomar decisiones informadas sobre su salud y obtener la mejor atenci\u00f3n posible.<\/p>\n\n\n\n<p>Adem\u00e1s de recursos, tambi\u00e9n ofrecemos una comunidad de apoyo en la que puedes ponerte en contacto con otros supervivientes, familias y expertos. Nuestros grupos de apoyo en l\u00ednea ofrecen un espacio seguro para compartir experiencias, hacer preguntas y encontrar el aliento de otras personas que entienden por lo que est\u00e1s pasando.<\/p>\n\n\n\n<p>Creemos que nadie debe enfrentarse solo a los retos de la supervivencia a un tumor cerebral. Nuestro objetivo es proporcionarle los conocimientos, el apoyo y la esperanza necesarios para recorrer este camino con fortaleza y resistencia. Le invitamos a explorar nuestros recursos, conectarse con nuestra comunidad y emprender un camino de curaci\u00f3n y renovaci\u00f3n.<\/p>\n\n\n\n<p><strong>Recuerde que no est\u00e1 solo. Juntos podemos superar los obst\u00e1culos a los que se enfrentan los supervivientes de tumores cerebrales y celebrar los triunfos en el camino.<\/strong><\/p>\n\n\n\n<hr class=\"wp-block-separator has-alpha-channel-opacity\"\/>\n\n\n\n<h3 class=\"wp-block-heading has-text-align-center\">Herramientas y asistencia<\/h3>\n\n\n\n<p class=\"has-text-align-center\">Encuentre los m\u00e9dicos que han atendido al mayor n\u00famero de pacientes con tumores hipotal\u00e1mico-hipofisarios y afecciones asociadas a estos tumores o descubra los ensayos cl\u00ednicos actuales sobre tratamientos y terapias.<\/p>\n\n\n\n<div class=\"wp-block-columns is-layout-flex wp-container-core-columns-is-layout-9d6595d7 wp-block-columns-is-layout-flex\">\n<div class=\"wp-block-column is-layout-flow wp-block-column-is-layout-flow\"><div class=\"gb-container gb-container-a83858ef clickable-container\">\n\n<h5 class=\"gb-headline gb-headline-83ff5696 round-icon\"><span class=\"gb-icon\"><svg aria-hidden=\"true\" role=\"img\" height=\"1em\" width=\"1em\" viewbox=\"0 0 256 512\" xmlns=\"http:\/\/www.w3.org\/2000\/svg\"><path fill=\"currentColor\" d=\"M224.3 273l-136 136c-9.4 9.4-24.6 9.4-33.9 0l-22.6-22.6c-9.4-9.4-9.4-24.6 0-33.9l96.4-96.4-96.4-96.4c-9.4-9.4-9.4-24.6 0-33.9L54.3 103c9.4-9.4 24.6-9.4 33.9 0l136 136c9.5 9.4 9.5 24.6.1 34z\"><\/path><\/svg><\/span><span class=\"gb-headline-text\"><a href=\"https:\/\/live-rawf.pantheonsite.io\/disease-information\/\">Informaci\u00f3n sobre enfermedades<\/a><\/span><\/h5>\n\n<\/div><\/div>\n\n\n\n<div class=\"wp-block-column is-layout-flow wp-block-column-is-layout-flow\"><div class=\"gb-container gb-container-c65b9708 clickable-container\">\n\n<h5 class=\"gb-headline gb-headline-2aee17b1 round-icon\"><span class=\"gb-icon\"><svg aria-hidden=\"true\" role=\"img\" height=\"1em\" width=\"1em\" viewbox=\"0 0 256 512\" xmlns=\"http:\/\/www.w3.org\/2000\/svg\"><path fill=\"currentColor\" d=\"M224.3 273l-136 136c-9.4 9.4-24.6 9.4-33.9 0l-22.6-22.6c-9.4-9.4-9.4-24.6 0-33.9l96.4-96.4-96.4-96.4c-9.4-9.4-9.4-24.6 0-33.9L54.3 103c9.4-9.4 24.6-9.4 33.9 0l136 136c9.5 9.4 9.5 24.6.1 34z\"><\/path><\/svg><\/span><span class=\"gb-headline-text\"><a href=\"https:\/\/live-rawf.pantheonsite.io\/events\/\">Eventos<\/a><\/span><\/h5>\n\n<\/div><\/div>\n\n\n\n<div class=\"wp-block-column is-layout-flow wp-block-column-is-layout-flow\"><div class=\"gb-container gb-container-3430f7bc clickable-container\">\n\n<h5 class=\"gb-headline gb-headline-fa56953d round-icon\"><span class=\"gb-icon\"><svg aria-hidden=\"true\" role=\"img\" height=\"1em\" width=\"1em\" viewbox=\"0 0 256 512\" xmlns=\"http:\/\/www.w3.org\/2000\/svg\"><path fill=\"currentColor\" d=\"M224.3 273l-136 136c-9.4 9.4-24.6 9.4-33.9 0l-22.6-22.6c-9.4-9.4-9.4-24.6 0-33.9l96.4-96.4-96.4-96.4c-9.4-9.4-9.4-24.6 0-33.9L54.3 103c9.4-9.4 24.6-9.4 33.9 0l136 136c9.5 9.4 9.5 24.6.1 34z\"><\/path><\/svg><\/span><span class=\"gb-headline-text\"><a href=\"https:\/\/live-rawf.pantheonsite.io\/physician-finder\/\">Buscador de m\u00e9dicos<\/a><\/span><\/h5>\n\n<\/div><\/div>\n<\/div>\n\n\n\n<div style=\"height:32px\" aria-hidden=\"true\" class=\"wp-block-spacer\"><\/div>\n\n\n\n<div class=\"wp-block-columns is-layout-flex wp-container-core-columns-is-layout-9d6595d7 wp-block-columns-is-layout-flex\">\n<div class=\"wp-block-column is-layout-flow wp-block-column-is-layout-flow\"><div class=\"gb-container gb-container-b2533901 clickable-container\">\n\n<h5 class=\"gb-headline gb-headline-5dc61c39 round-icon\"><span class=\"gb-icon\"><svg aria-hidden=\"true\" role=\"img\" height=\"1em\" width=\"1em\" viewbox=\"0 0 256 512\" xmlns=\"http:\/\/www.w3.org\/2000\/svg\"><path fill=\"currentColor\" d=\"M224.3 273l-136 136c-9.4 9.4-24.6 9.4-33.9 0l-22.6-22.6c-9.4-9.4-9.4-24.6 0-33.9l96.4-96.4-96.4-96.4c-9.4-9.4-9.4-24.6 0-33.9L54.3 103c9.4-9.4 24.6-9.4 33.9 0l136 136c9.5 9.4 9.5 24.6.1 34z\"><\/path><\/svg><\/span><span class=\"gb-headline-text\"><a href=\"https:\/\/live-rawf.pantheonsite.io\/clinical-trials\/\">Ensayos cl\u00ednicos<\/a><\/span><\/h5>\n\n<\/div><\/div>\n\n\n\n<div class=\"wp-block-column is-layout-flow wp-block-column-is-layout-flow\"><div class=\"gb-container gb-container-6ca940a2 clickable-container\">\n\n<h5 class=\"gb-headline gb-headline-0f1bc49c round-icon\"><span class=\"gb-icon\"><svg aria-hidden=\"true\" role=\"img\" height=\"1em\" width=\"1em\" viewbox=\"0 0 256 512\" xmlns=\"http:\/\/www.w3.org\/2000\/svg\"><path fill=\"currentColor\" d=\"M224.3 273l-136 136c-9.4 9.4-24.6 9.4-33.9 0l-22.6-22.6c-9.4-9.4-9.4-24.6 0-33.9l96.4-96.4-96.4-96.4c-9.4-9.4-9.4-24.6 0-33.9L54.3 103c9.4-9.4 24.6-9.4 33.9 0l136 136c9.5 9.4 9.5 24.6.1 34z\"><\/path><\/svg><\/span><span class=\"gb-headline-text\"><a href=\"https:\/\/live-rawf.pantheonsite.io\/annual-conference\/\">Conferencia anual<\/a><\/span><\/h5>\n\n<\/div><\/div>\n\n\n\n<div class=\"wp-block-column is-layout-flow wp-block-column-is-layout-flow\"><div class=\"gb-container gb-container-6c8e0e14 clickable-container\">\n\n<h5 class=\"gb-headline gb-headline-ec7f0d4f round-icon\"><span class=\"gb-icon\"><svg aria-hidden=\"true\" role=\"img\" height=\"1em\" width=\"1em\" viewbox=\"0 0 256 512\" xmlns=\"http:\/\/www.w3.org\/2000\/svg\"><path fill=\"currentColor\" d=\"M224.3 273l-136 136c-9.4 9.4-24.6 9.4-33.9 0l-22.6-22.6c-9.4-9.4-9.4-24.6 0-33.9l96.4-96.4-96.4-96.4c-9.4-9.4-9.4-24.6 0-33.9L54.3 103c9.4-9.4 24.6-9.4 33.9 0l136 136c9.5 9.4 9.5 24.6.1 34z\"><\/path><\/svg><\/span><span class=\"gb-headline-text\"><a href=\"https:\/\/live-rawf.pantheonsite.io\/research-2\/\">Investigaci\u00f3n<\/a><\/span><\/h5>\n\n<\/div><\/div>\n<\/div>\n\n\n\n<hr class=\"wp-block-separator has-alpha-channel-opacity\"\/>\n\n\n\n<h3 class=\"wp-block-heading has-text-align-center\">Afecciones asociadas a los tumores cerebrales hipotal\u00e1mico-hipofisarios<\/h3>\n\n\n\n<div class=\"wp-block-columns is-layout-flex wp-container-core-columns-is-layout-9d6595d7 wp-block-columns-is-layout-flex\">\n<div class=\"wp-block-column is-layout-flow wp-block-column-is-layout-flow\"><div class=\"gb-container gb-container-23be4cc5\">\n<div class=\"gb-container gb-container-af8de50c clickable-container\">\n\n<div class=\"wp-block-columns is-layout-flex wp-container-core-columns-is-layout-9d6595d7 wp-block-columns-is-layout-flex\">\n<div class=\"wp-block-column has-base-2-background-color has-background is-layout-flow wp-block-column-is-layout-flow\" style=\"flex-basis:70%\">\n<h5 class=\"gb-headline gb-headline-c4158a6e gb-headline-text\"><a href=\"\/es\/obesidad-hipotalamica\/\">Obesidad hipotal\u00e1mica<\/a><\/h5>\n<\/div>\n\n\n\n<div class=\"wp-block-column is-layout-flow wp-block-column-is-layout-flow\" style=\"flex-basis:33.33%\">\n<figure class=\"gb-block-image gb-block-image-b4952b77\"><img decoding=\"async\" width=\"100\" height=\"100\" class=\"gb-image gb-image-b4952b77\" src=\"https:\/\/live-rawf.pantheonsite.io\/wp-content\/uploads\/2023\/06\/scale.svg\" alt=\"Icono de escala\" title=\"escala\"\/><\/figure>\n<\/div>\n<\/div>\n\n<\/div>\n<\/div><\/div>\n\n\n\n<div class=\"wp-block-column is-layout-flow wp-block-column-is-layout-flow\"><div class=\"gb-container gb-container-182a5734 clickable-container\">\n\n<div class=\"wp-block-columns is-layout-flex wp-container-core-columns-is-layout-9d6595d7 wp-block-columns-is-layout-flex\">\n<div class=\"wp-block-column is-layout-flow wp-block-column-is-layout-flow\" style=\"flex-basis:70%\">\n<h5 class=\"gb-headline gb-headline-47935db8 gb-headline-text\"><a href=\"\/es\/control-de-la-diabetes-insipida\/\">Diabetes ins\u00edpida<\/a><\/h5>\n<\/div>\n\n\n\n<div class=\"wp-block-column is-layout-flow wp-block-column-is-layout-flow\" style=\"flex-basis:33.33%\">\n<figure class=\"gb-block-image gb-block-image-b49bca1d\"><img decoding=\"async\" width=\"100\" height=\"100\" class=\"gb-image gb-image-b49bca1d\" src=\"https:\/\/live-rawf.pantheonsite.io\/wp-content\/uploads\/2023\/06\/water.svg\" alt=\"icono de gota de agua\" title=\"agua\"\/><\/figure>\n<\/div>\n<\/div>\n\n<\/div><\/div>\n\n\n\n<div class=\"wp-block-column is-layout-flow wp-block-column-is-layout-flow\"><div class=\"gb-container gb-container-819c5778 clickable-container\">\n\n<div class=\"wp-block-columns is-layout-flex wp-container-core-columns-is-layout-9d6595d7 wp-block-columns-is-layout-flex\">\n<div class=\"wp-block-column is-layout-flow wp-block-column-is-layout-flow\" style=\"flex-basis:70%\">\n<h5 class=\"gb-headline gb-headline-fef36175 gb-headline-text\"><a href=\"\/es\/ensayos-clinicos\/\">Insuficiencia suprarrenal<\/a><\/h5>\n<\/div>\n\n\n\n<div class=\"wp-block-column is-layout-flow wp-block-column-is-layout-flow\" style=\"flex-basis:33.33%\">\n<figure class=\"gb-block-image gb-block-image-cb6635aa\"><img decoding=\"async\" width=\"100\" height=\"100\" class=\"gb-image gb-image-cb6635aa\" src=\"https:\/\/live-rawf.pantheonsite.io\/wp-content\/uploads\/2023\/06\/case.svg\" alt=\"Icono del caso del m\u00e9dico\" title=\"caso\"\/><\/figure>\n<\/div>\n<\/div>\n\n<\/div><\/div>\n<\/div>\n\n\n\n<hr class=\"wp-block-separator has-alpha-channel-opacity\"\/>\n\n\n\n<h3 class=\"wp-block-heading has-text-align-center\">Historias de pacientes<\/h3>\n\n\n\n<div class=\"wp-block-columns is-layout-flex wp-container-core-columns-is-layout-9d6595d7 wp-block-columns-is-layout-flex\">\n<div class=\"wp-block-column is-layout-flow wp-block-column-is-layout-flow\"><div class=\"gb-container gb-container-faa8bb90 clickable-container\">\n\n<h5 class=\"gb-headline gb-headline-32eca39d round-icon\"><span class=\"gb-icon\"><svg aria-hidden=\"true\" role=\"img\" height=\"1em\" width=\"1em\" viewbox=\"0 0 256 512\" xmlns=\"http:\/\/www.w3.org\/2000\/svg\"><path fill=\"currentColor\" d=\"M224.3 273l-136 136c-9.4 9.4-24.6 9.4-33.9 0l-22.6-22.6c-9.4-9.4-9.4-24.6 0-33.9l96.4-96.4-96.4-96.4c-9.4-9.4-9.4-24.6 0-33.9L54.3 103c9.4-9.4 24.6-9.4 33.9 0l136 136c9.5 9.4 9.5 24.6.1 34z\"><\/path><\/svg><\/span><span class=\"gb-headline-text\"><a href=\"https:\/\/live-rawf.pantheonsite.io\/2022\/11\/25\/patient-story-bob\/\">La historia de Bob<\/a><\/span><\/h5>\n\n<\/div><\/div>\n\n\n\n<div class=\"wp-block-column is-layout-flow wp-block-column-is-layout-flow\"><div class=\"gb-container gb-container-ea805ad2 clickable-container\">\n\n<h5 class=\"gb-headline gb-headline-75b4a7e1 round-icon\"><span class=\"gb-icon\"><svg aria-hidden=\"true\" role=\"img\" height=\"1em\" width=\"1em\" viewbox=\"0 0 256 512\" xmlns=\"http:\/\/www.w3.org\/2000\/svg\"><path fill=\"currentColor\" d=\"M224.3 273l-136 136c-9.4 9.4-24.6 9.4-33.9 0l-22.6-22.6c-9.4-9.4-9.4-24.6 0-33.9l96.4-96.4-96.4-96.4c-9.4-9.4-9.4-24.6 0-33.9L54.3 103c9.4-9.4 24.6-9.4 33.9 0l136 136c9.5 9.4 9.5 24.6.1 34z\"><\/path><\/svg><\/span><span class=\"gb-headline-text\"><a href=\"https:\/\/live-rawf.pantheonsite.io\/2023\/01\/25\/jack\/\">La historia de Jack<\/a><\/span><\/h5>\n\n<\/div><\/div>\n\n\n\n<div class=\"wp-block-column is-layout-flow wp-block-column-is-layout-flow\"><div class=\"gb-container gb-container-48d90493 clickable-container\">\n\n<h5 class=\"gb-headline gb-headline-6972e4b4 round-icon\"><span class=\"gb-icon\"><svg aria-hidden=\"true\" role=\"img\" height=\"1em\" width=\"1em\" viewbox=\"0 0 256 512\" xmlns=\"http:\/\/www.w3.org\/2000\/svg\"><path fill=\"currentColor\" d=\"M224.3 273l-136 136c-9.4 9.4-24.6 9.4-33.9 0l-22.6-22.6c-9.4-9.4-9.4-24.6 0-33.9l96.4-96.4-96.4-96.4c-9.4-9.4-9.4-24.6 0-33.9L54.3 103c9.4-9.4 24.6-9.4 33.9 0l136 136c9.5 9.4 9.5 24.6.1 34z\"><\/path><\/svg><\/span><span class=\"gb-headline-text\"><a href=\"https:\/\/live-rawf.pantheonsite.io\/2022\/07\/25\/leighas-story\/\">La historia de Leigha<\/a><\/span><\/h5>\n\n<\/div><\/div>\n<\/div>\n\n\n\n<div style=\"height:25px\" aria-hidden=\"true\" class=\"wp-block-spacer\"><\/div>\n\n\n\n<h4 class=\"wp-block-heading has-text-align-center\">Comparte tu historia<\/h4>\n\n\n\n<p class=\"has-text-align-center\">Si tiene una historia o experiencia personal que le gustar\u00eda compartir con nuestra comunidad, le invitamos a contribuir. Tu historia puede servir de inspiraci\u00f3n, esperanza o consuelo a otras personas que est\u00e9n pasando por experiencias similares. Haga o\u00edr su voz y ay\u00fadenos a construir un espacio de compasi\u00f3n y comprensi\u00f3n para todos los cuidadores.<\/p>\n\n\n<div class=\"gb-container gb-container-1e12b9da\">\n\n<a class=\"gb-button gb-button-327a70e9 gb-button-text\" href=\"https:\/\/live-rawf.pantheonsite.io\/share-your-story\/\">M\u00e1s informaci\u00f3n<\/a>\n\n<\/div>\n\n\n<hr class=\"wp-block-separator has-alpha-channel-opacity\"\/>\n\n\n\n<h3 class=\"wp-block-heading has-text-align-left\">Ponte en contacto<\/h3>\n\n\n\n<div class=\"wp-block-columns is-layout-flex wp-container-core-columns-is-layout-9d6595d7 wp-block-columns-is-layout-flex\">\n<div class=\"wp-block-column is-layout-flow wp-block-column-is-layout-flow\">\n<p>Obtenga m\u00e1s informaci\u00f3n sobre la Fundaci\u00f3n Raymond A. Wood y nuestra comunidad de supervivientes y cuidadores.<\/p>\n\n\n\n<figure class=\"gb-block-image gb-block-image-4024d1ef\"><img decoding=\"async\" width=\"800\" height=\"600\" class=\"gb-image gb-image-4024d1ef\" src=\"https:\/\/live-rawf.pantheonsite.io\/wp-content\/uploads\/2023\/07\/survivors.jpg\" alt=\"Supervivientes en un picnic\" title=\"supervivientes\" srcset=\"https:\/\/www.rawoodfoundation.org\/wp-content\/uploads\/2023\/07\/survivors.jpg 800w, https:\/\/www.rawoodfoundation.org\/wp-content\/uploads\/2023\/07\/survivors-300x225.jpg 300w, https:\/\/www.rawoodfoundation.org\/wp-content\/uploads\/2023\/07\/survivors-768x576.jpg 768w, https:\/\/www.rawoodfoundation.org\/wp-content\/uploads\/2023\/07\/survivors-16x12.jpg 16w\" sizes=\"(max-width: 800px) 100vw, 800px\" \/><\/figure>\n<\/div>\n\n\n\n<div class=\"wp-block-column is-layout-flow wp-block-column-is-layout-flow\">\n<script src=\"https:\/\/s3-us-west-2.amazonaws.com\/bloomerang-public-cdn\/raymondawoodfoundation\/.widget-js\/42206209.js\" type=\"text\/javascript\"><\/script>\n<\/div>\n<\/div>\n\n\n\n<p class=\"has-text-align-center\"><\/p>","protected":false},"excerpt":{"rendered":"<p>Herramientas para prosperar sobreviviendo Entendemos que navegar por la vida despu\u00e9s de un diagn\u00f3stico de tumor cerebral ... <a title=\"Recursos para supervivientes\" class=\"read-more\" href=\"https:\/\/www.rawoodfoundation.org\/es\/survivor-resources\/\" aria-label=\"Leer m\u00e1s sobre Recursos para supervivientes\">Seguir leyendo<\/a><\/p>","protected":false},"author":1,"featured_media":0,"parent":0,"menu_order":81,"comment_status":"closed","ping_status":"closed","template":"","meta":{"_acf_changed":false,"footnotes":""},"class_list":{"0":"post-5299","1":"page","2":"type-page","3":"status-publish","5":"no-featured-image-padding"},"acf":[],"yoast_head":"<!-- This site is optimized with the Yoast SEO plugin v27.3 - https:\/\/yoast.com\/product\/yoast-seo-wordpress\/ -->\n<title>Survivor Resources - Raymond A. Wood Foundation<\/title>\n<meta name=\"description\" content=\"We have curated a collection of valuable information and support to help you along your brain tumor diagnosis journey.\" \/>\n<meta name=\"robots\" content=\"index, follow, max-snippet:-1, max-image-preview:large, max-video-preview:-1\" \/>\n<link rel=\"canonical\" href=\"https:\/\/www.rawoodfoundation.org\/es\/recursos-para-supervivientes\/\" \/>\n<meta property=\"og:locale\" content=\"es_MX\" \/>\n<meta property=\"og:type\" content=\"article\" \/>\n<meta property=\"og:title\" content=\"Survivor Resources - Raymond A. Wood Foundation\" \/>\n<meta property=\"og:description\" content=\"We have curated a collection of valuable information and support to help you along your brain tumor diagnosis journey.\" \/>\n<meta property=\"og:url\" content=\"https:\/\/www.rawoodfoundation.org\/es\/recursos-para-supervivientes\/\" \/>\n<meta property=\"og:site_name\" content=\"Raymond A. Wood Foundation\" \/>\n<meta property=\"article:publisher\" content=\"https:\/\/www.facebook.com\/rawoodfoundation\" \/>\n<meta property=\"article:modified_time\" content=\"2025-05-05T17:59:58+00:00\" \/>\n<meta property=\"og:image\" content=\"https:\/\/live-rawf.pantheonsite.io\/wp-content\/uploads\/2023\/06\/scale.svg\" \/>\n<meta name=\"twitter:card\" content=\"summary_large_image\" \/>\n<meta name=\"twitter:site\" content=\"@rawoodfound\" \/>\n<meta name=\"twitter:label1\" content=\"Tiempo de lectura\" \/>\n\t<meta name=\"twitter:data1\" content=\"3 minutos\" \/>\n<script type=\"application\/ld+json\" class=\"yoast-schema-graph\">{\"@context\":\"https:\\\/\\\/schema.org\",\"@graph\":[{\"@type\":\"WebPage\",\"@id\":\"https:\\\/\\\/www.rawoodfoundation.org\\\/survivor-resources\\\/\",\"url\":\"https:\\\/\\\/www.rawoodfoundation.org\\\/survivor-resources\\\/\",\"name\":\"Survivor Resources - Raymond A. Wood Foundation\",\"isPartOf\":{\"@id\":\"https:\\\/\\\/www.rawoodfoundation.org\\\/#website\"},\"primaryImageOfPage\":{\"@id\":\"https:\\\/\\\/www.rawoodfoundation.org\\\/survivor-resources\\\/#primaryimage\"},\"image\":{\"@id\":\"https:\\\/\\\/www.rawoodfoundation.org\\\/survivor-resources\\\/#primaryimage\"},\"thumbnailUrl\":\"https:\\\/\\\/live-rawf.pantheonsite.io\\\/wp-content\\\/uploads\\\/2023\\\/06\\\/scale.svg\",\"datePublished\":\"2023-05-16T20:22:42+00:00\",\"dateModified\":\"2025-05-05T17:59:58+00:00\",\"description\":\"We have curated a collection of valuable information and support to help you along your brain tumor diagnosis journey.\",\"breadcrumb\":{\"@id\":\"https:\\\/\\\/www.rawoodfoundation.org\\\/survivor-resources\\\/#breadcrumb\"},\"inLanguage\":\"es\",\"potentialAction\":[{\"@type\":\"ReadAction\",\"target\":[\"https:\\\/\\\/www.rawoodfoundation.org\\\/survivor-resources\\\/\"]}]},{\"@type\":\"ImageObject\",\"inLanguage\":\"es\",\"@id\":\"https:\\\/\\\/www.rawoodfoundation.org\\\/survivor-resources\\\/#primaryimage\",\"url\":\"https:\\\/\\\/live-rawf.pantheonsite.io\\\/wp-content\\\/uploads\\\/2023\\\/06\\\/scale.svg\",\"contentUrl\":\"https:\\\/\\\/live-rawf.pantheonsite.io\\\/wp-content\\\/uploads\\\/2023\\\/06\\\/scale.svg\"},{\"@type\":\"BreadcrumbList\",\"@id\":\"https:\\\/\\\/www.rawoodfoundation.org\\\/survivor-resources\\\/#breadcrumb\",\"itemListElement\":[{\"@type\":\"ListItem\",\"position\":1,\"name\":\"Home\",\"item\":\"https:\\\/\\\/www.rawoodfoundation.org\\\/\"},{\"@type\":\"ListItem\",\"position\":2,\"name\":\"Survivor Resources\"}]},{\"@type\":\"WebSite\",\"@id\":\"https:\\\/\\\/www.rawoodfoundation.org\\\/#website\",\"url\":\"https:\\\/\\\/www.rawoodfoundation.org\\\/\",\"name\":\"Raymond A. Wood Foundation\",\"description\":\"The mission of the RAWF is to provide quality of life support for childhood brain tumor survivors and their families.\",\"publisher\":{\"@id\":\"https:\\\/\\\/www.rawoodfoundation.org\\\/#organization\"},\"potentialAction\":[{\"@type\":\"SearchAction\",\"target\":{\"@type\":\"EntryPoint\",\"urlTemplate\":\"https:\\\/\\\/www.rawoodfoundation.org\\\/?s={search_term_string}\"},\"query-input\":{\"@type\":\"PropertyValueSpecification\",\"valueRequired\":true,\"valueName\":\"search_term_string\"}}],\"inLanguage\":\"es\"},{\"@type\":\"Organization\",\"@id\":\"https:\\\/\\\/www.rawoodfoundation.org\\\/#organization\",\"name\":\"Raymond A. Wood Foundation\",\"url\":\"https:\\\/\\\/www.rawoodfoundation.org\\\/\",\"logo\":{\"@type\":\"ImageObject\",\"inLanguage\":\"es\",\"@id\":\"https:\\\/\\\/www.rawoodfoundation.org\\\/#\\\/schema\\\/logo\\\/image\\\/\",\"url\":\"https:\\\/\\\/www.rawoodfoundation.org\\\/wp-content\\\/uploads\\\/2023\\\/07\\\/Raymond-A-Wood-Foundation-logo.webp\",\"contentUrl\":\"https:\\\/\\\/www.rawoodfoundation.org\\\/wp-content\\\/uploads\\\/2023\\\/07\\\/Raymond-A-Wood-Foundation-logo.webp\",\"width\":470,\"height\":128,\"caption\":\"Raymond A. Wood Foundation\"},\"image\":{\"@id\":\"https:\\\/\\\/www.rawoodfoundation.org\\\/#\\\/schema\\\/logo\\\/image\\\/\"},\"sameAs\":[\"https:\\\/\\\/www.facebook.com\\\/rawoodfoundation\",\"https:\\\/\\\/x.com\\\/rawoodfound\"]}]}<\/script>\n<!-- \/ Yoast SEO plugin. -->","yoast_head_json":{"title":"Recursos para supervivientes - Fundaci\u00f3n Raymond A. Wood","description":"Hemos recopilado informaci\u00f3n valiosa y apoyo para ayudarle a lo largo de su viaje hacia el diagn\u00f3stico de un tumor cerebral.","robots":{"index":"index","follow":"follow","max-snippet":"max-snippet:-1","max-image-preview":"max-image-preview:large","max-video-preview":"max-video-preview:-1"},"canonical":"https:\/\/www.rawoodfoundation.org\/es\/recursos-para-supervivientes\/","og_locale":"es_MX","og_type":"article","og_title":"Survivor Resources - Raymond A. Wood Foundation","og_description":"We have curated a collection of valuable information and support to help you along your brain tumor diagnosis journey.","og_url":"https:\/\/www.rawoodfoundation.org\/es\/recursos-para-supervivientes\/","og_site_name":"Raymond A. Wood Foundation","article_publisher":"https:\/\/www.facebook.com\/rawoodfoundation","article_modified_time":"2025-05-05T17:59:58+00:00","og_image":[{"url":"https:\/\/live-rawf.pantheonsite.io\/wp-content\/uploads\/2023\/06\/scale.svg","type":"","width":"","height":""}],"twitter_card":"summary_large_image","twitter_site":"@rawoodfound","twitter_misc":{"Tiempo de lectura":"3 minutos"},"schema":{"@context":"https:\/\/schema.org","@graph":[{"@type":"WebPage","@id":"https:\/\/www.rawoodfoundation.org\/survivor-resources\/","url":"https:\/\/www.rawoodfoundation.org\/survivor-resources\/","name":"Recursos para supervivientes - Fundaci\u00f3n Raymond A. Wood","isPartOf":{"@id":"https:\/\/www.rawoodfoundation.org\/#website"},"primaryImageOfPage":{"@id":"https:\/\/www.rawoodfoundation.org\/survivor-resources\/#primaryimage"},"image":{"@id":"https:\/\/www.rawoodfoundation.org\/survivor-resources\/#primaryimage"},"thumbnailUrl":"https:\/\/live-rawf.pantheonsite.io\/wp-content\/uploads\/2023\/06\/scale.svg","datePublished":"2023-05-16T20:22:42+00:00","dateModified":"2025-05-05T17:59:58+00:00","description":"Hemos recopilado informaci\u00f3n valiosa y apoyo para ayudarle a lo largo de su viaje hacia el diagn\u00f3stico de un tumor cerebral.","breadcrumb":{"@id":"https:\/\/www.rawoodfoundation.org\/survivor-resources\/#breadcrumb"},"inLanguage":"es","potentialAction":[{"@type":"ReadAction","target":["https:\/\/www.rawoodfoundation.org\/survivor-resources\/"]}]},{"@type":"ImageObject","inLanguage":"es","@id":"https:\/\/www.rawoodfoundation.org\/survivor-resources\/#primaryimage","url":"https:\/\/live-rawf.pantheonsite.io\/wp-content\/uploads\/2023\/06\/scale.svg","contentUrl":"https:\/\/live-rawf.pantheonsite.io\/wp-content\/uploads\/2023\/06\/scale.svg"},{"@type":"BreadcrumbList","@id":"https:\/\/www.rawoodfoundation.org\/survivor-resources\/#breadcrumb","itemListElement":[{"@type":"ListItem","position":1,"name":"Home","item":"https:\/\/www.rawoodfoundation.org\/"},{"@type":"ListItem","position":2,"name":"Survivor Resources"}]},{"@type":"WebSite","@id":"https:\/\/www.rawoodfoundation.org\/#website","url":"https:\/\/www.rawoodfoundation.org\/","name":"Fundaci\u00f3n Raymond A. Wood","description":"La misi\u00f3n de la RAWF es proporcionar apoyo a la calidad de vida de los supervivientes de tumores cerebrales infantiles y sus familias.","publisher":{"@id":"https:\/\/www.rawoodfoundation.org\/#organization"},"potentialAction":[{"@type":"SearchAction","target":{"@type":"EntryPoint","urlTemplate":"https:\/\/www.rawoodfoundation.org\/?s={search_term_string}"},"query-input":{"@type":"PropertyValueSpecification","valueRequired":true,"valueName":"search_term_string"}}],"inLanguage":"es"},{"@type":"Organization","@id":"https:\/\/www.rawoodfoundation.org\/#organization","name":"Fundaci\u00f3n Raymond A. Wood","url":"https:\/\/www.rawoodfoundation.org\/","logo":{"@type":"ImageObject","inLanguage":"es","@id":"https:\/\/www.rawoodfoundation.org\/#\/schema\/logo\/image\/","url":"https:\/\/www.rawoodfoundation.org\/wp-content\/uploads\/2023\/07\/Raymond-A-Wood-Foundation-logo.webp","contentUrl":"https:\/\/www.rawoodfoundation.org\/wp-content\/uploads\/2023\/07\/Raymond-A-Wood-Foundation-logo.webp","width":470,"height":128,"caption":"Raymond A. Wood Foundation"},"image":{"@id":"https:\/\/www.rawoodfoundation.org\/#\/schema\/logo\/image\/"},"sameAs":["https:\/\/www.facebook.com\/rawoodfoundation","https:\/\/x.com\/rawoodfound"]}]}},"_links":{"self":[{"href":"https:\/\/www.rawoodfoundation.org\/es\/wp-json\/wp\/v2\/pages\/5299","targetHints":{"allow":["GET"]}}],"collection":[{"href":"https:\/\/www.rawoodfoundation.org\/es\/wp-json\/wp\/v2\/pages"}],"about":[{"href":"https:\/\/www.rawoodfoundation.org\/es\/wp-json\/wp\/v2\/types\/page"}],"author":[{"embeddable":true,"href":"https:\/\/www.rawoodfoundation.org\/es\/wp-json\/wp\/v2\/users\/1"}],"replies":[{"embeddable":true,"href":"https:\/\/www.rawoodfoundation.org\/es\/wp-json\/wp\/v2\/comments?post=5299"}],"version-history":[{"count":54,"href":"https:\/\/www.rawoodfoundation.org\/es\/wp-json\/wp\/v2\/pages\/5299\/revisions"}],"predecessor-version":[{"id":12944,"href":"https:\/\/www.rawoodfoundation.org\/es\/wp-json\/wp\/v2\/pages\/5299\/revisions\/12944"}],"wp:attachment":[{"href":"https:\/\/www.rawoodfoundation.org\/es\/wp-json\/wp\/v2\/media?parent=5299"}],"curies":[{"name":"wp","href":"https:\/\/api.w.org\/{rel}","templated":true}]}}