{"id":5294,"date":"2023-05-16T20:19:07","date_gmt":"2023-05-16T20:19:07","guid":{"rendered":"https:\/\/live-rawf.pantheonsite.io\/?page_id=5294"},"modified":"2023-09-18T17:15:08","modified_gmt":"2023-09-18T17:15:08","slug":"plan-estrategico","status":"publish","type":"page","link":"https:\/\/www.rawoodfoundation.org\/es\/strategic-plan\/","title":{"rendered":"Plan Estrat\u00e9gico"},"content":{"rendered":"<h2 class=\"wp-block-heading\">Metas y objetivos para 2022-2025<\/h2>\n\n\n\n<p>La Fundaci\u00f3n Raymond A. Wood se propone alcanzar las siguientes metas y objetivos en los pr\u00f3ximos 3 a\u00f1os:<\/p>\n\n\n\n<div style=\"height:30px\" aria-hidden=\"true\" class=\"wp-block-spacer\"><\/div>\n\n\n<div class=\"gb-grid-wrapper gb-grid-wrapper-4265f93b\">\n<div class=\"gb-grid-column gb-grid-column-64a0ece6\"><div class=\"gb-container gb-container-64a0ece6\">\n\n<h3 class=\"wp-block-heading\">Objetivo #1 Tratamientos y resultados<\/h3>\n\n\n\n<p>Facilitar el establecimiento de un est\u00e1ndar de cuidados que priorice la optimizaci\u00f3n simult\u00e1nea de la supervivencia y la calidad de vida de los pacientes.<\/p>\n\n<\/div><\/div>\n\n<div class=\"gb-grid-column gb-grid-column-148d6407\"><div class=\"gb-container gb-container-148d6407\">\n\n<p><strong>Objetivo #1<\/strong> Colaborar con la comunidad cient\u00edfica para crear un est\u00e1ndar de atenci\u00f3n interdisciplinar y desarrollar una matriz de toma de decisiones de tratamiento que priorice la mejora del pron\u00f3stico y la calidad de vida.<\/p>\n\n\n\n<p><strong>Objetivo #2<\/strong> Dise\u00f1ar y crear un registro de pacientes con craneofaringioma para avanzar en la investigaci\u00f3n y el desarrollo de f\u00e1rmacos.<\/p>\n\n\n\n<p><strong>Objetivo #3<\/strong> Apoyar y ayudar al crecimiento de los biobancos de craneofaringiomas existentes para enriquecer los datos con el fin de facilitar la investigaci\u00f3n sobre el tratamiento de los tumores y la gesti\u00f3n posterior al tratamiento.<\/p>\n\n<\/div><\/div>\n<\/div>\n\n\n<hr class=\"wp-block-separator has-text-color has-alpha-channel-opacity has-background\" style=\"background-color:#eeeeee;color:#eeeeee\"\/>\n\n\n<div class=\"gb-grid-wrapper gb-grid-wrapper-8f663374\">\n<div class=\"gb-grid-column gb-grid-column-d80aa87d\"><div class=\"gb-container gb-container-d80aa87d\">\n\n<h3 class=\"wp-block-heading\">Objetivo #2 Calidad de vida<\/h3>\n\n\n\n<p>Atenuar las afecciones m\u00e1s elusivas al tratamiento que afectan a la mala calidad de vida de los supervivientes de tumores hipotal\u00e1mico-hipofisarios.<\/p>\n\n<\/div><\/div>\n\n<div class=\"gb-grid-column gb-grid-column-55188780\"><div class=\"gb-container gb-container-55188780\">\n\n<p><strong>Objetivo #1<\/strong> Continuar y ampliar los enfoques para tratar la diabetes ins\u00edpida, desde el suministro de analizadores de sangre port\u00e1tiles, el desarrollo de un mecanismo de registro de l\u00edquidos y el impulso al desarrollo de un medidor de sodio de uso dom\u00e9stico para pacientes con diabetes ins\u00edpida ad\u00edpica.<\/p>\n\n\n\n<p><strong>Objetivo #2<\/strong> Documentar la experiencia del paciente con obesidad hipotal\u00e1mica y recopilar otra informaci\u00f3n relevante de pacientes y cuidadores para un medicamento aprobado por la FDA.<\/p>\n\n\n\n<p><strong>Objetivo #3<\/strong> Abordar las afecciones poco conocidas y dif\u00edciles de tratar, incluidos los s\u00edntomas del s\u00edndrome hipotal\u00e1mico, los s\u00edntomas neurocognitivos y el deterioro social, creando y coordinando una red de socios cient\u00edficos interdisciplinarios, socios de la industria biotecnol\u00f3gica\/farmac\u00e9utica y otras organizaciones de enfermedades asociadas.<\/p>\n\n<\/div><\/div>\n<\/div>\n\n\n<hr class=\"wp-block-separator has-text-color has-alpha-channel-opacity has-background\" style=\"background-color:#eeeeee;color:#eeeeee\"\/>\n\n\n<div class=\"gb-grid-wrapper gb-grid-wrapper-f18e55b5\">\n<div class=\"gb-grid-column gb-grid-column-9f628b61\"><div class=\"gb-container gb-container-9f628b61\">\n\n<h3 class=\"wp-block-heading\">Objetivo #3 Educaci\u00f3n y divulgaci\u00f3n<\/h3>\n\n\n\n<p>Aumentar el apoyo a los pacientes con tumores cerebrales hipotal\u00e1mico-hipofisarios y a sus cuidadores a lo largo de todo el proceso, desde el diagn\u00f3stico y el tratamiento hasta la supervivencia.<\/p>\n\n<\/div><\/div>\n\n<div class=\"gb-grid-column gb-grid-column-dd9e11d1\"><div class=\"gb-container gb-container-dd9e11d1\">\n\n<p><strong>Objetivo #1<\/strong> Crear y mantener un sitio web sobre craneofaringioma para proporcionar informaci\u00f3n actualizada y recursos esenciales sobre el tratamiento del tumor y la gesti\u00f3n de las afecciones cr\u00f3nicas y los problemas a los que se enfrentan los supervivientes a largo plazo.<\/p>\n\n\n\n<p><strong>Objetivo #2<\/strong> Proporcionar informaci\u00f3n y recursos educativos accesibles para todos los pacientes, incluidos pedi\u00e1tricos y adultos, no angloparlantes, de la di\u00e1spora africana y otras poblaciones desatendidas, en los puntos de encuentro de diagn\u00f3stico, tratamiento y postratamiento de tumores.<\/p>\n\n\n\n<p><strong>Objetivo #3<\/strong> Ampliar el programa de afiliaci\u00f3n y la implicaci\u00f3n de la comunidad, incluyendo a la diversa poblaci\u00f3n de pacientes, con recursos dirigidos a los pacientes reci\u00e9n diagnosticados, las transiciones de la edad pedi\u00e1trica a la edad adulta y los pacientes adultos.<\/p>\n\n<\/div><\/div>\n<\/div>\n\n\n<hr class=\"wp-block-separator has-text-color has-alpha-channel-opacity has-background\" style=\"background-color:#eeeeee;color:#eeeeee\"\/>\n\n\n<div class=\"gb-grid-wrapper gb-grid-wrapper-93713168\">\n<div class=\"gb-grid-column gb-grid-column-1a92bf82\"><div class=\"gb-container gb-container-1a92bf82\">\n\n<h3 class=\"wp-block-heading\">Objetivo #4 Comunicaci\u00f3n y sensibilizaci\u00f3n<\/h3>\n\n\n\n<p>Aumentar la concienciaci\u00f3n sobre los retos que plantean los tumores cerebrales hipotal\u00e1mico-hipofisarios y desarrollar recursos para la comunidad de tumores cerebrales, los profesionales sanitarios y el p\u00fablico en general.<\/p>\n\n<\/div><\/div>\n\n<div class=\"gb-grid-column gb-grid-column-2abc71cf\"><div class=\"gb-container gb-container-2abc71cf\">\n\n<p><strong>Objetivo #1<\/strong> Compartir informaci\u00f3n y recursos \u00fatiles con los profesionales sanitarios de las zonas geogr\u00e1ficas seleccionadas para aumentar las remisiones a RAWF, especialmente entre las comunidades de pacientes desatendidas.<\/p>\n\n\n\n<p><strong>Objetivo #2<\/strong> Desarrollar un plan de comunicaci\u00f3n para concienciar a la comunidad mundial de pacientes sobre los recursos de apoyo que ofrece RAWF.<\/p>\n\n\n\n<p><strong>Objetivo #3<\/strong> Aumentar la junta directiva y el n\u00famero de miembros con representaci\u00f3n de diversas comunidades de pacientes para incrementar el alcance de la fundaci\u00f3n.<\/p>\n\n<\/div><\/div>\n<\/div>\n\n\n<hr class=\"wp-block-separator has-text-color has-alpha-channel-opacity has-background\" style=\"background-color:#eeeeee;color:#eeeeee\"\/>\n\n\n<div class=\"gb-grid-wrapper gb-grid-wrapper-290b6df1\">\n<div class=\"gb-grid-column gb-grid-column-c0406d42\"><div class=\"gb-container gb-container-c0406d42\">\n\n<h3 class=\"wp-block-heading\">Objetivo #5 Desarrollo y gesti\u00f3n sostenible<\/h3>\n\n\n\n<p>Identificar y aplicar las estrategias m\u00e1s prometedoras para aumentar los ingresos en apoyo de nuestra misi\u00f3n.<\/p>\n\n<\/div><\/div>\n\n<div class=\"gb-grid-column gb-grid-column-468348d5\"><div class=\"gb-container gb-container-468348d5\">\n\n<p><strong>Objetivo #1<\/strong> Invertir en recursos y capacidades para ampliar significativamente los ingresos con el objetivo de duplicar los fondos anuales recaudados para 2025 y diversificar nuestra cartera de ingresos centr\u00e1ndonos en las grandes donaciones, cultivando la recaudaci\u00f3n de fondos comunitarios e identificando e implementando nuevas plataformas de recaudaci\u00f3n de fondos.<\/p>\n\n\n\n<p><strong>Objetivo #2<\/strong> Desarrollar y aplicar un programa de administraci\u00f3n centrado en la captaci\u00f3n, retenci\u00f3n y conversi\u00f3n para crear estrategias de donaciones de nivel medio, grandes donaciones y donaciones planificadas que se traduzcan en inversiones continuas y significativas para nuestros donantes.<\/p>\n\n\n\n<p><strong>Objetivo #3<\/strong> Desarrollar y ampliar las relaciones con empresas, organizaciones y socios industriales para aumentar el patrocinio de programas de investigaci\u00f3n y para pacientes.<\/p>\n\n<\/div><\/div>\n<\/div>\n\n\n<hr class=\"wp-block-separator has-alpha-channel-opacity\"\/>\n\n\n\n<figure class=\"wp-block-image size-large\"><img decoding=\"async\" width=\"1024\" height=\"576\" src=\"https:\/\/live-rawf.pantheonsite.io\/wp-content\/uploads\/2023\/08\/sp-1024x576.png\" alt=\"Cuadro del Plan Estrat\u00e9gico en el que se destacan los objetivos clave\" class=\"wp-image-8113\" srcset=\"https:\/\/www.rawoodfoundation.org\/wp-content\/uploads\/2023\/08\/sp-1024x576.png 1024w, https:\/\/www.rawoodfoundation.org\/wp-content\/uploads\/2023\/08\/sp-300x169.png 300w, https:\/\/www.rawoodfoundation.org\/wp-content\/uploads\/2023\/08\/sp-768x432.png 768w, https:\/\/www.rawoodfoundation.org\/wp-content\/uploads\/2023\/08\/sp-18x10.png 18w, https:\/\/www.rawoodfoundation.org\/wp-content\/uploads\/2023\/08\/sp.png 1280w\" sizes=\"(max-width: 1024px) 100vw, 1024px\" \/><\/figure>\n\n\n\n<p class=\"gb-headline gb-headline-52423adb round-icon\"><span class=\"gb-icon\"><svg aria-hidden=\"true\" role=\"img\" height=\"1em\" width=\"1em\" viewbox=\"0 0 256 512\" xmlns=\"http:\/\/www.w3.org\/2000\/svg\"><path fill=\"currentColor\" d=\"M224.3 273l-136 136c-9.4 9.4-24.6 9.4-33.9 0l-22.6-22.6c-9.4-9.4-9.4-24.6 0-33.9l96.4-96.4-96.4-96.4c-9.4-9.4-9.4-24.6 0-33.9L54.3 103c9.4-9.4 24.6-9.4 33.9 0l136 136c9.5 9.4 9.5 24.6.1 34z\"><\/path><\/svg><\/span><span class=\"gb-headline-text\"><a href=\"https:\/\/live-rawf.pantheonsite.io\/wp-content\/uploads\/2023\/05\/sp.jpg\">Descargar Plan<\/a><\/span><\/p>\n\n\n\n<hr class=\"wp-block-separator has-alpha-channel-opacity\"\/>","protected":false},"excerpt":{"rendered":"<p>2022-2025 Metas y objetivos La Fundaci\u00f3n Raymond A. Wood se propone alcanzar los siguientes ... <a title=\"Plan Estrat\u00e9gico\" class=\"read-more\" href=\"https:\/\/www.rawoodfoundation.org\/es\/strategic-plan\/\" aria-label=\"Leer m\u00e1s sobre Plan Estrat\u00e9gico\">Seguir leyendo<\/a><\/p>","protected":false},"author":1,"featured_media":0,"parent":0,"menu_order":82,"comment_status":"closed","ping_status":"closed","template":"","meta":{"_acf_changed":false,"footnotes":""},"class_list":{"0":"post-5294","1":"page","2":"type-page","3":"status-publish","5":"no-featured-image-padding"},"acf":[],"yoast_head":"<!-- This site is optimized with the Yoast SEO plugin v27.3 - https:\/\/yoast.com\/product\/yoast-seo-wordpress\/ -->\n<title>Strategic Plan - Raymond A. Wood Foundation<\/title>\n<meta name=\"description\" content=\"Learn about the strategic plan and goals the Raymond A. Wood Foundation has planned for the next three years.\" \/>\n<meta name=\"robots\" content=\"index, follow, max-snippet:-1, max-image-preview:large, max-video-preview:-1\" \/>\n<link rel=\"canonical\" href=\"https:\/\/www.rawoodfoundation.org\/es\/plan-estrategico\/\" \/>\n<meta property=\"og:locale\" content=\"es_MX\" \/>\n<meta property=\"og:type\" content=\"article\" \/>\n<meta property=\"og:title\" content=\"Strategic Plan - Raymond A. Wood Foundation\" \/>\n<meta property=\"og:description\" content=\"Learn about the strategic plan and goals the Raymond A. Wood Foundation has planned for the next three years.\" \/>\n<meta property=\"og:url\" content=\"https:\/\/www.rawoodfoundation.org\/es\/plan-estrategico\/\" \/>\n<meta property=\"og:site_name\" content=\"Raymond A. Wood Foundation\" \/>\n<meta property=\"article:publisher\" content=\"https:\/\/www.facebook.com\/rawoodfoundation\" \/>\n<meta property=\"article:modified_time\" content=\"2023-09-18T17:15:08+00:00\" \/>\n<meta property=\"og:image\" content=\"https:\/\/live-rawf.pantheonsite.io\/wp-content\/uploads\/2023\/08\/sp-1024x576.png\" \/>\n<meta name=\"twitter:card\" content=\"summary_large_image\" \/>\n<meta name=\"twitter:site\" content=\"@rawoodfound\" \/>\n<meta name=\"twitter:label1\" content=\"Tiempo de lectura\" \/>\n\t<meta name=\"twitter:data1\" content=\"3 minutos\" \/>\n<script type=\"application\/ld+json\" class=\"yoast-schema-graph\">{\"@context\":\"https:\\\/\\\/schema.org\",\"@graph\":[{\"@type\":\"WebPage\",\"@id\":\"https:\\\/\\\/www.rawoodfoundation.org\\\/strategic-plan\\\/\",\"url\":\"https:\\\/\\\/www.rawoodfoundation.org\\\/strategic-plan\\\/\",\"name\":\"Strategic Plan - Raymond A. Wood Foundation\",\"isPartOf\":{\"@id\":\"https:\\\/\\\/www.rawoodfoundation.org\\\/#website\"},\"primaryImageOfPage\":{\"@id\":\"https:\\\/\\\/www.rawoodfoundation.org\\\/strategic-plan\\\/#primaryimage\"},\"image\":{\"@id\":\"https:\\\/\\\/www.rawoodfoundation.org\\\/strategic-plan\\\/#primaryimage\"},\"thumbnailUrl\":\"https:\\\/\\\/live-rawf.pantheonsite.io\\\/wp-content\\\/uploads\\\/2023\\\/08\\\/sp-1024x576.png\",\"datePublished\":\"2023-05-16T20:19:07+00:00\",\"dateModified\":\"2023-09-18T17:15:08+00:00\",\"description\":\"Learn about the strategic plan and goals the Raymond A. Wood Foundation has planned for the next three years.\",\"breadcrumb\":{\"@id\":\"https:\\\/\\\/www.rawoodfoundation.org\\\/strategic-plan\\\/#breadcrumb\"},\"inLanguage\":\"es\",\"potentialAction\":[{\"@type\":\"ReadAction\",\"target\":[\"https:\\\/\\\/www.rawoodfoundation.org\\\/strategic-plan\\\/\"]}]},{\"@type\":\"ImageObject\",\"inLanguage\":\"es\",\"@id\":\"https:\\\/\\\/www.rawoodfoundation.org\\\/strategic-plan\\\/#primaryimage\",\"url\":\"https:\\\/\\\/live-rawf.pantheonsite.io\\\/wp-content\\\/uploads\\\/2023\\\/08\\\/sp-1024x576.png\",\"contentUrl\":\"https:\\\/\\\/live-rawf.pantheonsite.io\\\/wp-content\\\/uploads\\\/2023\\\/08\\\/sp-1024x576.png\"},{\"@type\":\"BreadcrumbList\",\"@id\":\"https:\\\/\\\/www.rawoodfoundation.org\\\/strategic-plan\\\/#breadcrumb\",\"itemListElement\":[{\"@type\":\"ListItem\",\"position\":1,\"name\":\"Home\",\"item\":\"https:\\\/\\\/www.rawoodfoundation.org\\\/\"},{\"@type\":\"ListItem\",\"position\":2,\"name\":\"Strategic Plan\"}]},{\"@type\":\"WebSite\",\"@id\":\"https:\\\/\\\/www.rawoodfoundation.org\\\/#website\",\"url\":\"https:\\\/\\\/www.rawoodfoundation.org\\\/\",\"name\":\"Raymond A. Wood Foundation\",\"description\":\"The mission of the RAWF is to provide quality of life support for childhood brain tumor survivors and their families.\",\"publisher\":{\"@id\":\"https:\\\/\\\/www.rawoodfoundation.org\\\/#organization\"},\"potentialAction\":[{\"@type\":\"SearchAction\",\"target\":{\"@type\":\"EntryPoint\",\"urlTemplate\":\"https:\\\/\\\/www.rawoodfoundation.org\\\/?s={search_term_string}\"},\"query-input\":{\"@type\":\"PropertyValueSpecification\",\"valueRequired\":true,\"valueName\":\"search_term_string\"}}],\"inLanguage\":\"es\"},{\"@type\":\"Organization\",\"@id\":\"https:\\\/\\\/www.rawoodfoundation.org\\\/#organization\",\"name\":\"Raymond A. Wood Foundation\",\"url\":\"https:\\\/\\\/www.rawoodfoundation.org\\\/\",\"logo\":{\"@type\":\"ImageObject\",\"inLanguage\":\"es\",\"@id\":\"https:\\\/\\\/www.rawoodfoundation.org\\\/#\\\/schema\\\/logo\\\/image\\\/\",\"url\":\"https:\\\/\\\/www.rawoodfoundation.org\\\/wp-content\\\/uploads\\\/2023\\\/07\\\/Raymond-A-Wood-Foundation-logo.webp\",\"contentUrl\":\"https:\\\/\\\/www.rawoodfoundation.org\\\/wp-content\\\/uploads\\\/2023\\\/07\\\/Raymond-A-Wood-Foundation-logo.webp\",\"width\":470,\"height\":128,\"caption\":\"Raymond A. Wood Foundation\"},\"image\":{\"@id\":\"https:\\\/\\\/www.rawoodfoundation.org\\\/#\\\/schema\\\/logo\\\/image\\\/\"},\"sameAs\":[\"https:\\\/\\\/www.facebook.com\\\/rawoodfoundation\",\"https:\\\/\\\/x.com\\\/rawoodfound\"]}]}<\/script>\n<!-- \/ Yoast SEO plugin. -->","yoast_head_json":{"title":"Plan Estrat\u00e9gico - Fundaci\u00f3n Raymond A. Wood","description":"Conozca el plan estrat\u00e9gico y los objetivos que la Fundaci\u00f3n Raymond A. Wood tiene previstos para los pr\u00f3ximos tres a\u00f1os.","robots":{"index":"index","follow":"follow","max-snippet":"max-snippet:-1","max-image-preview":"max-image-preview:large","max-video-preview":"max-video-preview:-1"},"canonical":"https:\/\/www.rawoodfoundation.org\/es\/plan-estrategico\/","og_locale":"es_MX","og_type":"article","og_title":"Strategic Plan - Raymond A. Wood Foundation","og_description":"Learn about the strategic plan and goals the Raymond A. Wood Foundation has planned for the next three years.","og_url":"https:\/\/www.rawoodfoundation.org\/es\/plan-estrategico\/","og_site_name":"Raymond A. Wood Foundation","article_publisher":"https:\/\/www.facebook.com\/rawoodfoundation","article_modified_time":"2023-09-18T17:15:08+00:00","og_image":[{"url":"https:\/\/live-rawf.pantheonsite.io\/wp-content\/uploads\/2023\/08\/sp-1024x576.png","type":"","width":"","height":""}],"twitter_card":"summary_large_image","twitter_site":"@rawoodfound","twitter_misc":{"Tiempo de lectura":"3 minutos"},"schema":{"@context":"https:\/\/schema.org","@graph":[{"@type":"WebPage","@id":"https:\/\/www.rawoodfoundation.org\/strategic-plan\/","url":"https:\/\/www.rawoodfoundation.org\/strategic-plan\/","name":"Plan Estrat\u00e9gico - Fundaci\u00f3n Raymond A. Wood","isPartOf":{"@id":"https:\/\/www.rawoodfoundation.org\/#website"},"primaryImageOfPage":{"@id":"https:\/\/www.rawoodfoundation.org\/strategic-plan\/#primaryimage"},"image":{"@id":"https:\/\/www.rawoodfoundation.org\/strategic-plan\/#primaryimage"},"thumbnailUrl":"https:\/\/live-rawf.pantheonsite.io\/wp-content\/uploads\/2023\/08\/sp-1024x576.png","datePublished":"2023-05-16T20:19:07+00:00","dateModified":"2023-09-18T17:15:08+00:00","description":"Conozca el plan estrat\u00e9gico y los objetivos que la Fundaci\u00f3n Raymond A. Wood tiene previstos para los pr\u00f3ximos tres a\u00f1os.","breadcrumb":{"@id":"https:\/\/www.rawoodfoundation.org\/strategic-plan\/#breadcrumb"},"inLanguage":"es","potentialAction":[{"@type":"ReadAction","target":["https:\/\/www.rawoodfoundation.org\/strategic-plan\/"]}]},{"@type":"ImageObject","inLanguage":"es","@id":"https:\/\/www.rawoodfoundation.org\/strategic-plan\/#primaryimage","url":"https:\/\/live-rawf.pantheonsite.io\/wp-content\/uploads\/2023\/08\/sp-1024x576.png","contentUrl":"https:\/\/live-rawf.pantheonsite.io\/wp-content\/uploads\/2023\/08\/sp-1024x576.png"},{"@type":"BreadcrumbList","@id":"https:\/\/www.rawoodfoundation.org\/strategic-plan\/#breadcrumb","itemListElement":[{"@type":"ListItem","position":1,"name":"Home","item":"https:\/\/www.rawoodfoundation.org\/"},{"@type":"ListItem","position":2,"name":"Strategic Plan"}]},{"@type":"WebSite","@id":"https:\/\/www.rawoodfoundation.org\/#website","url":"https:\/\/www.rawoodfoundation.org\/","name":"Fundaci\u00f3n Raymond A. Wood","description":"La misi\u00f3n de la RAWF es proporcionar apoyo a la calidad de vida de los supervivientes de tumores cerebrales infantiles y sus familias.","publisher":{"@id":"https:\/\/www.rawoodfoundation.org\/#organization"},"potentialAction":[{"@type":"SearchAction","target":{"@type":"EntryPoint","urlTemplate":"https:\/\/www.rawoodfoundation.org\/?s={search_term_string}"},"query-input":{"@type":"PropertyValueSpecification","valueRequired":true,"valueName":"search_term_string"}}],"inLanguage":"es"},{"@type":"Organization","@id":"https:\/\/www.rawoodfoundation.org\/#organization","name":"Fundaci\u00f3n Raymond A. Wood","url":"https:\/\/www.rawoodfoundation.org\/","logo":{"@type":"ImageObject","inLanguage":"es","@id":"https:\/\/www.rawoodfoundation.org\/#\/schema\/logo\/image\/","url":"https:\/\/www.rawoodfoundation.org\/wp-content\/uploads\/2023\/07\/Raymond-A-Wood-Foundation-logo.webp","contentUrl":"https:\/\/www.rawoodfoundation.org\/wp-content\/uploads\/2023\/07\/Raymond-A-Wood-Foundation-logo.webp","width":470,"height":128,"caption":"Raymond A. Wood Foundation"},"image":{"@id":"https:\/\/www.rawoodfoundation.org\/#\/schema\/logo\/image\/"},"sameAs":["https:\/\/www.facebook.com\/rawoodfoundation","https:\/\/x.com\/rawoodfound"]}]}},"_links":{"self":[{"href":"https:\/\/www.rawoodfoundation.org\/es\/wp-json\/wp\/v2\/pages\/5294","targetHints":{"allow":["GET"]}}],"collection":[{"href":"https:\/\/www.rawoodfoundation.org\/es\/wp-json\/wp\/v2\/pages"}],"about":[{"href":"https:\/\/www.rawoodfoundation.org\/es\/wp-json\/wp\/v2\/types\/page"}],"author":[{"embeddable":true,"href":"https:\/\/www.rawoodfoundation.org\/es\/wp-json\/wp\/v2\/users\/1"}],"replies":[{"embeddable":true,"href":"https:\/\/www.rawoodfoundation.org\/es\/wp-json\/wp\/v2\/comments?post=5294"}],"version-history":[{"count":9,"href":"https:\/\/www.rawoodfoundation.org\/es\/wp-json\/wp\/v2\/pages\/5294\/revisions"}],"predecessor-version":[{"id":8163,"href":"https:\/\/www.rawoodfoundation.org\/es\/wp-json\/wp\/v2\/pages\/5294\/revisions\/8163"}],"wp:attachment":[{"href":"https:\/\/www.rawoodfoundation.org\/es\/wp-json\/wp\/v2\/media?parent=5294"}],"curies":[{"name":"wp","href":"https:\/\/api.w.org\/{rel}","templated":true}]}}