{"id":5284,"date":"2023-05-16T20:12:00","date_gmt":"2023-05-16T20:12:00","guid":{"rendered":"https:\/\/live-rawf.pantheonsite.io\/?page_id=5284"},"modified":"2026-03-19T15:41:37","modified_gmt":"2026-03-19T15:41:37","slug":"pongase-en-contacto-con","status":"publish","type":"page","link":"https:\/\/www.rawoodfoundation.org\/es\/contact\/","title":{"rendered":"P\u00f3ngase en contacto"},"content":{"rendered":"<div class=\"gb-grid-wrapper gb-grid-wrapper-0a0d85cd\">\n<div class=\"gb-grid-column gb-grid-column-ef9a81ea\"><div class=\"gb-container gb-container-ef9a81ea\">\n\n<h2 class=\"wp-block-heading\">Apoyo, informaci\u00f3n, colaboraci\u00f3n<\/h2>\n\n\n\n<p>La Fundaci\u00f3n Raymond A. Wood ayuda a los supervivientes de tumores cerebrales hipotal\u00e1mico-hipofisarios a mejorar su calidad de vida proporcion\u00e1ndoles acceso a la educaci\u00f3n, la tecnolog\u00eda y los tratamientos en evoluci\u00f3n.<\/p>\n\n\n\n<p>Si tiene preguntas, comentarios, consultas sobre asociaciones o simplemente quiere ponerse en contacto con nosotros, puede utilizar nuestro formulario de contacto. Somos un equipo peque\u00f1o pero dedicado, as\u00ed que espere de 24 a 48 horas para responder. <\/p>\n\n\n\n<p><strong>Consultas sobre el registro de pacientes o apoyo al registro<br><\/strong><a href=\"mailto:registry@rawoodfoundation.org\">registry@rawoodfoundation.org<br><\/a><br><strong>Consultas de los medios de comunicaci\u00f3n y divulgaci\u00f3n entre pacientes y familiares<\/strong><br><a href=\"mailto:outreach@rawoodfoundation.org\">outreach@rawoodfoundation.org<br><\/a><br><strong>Recaudaci\u00f3n de fondos y desarrollo<br><\/strong><a href=\"mailto:development@rawoodfoundation.org\">development@rawoodfoundation.org<\/a><\/p>\n\n\n\n<p><br><\/p>\n\n\n\n<figure class=\"wp-block-image size-full\"><img decoding=\"async\" width=\"509\" height=\"339\" src=\"https:\/\/live-rawf.pantheonsite.io\/wp-content\/uploads\/2023\/07\/help.jpg\" alt=\"Mam\u00e1 consolando a su hija\" class=\"wp-image-7538\" srcset=\"https:\/\/www.rawoodfoundation.org\/wp-content\/uploads\/2023\/07\/help.jpg 509w, https:\/\/www.rawoodfoundation.org\/wp-content\/uploads\/2023\/07\/help-300x200.jpg 300w, https:\/\/www.rawoodfoundation.org\/wp-content\/uploads\/2023\/07\/help-18x12.jpg 18w\" sizes=\"(max-width: 509px) 100vw, 509px\" \/><\/figure>\n\n<\/div><\/div>\n\n<div class=\"gb-grid-column gb-grid-column-6da36f48\"><div class=\"gb-container gb-container-6da36f48\">\n\n<h3 class=\"wp-block-heading\">P\u00f3ngase en contacto con nosotros<\/h3>\n\n\n\n<div class=\"wp-block-contact-form-7-contact-form-selector\">\n<div class=\"wpcf7 no-js\" id=\"wpcf7-f4847-o1\" lang=\"en-US\" dir=\"ltr\" data-wpcf7-id=\"4847\">\n<div class=\"screen-reader-response\"><p role=\"status\" aria-live=\"polite\" aria-atomic=\"true\"><\/p> <ul><\/ul><\/div>\n<form action=\"\/es\/wp-json\/wp\/v2\/pages\/5284#wpcf7-f4847-o1\" method=\"post\" class=\"wpcf7-form init\" aria-label=\"Formulario de contacto\" novalidate=\"novalidate\" data-status=\"init\" data-trp-original-action=\"\/es\/wp-json\/wp\/v2\/pages\/5284#wpcf7-f4847-o1\">\n<fieldset class=\"hidden-fields-container\"><input type=\"hidden\" name=\"_wpcf7\" value=\"4847\" \/><input type=\"hidden\" name=\"_wpcf7_version\" value=\"6.1.5\" \/><input type=\"hidden\" name=\"_wpcf7_locale\" value=\"en_US\" \/><input type=\"hidden\" name=\"_wpcf7_unit_tag\" value=\"wpcf7-f4847-o1\" \/><input type=\"hidden\" name=\"_wpcf7_container_post\" value=\"0\" \/><input type=\"hidden\" name=\"_wpcf7_posted_data_hash\" value=\"\" \/><input type=\"hidden\" name=\"_wpcf7_recaptcha_response\" value=\"\" \/>\n<\/fieldset>\n<p><label> Nombre<br \/>\n<span class=\"wpcf7-form-control-wrap\" data-name=\"first-name\"><input size=\"40\" maxlength=\"400\" class=\"wpcf7-form-control wpcf7-text wpcf7-validates-as-required\" autocomplete=\"name\" aria-required=\"true\" aria-invalid=\"false\" value=\"\" type=\"text\" name=\"first-name\" \/><\/span> <\/label>\n<\/p>\n<p><label> Apellido<br \/>\n<span class=\"wpcf7-form-control-wrap\" data-name=\"last-name\"><input size=\"40\" maxlength=\"400\" class=\"wpcf7-form-control wpcf7-text wpcf7-validates-as-required\" autocomplete=\"name\" aria-required=\"true\" aria-invalid=\"false\" value=\"\" type=\"text\" name=\"last-name\" \/><\/span> <\/label>\n<\/p>\n<p><label> Tu correo electr\u00f3nico<br \/>\n<span class=\"wpcf7-form-control-wrap\" data-name=\"your-email\"><input size=\"40\" maxlength=\"400\" class=\"wpcf7-form-control wpcf7-email wpcf7-validates-as-required wpcf7-text wpcf7-validates-as-email\" autocomplete=\"email\" aria-required=\"true\" aria-invalid=\"false\" value=\"\" type=\"email\" name=\"your-email\" \/><\/span> <\/label>\n<\/p>\n<p><label> Su mensaje (opcional)<br \/>\n<span class=\"wpcf7-form-control-wrap\" data-name=\"your-message\"><textarea cols=\"40\" rows=\"10\" maxlength=\"2000\" class=\"wpcf7-form-control wpcf7-textarea\" aria-invalid=\"false\" name=\"your-message\"><\/textarea><\/span> <\/label>\n<\/p>\n<p><input class=\"wpcf7-form-control wpcf7-submit has-spinner\" type=\"submit\" value=\"Enviar\" \/>\n<\/p><div class=\"wpcf7-response-output\" aria-hidden=\"true\"><\/div>\n<input type=\"hidden\" name=\"trp-form-language\" value=\"es\"\/><\/form>\n<\/div>\n<\/div>\n\n<\/div><\/div>\n<\/div>\n\n\n<hr class=\"wp-block-separator has-alpha-channel-opacity\"\/>\n\n\n\n<div class=\"wp-block-columns is-layout-flex wp-container-core-columns-is-layout-9d6595d7 wp-block-columns-is-layout-flex\">\n<div class=\"wp-block-column is-layout-flow wp-block-column-is-layout-flow\"><div class=\"gb-container gb-container-a83858ef clickable-container\">\n\n<h5 class=\"gb-headline gb-headline-83ff5696 round-icon\"><span class=\"gb-icon\"><svg aria-hidden=\"true\" role=\"img\" height=\"1em\" width=\"1em\" viewbox=\"0 0 256 512\" xmlns=\"http:\/\/www.w3.org\/2000\/svg\"><path fill=\"currentColor\" d=\"M224.3 273l-136 136c-9.4 9.4-24.6 9.4-33.9 0l-22.6-22.6c-9.4-9.4-9.4-24.6 0-33.9l96.4-96.4-96.4-96.4c-9.4-9.4-9.4-24.6 0-33.9L54.3 103c9.4-9.4 24.6-9.4 33.9 0l136 136c9.5 9.4 9.5 24.6.1 34z\"><\/path><\/svg><\/span><span class=\"gb-headline-text\"><a href=\"https:\/\/live-rawf.pantheonsite.io\/event\/caregiver-support-groups\/\">Grupos de apoyo<\/a><\/span><\/h5>\n\n<\/div><\/div>\n\n\n\n<div class=\"wp-block-column is-layout-flow wp-block-column-is-layout-flow\"><div class=\"gb-container gb-container-c65b9708 clickable-container\">\n\n<h5 class=\"gb-headline gb-headline-2aee17b1 round-icon\"><span class=\"gb-icon\"><svg aria-hidden=\"true\" role=\"img\" height=\"1em\" width=\"1em\" viewbox=\"0 0 256 512\" xmlns=\"http:\/\/www.w3.org\/2000\/svg\"><path fill=\"currentColor\" d=\"M224.3 273l-136 136c-9.4 9.4-24.6 9.4-33.9 0l-22.6-22.6c-9.4-9.4-9.4-24.6 0-33.9l96.4-96.4-96.4-96.4c-9.4-9.4-9.4-24.6 0-33.9L54.3 103c9.4-9.4 24.6-9.4 33.9 0l136 136c9.5 9.4 9.5 24.6.1 34z\"><\/path><\/svg><\/span><span class=\"gb-headline-text\"><a href=\"https:\/\/live-rawf.pantheonsite.io\/newly-diagnosed\/\">Reci\u00e9n diagnosticado<\/a><\/span><\/h5>\n\n<\/div><\/div>\n\n\n\n<div class=\"wp-block-column is-layout-flow wp-block-column-is-layout-flow\"><div class=\"gb-container gb-container-3430f7bc clickable-container\">\n\n<h5 class=\"gb-headline gb-headline-fa56953d round-icon\"><span class=\"gb-icon\"><svg aria-hidden=\"true\" role=\"img\" height=\"1em\" width=\"1em\" viewbox=\"0 0 256 512\" xmlns=\"http:\/\/www.w3.org\/2000\/svg\"><path fill=\"currentColor\" d=\"M224.3 273l-136 136c-9.4 9.4-24.6 9.4-33.9 0l-22.6-22.6c-9.4-9.4-9.4-24.6 0-33.9l96.4-96.4-96.4-96.4c-9.4-9.4-9.4-24.6 0-33.9L54.3 103c9.4-9.4 24.6-9.4 33.9 0l136 136c9.5 9.4 9.5 24.6.1 34z\"><\/path><\/svg><\/span><span class=\"gb-headline-text\"><a href=\"\/es\/cuidadores\/\">Buscador de m\u00e9dicos<\/a><\/span><\/h5>\n\n<\/div><\/div>\n<\/div>","protected":false},"excerpt":{"rendered":"<p>Grupos de apoyo Reci\u00e9n diagnosticados Buscador de m\u00e9dicos<\/p>","protected":false},"author":1,"featured_media":0,"parent":0,"menu_order":83,"comment_status":"closed","ping_status":"closed","template":"","meta":{"_acf_changed":false,"footnotes":""},"class_list":{"0":"post-5284","1":"page","2":"type-page","3":"status-publish","5":"no-featured-image-padding"},"acf":[],"yoast_head":"<!-- This site is optimized with the Yoast SEO plugin v27.3 - https:\/\/yoast.com\/product\/yoast-seo-wordpress\/ -->\n<title>Get In Touch - Raymond A. Wood Foundation<\/title>\n<meta name=\"description\" content=\"Have a question or a concern? Send us an email with our contact form and we will get back to you as soon as we can.\" \/>\n<meta name=\"robots\" content=\"index, follow, max-snippet:-1, max-image-preview:large, max-video-preview:-1\" \/>\n<link rel=\"canonical\" href=\"https:\/\/www.rawoodfoundation.org\/es\/pongase-en-contacto-con\/\" \/>\n<meta property=\"og:locale\" content=\"es_MX\" \/>\n<meta property=\"og:type\" content=\"article\" \/>\n<meta property=\"og:title\" content=\"Get In Touch - Raymond A. Wood Foundation\" \/>\n<meta property=\"og:description\" content=\"Have a question or a concern? Send us an email with our contact form and we will get back to you as soon as we can.\" \/>\n<meta property=\"og:url\" content=\"https:\/\/www.rawoodfoundation.org\/es\/pongase-en-contacto-con\/\" \/>\n<meta property=\"og:site_name\" content=\"Raymond A. Wood Foundation\" \/>\n<meta property=\"article:publisher\" content=\"https:\/\/www.facebook.com\/rawoodfoundation\" \/>\n<meta property=\"article:modified_time\" content=\"2026-03-19T15:41:37+00:00\" \/>\n<meta property=\"og:image\" content=\"https:\/\/www.rawoodfoundation.org\/wp-content\/uploads\/2023\/07\/help.jpg\" \/>\n\t<meta property=\"og:image:width\" content=\"509\" \/>\n\t<meta property=\"og:image:height\" content=\"339\" \/>\n\t<meta property=\"og:image:type\" content=\"image\/jpeg\" \/>\n<meta name=\"twitter:card\" content=\"summary_large_image\" \/>\n<meta name=\"twitter:site\" content=\"@rawoodfound\" \/>\n<meta name=\"twitter:label1\" content=\"Tiempo de lectura\" \/>\n\t<meta name=\"twitter:data1\" content=\"1 minuto\" \/>\n<script type=\"application\/ld+json\" class=\"yoast-schema-graph\">{\"@context\":\"https:\\\/\\\/schema.org\",\"@graph\":[{\"@type\":\"WebPage\",\"@id\":\"https:\\\/\\\/www.rawoodfoundation.org\\\/contact\\\/\",\"url\":\"https:\\\/\\\/www.rawoodfoundation.org\\\/contact\\\/\",\"name\":\"Get In Touch - Raymond A. Wood Foundation\",\"isPartOf\":{\"@id\":\"https:\\\/\\\/www.rawoodfoundation.org\\\/#website\"},\"primaryImageOfPage\":{\"@id\":\"https:\\\/\\\/www.rawoodfoundation.org\\\/contact\\\/#primaryimage\"},\"image\":{\"@id\":\"https:\\\/\\\/www.rawoodfoundation.org\\\/contact\\\/#primaryimage\"},\"thumbnailUrl\":\"https:\\\/\\\/live-rawf.pantheonsite.io\\\/wp-content\\\/uploads\\\/2023\\\/07\\\/help.jpg\",\"datePublished\":\"2023-05-16T20:12:00+00:00\",\"dateModified\":\"2026-03-19T15:41:37+00:00\",\"description\":\"Have a question or a concern? Send us an email with our contact form and we will get back to you as soon as we can.\",\"breadcrumb\":{\"@id\":\"https:\\\/\\\/www.rawoodfoundation.org\\\/contact\\\/#breadcrumb\"},\"inLanguage\":\"es\",\"potentialAction\":[{\"@type\":\"ReadAction\",\"target\":[\"https:\\\/\\\/www.rawoodfoundation.org\\\/contact\\\/\"]}]},{\"@type\":\"ImageObject\",\"inLanguage\":\"es\",\"@id\":\"https:\\\/\\\/www.rawoodfoundation.org\\\/contact\\\/#primaryimage\",\"url\":\"https:\\\/\\\/live-rawf.pantheonsite.io\\\/wp-content\\\/uploads\\\/2023\\\/07\\\/help.jpg\",\"contentUrl\":\"https:\\\/\\\/live-rawf.pantheonsite.io\\\/wp-content\\\/uploads\\\/2023\\\/07\\\/help.jpg\"},{\"@type\":\"BreadcrumbList\",\"@id\":\"https:\\\/\\\/www.rawoodfoundation.org\\\/contact\\\/#breadcrumb\",\"itemListElement\":[{\"@type\":\"ListItem\",\"position\":1,\"name\":\"Home\",\"item\":\"https:\\\/\\\/www.rawoodfoundation.org\\\/\"},{\"@type\":\"ListItem\",\"position\":2,\"name\":\"Get In Touch\"}]},{\"@type\":\"WebSite\",\"@id\":\"https:\\\/\\\/www.rawoodfoundation.org\\\/#website\",\"url\":\"https:\\\/\\\/www.rawoodfoundation.org\\\/\",\"name\":\"Raymond A. Wood Foundation\",\"description\":\"The mission of the RAWF is to provide quality of life support for childhood brain tumor survivors and their families.\",\"publisher\":{\"@id\":\"https:\\\/\\\/www.rawoodfoundation.org\\\/#organization\"},\"potentialAction\":[{\"@type\":\"SearchAction\",\"target\":{\"@type\":\"EntryPoint\",\"urlTemplate\":\"https:\\\/\\\/www.rawoodfoundation.org\\\/?s={search_term_string}\"},\"query-input\":{\"@type\":\"PropertyValueSpecification\",\"valueRequired\":true,\"valueName\":\"search_term_string\"}}],\"inLanguage\":\"es\"},{\"@type\":\"Organization\",\"@id\":\"https:\\\/\\\/www.rawoodfoundation.org\\\/#organization\",\"name\":\"Raymond A. Wood Foundation\",\"url\":\"https:\\\/\\\/www.rawoodfoundation.org\\\/\",\"logo\":{\"@type\":\"ImageObject\",\"inLanguage\":\"es\",\"@id\":\"https:\\\/\\\/www.rawoodfoundation.org\\\/#\\\/schema\\\/logo\\\/image\\\/\",\"url\":\"https:\\\/\\\/www.rawoodfoundation.org\\\/wp-content\\\/uploads\\\/2023\\\/07\\\/Raymond-A-Wood-Foundation-logo.webp\",\"contentUrl\":\"https:\\\/\\\/www.rawoodfoundation.org\\\/wp-content\\\/uploads\\\/2023\\\/07\\\/Raymond-A-Wood-Foundation-logo.webp\",\"width\":470,\"height\":128,\"caption\":\"Raymond A. Wood Foundation\"},\"image\":{\"@id\":\"https:\\\/\\\/www.rawoodfoundation.org\\\/#\\\/schema\\\/logo\\\/image\\\/\"},\"sameAs\":[\"https:\\\/\\\/www.facebook.com\\\/rawoodfoundation\",\"https:\\\/\\\/x.com\\\/rawoodfound\"]}]}<\/script>\n<!-- \/ Yoast SEO plugin. -->","yoast_head_json":{"title":"P\u00f3ngase en contacto - Fundaci\u00f3n Raymond A. Wood","description":"\u00bfTiene alguna pregunta o duda? Env\u00edenos un correo electr\u00f3nico con nuestro formulario de contacto y nos pondremos en contacto con usted lo antes posible.","robots":{"index":"index","follow":"follow","max-snippet":"max-snippet:-1","max-image-preview":"max-image-preview:large","max-video-preview":"max-video-preview:-1"},"canonical":"https:\/\/www.rawoodfoundation.org\/es\/pongase-en-contacto-con\/","og_locale":"es_MX","og_type":"article","og_title":"Get In Touch - Raymond A. Wood Foundation","og_description":"Have a question or a concern? Send us an email with our contact form and we will get back to you as soon as we can.","og_url":"https:\/\/www.rawoodfoundation.org\/es\/pongase-en-contacto-con\/","og_site_name":"Raymond A. Wood Foundation","article_publisher":"https:\/\/www.facebook.com\/rawoodfoundation","article_modified_time":"2026-03-19T15:41:37+00:00","og_image":[{"width":509,"height":339,"url":"https:\/\/www.rawoodfoundation.org\/wp-content\/uploads\/2023\/07\/help.jpg","type":"image\/jpeg"}],"twitter_card":"summary_large_image","twitter_site":"@rawoodfound","twitter_misc":{"Tiempo de lectura":"1 minuto"},"schema":{"@context":"https:\/\/schema.org","@graph":[{"@type":"WebPage","@id":"https:\/\/www.rawoodfoundation.org\/contact\/","url":"https:\/\/www.rawoodfoundation.org\/contact\/","name":"P\u00f3ngase en contacto - Fundaci\u00f3n Raymond A. Wood","isPartOf":{"@id":"https:\/\/www.rawoodfoundation.org\/#website"},"primaryImageOfPage":{"@id":"https:\/\/www.rawoodfoundation.org\/contact\/#primaryimage"},"image":{"@id":"https:\/\/www.rawoodfoundation.org\/contact\/#primaryimage"},"thumbnailUrl":"https:\/\/live-rawf.pantheonsite.io\/wp-content\/uploads\/2023\/07\/help.jpg","datePublished":"2023-05-16T20:12:00+00:00","dateModified":"2026-03-19T15:41:37+00:00","description":"\u00bfTiene alguna pregunta o duda? Env\u00edenos un correo electr\u00f3nico con nuestro formulario de contacto y nos pondremos en contacto con usted lo antes posible.","breadcrumb":{"@id":"https:\/\/www.rawoodfoundation.org\/contact\/#breadcrumb"},"inLanguage":"es","potentialAction":[{"@type":"ReadAction","target":["https:\/\/www.rawoodfoundation.org\/contact\/"]}]},{"@type":"ImageObject","inLanguage":"es","@id":"https:\/\/www.rawoodfoundation.org\/contact\/#primaryimage","url":"https:\/\/live-rawf.pantheonsite.io\/wp-content\/uploads\/2023\/07\/help.jpg","contentUrl":"https:\/\/live-rawf.pantheonsite.io\/wp-content\/uploads\/2023\/07\/help.jpg"},{"@type":"BreadcrumbList","@id":"https:\/\/www.rawoodfoundation.org\/contact\/#breadcrumb","itemListElement":[{"@type":"ListItem","position":1,"name":"Home","item":"https:\/\/www.rawoodfoundation.org\/"},{"@type":"ListItem","position":2,"name":"Get In Touch"}]},{"@type":"WebSite","@id":"https:\/\/www.rawoodfoundation.org\/#website","url":"https:\/\/www.rawoodfoundation.org\/","name":"Fundaci\u00f3n Raymond A. Wood","description":"La misi\u00f3n de la RAWF es proporcionar apoyo a la calidad de vida de los supervivientes de tumores cerebrales infantiles y sus familias.","publisher":{"@id":"https:\/\/www.rawoodfoundation.org\/#organization"},"potentialAction":[{"@type":"SearchAction","target":{"@type":"EntryPoint","urlTemplate":"https:\/\/www.rawoodfoundation.org\/?s={search_term_string}"},"query-input":{"@type":"PropertyValueSpecification","valueRequired":true,"valueName":"search_term_string"}}],"inLanguage":"es"},{"@type":"Organization","@id":"https:\/\/www.rawoodfoundation.org\/#organization","name":"Fundaci\u00f3n Raymond A. Wood","url":"https:\/\/www.rawoodfoundation.org\/","logo":{"@type":"ImageObject","inLanguage":"es","@id":"https:\/\/www.rawoodfoundation.org\/#\/schema\/logo\/image\/","url":"https:\/\/www.rawoodfoundation.org\/wp-content\/uploads\/2023\/07\/Raymond-A-Wood-Foundation-logo.webp","contentUrl":"https:\/\/www.rawoodfoundation.org\/wp-content\/uploads\/2023\/07\/Raymond-A-Wood-Foundation-logo.webp","width":470,"height":128,"caption":"Raymond A. Wood Foundation"},"image":{"@id":"https:\/\/www.rawoodfoundation.org\/#\/schema\/logo\/image\/"},"sameAs":["https:\/\/www.facebook.com\/rawoodfoundation","https:\/\/x.com\/rawoodfound"]}]}},"_links":{"self":[{"href":"https:\/\/www.rawoodfoundation.org\/es\/wp-json\/wp\/v2\/pages\/5284","targetHints":{"allow":["GET"]}}],"collection":[{"href":"https:\/\/www.rawoodfoundation.org\/es\/wp-json\/wp\/v2\/pages"}],"about":[{"href":"https:\/\/www.rawoodfoundation.org\/es\/wp-json\/wp\/v2\/types\/page"}],"author":[{"embeddable":true,"href":"https:\/\/www.rawoodfoundation.org\/es\/wp-json\/wp\/v2\/users\/1"}],"replies":[{"embeddable":true,"href":"https:\/\/www.rawoodfoundation.org\/es\/wp-json\/wp\/v2\/comments?post=5284"}],"version-history":[{"count":13,"href":"https:\/\/www.rawoodfoundation.org\/es\/wp-json\/wp\/v2\/pages\/5284\/revisions"}],"predecessor-version":[{"id":19206,"href":"https:\/\/www.rawoodfoundation.org\/es\/wp-json\/wp\/v2\/pages\/5284\/revisions\/19206"}],"wp:attachment":[{"href":"https:\/\/www.rawoodfoundation.org\/es\/wp-json\/wp\/v2\/media?parent=5284"}],"curies":[{"name":"wp","href":"https:\/\/api.w.org\/{rel}","templated":true}]}}