{"id":5282,"date":"2023-05-16T20:11:51","date_gmt":"2023-05-16T20:11:51","guid":{"rendered":"https:\/\/live-rawf.pantheonsite.io\/?page_id=5282"},"modified":"2025-05-05T18:05:26","modified_gmt":"2025-05-05T18:05:26","slug":"ofertas-de-empleo","status":"publish","type":"page","link":"https:\/\/www.rawoodfoundation.org\/es\/job-openings\/","title":{"rendered":"Ofertas de empleo"},"content":{"rendered":"<div class=\"wp-block-columns is-layout-flex wp-container-core-columns-is-layout-9d6595d7 wp-block-columns-is-layout-flex\">\n<div class=\"wp-block-column is-layout-flow wp-block-column-is-layout-flow\" style=\"flex-basis:75%\"><div class=\"gb-container gb-container-ad1b3d16\">\n\n<h2 class=\"wp-block-heading has-base-2-color has-text-color has-x-large-font-size\" id=\"block-b6ade3dc-d449-4819-85d9-35f64cda9cb9\">Por qu\u00e9 trabajar con Raymond A.<br>Fundaci\u00f3n de la Madera<\/h2>\n\n<\/div><\/div>\n\n\n\n<div class=\"wp-block-column hide-on-mobile is-layout-flow wp-block-column-is-layout-flow\" style=\"flex-basis:25%\"><\/div>\n<\/div>\n\n\n<div class=\"gb-container gb-container-acbffcb7 dark-cta alignfull\">\n<div class=\"gb-container gb-container-f97cffcd\">\n\n<p class=\"has-primary-text-color has-text-color has-link-color wp-elements-85aea9f737b33062f43feb25d0a33e43\">En&nbsp;<a href=\"https:\/\/www.rawoodfoundation.org\/es\/\">Fundaci\u00f3n Raymond A. Wood<\/a>&nbsp;(RAWF) es una organizaci\u00f3n sin \u00e1nimo de lucro en expansi\u00f3n que trabaja para mejorar la vida de los pacientes con tumores cerebrales hipotal\u00e1micos. Muchos de estos pacientes -tanto ni\u00f1os como adultos- sobreviven a estos tumores s\u00f3lo para sufrir problemas m\u00e9dicos y cognitivos a largo plazo que merman gravemente su calidad de vida y la de quienes los cuidan. La misi\u00f3n de RAWF es defender a estos supervivientes de tumores cerebrales y a sus cuidadores mediante investigaci\u00f3n innovadora, iniciativas educativas y sistemas de apoyo. Este trabajo no s\u00f3lo repercute directamente en la vida de la comunidad de personas con tumores cerebrales a las que servimos, sino que los descubrimientos y avances en investigaci\u00f3n asociados tienen un efecto domin\u00f3 en el ecosistema m\u00e1s amplio de la investigaci\u00f3n sobre tumores cerebrales, obesidad, problemas endocrinos y otros.&nbsp;<\/p>\n\n\n\n<p>Desempe\u00f1amos un papel vital en el apoyo a las personas y familias afectadas por estos tumores, que a menudo se caracterizan por una investigaci\u00f3n limitada, pocas opciones de tratamiento y falta de concienciaci\u00f3n. Trabajar con una organizaci\u00f3n de defensa del paciente de enfermedades raras como RAWF puede ser incre\u00edblemente significativo e impactante por diversas razones:<\/p>\n\n\n\n<ol class=\"wp-block-list\">\n<li><strong>Marcar la diferencia:<\/strong> Trabajar con un RAWF le permite influir directamente en la vida de personas que se enfrentan a retos \u00fanicos. Tus esfuerzos pueden contribuir a aumentar la concienciaci\u00f3n, mejorar el acceso a la atenci\u00f3n sanitaria y abogar por mejores opciones de investigaci\u00f3n y tratamiento.<\/li>\n\n\n\n<li><strong>Realizaci\u00f3n personal:<\/strong> Ayudar a las personas y familias afectadas por estos tumores puede aportar una profunda sensaci\u00f3n de realizaci\u00f3n personal. Su trabajo puede suponer mejoras tangibles en la calidad de vida de quienes padecen estas enfermedades.<\/li>\n\n\n\n<li><strong>Promoci\u00f3n y sensibilizaci\u00f3n:<\/strong> Las enfermedades raras suelen recibir una atenci\u00f3n y una financiaci\u00f3n limitadas en comparaci\u00f3n con otras afecciones m\u00e1s comunes. Trabajando con una organizaci\u00f3n de defensa como RAWF, puedes concienciar sobre estas enfermedades, educar al p\u00fablico y abogar por una mayor financiaci\u00f3n de la investigaci\u00f3n.<\/li>\n\n\n\n<li><strong>Edificio comunitario:<\/strong> RAWF trabaja para crear un sentimiento de comunidad entre personas y familias que, de otro modo, podr\u00edan sentirse aisladas debido a la rareza de este tumor y a las condiciones a las que se enfrentan los pacientes. Usted puede ayudar a crear una red de apoyo en la que las personas puedan compartir sus experiencias, encontrar recursos y ofrecerse apoyo emocional mutuo.<\/li>\n\n\n\n<li><strong>Colaboraci\u00f3n:<\/strong> La colaboraci\u00f3n con profesionales m\u00e9dicos, investigadores, empresas farmac\u00e9uticas y responsables pol\u00edticos es a menudo esencial para avanzar en la investigaci\u00f3n de las enfermedades raras y las opciones de tratamiento. Trabajando con RAWF, puedes ayudar a facilitar estas colaboraciones e impulsar el progreso.<\/li>\n\n\n\n<li><strong>Desarrollo de habilidades:<\/strong> Proporcionamos oportunidades para el desarrollo de habilidades en \u00e1reas como el compromiso con la comunidad, la recaudaci\u00f3n de fondos, la planificaci\u00f3n de eventos, las relaciones p\u00fablicas y la promoci\u00f3n. Estas habilidades pueden ser valiosas en diversos entornos profesionales.<\/li>\n\n\n\n<li><strong>Innovaci\u00f3n:<\/strong> Dado que las enfermedades raras carecen a menudo de protocolos de tratamiento establecidos, hay margen para la innovaci\u00f3n y la resoluci\u00f3n creativa de problemas. Sus contribuciones podr\u00edan conducir al desarrollo de nuevos enfoques de diagn\u00f3stico, tratamiento y apoyo.<\/li>\n\n\n\n<li><strong>Impacto en la pol\u00edtica:<\/strong> Las organizaciones de defensa desempe\u00f1an un papel crucial en la configuraci\u00f3n de las pol\u00edticas sanitarias relacionadas con las enfermedades raras. Usted puede participar en los esfuerzos para influir en las pol\u00edticas que mejoran el acceso a los tratamientos, aumentan la financiaci\u00f3n de la investigaci\u00f3n y mejoran la atenci\u00f3n al paciente.<\/li>\n\n\n\n<li><strong>Divulgaci\u00f3n educativa:<\/strong> Estos tumores cerebrales y las enfermedades que provocan son complejos y poco conocidos. Trabajar con una organizaci\u00f3n de defensa le permite educar a los profesionales sanitarios, a los investigadores y al p\u00fablico en general sobre estas afecciones, lo que conduce a diagn\u00f3sticos m\u00e1s precisos y a una mejor atenci\u00f3n.<\/li>\n\n\n\n<li><strong>Relaciones duraderas:<\/strong> Las conexiones que establezca con personas y familias afectadas por estos tumores cerebrales pueden ser incre\u00edblemente significativas. Tendr\u00e1s la oportunidad de entablar relaciones duraderas y ser testigo directo del impacto positivo de tu trabajo.<\/li>\n<\/ol>\n\n\n\n<p>En general, trabajar con una organizaci\u00f3n de defensa del paciente de enfermedades raras como la Fundaci\u00f3n Raymond A. Wood ofrece una oportunidad \u00fanica de contribuir a una causa que es gratificante y esencial. Te permite formar parte de una comunidad dedicada que se esfuerza por mejorar las vidas de quienes se enfrentan a inmensos retos y por lograr un cambio positivo a mayor escala.<\/p>\n\n\n\n<p><em>Raymond A. Wood Foundation es un empleador que ofrece igualdad de oportunidades. No discriminamos ni discriminaremos en el empleo, la contrataci\u00f3n, la pertenencia al Consejo, los anuncios de empleo, la remuneraci\u00f3n, el despido, la mejora de categor\u00eda, los ascensos y otras condiciones de empleo a ning\u00fan empleado o solicitante de empleo por motivos de raza, color, religi\u00f3n (credo), sexo, expresi\u00f3n de g\u00e9nero, edad, origen nacional (ascendencia), discapacidad, estado civil, orientaci\u00f3n sexual o condici\u00f3n militar, ni por ning\u00fan otro motivo discriminatorio.<\/em><\/p>\n\n\n\n<div style=\"height:46px\" aria-hidden=\"true\" class=\"wp-block-spacer\"><\/div>\n\n\n\n<h3 class=\"wp-block-heading\">Valores fundamentales y principios rectores<\/h3>\n\n\n<div class=\"gb-container gb-container-b20a1715\">\n\n<div class=\"wp-block-columns is-layout-flex wp-container-core-columns-is-layout-9d6595d7 wp-block-columns-is-layout-flex\">\n<div class=\"wp-block-column is-layout-flow wp-block-column-is-layout-flow\"><div class=\"gb-container gb-container-1887d583 box-shadow\">\n\n<h4 class=\"wp-block-heading\">Creatividad e innovaci\u00f3n<\/h4>\n\n\n\n<p>Buscar nuevos enfoques para crear soluciones o mejorar los sistemas para servir mejor a la comunidad.<\/p>\n\n<\/div><\/div>\n\n\n\n<div class=\"wp-block-column is-layout-flow wp-block-column-is-layout-flow\"><div class=\"gb-container gb-container-24664d99\">\n\n<h4 class=\"wp-block-heading\">Integridad y transparencia<\/h4>\n\n\n\n<p>Inspirar confianza mediante una comunicaci\u00f3n abierta interna y externamente.&nbsp;<\/p>\n\n<\/div><\/div>\n<\/div>\n\n\n\n<div class=\"wp-block-columns is-layout-flex wp-container-core-columns-is-layout-9d6595d7 wp-block-columns-is-layout-flex\">\n<div class=\"wp-block-column is-layout-flow wp-block-column-is-layout-flow\"><div class=\"gb-container gb-container-99966604\">\n\n<h4 class=\"wp-block-heading\">Empat\u00eda, atenci\u00f3n y compasi\u00f3n<\/h4>\n\n\n\n<p>Siempre desde la comprensi\u00f3n de los retos a los que se enfrenta la comunidad.<\/p>\n\n<\/div><\/div>\n\n\n\n<div class=\"wp-block-column is-layout-flow wp-block-column-is-layout-flow\"><div class=\"gb-container gb-container-25550869\">\n\n<h4 class=\"wp-block-heading\">\u00c9tica y confidencialidad<\/h4>\n\n\n\n<p>Mantener la confidencialidad de toda la informaci\u00f3n relativa a pacientes, supervivientes, cuidadores y profesionales sanitarios.<\/p>\n\n<\/div><\/div>\n<\/div>\n\n<\/div>\n<\/div>\n<\/div>\n\n\n<div style=\"height:46px\" aria-hidden=\"true\" class=\"wp-block-spacer\"><\/div>\n\n\n<div class=\"gb-container gb-container-b0faa0a2\">\n\n<div class=\"wp-block-columns is-layout-flex wp-container-core-columns-is-layout-9d6595d7 wp-block-columns-is-layout-flex\">\n<div class=\"wp-block-column is-layout-flow wp-block-column-is-layout-flow\" style=\"flex-basis:33.33%\"><div class=\"gb-container gb-container-254db55e\">\n\n<figure class=\"wp-block-image size-full\"><img decoding=\"async\" width=\"385\" height=\"257\" src=\"https:\/\/live-rawf.pantheonsite.io\/wp-content\/uploads\/2023\/05\/image-28.jpg\" alt=\"\" class=\"wp-image-5979\" srcset=\"https:\/\/www.rawoodfoundation.org\/wp-content\/uploads\/2023\/05\/image-28.jpg 385w, https:\/\/www.rawoodfoundation.org\/wp-content\/uploads\/2023\/05\/image-28-300x200.jpg 300w, https:\/\/www.rawoodfoundation.org\/wp-content\/uploads\/2023\/05\/image-28-18x12.jpg 18w\" sizes=\"(max-width: 385px) 100vw, 385px\" \/><\/figure>\n\n<\/div><\/div>\n\n\n\n<div class=\"wp-block-column is-layout-flow wp-block-column-is-layout-flow\" style=\"flex-basis:66.66%\"><div class=\"gb-container gb-container-2c4590e8\">\n\n<h3 class=\"gb-headline gb-headline-094bad58 gb-headline-text\">Hazte voluntario<\/h3>\n\n\n\n<p class=\"gb-headline gb-headline-33254764 gb-headline-text\">Siempre buscamos voluntarios, y ser voluntario con nosotros es una experiencia incre\u00edblemente gratificante. Puedes marcar una verdadera diferencia en la vida de aquellos a quienes sirves, y beneficiarte a ti mismo en el proceso. Nuestros voluntarios adquieren valiosas habilidades como la comunicaci\u00f3n, la resoluci\u00f3n de problemas y el liderazgo.<\/p>\n\n\n\n<p class=\"gb-headline gb-headline-52423adb round-icon\"><span class=\"gb-icon\"><svg aria-hidden=\"true\" role=\"img\" height=\"1em\" width=\"1em\" viewbox=\"0 0 256 512\" xmlns=\"http:\/\/www.w3.org\/2000\/svg\"><path fill=\"currentColor\" d=\"M224.3 273l-136 136c-9.4 9.4-24.6 9.4-33.9 0l-22.6-22.6c-9.4-9.4-9.4-24.6 0-33.9l96.4-96.4-96.4-96.4c-9.4-9.4-9.4-24.6 0-33.9L54.3 103c9.4-9.4 24.6-9.4 33.9 0l136 136c9.5 9.4 9.5 24.6.1 34z\"><\/path><\/svg><\/span><span class=\"gb-headline-text\"><a href=\"https:\/\/live-rawf.pantheonsite.io\/volunteer\/\">Hazte voluntario<\/a><\/span><\/p>\n\n<\/div><\/div>\n\n\n\n<div class=\"wp-block-column is-layout-flow wp-block-column-is-layout-flow\"><\/div>\n<\/div>\n\n<\/div>","protected":false},"excerpt":{"rendered":"<p>Por qu\u00e9 trabajar con la Fundaci\u00f3n Raymond A. Wood La Fundaci\u00f3n Raymond A. Wood (RAWF) es una organizaci\u00f3n sin \u00e1nimo de lucro en expansi\u00f3n ... <a title=\"Ofertas de empleo\" class=\"read-more\" href=\"https:\/\/www.rawoodfoundation.org\/es\/job-openings\/\" aria-label=\"Leer m\u00e1s sobre Ofertas de empleo\">Seguir leyendo<\/a><\/p>","protected":false},"author":1,"featured_media":0,"parent":0,"menu_order":85,"comment_status":"closed","ping_status":"closed","template":"","meta":{"_acf_changed":false,"footnotes":""},"class_list":{"0":"post-5282","1":"page","2":"type-page","3":"status-publish","5":"no-featured-image-padding"},"acf":[],"yoast_head":"<!-- This site is optimized with the Yoast SEO plugin v27.3 - https:\/\/yoast.com\/product\/yoast-seo-wordpress\/ -->\n<title>Job Openings - Raymond A. Wood Foundation<\/title>\n<meta name=\"description\" content=\"Interesting in working with Raymond A. Wood? Learn about the latest job openings we have and how you can apply.\" \/>\n<meta name=\"robots\" content=\"index, follow, max-snippet:-1, max-image-preview:large, max-video-preview:-1\" \/>\n<link rel=\"canonical\" href=\"https:\/\/www.rawoodfoundation.org\/es\/ofertas-de-empleo\/\" \/>\n<meta property=\"og:locale\" content=\"es_MX\" \/>\n<meta property=\"og:type\" content=\"article\" \/>\n<meta property=\"og:title\" content=\"Job Openings - Raymond A. Wood Foundation\" \/>\n<meta property=\"og:description\" content=\"Interesting in working with Raymond A. Wood? Learn about the latest job openings we have and how you can apply.\" \/>\n<meta property=\"og:url\" content=\"https:\/\/www.rawoodfoundation.org\/es\/ofertas-de-empleo\/\" \/>\n<meta property=\"og:site_name\" content=\"Raymond A. Wood Foundation\" \/>\n<meta property=\"article:publisher\" content=\"https:\/\/www.facebook.com\/rawoodfoundation\" \/>\n<meta property=\"article:modified_time\" content=\"2025-05-05T18:05:26+00:00\" \/>\n<meta property=\"og:image\" content=\"https:\/\/live-rawf.pantheonsite.io\/wp-content\/uploads\/2023\/05\/image-28.jpg\" \/>\n<meta name=\"twitter:card\" content=\"summary_large_image\" \/>\n<meta name=\"twitter:site\" content=\"@rawoodfound\" \/>\n<meta name=\"twitter:label1\" content=\"Tiempo de lectura\" \/>\n\t<meta name=\"twitter:data1\" content=\"4 minutos\" \/>\n<script type=\"application\/ld+json\" class=\"yoast-schema-graph\">{\"@context\":\"https:\\\/\\\/schema.org\",\"@graph\":[{\"@type\":\"WebPage\",\"@id\":\"https:\\\/\\\/www.rawoodfoundation.org\\\/job-openings\\\/\",\"url\":\"https:\\\/\\\/www.rawoodfoundation.org\\\/job-openings\\\/\",\"name\":\"Job Openings - Raymond A. Wood Foundation\",\"isPartOf\":{\"@id\":\"https:\\\/\\\/www.rawoodfoundation.org\\\/#website\"},\"primaryImageOfPage\":{\"@id\":\"https:\\\/\\\/www.rawoodfoundation.org\\\/job-openings\\\/#primaryimage\"},\"image\":{\"@id\":\"https:\\\/\\\/www.rawoodfoundation.org\\\/job-openings\\\/#primaryimage\"},\"thumbnailUrl\":\"https:\\\/\\\/live-rawf.pantheonsite.io\\\/wp-content\\\/uploads\\\/2023\\\/05\\\/image-28.jpg\",\"datePublished\":\"2023-05-16T20:11:51+00:00\",\"dateModified\":\"2025-05-05T18:05:26+00:00\",\"description\":\"Interesting in working with Raymond A. Wood? Learn about the latest job openings we have and how you can apply.\",\"breadcrumb\":{\"@id\":\"https:\\\/\\\/www.rawoodfoundation.org\\\/job-openings\\\/#breadcrumb\"},\"inLanguage\":\"es\",\"potentialAction\":[{\"@type\":\"ReadAction\",\"target\":[\"https:\\\/\\\/www.rawoodfoundation.org\\\/job-openings\\\/\"]}]},{\"@type\":\"ImageObject\",\"inLanguage\":\"es\",\"@id\":\"https:\\\/\\\/www.rawoodfoundation.org\\\/job-openings\\\/#primaryimage\",\"url\":\"https:\\\/\\\/live-rawf.pantheonsite.io\\\/wp-content\\\/uploads\\\/2023\\\/05\\\/image-28.jpg\",\"contentUrl\":\"https:\\\/\\\/live-rawf.pantheonsite.io\\\/wp-content\\\/uploads\\\/2023\\\/05\\\/image-28.jpg\"},{\"@type\":\"BreadcrumbList\",\"@id\":\"https:\\\/\\\/www.rawoodfoundation.org\\\/job-openings\\\/#breadcrumb\",\"itemListElement\":[{\"@type\":\"ListItem\",\"position\":1,\"name\":\"Home\",\"item\":\"https:\\\/\\\/www.rawoodfoundation.org\\\/\"},{\"@type\":\"ListItem\",\"position\":2,\"name\":\"Job Openings\"}]},{\"@type\":\"WebSite\",\"@id\":\"https:\\\/\\\/www.rawoodfoundation.org\\\/#website\",\"url\":\"https:\\\/\\\/www.rawoodfoundation.org\\\/\",\"name\":\"Raymond A. Wood Foundation\",\"description\":\"The mission of the RAWF is to provide quality of life support for childhood brain tumor survivors and their families.\",\"publisher\":{\"@id\":\"https:\\\/\\\/www.rawoodfoundation.org\\\/#organization\"},\"potentialAction\":[{\"@type\":\"SearchAction\",\"target\":{\"@type\":\"EntryPoint\",\"urlTemplate\":\"https:\\\/\\\/www.rawoodfoundation.org\\\/?s={search_term_string}\"},\"query-input\":{\"@type\":\"PropertyValueSpecification\",\"valueRequired\":true,\"valueName\":\"search_term_string\"}}],\"inLanguage\":\"es\"},{\"@type\":\"Organization\",\"@id\":\"https:\\\/\\\/www.rawoodfoundation.org\\\/#organization\",\"name\":\"Raymond A. Wood Foundation\",\"url\":\"https:\\\/\\\/www.rawoodfoundation.org\\\/\",\"logo\":{\"@type\":\"ImageObject\",\"inLanguage\":\"es\",\"@id\":\"https:\\\/\\\/www.rawoodfoundation.org\\\/#\\\/schema\\\/logo\\\/image\\\/\",\"url\":\"https:\\\/\\\/www.rawoodfoundation.org\\\/wp-content\\\/uploads\\\/2023\\\/07\\\/Raymond-A-Wood-Foundation-logo.webp\",\"contentUrl\":\"https:\\\/\\\/www.rawoodfoundation.org\\\/wp-content\\\/uploads\\\/2023\\\/07\\\/Raymond-A-Wood-Foundation-logo.webp\",\"width\":470,\"height\":128,\"caption\":\"Raymond A. Wood Foundation\"},\"image\":{\"@id\":\"https:\\\/\\\/www.rawoodfoundation.org\\\/#\\\/schema\\\/logo\\\/image\\\/\"},\"sameAs\":[\"https:\\\/\\\/www.facebook.com\\\/rawoodfoundation\",\"https:\\\/\\\/x.com\\\/rawoodfound\"]}]}<\/script>\n<!-- \/ Yoast SEO plugin. -->","yoast_head_json":{"title":"Ofertas de empleo - Fundaci\u00f3n Raymond A. Wood","description":"\u00bfLe interesa trabajar con Raymond A. Wood? Inf\u00f3rmese sobre las \u00faltimas ofertas de empleo que tenemos y c\u00f3mo puede presentar su candidatura.","robots":{"index":"index","follow":"follow","max-snippet":"max-snippet:-1","max-image-preview":"max-image-preview:large","max-video-preview":"max-video-preview:-1"},"canonical":"https:\/\/www.rawoodfoundation.org\/es\/ofertas-de-empleo\/","og_locale":"es_MX","og_type":"article","og_title":"Job Openings - Raymond A. Wood Foundation","og_description":"Interesting in working with Raymond A. Wood? Learn about the latest job openings we have and how you can apply.","og_url":"https:\/\/www.rawoodfoundation.org\/es\/ofertas-de-empleo\/","og_site_name":"Raymond A. Wood Foundation","article_publisher":"https:\/\/www.facebook.com\/rawoodfoundation","article_modified_time":"2025-05-05T18:05:26+00:00","og_image":[{"url":"https:\/\/live-rawf.pantheonsite.io\/wp-content\/uploads\/2023\/05\/image-28.jpg","type":"","width":"","height":""}],"twitter_card":"summary_large_image","twitter_site":"@rawoodfound","twitter_misc":{"Tiempo de lectura":"4 minutos"},"schema":{"@context":"https:\/\/schema.org","@graph":[{"@type":"WebPage","@id":"https:\/\/www.rawoodfoundation.org\/job-openings\/","url":"https:\/\/www.rawoodfoundation.org\/job-openings\/","name":"Ofertas de empleo - Fundaci\u00f3n Raymond A. Wood","isPartOf":{"@id":"https:\/\/www.rawoodfoundation.org\/#website"},"primaryImageOfPage":{"@id":"https:\/\/www.rawoodfoundation.org\/job-openings\/#primaryimage"},"image":{"@id":"https:\/\/www.rawoodfoundation.org\/job-openings\/#primaryimage"},"thumbnailUrl":"https:\/\/live-rawf.pantheonsite.io\/wp-content\/uploads\/2023\/05\/image-28.jpg","datePublished":"2023-05-16T20:11:51+00:00","dateModified":"2025-05-05T18:05:26+00:00","description":"\u00bfLe interesa trabajar con Raymond A. Wood? Inf\u00f3rmese sobre las \u00faltimas ofertas de empleo que tenemos y c\u00f3mo puede presentar su candidatura.","breadcrumb":{"@id":"https:\/\/www.rawoodfoundation.org\/job-openings\/#breadcrumb"},"inLanguage":"es","potentialAction":[{"@type":"ReadAction","target":["https:\/\/www.rawoodfoundation.org\/job-openings\/"]}]},{"@type":"ImageObject","inLanguage":"es","@id":"https:\/\/www.rawoodfoundation.org\/job-openings\/#primaryimage","url":"https:\/\/live-rawf.pantheonsite.io\/wp-content\/uploads\/2023\/05\/image-28.jpg","contentUrl":"https:\/\/live-rawf.pantheonsite.io\/wp-content\/uploads\/2023\/05\/image-28.jpg"},{"@type":"BreadcrumbList","@id":"https:\/\/www.rawoodfoundation.org\/job-openings\/#breadcrumb","itemListElement":[{"@type":"ListItem","position":1,"name":"Home","item":"https:\/\/www.rawoodfoundation.org\/"},{"@type":"ListItem","position":2,"name":"Job Openings"}]},{"@type":"WebSite","@id":"https:\/\/www.rawoodfoundation.org\/#website","url":"https:\/\/www.rawoodfoundation.org\/","name":"Fundaci\u00f3n Raymond A. Wood","description":"La misi\u00f3n de la RAWF es proporcionar apoyo a la calidad de vida de los supervivientes de tumores cerebrales infantiles y sus familias.","publisher":{"@id":"https:\/\/www.rawoodfoundation.org\/#organization"},"potentialAction":[{"@type":"SearchAction","target":{"@type":"EntryPoint","urlTemplate":"https:\/\/www.rawoodfoundation.org\/?s={search_term_string}"},"query-input":{"@type":"PropertyValueSpecification","valueRequired":true,"valueName":"search_term_string"}}],"inLanguage":"es"},{"@type":"Organization","@id":"https:\/\/www.rawoodfoundation.org\/#organization","name":"Fundaci\u00f3n Raymond A. Wood","url":"https:\/\/www.rawoodfoundation.org\/","logo":{"@type":"ImageObject","inLanguage":"es","@id":"https:\/\/www.rawoodfoundation.org\/#\/schema\/logo\/image\/","url":"https:\/\/www.rawoodfoundation.org\/wp-content\/uploads\/2023\/07\/Raymond-A-Wood-Foundation-logo.webp","contentUrl":"https:\/\/www.rawoodfoundation.org\/wp-content\/uploads\/2023\/07\/Raymond-A-Wood-Foundation-logo.webp","width":470,"height":128,"caption":"Raymond A. Wood Foundation"},"image":{"@id":"https:\/\/www.rawoodfoundation.org\/#\/schema\/logo\/image\/"},"sameAs":["https:\/\/www.facebook.com\/rawoodfoundation","https:\/\/x.com\/rawoodfound"]}]}},"_links":{"self":[{"href":"https:\/\/www.rawoodfoundation.org\/es\/wp-json\/wp\/v2\/pages\/5282","targetHints":{"allow":["GET"]}}],"collection":[{"href":"https:\/\/www.rawoodfoundation.org\/es\/wp-json\/wp\/v2\/pages"}],"about":[{"href":"https:\/\/www.rawoodfoundation.org\/es\/wp-json\/wp\/v2\/types\/page"}],"author":[{"embeddable":true,"href":"https:\/\/www.rawoodfoundation.org\/es\/wp-json\/wp\/v2\/users\/1"}],"replies":[{"embeddable":true,"href":"https:\/\/www.rawoodfoundation.org\/es\/wp-json\/wp\/v2\/comments?post=5282"}],"version-history":[{"count":14,"href":"https:\/\/www.rawoodfoundation.org\/es\/wp-json\/wp\/v2\/pages\/5282\/revisions"}],"predecessor-version":[{"id":12967,"href":"https:\/\/www.rawoodfoundation.org\/es\/wp-json\/wp\/v2\/pages\/5282\/revisions\/12967"}],"wp:attachment":[{"href":"https:\/\/www.rawoodfoundation.org\/es\/wp-json\/wp\/v2\/media?parent=5282"}],"curies":[{"name":"wp","href":"https:\/\/api.w.org\/{rel}","templated":true}]}}