{"id":5253,"date":"2023-05-16T18:40:57","date_gmt":"2023-05-16T18:40:57","guid":{"rendered":"https:\/\/live-rawf.pantheonsite.io\/?page_id=5253"},"modified":"2025-12-23T04:04:53","modified_gmt":"2025-12-23T04:04:53","slug":"politica-de-privacidad","status":"publish","type":"page","link":"https:\/\/www.rawoodfoundation.org\/es\/privacy-policy\/","title":{"rendered":"Pol\u00edtica de privacidad"},"content":{"rendered":"<div style=\"height:60px\" aria-hidden=\"true\" class=\"wp-block-spacer\"><\/div>\n\n\n<div class=\"gb-grid-wrapper gb-grid-wrapper-d188fd82\">\n<div class=\"gb-grid-column gb-grid-column-749b0c1e\"><div class=\"gb-container gb-container-749b0c1e\"><\/div><\/div>\n\n<div class=\"gb-grid-column gb-grid-column-e6cc6a7e\"><div class=\"gb-container gb-container-e6cc6a7e\">\n\n<p>Proteger su informaci\u00f3n privada es nuestra prioridad. Esta Declaraci\u00f3n de Privacidad se aplica a www.rawoodfoundation.org y Raymond A. Wood Foundation y regula la recogida y uso de datos. A efectos de la presente Pol\u00edtica de Privacidad, salvo que se indique lo contrario, todas las referencias a Raymond A. Wood Foundation incluyen www.rawoodfoundation.org y RAWF. El sitio web de RAWF es un sitio web sin \u00e1nimo de lucro. Al utilizar el sitio web de RAWF, usted acepta las pr\u00e1cticas relativas a los datos que se describen en esta declaraci\u00f3n.<\/p>\n\n\n\n<h2 class=\"wp-block-heading\">Recogida de sus datos personales<\/h2>\n\n\n\n<p>RAWF puede recopilar informaci\u00f3n de identificaci\u00f3n personal, como su nombre. Si adquiere productos y servicios de RAWF, recopilamos datos de facturaci\u00f3n y de su tarjeta de cr\u00e9dito. Esta informaci\u00f3n se utiliza para completar la transacci\u00f3n de compra. Es posible que en el futuro recopilemos informaci\u00f3n personal o no personal adicional.&nbsp;<br>&nbsp;&nbsp;<br>RAWF puede recopilar autom\u00e1ticamente informaci\u00f3n sobre el hardware y el software de su ordenador. Esta informaci\u00f3n puede incluir: su direcci\u00f3n IP, tipo de navegador, nombres de dominio, tiempos de acceso y direcciones de sitios web de referencia. Esta informaci\u00f3n se utiliza para el funcionamiento del servicio, para mantener la calidad del servicio prestado y para brindar estad\u00edsticas generales acerca del uso del sitio RAWF.&nbsp;<br>&nbsp;&nbsp;<br>RAWF le anima a revisar las declaraciones de privacidad de los sitios web a los que decide enlazar desde RAWF para que pueda entender c\u00f3mo esos sitios web recopilan, utilizan y comparten su informaci\u00f3n. RAWF no es responsable de las declaraciones de privacidad ni de otros contenidos de sitios web ajenos a RAWF.<\/p>\n\n\n\n<h2 class=\"wp-block-heading\">Uso de sus datos personales<\/h2>\n\n\n\n<p>RAWF recopila y utiliza su informaci\u00f3n personal para operar su(s) sitio(s) web y prestarle los servicios que haya solicitado.&nbsp;<br>&nbsp;&nbsp;<br>RAWF tambi\u00e9n puede utilizar la informaci\u00f3n de su identificaci\u00f3n personal para informarle de los programas disponibles en RAWF y sus afiliados. RAWF puede tambi\u00e9n ponerse en contacto con Usted mediante encuestas, para conocer su opini\u00f3n sobre los servicios prestados actualmente o potenciales servicios a ofrecer en el futuro.&nbsp;<br>&nbsp;&nbsp;<br>RAWF no vende, alquila ni cede sus listas de clientes a terceros.&nbsp;<br>&nbsp;&nbsp;<br>RAWF puede compartir los datos con socios fiables para ayudar a ejecutar una an\u00e1lisis estad\u00edstico, enviarle por email o por correo, proporcionarle asistencia u organizar las entregas. Est\u00e1 prohibida a todos los terceros la utilizaci\u00f3n de su informaci\u00f3n personal con excepci\u00f3n de proporcionar estos servicios a RAWF, y se le pide mantenga discreci\u00f3n en lo que ata\u00f1e a la informaci\u00f3n.&nbsp;<br>&nbsp;&nbsp;<br>RAWF divulgar\u00e1 su informaci\u00f3n personal, sin previo aviso, s\u00f3lo si es requerido por la ley o en la creencia de buena fe que dicha acci\u00f3n es necesaria para: (a) cumplir con los edictos de la ley o con un proceso legal realizado sobre RAWF o el sitio; (b) proteger y defender los derechos o la propiedad de RAWF; y, (c) actuar bajo circunstancias extremas para proteger la seguridad personal de los usuarios de RAWF, o del p\u00fablico.<\/p>\n\n\n\n<h2 class=\"wp-block-heading\">Seguridad de sus datos personales<\/h2>\n\n\n\n<p>RAWF protege su informaci\u00f3n personal frente al acceso, uso o divulgaci\u00f3n no autorizados. Cuando la informaci\u00f3n personal (como el n\u00famero de tarjeta de cr\u00e9dito) se transmite a otros sitios web, se protege mediante el uso de cifrado, como el protocolo Secure Sockets Layer (SSL).<\/p>\n\n\n\n<h2 class=\"wp-block-heading\">Menores de trece a\u00f1os<\/h2>\n\n\n\n<p>RAWF no recopila conscientemente informaci\u00f3n personal identificable de ni\u00f1os menores de trece a\u00f1os. Si tiene menos de trece a\u00f1os, debe pedir permiso a sus padres o tutores para utilizar este sitio web.<\/p>\n\n\n\n<h2 class=\"wp-block-heading\">Exclusi\u00f3n y anulaci\u00f3n de la suscripci\u00f3n<\/h2>\n\n\n\n<p>Respetamos su privacidad y le damos la oportunidad de optar por no recibir anuncios de cierta informaci\u00f3n. Los usuarios pueden optar por no recibir ninguna o ninguna comunicaci\u00f3n de RAWF poni\u00e9ndose en contacto con nosotros aqu\u00ed:<\/p>\n\n\n\n<div class=\"wp-block-contact-form-7-contact-form-selector\">\n<div class=\"wpcf7 no-js\" id=\"wpcf7-f5255-o1\" lang=\"en-US\" dir=\"ltr\" data-wpcf7-id=\"5255\">\n<div class=\"screen-reader-response\"><p role=\"status\" aria-live=\"polite\" aria-atomic=\"true\"><\/p> <ul><\/ul><\/div>\n<form action=\"\/es\/wp-json\/wp\/v2\/pages\/5253#wpcf7-f5255-o1\" method=\"post\" class=\"wpcf7-form init\" aria-label=\"Formulario de contacto\" novalidate=\"novalidate\" data-status=\"init\" data-trp-original-action=\"\/es\/wp-json\/wp\/v2\/pages\/5253#wpcf7-f5255-o1\">\n<fieldset class=\"hidden-fields-container\"><input type=\"hidden\" name=\"_wpcf7\" value=\"5255\" \/><input type=\"hidden\" name=\"_wpcf7_version\" value=\"6.1.5\" \/><input type=\"hidden\" name=\"_wpcf7_locale\" value=\"en_US\" \/><input type=\"hidden\" name=\"_wpcf7_unit_tag\" value=\"wpcf7-f5255-o1\" \/><input type=\"hidden\" name=\"_wpcf7_container_post\" value=\"0\" \/><input type=\"hidden\" name=\"_wpcf7_posted_data_hash\" value=\"\" \/><input type=\"hidden\" name=\"_wpcf7_recaptcha_response\" value=\"\" \/>\n<\/fieldset>\n<p><label> Nombre y apellidos<br \/>\n<span class=\"wpcf7-form-control-wrap\" data-name=\"your-name\"><input size=\"40\" maxlength=\"400\" class=\"wpcf7-form-control wpcf7-text wpcf7-validates-as-required\" autocomplete=\"name\" aria-required=\"true\" aria-invalid=\"false\" value=\"\" type=\"text\" name=\"your-name\" \/><\/span> <\/label>\n<\/p>\n<p><label> Tu correo electr\u00f3nico<br \/>\n<span class=\"wpcf7-form-control-wrap\" data-name=\"your-email\"><input size=\"40\" maxlength=\"400\" class=\"wpcf7-form-control wpcf7-email wpcf7-validates-as-required wpcf7-text wpcf7-validates-as-email\" autocomplete=\"email\" aria-required=\"true\" aria-invalid=\"false\" value=\"\" type=\"email\" name=\"your-email\" \/><\/span> <\/label>\n<\/p>\n<p><input class=\"wpcf7-form-control wpcf7-submit has-spinner\" type=\"submit\" value=\"Enviar\" \/>\n<\/p><div class=\"wpcf7-response-output\" aria-hidden=\"true\"><\/div>\n<input type=\"hidden\" name=\"trp-form-language\" value=\"es\"\/><\/form>\n<\/div>\n<\/div>\n\n\n\n<h2 class=\"wp-block-heading\">Cambios en esta declaraci\u00f3n<\/h2>\n\n\n\n<p>RAWF podr\u00e1 ocasionalmente actualizar esta Declaraci\u00f3n de Privacidad para reflejar las sugerencias tanto de la compa\u00f1\u00eda como de los clientes. En RAWF lo alentamos a que revise peri\u00f3dicamente esta Declaraci\u00f3n para estar informado de c\u00f3mo RAWF protege su informaci\u00f3n.&nbsp;<\/p>\n\n\n\n<h2 class=\"wp-block-heading\">Informaci\u00f3n de contacto<\/h2>\n\n\n\n<p>RAWF da la bienvenida a sus preguntas o comentarios que ata\u00f1en a esta Norma de Privacidad. Si Usted cree que RAWF no se ha ce\u00f1ido a esta Declaraci\u00f3n, por favor, p\u00f3ngase en contacto con RAWF a trav\u00e9s de:&nbsp;<\/p>\n\n\n\n<p>Fundaci\u00f3n Raymond A. Wood, Inc.<br>12417 Ocean Gateway<br>Suite B11 #108<br>Ocean City, MD 21842<\/p>\n\n\n\n<p>Direcci\u00f3n de correo electr\u00f3nico:&nbsp;<br>info@rawoodfoundation.org<\/p>\n\n\n\n<p><em>En vigor desde el 01 de febrero de 2017<\/em><\/p>\n\n<\/div><\/div>\n\n<div class=\"gb-grid-column gb-grid-column-c4cda36d\"><div class=\"gb-container gb-container-c4cda36d\"><\/div><\/div>\n<\/div>","protected":false},"excerpt":{"rendered":"","protected":false},"author":1,"featured_media":0,"parent":0,"menu_order":93,"comment_status":"closed","ping_status":"closed","template":"","meta":{"_acf_changed":false,"footnotes":""},"class_list":{"0":"post-5253","1":"page","2":"type-page","3":"status-publish","5":"no-featured-image-padding"},"acf":[],"yoast_head":"<!-- This site is optimized with the Yoast SEO plugin v27.3 - https:\/\/yoast.com\/product\/yoast-seo-wordpress\/ -->\n<title>Privacy Policy - Raymond A. Wood Foundation<\/title>\n<meta name=\"robots\" content=\"index, follow, max-snippet:-1, max-image-preview:large, max-video-preview:-1\" \/>\n<link rel=\"canonical\" href=\"https:\/\/www.rawoodfoundation.org\/es\/politica-de-privacidad\/\" \/>\n<meta property=\"og:locale\" content=\"es_MX\" \/>\n<meta property=\"og:type\" content=\"article\" \/>\n<meta property=\"og:title\" content=\"Privacy Policy - Raymond A. Wood Foundation\" \/>\n<meta property=\"og:url\" content=\"https:\/\/www.rawoodfoundation.org\/es\/politica-de-privacidad\/\" \/>\n<meta property=\"og:site_name\" content=\"Raymond A. Wood Foundation\" \/>\n<meta property=\"article:publisher\" content=\"https:\/\/www.facebook.com\/rawoodfoundation\" \/>\n<meta property=\"article:modified_time\" content=\"2025-12-23T04:04:53+00:00\" \/>\n<meta property=\"og:image\" content=\"https:\/\/www.rawoodfoundation.org\/wp-content\/uploads\/2025\/12\/Privacy-policy-Page.webp\" \/>\n\t<meta property=\"og:image:width\" content=\"1198\" \/>\n\t<meta property=\"og:image:height\" content=\"568\" \/>\n\t<meta property=\"og:image:type\" content=\"image\/webp\" \/>\n<meta name=\"twitter:card\" content=\"summary_large_image\" \/>\n<meta name=\"twitter:image\" content=\"https:\/\/www.rawoodfoundation.org\/wp-content\/uploads\/2025\/12\/Privacy-policy-Page.webp\" \/>\n<meta name=\"twitter:site\" content=\"@rawoodfound\" \/>\n<meta name=\"twitter:label1\" content=\"Tiempo de lectura\" \/>\n\t<meta name=\"twitter:data1\" content=\"3 minutos\" \/>\n<script type=\"application\/ld+json\" class=\"yoast-schema-graph\">{\"@context\":\"https:\\\/\\\/schema.org\",\"@graph\":[{\"@type\":\"WebPage\",\"@id\":\"https:\\\/\\\/www.rawoodfoundation.org\\\/privacy-policy\\\/\",\"url\":\"https:\\\/\\\/www.rawoodfoundation.org\\\/privacy-policy\\\/\",\"name\":\"Privacy Policy - Raymond A. Wood Foundation\",\"isPartOf\":{\"@id\":\"https:\\\/\\\/www.rawoodfoundation.org\\\/#website\"},\"datePublished\":\"2023-05-16T18:40:57+00:00\",\"dateModified\":\"2025-12-23T04:04:53+00:00\",\"breadcrumb\":{\"@id\":\"https:\\\/\\\/www.rawoodfoundation.org\\\/privacy-policy\\\/#breadcrumb\"},\"inLanguage\":\"es\",\"potentialAction\":[{\"@type\":\"ReadAction\",\"target\":[\"https:\\\/\\\/www.rawoodfoundation.org\\\/privacy-policy\\\/\"]}]},{\"@type\":\"BreadcrumbList\",\"@id\":\"https:\\\/\\\/www.rawoodfoundation.org\\\/privacy-policy\\\/#breadcrumb\",\"itemListElement\":[{\"@type\":\"ListItem\",\"position\":1,\"name\":\"Home\",\"item\":\"https:\\\/\\\/www.rawoodfoundation.org\\\/\"},{\"@type\":\"ListItem\",\"position\":2,\"name\":\"Privacy Policy\"}]},{\"@type\":\"WebSite\",\"@id\":\"https:\\\/\\\/www.rawoodfoundation.org\\\/#website\",\"url\":\"https:\\\/\\\/www.rawoodfoundation.org\\\/\",\"name\":\"Raymond A. Wood Foundation\",\"description\":\"The mission of the RAWF is to provide quality of life support for childhood brain tumor survivors and their families.\",\"publisher\":{\"@id\":\"https:\\\/\\\/www.rawoodfoundation.org\\\/#organization\"},\"potentialAction\":[{\"@type\":\"SearchAction\",\"target\":{\"@type\":\"EntryPoint\",\"urlTemplate\":\"https:\\\/\\\/www.rawoodfoundation.org\\\/?s={search_term_string}\"},\"query-input\":{\"@type\":\"PropertyValueSpecification\",\"valueRequired\":true,\"valueName\":\"search_term_string\"}}],\"inLanguage\":\"es\"},{\"@type\":\"Organization\",\"@id\":\"https:\\\/\\\/www.rawoodfoundation.org\\\/#organization\",\"name\":\"Raymond A. Wood Foundation\",\"url\":\"https:\\\/\\\/www.rawoodfoundation.org\\\/\",\"logo\":{\"@type\":\"ImageObject\",\"inLanguage\":\"es\",\"@id\":\"https:\\\/\\\/www.rawoodfoundation.org\\\/#\\\/schema\\\/logo\\\/image\\\/\",\"url\":\"https:\\\/\\\/www.rawoodfoundation.org\\\/wp-content\\\/uploads\\\/2023\\\/07\\\/Raymond-A-Wood-Foundation-logo.webp\",\"contentUrl\":\"https:\\\/\\\/www.rawoodfoundation.org\\\/wp-content\\\/uploads\\\/2023\\\/07\\\/Raymond-A-Wood-Foundation-logo.webp\",\"width\":470,\"height\":128,\"caption\":\"Raymond A. Wood Foundation\"},\"image\":{\"@id\":\"https:\\\/\\\/www.rawoodfoundation.org\\\/#\\\/schema\\\/logo\\\/image\\\/\"},\"sameAs\":[\"https:\\\/\\\/www.facebook.com\\\/rawoodfoundation\",\"https:\\\/\\\/x.com\\\/rawoodfound\"]}]}<\/script>\n<!-- \/ Yoast SEO plugin. -->","yoast_head_json":{"title":"Pol\u00edtica de privacidad - Fundaci\u00f3n Raymond A. Wood","robots":{"index":"index","follow":"follow","max-snippet":"max-snippet:-1","max-image-preview":"max-image-preview:large","max-video-preview":"max-video-preview:-1"},"canonical":"https:\/\/www.rawoodfoundation.org\/es\/politica-de-privacidad\/","og_locale":"es_MX","og_type":"article","og_title":"Privacy Policy - Raymond A. Wood Foundation","og_url":"https:\/\/www.rawoodfoundation.org\/es\/politica-de-privacidad\/","og_site_name":"Raymond A. Wood Foundation","article_publisher":"https:\/\/www.facebook.com\/rawoodfoundation","article_modified_time":"2025-12-23T04:04:53+00:00","og_image":[{"width":1198,"height":568,"url":"https:\/\/www.rawoodfoundation.org\/wp-content\/uploads\/2025\/12\/Privacy-policy-Page.webp","type":"image\/webp"}],"twitter_card":"summary_large_image","twitter_image":"https:\/\/www.rawoodfoundation.org\/wp-content\/uploads\/2025\/12\/Privacy-policy-Page.webp","twitter_site":"@rawoodfound","twitter_misc":{"Tiempo de lectura":"3 minutos"},"schema":{"@context":"https:\/\/schema.org","@graph":[{"@type":"WebPage","@id":"https:\/\/www.rawoodfoundation.org\/privacy-policy\/","url":"https:\/\/www.rawoodfoundation.org\/privacy-policy\/","name":"Pol\u00edtica de privacidad - Fundaci\u00f3n Raymond A. Wood","isPartOf":{"@id":"https:\/\/www.rawoodfoundation.org\/#website"},"datePublished":"2023-05-16T18:40:57+00:00","dateModified":"2025-12-23T04:04:53+00:00","breadcrumb":{"@id":"https:\/\/www.rawoodfoundation.org\/privacy-policy\/#breadcrumb"},"inLanguage":"es","potentialAction":[{"@type":"ReadAction","target":["https:\/\/www.rawoodfoundation.org\/privacy-policy\/"]}]},{"@type":"BreadcrumbList","@id":"https:\/\/www.rawoodfoundation.org\/privacy-policy\/#breadcrumb","itemListElement":[{"@type":"ListItem","position":1,"name":"Home","item":"https:\/\/www.rawoodfoundation.org\/"},{"@type":"ListItem","position":2,"name":"Privacy Policy"}]},{"@type":"WebSite","@id":"https:\/\/www.rawoodfoundation.org\/#website","url":"https:\/\/www.rawoodfoundation.org\/","name":"Fundaci\u00f3n Raymond A. Wood","description":"La misi\u00f3n de la RAWF es proporcionar apoyo a la calidad de vida de los supervivientes de tumores cerebrales infantiles y sus familias.","publisher":{"@id":"https:\/\/www.rawoodfoundation.org\/#organization"},"potentialAction":[{"@type":"SearchAction","target":{"@type":"EntryPoint","urlTemplate":"https:\/\/www.rawoodfoundation.org\/?s={search_term_string}"},"query-input":{"@type":"PropertyValueSpecification","valueRequired":true,"valueName":"search_term_string"}}],"inLanguage":"es"},{"@type":"Organization","@id":"https:\/\/www.rawoodfoundation.org\/#organization","name":"Fundaci\u00f3n Raymond A. Wood","url":"https:\/\/www.rawoodfoundation.org\/","logo":{"@type":"ImageObject","inLanguage":"es","@id":"https:\/\/www.rawoodfoundation.org\/#\/schema\/logo\/image\/","url":"https:\/\/www.rawoodfoundation.org\/wp-content\/uploads\/2023\/07\/Raymond-A-Wood-Foundation-logo.webp","contentUrl":"https:\/\/www.rawoodfoundation.org\/wp-content\/uploads\/2023\/07\/Raymond-A-Wood-Foundation-logo.webp","width":470,"height":128,"caption":"Raymond A. Wood Foundation"},"image":{"@id":"https:\/\/www.rawoodfoundation.org\/#\/schema\/logo\/image\/"},"sameAs":["https:\/\/www.facebook.com\/rawoodfoundation","https:\/\/x.com\/rawoodfound"]}]}},"_links":{"self":[{"href":"https:\/\/www.rawoodfoundation.org\/es\/wp-json\/wp\/v2\/pages\/5253","targetHints":{"allow":["GET"]}}],"collection":[{"href":"https:\/\/www.rawoodfoundation.org\/es\/wp-json\/wp\/v2\/pages"}],"about":[{"href":"https:\/\/www.rawoodfoundation.org\/es\/wp-json\/wp\/v2\/types\/page"}],"author":[{"embeddable":true,"href":"https:\/\/www.rawoodfoundation.org\/es\/wp-json\/wp\/v2\/users\/1"}],"replies":[{"embeddable":true,"href":"https:\/\/www.rawoodfoundation.org\/es\/wp-json\/wp\/v2\/comments?post=5253"}],"version-history":[{"count":4,"href":"https:\/\/www.rawoodfoundation.org\/es\/wp-json\/wp\/v2\/pages\/5253\/revisions"}],"predecessor-version":[{"id":8428,"href":"https:\/\/www.rawoodfoundation.org\/es\/wp-json\/wp\/v2\/pages\/5253\/revisions\/8428"}],"wp:attachment":[{"href":"https:\/\/www.rawoodfoundation.org\/es\/wp-json\/wp\/v2\/media?parent=5253"}],"curies":[{"name":"wp","href":"https:\/\/api.w.org\/{rel}","templated":true}]}}