{"id":5249,"date":"2023-05-16T18:35:47","date_gmt":"2023-05-16T18:35:47","guid":{"rendered":"https:\/\/live-rawf.pantheonsite.io\/?page_id=5249"},"modified":"2025-12-23T03:01:23","modified_gmt":"2025-12-23T03:01:23","slug":"buscador-de-medicos","status":"publish","type":"page","link":"https:\/\/www.rawoodfoundation.org\/es\/physician-finder\/","title":{"rendered":"Craneofaringioma Buscador de m\u00e9dicos"},"content":{"rendered":"<div class=\"wp-block-columns is-layout-flex wp-container-core-columns-is-layout-9d6595d7 wp-block-columns-is-layout-flex\">\n<div class=\"wp-block-column is-layout-flow wp-block-column-is-layout-flow\" style=\"flex-basis:66.66%\">\n<p>Tanto si acaba de ser diagnosticado como si busca un especialista, le invitamos a explorar nuestro Buscador de m\u00e9dicos.<\/p>\n\n\n\n<p>En el caso de tumores y afecciones poco frecuentes, puede ser \u00fatil que un m\u00e9dico atienda a una mayor frecuencia de pacientes en relaci\u00f3n con la poblaci\u00f3n total de pacientes. Al visualizar los datos de facturaci\u00f3n del seguro m\u00e9dico basados en c\u00f3digos de diagn\u00f3stico (c\u00f3digos CIE), podemos ver qu\u00e9 organizaciones de atenci\u00f3n sanitaria (OAC) y proveedores de atenci\u00f3n sanitaria (PS) han visto m\u00e1s pacientes con este tumor.<\/p>\n\n\n\n<p>La CIE-10-CM (Clasificaci\u00f3n Internacional de Enfermedades, D\u00e9cima Revisi\u00f3n, Modificaci\u00f3n Cl\u00ednica) es <strong>sistema utilizado por m\u00e9dicos y otros profesionales sanitarios para clasificar y codificar todos los diagn\u00f3sticos, s\u00edntomas y procedimientos registrados en relaci\u00f3n con la atenci\u00f3n hospitalaria en Estados Unidos.<\/strong>. (fuente: <a href=\"https:\/\/www.techtarget.com\/searchhealthit\/definition\/ICD-10-CM)\" target=\"_blank\" rel=\"noreferrer noopener\">www.techtarget.com\/searchhealthit\/definition\/ICD-10-CM)<\/a><\/p>\n\n\n\n<p>Estos datos han sido facilitados por <a href=\"https:\/\/www.komodohealth.com\/solutions\/prism\" target=\"_blank\" rel=\"noreferrer noopener\">Prisma de Komodo <\/a>que ofrece una visi\u00f3n completa de los datos reales del recorrido del paciente. Las HCO y los proveedores est\u00e1n representados en los recuentos de pacientes y no constituyen en modo alguno un aval de la Raymond A. Wood Foundation.<\/p>\n<\/div>\n\n\n\n<div class=\"wp-block-column is-layout-flow wp-block-column-is-layout-flow\" style=\"flex-basis:33.33%\">\n<h3 class=\"wp-block-heading\">Acceder a los buscadores de m\u00e9dicos<\/h3>\n\n\n\n<p class=\"gb-headline gb-headline-52423adb round-icon\"><span class=\"gb-icon\"><svg aria-hidden=\"true\" role=\"img\" height=\"1em\" width=\"1em\" viewbox=\"0 0 256 512\" xmlns=\"http:\/\/www.w3.org\/2000\/svg\"><path fill=\"currentColor\" d=\"M224.3 273l-136 136c-9.4 9.4-24.6 9.4-33.9 0l-22.6-22.6c-9.4-9.4-9.4-24.6 0-33.9l96.4-96.4-96.4-96.4c-9.4-9.4-9.4-24.6 0-33.9L54.3 103c9.4-9.4 24.6-9.4 33.9 0l136 136c9.5 9.4 9.5 24.6.1 34z\"><\/path><\/svg><\/span><span class=\"gb-headline-text\"><a href=\"https:\/\/www.rawoodfoundation.org\/es\/buscador-de-proveedores\/\">Craneofaringioma pedi\u00e1trico Buscador de m\u00e9dicos <\/a><\/span><\/p>\n\n\n\n<p class=\"gb-headline gb-headline-cac664d6 round-icon\"><span class=\"gb-icon\"><svg aria-hidden=\"true\" role=\"img\" height=\"1em\" width=\"1em\" viewbox=\"0 0 256 512\" xmlns=\"http:\/\/www.w3.org\/2000\/svg\"><path fill=\"currentColor\" d=\"M224.3 273l-136 136c-9.4 9.4-24.6 9.4-33.9 0l-22.6-22.6c-9.4-9.4-9.4-24.6 0-33.9l96.4-96.4-96.4-96.4c-9.4-9.4-9.4-24.6 0-33.9L54.3 103c9.4-9.4 24.6-9.4 33.9 0l136 136c9.5 9.4 9.5 24.6.1 34z\"><\/path><\/svg><\/span><span class=\"gb-headline-text\"><a href=\"\/es\/buscador-de-proveedores-de-craneo-para-adultos\/\">Craneofaringioma en adultos Physician Finder <\/a><\/span><\/p>\n<\/div>\n<\/div>","protected":false},"excerpt":{"rendered":"<p>Tanto si acaba de ser diagnosticado como si busca un especialista, le invitamos a explorar ... <a title=\"Craneofaringioma Buscador de m\u00e9dicos\" class=\"read-more\" href=\"https:\/\/www.rawoodfoundation.org\/es\/physician-finder\/\" aria-label=\"Leer m\u00e1s sobre Craneofaringioma Physician Finder\">Seguir leyendo<\/a><\/p>","protected":false},"author":1,"featured_media":0,"parent":0,"menu_order":94,"comment_status":"closed","ping_status":"closed","template":"","meta":{"_acf_changed":false,"footnotes":""},"class_list":{"0":"post-5249","1":"page","2":"type-page","3":"status-publish","5":"no-featured-image-padding"},"acf":[],"yoast_head":"<!-- This site is optimized with the Yoast SEO plugin v27.3 - https:\/\/yoast.com\/product\/yoast-seo-wordpress\/ -->\n<title>Craniopharyngioma Physician Finder<\/title>\n<meta name=\"description\" content=\"Whether you are newly diagnosed or looking for a specialist, we invite you to explore our Physician Finder.\" \/>\n<meta name=\"robots\" content=\"index, follow, max-snippet:-1, max-image-preview:large, max-video-preview:-1\" \/>\n<link rel=\"canonical\" href=\"https:\/\/www.rawoodfoundation.org\/es\/buscador-de-medicos\/\" \/>\n<meta property=\"og:locale\" content=\"es_MX\" \/>\n<meta property=\"og:type\" content=\"article\" \/>\n<meta property=\"og:title\" content=\"Craniopharyngioma Physician Finder\" \/>\n<meta property=\"og:description\" content=\"Whether you are newly diagnosed or looking for a specialist, we invite you to explore our Physician Finder.\" \/>\n<meta property=\"og:url\" content=\"https:\/\/www.rawoodfoundation.org\/es\/buscador-de-medicos\/\" \/>\n<meta property=\"og:site_name\" content=\"Raymond A. Wood Foundation\" \/>\n<meta property=\"article:publisher\" content=\"https:\/\/www.facebook.com\/rawoodfoundation\" \/>\n<meta property=\"article:modified_time\" content=\"2025-12-23T03:01:23+00:00\" \/>\n<meta property=\"og:image\" content=\"https:\/\/www.rawoodfoundation.org\/wp-content\/uploads\/2025\/11\/Craniopharyngioma-Physician-Finder.jpg\" \/>\n\t<meta property=\"og:image:width\" content=\"1200\" \/>\n\t<meta property=\"og:image:height\" content=\"700\" \/>\n\t<meta property=\"og:image:type\" content=\"image\/jpeg\" \/>\n<meta name=\"twitter:card\" content=\"summary_large_image\" \/>\n<meta name=\"twitter:image\" content=\"https:\/\/www.rawoodfoundation.org\/wp-content\/uploads\/2025\/11\/Craniopharyngioma-Physician-Finder.jpg\" \/>\n<meta name=\"twitter:site\" content=\"@rawoodfound\" \/>\n<meta name=\"twitter:label1\" content=\"Tiempo de lectura\" \/>\n\t<meta name=\"twitter:data1\" content=\"1 minuto\" \/>\n<script type=\"application\/ld+json\" class=\"yoast-schema-graph\">{\"@context\":\"https:\\\/\\\/schema.org\",\"@graph\":[{\"@type\":\"WebPage\",\"@id\":\"https:\\\/\\\/www.rawoodfoundation.org\\\/physician-finder\\\/\",\"url\":\"https:\\\/\\\/www.rawoodfoundation.org\\\/physician-finder\\\/\",\"name\":\"Craniopharyngioma Physician Finder\",\"isPartOf\":{\"@id\":\"https:\\\/\\\/www.rawoodfoundation.org\\\/#website\"},\"datePublished\":\"2023-05-16T18:35:47+00:00\",\"dateModified\":\"2025-12-23T03:01:23+00:00\",\"description\":\"Whether you are newly diagnosed or looking for a specialist, we invite you to explore our Physician Finder.\",\"breadcrumb\":{\"@id\":\"https:\\\/\\\/www.rawoodfoundation.org\\\/physician-finder\\\/#breadcrumb\"},\"inLanguage\":\"es\",\"potentialAction\":[{\"@type\":\"ReadAction\",\"target\":[\"https:\\\/\\\/www.rawoodfoundation.org\\\/physician-finder\\\/\"]}]},{\"@type\":\"BreadcrumbList\",\"@id\":\"https:\\\/\\\/www.rawoodfoundation.org\\\/physician-finder\\\/#breadcrumb\",\"itemListElement\":[{\"@type\":\"ListItem\",\"position\":1,\"name\":\"Home\",\"item\":\"https:\\\/\\\/www.rawoodfoundation.org\\\/\"},{\"@type\":\"ListItem\",\"position\":2,\"name\":\"Craniopharyngioma Physician Finder\"}]},{\"@type\":\"WebSite\",\"@id\":\"https:\\\/\\\/www.rawoodfoundation.org\\\/#website\",\"url\":\"https:\\\/\\\/www.rawoodfoundation.org\\\/\",\"name\":\"Raymond A. Wood Foundation\",\"description\":\"The mission of the RAWF is to provide quality of life support for childhood brain tumor survivors and their families.\",\"publisher\":{\"@id\":\"https:\\\/\\\/www.rawoodfoundation.org\\\/#organization\"},\"potentialAction\":[{\"@type\":\"SearchAction\",\"target\":{\"@type\":\"EntryPoint\",\"urlTemplate\":\"https:\\\/\\\/www.rawoodfoundation.org\\\/?s={search_term_string}\"},\"query-input\":{\"@type\":\"PropertyValueSpecification\",\"valueRequired\":true,\"valueName\":\"search_term_string\"}}],\"inLanguage\":\"es\"},{\"@type\":\"Organization\",\"@id\":\"https:\\\/\\\/www.rawoodfoundation.org\\\/#organization\",\"name\":\"Raymond A. Wood Foundation\",\"url\":\"https:\\\/\\\/www.rawoodfoundation.org\\\/\",\"logo\":{\"@type\":\"ImageObject\",\"inLanguage\":\"es\",\"@id\":\"https:\\\/\\\/www.rawoodfoundation.org\\\/#\\\/schema\\\/logo\\\/image\\\/\",\"url\":\"https:\\\/\\\/www.rawoodfoundation.org\\\/wp-content\\\/uploads\\\/2023\\\/07\\\/Raymond-A-Wood-Foundation-logo.webp\",\"contentUrl\":\"https:\\\/\\\/www.rawoodfoundation.org\\\/wp-content\\\/uploads\\\/2023\\\/07\\\/Raymond-A-Wood-Foundation-logo.webp\",\"width\":470,\"height\":128,\"caption\":\"Raymond A. Wood Foundation\"},\"image\":{\"@id\":\"https:\\\/\\\/www.rawoodfoundation.org\\\/#\\\/schema\\\/logo\\\/image\\\/\"},\"sameAs\":[\"https:\\\/\\\/www.facebook.com\\\/rawoodfoundation\",\"https:\\\/\\\/x.com\\\/rawoodfound\"]}]}<\/script>\n<!-- \/ Yoast SEO plugin. -->","yoast_head_json":{"title":"Craneofaringioma Buscador de m\u00e9dicos","description":"Tanto si acaba de ser diagnosticado como si busca un especialista, le invitamos a explorar nuestro Buscador de m\u00e9dicos.","robots":{"index":"index","follow":"follow","max-snippet":"max-snippet:-1","max-image-preview":"max-image-preview:large","max-video-preview":"max-video-preview:-1"},"canonical":"https:\/\/www.rawoodfoundation.org\/es\/buscador-de-medicos\/","og_locale":"es_MX","og_type":"article","og_title":"Craniopharyngioma Physician Finder","og_description":"Whether you are newly diagnosed or looking for a specialist, we invite you to explore our Physician Finder.","og_url":"https:\/\/www.rawoodfoundation.org\/es\/buscador-de-medicos\/","og_site_name":"Raymond A. Wood Foundation","article_publisher":"https:\/\/www.facebook.com\/rawoodfoundation","article_modified_time":"2025-12-23T03:01:23+00:00","og_image":[{"width":1200,"height":700,"url":"https:\/\/www.rawoodfoundation.org\/wp-content\/uploads\/2025\/11\/Craniopharyngioma-Physician-Finder.jpg","type":"image\/jpeg"}],"twitter_card":"summary_large_image","twitter_image":"https:\/\/www.rawoodfoundation.org\/wp-content\/uploads\/2025\/11\/Craniopharyngioma-Physician-Finder.jpg","twitter_site":"@rawoodfound","twitter_misc":{"Tiempo de lectura":"1 minuto"},"schema":{"@context":"https:\/\/schema.org","@graph":[{"@type":"WebPage","@id":"https:\/\/www.rawoodfoundation.org\/physician-finder\/","url":"https:\/\/www.rawoodfoundation.org\/physician-finder\/","name":"Craneofaringioma Buscador de m\u00e9dicos","isPartOf":{"@id":"https:\/\/www.rawoodfoundation.org\/#website"},"datePublished":"2023-05-16T18:35:47+00:00","dateModified":"2025-12-23T03:01:23+00:00","description":"Tanto si acaba de ser diagnosticado como si busca un especialista, le invitamos a explorar nuestro Buscador de m\u00e9dicos.","breadcrumb":{"@id":"https:\/\/www.rawoodfoundation.org\/physician-finder\/#breadcrumb"},"inLanguage":"es","potentialAction":[{"@type":"ReadAction","target":["https:\/\/www.rawoodfoundation.org\/physician-finder\/"]}]},{"@type":"BreadcrumbList","@id":"https:\/\/www.rawoodfoundation.org\/physician-finder\/#breadcrumb","itemListElement":[{"@type":"ListItem","position":1,"name":"Home","item":"https:\/\/www.rawoodfoundation.org\/"},{"@type":"ListItem","position":2,"name":"Craniopharyngioma Physician Finder"}]},{"@type":"WebSite","@id":"https:\/\/www.rawoodfoundation.org\/#website","url":"https:\/\/www.rawoodfoundation.org\/","name":"Fundaci\u00f3n Raymond A. Wood","description":"La misi\u00f3n de la RAWF es proporcionar apoyo a la calidad de vida de los supervivientes de tumores cerebrales infantiles y sus familias.","publisher":{"@id":"https:\/\/www.rawoodfoundation.org\/#organization"},"potentialAction":[{"@type":"SearchAction","target":{"@type":"EntryPoint","urlTemplate":"https:\/\/www.rawoodfoundation.org\/?s={search_term_string}"},"query-input":{"@type":"PropertyValueSpecification","valueRequired":true,"valueName":"search_term_string"}}],"inLanguage":"es"},{"@type":"Organization","@id":"https:\/\/www.rawoodfoundation.org\/#organization","name":"Fundaci\u00f3n Raymond A. Wood","url":"https:\/\/www.rawoodfoundation.org\/","logo":{"@type":"ImageObject","inLanguage":"es","@id":"https:\/\/www.rawoodfoundation.org\/#\/schema\/logo\/image\/","url":"https:\/\/www.rawoodfoundation.org\/wp-content\/uploads\/2023\/07\/Raymond-A-Wood-Foundation-logo.webp","contentUrl":"https:\/\/www.rawoodfoundation.org\/wp-content\/uploads\/2023\/07\/Raymond-A-Wood-Foundation-logo.webp","width":470,"height":128,"caption":"Raymond A. Wood Foundation"},"image":{"@id":"https:\/\/www.rawoodfoundation.org\/#\/schema\/logo\/image\/"},"sameAs":["https:\/\/www.facebook.com\/rawoodfoundation","https:\/\/x.com\/rawoodfound"]}]}},"_links":{"self":[{"href":"https:\/\/www.rawoodfoundation.org\/es\/wp-json\/wp\/v2\/pages\/5249","targetHints":{"allow":["GET"]}}],"collection":[{"href":"https:\/\/www.rawoodfoundation.org\/es\/wp-json\/wp\/v2\/pages"}],"about":[{"href":"https:\/\/www.rawoodfoundation.org\/es\/wp-json\/wp\/v2\/types\/page"}],"author":[{"embeddable":true,"href":"https:\/\/www.rawoodfoundation.org\/es\/wp-json\/wp\/v2\/users\/1"}],"replies":[{"embeddable":true,"href":"https:\/\/www.rawoodfoundation.org\/es\/wp-json\/wp\/v2\/comments?post=5249"}],"version-history":[{"count":8,"href":"https:\/\/www.rawoodfoundation.org\/es\/wp-json\/wp\/v2\/pages\/5249\/revisions"}],"predecessor-version":[{"id":18086,"href":"https:\/\/www.rawoodfoundation.org\/es\/wp-json\/wp\/v2\/pages\/5249\/revisions\/18086"}],"wp:attachment":[{"href":"https:\/\/www.rawoodfoundation.org\/es\/wp-json\/wp\/v2\/media?parent=5249"}],"curies":[{"name":"wp","href":"https:\/\/api.w.org\/{rel}","templated":true}]}}