{"id":5243,"date":"2023-05-16T18:26:54","date_gmt":"2023-05-16T18:26:54","guid":{"rendered":"https:\/\/live-rawf.pantheonsite.io\/?page_id=5243"},"modified":"2024-07-23T18:29:15","modified_gmt":"2024-07-23T18:29:15","slug":"nuestros-objetivos","status":"publish","type":"page","link":"https:\/\/www.rawoodfoundation.org\/es\/our-goals\/","title":{"rendered":"Programas"},"content":{"rendered":"<div style=\"height:60px\" aria-hidden=\"true\" class=\"wp-block-spacer hide-on-mobile\"><\/div>\n\n\n\n<h2 class=\"wp-block-heading\">Programas centrados en el paciente<\/h2>\n\n\n\n<div class=\"wp-block-columns is-layout-flex wp-container-core-columns-is-layout-9d6595d7 wp-block-columns-is-layout-flex\">\n<div class=\"wp-block-column is-layout-flow wp-block-column-is-layout-flow\" style=\"flex-basis:33.33%\">\n<h3 class=\"wp-block-heading\">Tratamiento domiciliario del AVP-D adiposo en pacientes pedi\u00e1tricos con tumores cerebrales<\/h3>\n\n\n\n<p class=\"gb-headline gb-headline-52423adb round-icon\"><span class=\"gb-icon\"><svg aria-hidden=\"true\" role=\"img\" height=\"1em\" width=\"1em\" viewbox=\"0 0 256 512\" xmlns=\"http:\/\/www.w3.org\/2000\/svg\"><path fill=\"currentColor\" d=\"M224.3 273l-136 136c-9.4 9.4-24.6 9.4-33.9 0l-22.6-22.6c-9.4-9.4-9.4-24.6 0-33.9l96.4-96.4-96.4-96.4c-9.4-9.4-9.4-24.6 0-33.9L54.3 103c9.4-9.4 24.6-9.4 33.9 0l136 136c9.5 9.4 9.5 24.6.1 34z\"><\/path><\/svg><\/span><span class=\"gb-headline-text\"><a href=\"mailto:outreach@rawoodfoundation.org\">P\u00f3ngase en contacto con nosotros<\/a><\/span><\/p>\n<\/div>\n\n\n\n<div class=\"wp-block-column is-layout-flow wp-block-column-is-layout-flow\" style=\"flex-basis:66.66%\">\n<p>La deficiencia de arginina vasopresina (AVP-D, diabetes ins\u00edpida) es una enfermedad rara y cr\u00f3nica en la que el hipot\u00e1lamo no produce vasopresina, tambi\u00e9n conocida como hormona antidiur\u00e9tica (ADH), que puede causar problemas de equilibrio de l\u00edquidos corporales y niveles de sodio en sangre fuera de rango, lo que resulta en hiponatremia (demasiado l\u00edquido en el cuerpo) o hipernatremia (demasiado poco l\u00edquido en el cuerpo). Cualquiera de estas afecciones puede causar convulsiones debilitantes, coma o ser mortal.\u00a0<\/p>\n\n\n\n<p>AVP-D ad\u00edpico significa que el paciente no tiene un mecanismo de sed intacto. Los pacientes que han sido tratados por tumores cerebrales que provocan lesiones hipotal\u00e1micas pueden experimentar este problema, lo que hace que la AVP-D sea m\u00e1s dif\u00edcil de tratar. La terapia hormonal sustitutiva en forma de desmopresina (DDAVP) puede ser poco fiable a partir del d\u00eda a d\u00eda para ciertos pacientes.<\/p>\n\n\n\n<p>Determinar el sodio en pacientes pedi\u00e1tricos es especialmente dif\u00edcil. En la actualidad no existe ning\u00fan medidor de sodio que se pueda medir en casa. Los pacientes est\u00e1n sujetos a visitas al laboratorio, a veces varias veces por semana. En horas no laborables, cuando los laboratorios est\u00e1n cerrados, los pacientes tienen que someterse a pruebas en urgencias y ser ingresados si el nivel est\u00e1 fuera de rango. Las extracciones de sangre se realizan por v\u00eda venosa, lo que supone un reto para los ni\u00f1os. Los pacientes con diabetes ins\u00edpida central adiposa tendr\u00e1n que ser hospitalizados varias veces al a\u00f1o.<\/p>\n\n\n\n<p>Los analizadores de sangre port\u00e1tiles de calidad hospitalaria son la \u00fanica opci\u00f3n para que los cuidadores obtengan los niveles de sodio en casa. Proporcionan resultados de sodio con precisi\u00f3n de laboratorio en 5 minutos con un pinchazo en el dedo y 10-20 gotas de sangre. Estos dispositivos no est\u00e1n aprobados por la FDA para uso dom\u00e9stico, son costosos y no est\u00e1n cubiertos por los seguros. En el marco del uso compasivo de dispositivos m\u00e9dicos y con la orientaci\u00f3n de un m\u00e9dico, la Fundaci\u00f3n Raymond A. Wood (RAWF) ha proporcionado a 30 pacientes pedi\u00e1tricos y a sus familias analizadores de sangre port\u00e1tiles junto con los suministros necesarios. RAWF tambi\u00e9n ha formado a endocrin\u00f3logos pedi\u00e1tricos sobre la eficacia de estos dispositivos en la gesti\u00f3n del sodio.<\/p>\n<\/div>\n<\/div>\n\n\n\n<hr class=\"wp-block-separator has-text-color has-alpha-channel-opacity has-background\" style=\"background-color:#eeeeee;color:#eeeeee\"\/>\n\n\n\n<div class=\"wp-block-columns is-layout-flex wp-container-core-columns-is-layout-9d6595d7 wp-block-columns-is-layout-flex\">\n<div class=\"wp-block-column is-layout-flow wp-block-column-is-layout-flow\" style=\"flex-basis:33.33%\">\n<h3 class=\"wp-block-heading\">Conferencia bianual sobre tumores cerebrales hipofisarios<\/h3>\n\n\n\n<p class=\"gb-headline gb-headline-5cb75148 round-icon\"><span class=\"gb-icon\"><svg aria-hidden=\"true\" role=\"img\" height=\"1em\" width=\"1em\" viewbox=\"0 0 256 512\" xmlns=\"http:\/\/www.w3.org\/2000\/svg\"><path fill=\"currentColor\" d=\"M224.3 273l-136 136c-9.4 9.4-24.6 9.4-33.9 0l-22.6-22.6c-9.4-9.4-9.4-24.6 0-33.9l96.4-96.4-96.4-96.4c-9.4-9.4-9.4-24.6 0-33.9L54.3 103c9.4-9.4 24.6-9.4 33.9 0l136 136c9.5 9.4 9.5 24.6.1 34z\"><\/path><\/svg><\/span><span class=\"gb-headline-text\">Inscripci\u00f3n e informaci\u00f3n<\/span><\/p>\n<\/div>\n\n\n\n<div class=\"wp-block-column is-layout-flow wp-block-column-is-layout-flow\" style=\"flex-basis:66.66%\">\n<p>La Fundaci\u00f3n Raymond A. Wood (RAWF), junto con la cl\u00ednica neuroendocrina del Hospital Infantil de Filadelfia (CHOP), organiza una conferencia bianual sobre cuestiones m\u00e9dicas, educativas y sociales a las que se enfrentan los supervivientes de tumores cerebrales hipotal\u00e1mico-hipofisarios. <\/p>\n\n\n\n<p>Este evento re\u00fane a personas, cuidadores y expertos sanitarios, todos ellos dedicados a mejorar la vida de las personas afectadas por diversas afecciones m\u00e9dicas causadas por tumores cerebrales hipofisarios. Esta conferencia ofrece una oportunidad \u00fanica para entablar conversaciones significativas, compartir experiencias personales y conocer los \u00faltimos avances en tratamientos y cuidados. Desde los interesantes ponentes principales hasta las sesiones interactivas, las familias adquieren valiosos conocimientos sobre la gesti\u00f3n del viaje posterior al diagn\u00f3stico y el tratamiento. <\/p>\n<\/div>\n<\/div>\n\n\n\n<hr class=\"wp-block-separator has-text-color has-alpha-channel-opacity has-background\" style=\"background-color:#eeeeee;color:#eeeeee\"\/>\n\n\n\n<div class=\"wp-block-columns is-layout-flex wp-container-core-columns-is-layout-9d6595d7 wp-block-columns-is-layout-flex\">\n<div class=\"wp-block-column is-layout-flow wp-block-column-is-layout-flow\" style=\"flex-basis:33.33%\">\n<h3 class=\"wp-block-heading\">Grupos de apoyo<\/h3>\n\n\n\n<p class=\"gb-headline gb-headline-8b29008a round-icon\"><span class=\"gb-icon\"><svg aria-hidden=\"true\" role=\"img\" height=\"1em\" width=\"1em\" viewbox=\"0 0 256 512\" xmlns=\"http:\/\/www.w3.org\/2000\/svg\"><path fill=\"currentColor\" d=\"M224.3 273l-136 136c-9.4 9.4-24.6 9.4-33.9 0l-22.6-22.6c-9.4-9.4-9.4-24.6 0-33.9l96.4-96.4-96.4-96.4c-9.4-9.4-9.4-24.6 0-33.9L54.3 103c9.4-9.4 24.6-9.4 33.9 0l136 136c9.5 9.4 9.5 24.6.1 34z\"><\/path><\/svg><\/span><span class=\"gb-headline-text\"><a href=\"https:\/\/live-rawf.pantheonsite.io\/events\/\">Ver los pr\u00f3ximos eventos<\/a><\/span><\/p>\n<\/div>\n\n\n\n<div class=\"wp-block-column is-layout-flow wp-block-column-is-layout-flow\" style=\"flex-basis:66.66%\">\n<p>La Fundaci\u00f3n Raymond A. Wood organiza mensualmente grupos de apoyo para cuidadores y supervivientes de tumores cerebrales hipotal\u00e1mico-hipofisarios. Estos espacios virtuales est\u00e1n dise\u00f1ados para proporcionar un refugio seguro para conectar, compartir y encontrar consuelo en medio de los retos a los que se enfrentan. Tanto si es usted un superviviente como si cuida de un familiar, amigo o ser querido, nuestros grupos de apoyo en l\u00ednea le ofrecen una plataforma pr\u00e1ctica para intercambiar experiencias, adquirir conocimientos y buscar orientaci\u00f3n de otras personas que est\u00e1n recorriendo un camino similar. Participe en debates significativos, acceda a valiosos recursos y obtenga sustento emocional desde la comodidad de su hogar. Estas reuniones digitales trascienden las fronteras geogr\u00e1ficas, fomentando un sentimiento de pertenencia y camarader\u00eda que refuerza la idea de que no est\u00e1s solo en tu viaje. \u00danase a nuestros grupos de apoyo en l\u00ednea y descubra el poder de una comunidad de cuidadores unida, disponible al alcance de su mano.<\/p>\n<\/div>\n<\/div>\n\n\n\n<hr class=\"wp-block-separator has-text-color has-alpha-channel-opacity has-background\" style=\"background-color:#eeeeee;color:#eeeeee\"\/>\n\n\n\n<div class=\"wp-block-columns is-layout-flex wp-container-core-columns-is-layout-9d6595d7 wp-block-columns-is-layout-flex\">\n<div class=\"wp-block-column is-layout-flow wp-block-column-is-layout-flow\" style=\"flex-basis:33.33%\">\n<h3 class=\"wp-block-heading\">Educaci\u00f3n permanente<\/h3>\n\n\n\n<p class=\"gb-headline gb-headline-a5e130e3 round-icon\"><span class=\"gb-icon\"><svg aria-hidden=\"true\" role=\"img\" height=\"1em\" width=\"1em\" viewbox=\"0 0 256 512\" xmlns=\"http:\/\/www.w3.org\/2000\/svg\"><path fill=\"currentColor\" d=\"M224.3 273l-136 136c-9.4 9.4-24.6 9.4-33.9 0l-22.6-22.6c-9.4-9.4-9.4-24.6 0-33.9l96.4-96.4-96.4-96.4c-9.4-9.4-9.4-24.6 0-33.9L54.3 103c9.4-9.4 24.6-9.4 33.9 0l136 136c9.5 9.4 9.5 24.6.1 34z\"><\/path><\/svg><\/span><span class=\"gb-headline-text\"><a href=\"https:\/\/live-rawf.pantheonsite.io\/events\/\">Ver los pr\u00f3ximos eventos<\/a><a href=\"http:\/\/View upcoming events\">ents<\/a><\/span><\/p>\n<\/div>\n\n\n\n<div class=\"wp-block-column is-layout-flow wp-block-column-is-layout-flow\" style=\"flex-basis:66.66%\">\n<p>La Fundaci\u00f3n Raymond A. Wood cree que la educaci\u00f3n es la mejor herramienta para ayudar a nuestra comunidad de pacientes y cuidadores a convertirse en sus mejores defensores. <\/p>\n\n\n\n<p>RAWF ofrece seminarios web y v\u00eddeos educativos sobre temas de inter\u00e9s, desde investigaci\u00f3n, terapias emergentes y ensayos cl\u00ednicos actuales, hasta inmersiones profundas en la gesti\u00f3n de las afecciones derivadas de los tumores. Exploramos temas como la educaci\u00f3n especial, las habilidades sociales y los problemas de comportamiento.<\/p>\n\n\n\n<p>Los seminarios web se ofrecen con traducci\u00f3n hasta en 50 idiomas y muchos de nuestros v\u00eddeos educativos est\u00e1n traducidos al espa\u00f1ol.<\/p>\n\n\n\n<p>Todos nuestros contenidos educativos son <a href=\"https:\/\/www.youtube.com\/channel\/UCyM_PCQiJzcXwL9H6_gXHFQ\" target=\"_blank\" rel=\"noreferrer noopener\">disponible en nuestro canal de YouTube<\/a>.<\/p>\n<\/div>\n<\/div>\n\n\n\n<hr class=\"wp-block-separator has-text-color has-alpha-channel-opacity has-background\" style=\"background-color:#eeeeee;color:#eeeeee\"\/>\n\n\n\n<div class=\"wp-block-columns is-layout-flex wp-container-core-columns-is-layout-9d6595d7 wp-block-columns-is-layout-flex\">\n<div class=\"wp-block-column is-layout-flow wp-block-column-is-layout-flow\" style=\"flex-basis:33.33%\">\n<h3 class=\"wp-block-heading\">Aplicaci\u00f3n de gesti\u00f3n de cuidados - En desarrollo<\/h3>\n<\/div>\n\n\n\n<div class=\"wp-block-column is-layout-flow wp-block-column-is-layout-flow\" style=\"flex-basis:66.66%\">\n<p>En la fase de prototipo, RAWF est\u00e1 desarrollando una aplicaci\u00f3n dise\u00f1ada para capturar datos, realizar c\u00e1lculos en tiempo real y ayudar en la gesti\u00f3n de los cuidados de los pacientes. <a href=\"https:\/\/live-rawf.pantheonsite.io\/managing-diabetes-insipidus\/\">deficiencia de arginina vasopresina<\/a> y otras enfermedades que requieren un registro de datos similar.<\/p>\n<\/div>\n<\/div>\n\n\n\n<hr class=\"wp-block-separator has-text-color has-alpha-channel-opacity has-background\" style=\"background-color:#eeeeee;color:#eeeeee\"\/>\n\n\n\n<div class=\"wp-block-columns is-layout-flex wp-container-core-columns-is-layout-9d6595d7 wp-block-columns-is-layout-flex\">\n<div class=\"wp-block-column is-layout-flow wp-block-column-is-layout-flow\" style=\"flex-basis:33.33%\">\n<h3 class=\"wp-block-heading\">Navegador de pacientes en l\u00ednea<\/h3>\n<\/div>\n\n\n\n<div class=\"wp-block-column is-layout-flow wp-block-column-is-layout-flow\" style=\"flex-basis:66.66%\">\n<p>RAWF est\u00e1 trabajando actualmente para desarrollar un completo recurso en l\u00ednea de informaci\u00f3n y para responder a las preguntas m\u00e1s frecuentes sobre el craneofaringioma. El diagn\u00f3stico de este tumor y la gesti\u00f3n de los cuidados posteriores son desalentadores. Actualmente no existe ning\u00fan recurso completo que profundice en las cuestiones m\u00e1s comunes. Este centro se basar\u00e1 en la plataforma WordPress y ofrecer\u00e1 una visi\u00f3n general de las opciones de tratamiento, los principales hospitales y m\u00e9dicos tratantes, las terapias actuales, incluidas las opciones no indicadas en la etiqueta y los m\u00e9dicos que las prescriben, as\u00ed como una secci\u00f3n dedicada a los supervivientes en la que se destacar\u00e1n las historias de \u00e9xito de los pacientes. Est\u00e1 previsto que el navegador empiece a funcionar a finales de 2024.<\/p>\n<\/div>\n<\/div>\n\n\n\n<hr class=\"wp-block-separator has-alpha-channel-opacity\"\/>\n\n\n<div class=\"gb-container gb-container-98493386\">\n\n<div class=\"wp-block-columns is-layout-flex wp-container-core-columns-is-layout-9d6595d7 wp-block-columns-is-layout-flex\">\n<div class=\"wp-block-column is-layout-flow wp-block-column-is-layout-flow\" style=\"flex-basis:33.33%\">\n<figure class=\"wp-block-image size-full\"><img decoding=\"async\" width=\"1000\" height=\"562\" src=\"https:\/\/live-rawf.pantheonsite.io\/wp-content\/uploads\/2023\/08\/girl.jpg\" alt=\"Chica con flores\" class=\"wp-image-7966\" srcset=\"https:\/\/www.rawoodfoundation.org\/wp-content\/uploads\/2023\/08\/girl.jpg 1000w, https:\/\/www.rawoodfoundation.org\/wp-content\/uploads\/2023\/08\/girl-300x169.jpg 300w, https:\/\/www.rawoodfoundation.org\/wp-content\/uploads\/2023\/08\/girl-768x432.jpg 768w, https:\/\/www.rawoodfoundation.org\/wp-content\/uploads\/2023\/08\/girl-18x10.jpg 18w\" sizes=\"(max-width: 1000px) 100vw, 1000px\" \/><\/figure>\n<\/div>\n\n\n\n<div class=\"wp-block-column is-layout-flow wp-block-column-is-layout-flow\" style=\"flex-basis:66.66%\">\n<h3 class=\"wp-block-heading\">Apoye nuestros programas<\/h3>\n\n\n\n<p>Su apoyo puede tener un impacto duradero en nuestra misi\u00f3n, permiti\u00e9ndonos crear un cambio positivo y transformar las vidas de estos supervivientes de tumores cerebrales. \u00danase a nosotros en la defensa de esta causa, y juntos, podemos allanar el camino para un futuro m\u00e1s brillante, no s\u00f3lo para estos pacientes, sino para la investigaci\u00f3n del cerebro y el apoyo a los pacientes.<\/p>\n\n\n\n<p class=\"gb-headline gb-headline-1207c705 round-icon\"><span class=\"gb-icon\"><svg aria-hidden=\"true\" role=\"img\" height=\"1em\" width=\"1em\" viewbox=\"0 0 256 512\" xmlns=\"http:\/\/www.w3.org\/2000\/svg\"><path fill=\"currentColor\" d=\"M224.3 273l-136 136c-9.4 9.4-24.6 9.4-33.9 0l-22.6-22.6c-9.4-9.4-9.4-24.6 0-33.9l96.4-96.4-96.4-96.4c-9.4-9.4-9.4-24.6 0-33.9L54.3 103c9.4-9.4 24.6-9.4 33.9 0l136 136c9.5 9.4 9.5 24.6.1 34z\"><\/path><\/svg><\/span><span class=\"gb-headline-text\"><a href=\"https:\/\/raymondawoodfoundation-bloom.kindful.com\/\">Haz un donativo para impulsar nuestra misi\u00f3n<\/a><\/span><\/p>\n<\/div>\n<\/div>\n\n<\/div>","protected":false},"excerpt":{"rendered":"<p>Programas centrados en el paciente Gesti\u00f3n de la atenci\u00f3n domiciliaria de Adipsic AVP-D para pacientes pedi\u00e1tricos con tumores cerebrales Contacto ... <a title=\"Programas\" class=\"read-more\" href=\"https:\/\/www.rawoodfoundation.org\/es\/our-goals\/\" aria-label=\"Leer m\u00e1s sobre Programas\">Seguir leyendo<\/a><\/p>","protected":false},"author":1,"featured_media":0,"parent":0,"menu_order":95,"comment_status":"closed","ping_status":"closed","template":"","meta":{"_acf_changed":false,"footnotes":""},"class_list":{"0":"post-5243","1":"page","2":"type-page","3":"status-publish","5":"no-featured-image-padding"},"acf":[],"yoast_head":"<!-- This site is optimized with the Yoast SEO plugin v27.3 - https:\/\/yoast.com\/product\/yoast-seo-wordpress\/ -->\n<title>Programs - Raymond A. Wood Foundation<\/title>\n<meta name=\"description\" content=\"Discover the current programs taking place in Raymond A. Wood Foundation and how you can join to be a part of it.\" \/>\n<meta name=\"robots\" content=\"index, follow, max-snippet:-1, max-image-preview:large, max-video-preview:-1\" \/>\n<link rel=\"canonical\" href=\"https:\/\/www.rawoodfoundation.org\/es\/nuestros-objetivos\/\" \/>\n<meta property=\"og:locale\" content=\"es_MX\" \/>\n<meta property=\"og:type\" content=\"article\" \/>\n<meta property=\"og:title\" content=\"Programs - Raymond A. Wood Foundation\" \/>\n<meta property=\"og:description\" content=\"Discover the current programs taking place in Raymond A. Wood Foundation and how you can join to be a part of it.\" \/>\n<meta property=\"og:url\" content=\"https:\/\/www.rawoodfoundation.org\/es\/nuestros-objetivos\/\" \/>\n<meta property=\"og:site_name\" content=\"Raymond A. Wood Foundation\" \/>\n<meta property=\"article:publisher\" content=\"https:\/\/www.facebook.com\/rawoodfoundation\" \/>\n<meta property=\"article:modified_time\" content=\"2024-07-23T18:29:15+00:00\" \/>\n<meta property=\"og:image\" content=\"https:\/\/live-rawf.pantheonsite.io\/wp-content\/uploads\/2023\/08\/girl.jpg\" \/>\n<meta name=\"twitter:card\" content=\"summary_large_image\" \/>\n<meta name=\"twitter:site\" content=\"@rawoodfound\" \/>\n<meta name=\"twitter:label1\" content=\"Tiempo de lectura\" \/>\n\t<meta name=\"twitter:data1\" content=\"5 minutos\" \/>\n<script type=\"application\/ld+json\" class=\"yoast-schema-graph\">{\"@context\":\"https:\\\/\\\/schema.org\",\"@graph\":[{\"@type\":\"WebPage\",\"@id\":\"https:\\\/\\\/www.rawoodfoundation.org\\\/our-goals\\\/\",\"url\":\"https:\\\/\\\/www.rawoodfoundation.org\\\/our-goals\\\/\",\"name\":\"Programs - Raymond A. Wood Foundation\",\"isPartOf\":{\"@id\":\"https:\\\/\\\/www.rawoodfoundation.org\\\/#website\"},\"primaryImageOfPage\":{\"@id\":\"https:\\\/\\\/www.rawoodfoundation.org\\\/our-goals\\\/#primaryimage\"},\"image\":{\"@id\":\"https:\\\/\\\/www.rawoodfoundation.org\\\/our-goals\\\/#primaryimage\"},\"thumbnailUrl\":\"https:\\\/\\\/live-rawf.pantheonsite.io\\\/wp-content\\\/uploads\\\/2023\\\/08\\\/girl.jpg\",\"datePublished\":\"2023-05-16T18:26:54+00:00\",\"dateModified\":\"2024-07-23T18:29:15+00:00\",\"description\":\"Discover the current programs taking place in Raymond A. Wood Foundation and how you can join to be a part of it.\",\"breadcrumb\":{\"@id\":\"https:\\\/\\\/www.rawoodfoundation.org\\\/our-goals\\\/#breadcrumb\"},\"inLanguage\":\"es\",\"potentialAction\":[{\"@type\":\"ReadAction\",\"target\":[\"https:\\\/\\\/www.rawoodfoundation.org\\\/our-goals\\\/\"]}]},{\"@type\":\"ImageObject\",\"inLanguage\":\"es\",\"@id\":\"https:\\\/\\\/www.rawoodfoundation.org\\\/our-goals\\\/#primaryimage\",\"url\":\"https:\\\/\\\/live-rawf.pantheonsite.io\\\/wp-content\\\/uploads\\\/2023\\\/08\\\/girl.jpg\",\"contentUrl\":\"https:\\\/\\\/live-rawf.pantheonsite.io\\\/wp-content\\\/uploads\\\/2023\\\/08\\\/girl.jpg\"},{\"@type\":\"BreadcrumbList\",\"@id\":\"https:\\\/\\\/www.rawoodfoundation.org\\\/our-goals\\\/#breadcrumb\",\"itemListElement\":[{\"@type\":\"ListItem\",\"position\":1,\"name\":\"Home\",\"item\":\"https:\\\/\\\/www.rawoodfoundation.org\\\/\"},{\"@type\":\"ListItem\",\"position\":2,\"name\":\"Programs\"}]},{\"@type\":\"WebSite\",\"@id\":\"https:\\\/\\\/www.rawoodfoundation.org\\\/#website\",\"url\":\"https:\\\/\\\/www.rawoodfoundation.org\\\/\",\"name\":\"Raymond A. Wood Foundation\",\"description\":\"The mission of the RAWF is to provide quality of life support for childhood brain tumor survivors and their families.\",\"publisher\":{\"@id\":\"https:\\\/\\\/www.rawoodfoundation.org\\\/#organization\"},\"potentialAction\":[{\"@type\":\"SearchAction\",\"target\":{\"@type\":\"EntryPoint\",\"urlTemplate\":\"https:\\\/\\\/www.rawoodfoundation.org\\\/?s={search_term_string}\"},\"query-input\":{\"@type\":\"PropertyValueSpecification\",\"valueRequired\":true,\"valueName\":\"search_term_string\"}}],\"inLanguage\":\"es\"},{\"@type\":\"Organization\",\"@id\":\"https:\\\/\\\/www.rawoodfoundation.org\\\/#organization\",\"name\":\"Raymond A. Wood Foundation\",\"url\":\"https:\\\/\\\/www.rawoodfoundation.org\\\/\",\"logo\":{\"@type\":\"ImageObject\",\"inLanguage\":\"es\",\"@id\":\"https:\\\/\\\/www.rawoodfoundation.org\\\/#\\\/schema\\\/logo\\\/image\\\/\",\"url\":\"https:\\\/\\\/www.rawoodfoundation.org\\\/wp-content\\\/uploads\\\/2023\\\/07\\\/Raymond-A-Wood-Foundation-logo.webp\",\"contentUrl\":\"https:\\\/\\\/www.rawoodfoundation.org\\\/wp-content\\\/uploads\\\/2023\\\/07\\\/Raymond-A-Wood-Foundation-logo.webp\",\"width\":470,\"height\":128,\"caption\":\"Raymond A. Wood Foundation\"},\"image\":{\"@id\":\"https:\\\/\\\/www.rawoodfoundation.org\\\/#\\\/schema\\\/logo\\\/image\\\/\"},\"sameAs\":[\"https:\\\/\\\/www.facebook.com\\\/rawoodfoundation\",\"https:\\\/\\\/x.com\\\/rawoodfound\"]}]}<\/script>\n<!-- \/ Yoast SEO plugin. -->","yoast_head_json":{"title":"Programas - Fundaci\u00f3n Raymond A. Wood","description":"Descubra los programas actuales que se llevan a cabo en la Fundaci\u00f3n Raymond A. Wood y c\u00f3mo puede unirse para formar parte de ellos.","robots":{"index":"index","follow":"follow","max-snippet":"max-snippet:-1","max-image-preview":"max-image-preview:large","max-video-preview":"max-video-preview:-1"},"canonical":"https:\/\/www.rawoodfoundation.org\/es\/nuestros-objetivos\/","og_locale":"es_MX","og_type":"article","og_title":"Programs - Raymond A. Wood Foundation","og_description":"Discover the current programs taking place in Raymond A. Wood Foundation and how you can join to be a part of it.","og_url":"https:\/\/www.rawoodfoundation.org\/es\/nuestros-objetivos\/","og_site_name":"Raymond A. Wood Foundation","article_publisher":"https:\/\/www.facebook.com\/rawoodfoundation","article_modified_time":"2024-07-23T18:29:15+00:00","og_image":[{"url":"https:\/\/live-rawf.pantheonsite.io\/wp-content\/uploads\/2023\/08\/girl.jpg","type":"","width":"","height":""}],"twitter_card":"summary_large_image","twitter_site":"@rawoodfound","twitter_misc":{"Tiempo de lectura":"5 minutos"},"schema":{"@context":"https:\/\/schema.org","@graph":[{"@type":"WebPage","@id":"https:\/\/www.rawoodfoundation.org\/our-goals\/","url":"https:\/\/www.rawoodfoundation.org\/our-goals\/","name":"Programas - Fundaci\u00f3n Raymond A. Wood","isPartOf":{"@id":"https:\/\/www.rawoodfoundation.org\/#website"},"primaryImageOfPage":{"@id":"https:\/\/www.rawoodfoundation.org\/our-goals\/#primaryimage"},"image":{"@id":"https:\/\/www.rawoodfoundation.org\/our-goals\/#primaryimage"},"thumbnailUrl":"https:\/\/live-rawf.pantheonsite.io\/wp-content\/uploads\/2023\/08\/girl.jpg","datePublished":"2023-05-16T18:26:54+00:00","dateModified":"2024-07-23T18:29:15+00:00","description":"Descubra los programas actuales que se llevan a cabo en la Fundaci\u00f3n Raymond A. Wood y c\u00f3mo puede unirse para formar parte de ellos.","breadcrumb":{"@id":"https:\/\/www.rawoodfoundation.org\/our-goals\/#breadcrumb"},"inLanguage":"es","potentialAction":[{"@type":"ReadAction","target":["https:\/\/www.rawoodfoundation.org\/our-goals\/"]}]},{"@type":"ImageObject","inLanguage":"es","@id":"https:\/\/www.rawoodfoundation.org\/our-goals\/#primaryimage","url":"https:\/\/live-rawf.pantheonsite.io\/wp-content\/uploads\/2023\/08\/girl.jpg","contentUrl":"https:\/\/live-rawf.pantheonsite.io\/wp-content\/uploads\/2023\/08\/girl.jpg"},{"@type":"BreadcrumbList","@id":"https:\/\/www.rawoodfoundation.org\/our-goals\/#breadcrumb","itemListElement":[{"@type":"ListItem","position":1,"name":"Home","item":"https:\/\/www.rawoodfoundation.org\/"},{"@type":"ListItem","position":2,"name":"Programs"}]},{"@type":"WebSite","@id":"https:\/\/www.rawoodfoundation.org\/#website","url":"https:\/\/www.rawoodfoundation.org\/","name":"Fundaci\u00f3n Raymond A. Wood","description":"La misi\u00f3n de la RAWF es proporcionar apoyo a la calidad de vida de los supervivientes de tumores cerebrales infantiles y sus familias.","publisher":{"@id":"https:\/\/www.rawoodfoundation.org\/#organization"},"potentialAction":[{"@type":"SearchAction","target":{"@type":"EntryPoint","urlTemplate":"https:\/\/www.rawoodfoundation.org\/?s={search_term_string}"},"query-input":{"@type":"PropertyValueSpecification","valueRequired":true,"valueName":"search_term_string"}}],"inLanguage":"es"},{"@type":"Organization","@id":"https:\/\/www.rawoodfoundation.org\/#organization","name":"Fundaci\u00f3n Raymond A. Wood","url":"https:\/\/www.rawoodfoundation.org\/","logo":{"@type":"ImageObject","inLanguage":"es","@id":"https:\/\/www.rawoodfoundation.org\/#\/schema\/logo\/image\/","url":"https:\/\/www.rawoodfoundation.org\/wp-content\/uploads\/2023\/07\/Raymond-A-Wood-Foundation-logo.webp","contentUrl":"https:\/\/www.rawoodfoundation.org\/wp-content\/uploads\/2023\/07\/Raymond-A-Wood-Foundation-logo.webp","width":470,"height":128,"caption":"Raymond A. Wood Foundation"},"image":{"@id":"https:\/\/www.rawoodfoundation.org\/#\/schema\/logo\/image\/"},"sameAs":["https:\/\/www.facebook.com\/rawoodfoundation","https:\/\/x.com\/rawoodfound"]}]}},"_links":{"self":[{"href":"https:\/\/www.rawoodfoundation.org\/es\/wp-json\/wp\/v2\/pages\/5243","targetHints":{"allow":["GET"]}}],"collection":[{"href":"https:\/\/www.rawoodfoundation.org\/es\/wp-json\/wp\/v2\/pages"}],"about":[{"href":"https:\/\/www.rawoodfoundation.org\/es\/wp-json\/wp\/v2\/types\/page"}],"author":[{"embeddable":true,"href":"https:\/\/www.rawoodfoundation.org\/es\/wp-json\/wp\/v2\/users\/1"}],"replies":[{"embeddable":true,"href":"https:\/\/www.rawoodfoundation.org\/es\/wp-json\/wp\/v2\/comments?post=5243"}],"version-history":[{"count":14,"href":"https:\/\/www.rawoodfoundation.org\/es\/wp-json\/wp\/v2\/pages\/5243\/revisions"}],"predecessor-version":[{"id":9327,"href":"https:\/\/www.rawoodfoundation.org\/es\/wp-json\/wp\/v2\/pages\/5243\/revisions\/9327"}],"wp:attachment":[{"href":"https:\/\/www.rawoodfoundation.org\/es\/wp-json\/wp\/v2\/media?parent=5243"}],"curies":[{"name":"wp","href":"https:\/\/api.w.org\/{rel}","templated":true}]}}