{"id":5209,"date":"2023-05-16T16:45:02","date_gmt":"2023-05-16T16:45:02","guid":{"rendered":"https:\/\/live-rawf.pantheonsite.io\/?page_id=5209"},"modified":"2025-05-05T17:02:12","modified_gmt":"2025-05-05T17:02:12","slug":"diversidad-equidad-e-inclusion","status":"publish","type":"page","link":"https:\/\/www.rawoodfoundation.org\/es\/diversity-equity-and-inclusion\/","title":{"rendered":"Diversidad, equidad e inclusi\u00f3n"},"content":{"rendered":"<div style=\"height:60px\" aria-hidden=\"true\" class=\"wp-block-spacer\"><\/div>\n\n\n\n<div class=\"wp-block-columns is-layout-flex wp-container-core-columns-is-layout-9d6595d7 wp-block-columns-is-layout-flex\">\n<div class=\"wp-block-column is-layout-flow wp-block-column-is-layout-flow\" style=\"flex-basis:33.33%\">\n<p>La Raymond A. Wood Foundation se compromete a crear un entorno diverso, inclusivo y equitativo en el que todo el personal, los miembros del consejo de administraci\u00f3n, los socios y los miembros de nuestra comunidad sean tratados con respeto y dignidad.<\/p>\n\n\n\n<figure class=\"gb-block-image gb-block-image-a2e1bb97\"><img decoding=\"async\" width=\"724\" height=\"483\" class=\"gb-image gb-image-a2e1bb97\" src=\"https:\/\/live-rawf.pantheonsite.io\/wp-content\/uploads\/2023\/05\/iStock-1455296779.jpg\" alt=\"DEI\" title=\"Sonrientes hombres de negocios cogidos del brazo en el vest\u00edbulo de una oficina\" srcset=\"https:\/\/www.rawoodfoundation.org\/wp-content\/uploads\/2023\/05\/iStock-1455296779.jpg 724w, https:\/\/www.rawoodfoundation.org\/wp-content\/uploads\/2023\/05\/iStock-1455296779-300x200.jpg 300w, https:\/\/www.rawoodfoundation.org\/wp-content\/uploads\/2023\/05\/iStock-1455296779-18x12.jpg 18w\" sizes=\"(max-width: 724px) 100vw, 724px\" \/><\/figure>\n<\/div>\n\n\n\n<div class=\"wp-block-column is-layout-flow wp-block-column-is-layout-flow\" style=\"flex-basis:66.66%\">\n<h2 class=\"wp-block-heading\">\u00bfQu\u00e9 es la diversidad?<\/h2>\n\n\n\n<p>La diversidad se refiere a raza, sexo, etnia, nacionalidad, religi\u00f3n, identidad sexual, situaci\u00f3n familiar, edad, discapacidad y estatus socioecon\u00f3mico.<\/p>\n\n\n\n<h2 class=\"wp-block-heading\">\u00bfQu\u00e9 es la equidad?<\/h2>\n\n\n\n<p>La equidad es un proceso que garantiza que todas las personas tengan la oportunidad de contribuir, desarrollarse y crecer a pesar de las desigualdades hist\u00f3ricas, estructurales, legislativas, raciales y socioecon\u00f3micas.<\/p>\n\n\n\n<h2 class=\"wp-block-heading\">\u00bfQu\u00e9 es la inclusi\u00f3n?<\/h2>\n\n\n\n<p>Inclusi\u00f3n es valorar, respetar y fomentar la plena participaci\u00f3n de cada individuo en la vida y el liderazgo de la organizaci\u00f3n.<\/p>\n\n\n\n<p>Como organizaci\u00f3n, celebramos la diversidad de nuestro personal, junta directiva y comunidad. No toleraremos ning\u00fan tipo de discriminaci\u00f3n, prejuicio, acoso o intimidaci\u00f3n. Independientemente de la raza, la situaci\u00f3n socioecon\u00f3mica, la edad, la discapacidad, la religi\u00f3n, la orientaci\u00f3n sexual, la nacionalidad, el sexo o el estado civil.<\/p>\n\n\n\n<p>La Fundaci\u00f3n Raymond A. Wood, el personal y el Consejo de Administraci\u00f3n aceptan guiarse por estos principios y se comprometen a reflejarlos en nuestra visi\u00f3n, misi\u00f3n, planificaci\u00f3n estrat\u00e9gica, programaci\u00f3n, gobernanza y composici\u00f3n del Consejo. Nuestro compromiso con la diversidad, la equidad y la inclusi\u00f3n se extiende a nuestro personal, nuestros miembros y los programas que desarrollamos y apoyamos.<\/p>\n<\/div>\n<\/div>\n\n\n\n<hr class=\"wp-block-separator has-text-color has-alpha-channel-opacity has-background\" style=\"background-color:#eeeeee;color:#eeeeee\"\/>\n\n\n\n<div class=\"wp-block-columns is-layout-flex wp-container-core-columns-is-layout-9d6595d7 wp-block-columns-is-layout-flex\">\n<div class=\"wp-block-column is-layout-flow wp-block-column-is-layout-flow\">\n<h2 class=\"wp-block-heading\">Pol\u00edtica contra la discriminaci\u00f3n<\/h2>\n\n\n\n<p>Raymond A. Wood Foundation no discrimina ni discriminar\u00e1 por motivos de raza, color, religi\u00f3n (credo), g\u00e9nero, expresi\u00f3n de g\u00e9nero, edad, origen nacional (ascendencia), discapacidad, estado civil, orientaci\u00f3n sexual o condici\u00f3n militar, en ninguna de sus actividades u operaciones.  Estas actividades incluyen, entre otras, el nombramiento y cese de su Consejo de Administraci\u00f3n, la contrataci\u00f3n y despido de personal o contratistas, la selecci\u00f3n de voluntarios, la selecci\u00f3n de proveedores y la prestaci\u00f3n de servicios.&nbsp;&nbsp;<\/p>\n<\/div>\n\n\n\n<div class=\"wp-block-column is-layout-flow wp-block-column-is-layout-flow\">\n<h2 class=\"wp-block-heading\">Igualdad de oportunidades<\/h2>\n\n\n\n<p>Raymond A. Wood Foundation es un empleador que ofrece igualdad de oportunidades.  No discriminamos ni discriminaremos en el empleo, la contrataci\u00f3n, la pertenencia al Consejo, los anuncios de empleo, la remuneraci\u00f3n, el despido, la mejora de categor\u00eda, los ascensos y otras condiciones de empleo a ning\u00fan empleado o solicitante de empleo por motivos de raza, color, religi\u00f3n (credo), sexo, expresi\u00f3n de g\u00e9nero, edad, origen nacional (ascendencia), discapacidad, estado civil, orientaci\u00f3n sexual o situaci\u00f3n militar, ni por ning\u00fan otro motivo discriminatorio.&nbsp;<\/p>\n<\/div>\n<\/div>","protected":false},"excerpt":{"rendered":"<p>La Fundaci\u00f3n Raymond A. Wood se compromete a crear un entorno diverso, integrador, ... <a title=\"Diversidad, equidad e inclusi\u00f3n\" class=\"read-more\" href=\"https:\/\/www.rawoodfoundation.org\/es\/diversity-equity-and-inclusion\/\" aria-label=\"Leer m\u00e1s sobre Diversidad, equidad e inclusi\u00f3n\">Seguir leyendo<\/a><\/p>","protected":false},"author":1,"featured_media":0,"parent":0,"menu_order":100,"comment_status":"closed","ping_status":"closed","template":"","meta":{"_acf_changed":false,"footnotes":""},"class_list":{"0":"post-5209","1":"page","2":"type-page","3":"status-publish","5":"no-featured-image-padding"},"acf":[],"yoast_head":"<!-- This site is optimized with the Yoast SEO plugin v27.3 - https:\/\/yoast.com\/product\/yoast-seo-wordpress\/ -->\n<title>Diversity, Equity, and Inclusion - Raymond A. Wood Foundation<\/title>\n<meta name=\"robots\" content=\"index, follow, max-snippet:-1, max-image-preview:large, max-video-preview:-1\" \/>\n<link rel=\"canonical\" href=\"https:\/\/www.rawoodfoundation.org\/es\/diversidad-equidad-e-inclusion\/\" \/>\n<meta property=\"og:locale\" content=\"es_MX\" \/>\n<meta property=\"og:type\" content=\"article\" \/>\n<meta property=\"og:title\" content=\"Diversity, Equity, and Inclusion - Raymond A. Wood Foundation\" \/>\n<meta property=\"og:description\" content=\"The Raymond A. Wood Foundation is committed to creating an environment that is diverse, inclusive, ... Read more\" \/>\n<meta property=\"og:url\" content=\"https:\/\/www.rawoodfoundation.org\/es\/diversidad-equidad-e-inclusion\/\" \/>\n<meta property=\"og:site_name\" content=\"Raymond A. Wood Foundation\" \/>\n<meta property=\"article:publisher\" content=\"https:\/\/www.facebook.com\/rawoodfoundation\" \/>\n<meta property=\"article:modified_time\" content=\"2025-05-05T17:02:12+00:00\" \/>\n<meta property=\"og:image\" content=\"https:\/\/live-rawf.pantheonsite.io\/wp-content\/uploads\/2023\/05\/iStock-1455296779.jpg\" \/>\n<meta name=\"twitter:card\" content=\"summary_large_image\" \/>\n<meta name=\"twitter:site\" content=\"@rawoodfound\" \/>\n<meta name=\"twitter:label1\" content=\"Tiempo de lectura\" \/>\n\t<meta name=\"twitter:data1\" content=\"2 minutos\" \/>\n<script type=\"application\/ld+json\" class=\"yoast-schema-graph\">{\"@context\":\"https:\\\/\\\/schema.org\",\"@graph\":[{\"@type\":\"WebPage\",\"@id\":\"https:\\\/\\\/www.rawoodfoundation.org\\\/diversity-equity-and-inclusion\\\/\",\"url\":\"https:\\\/\\\/www.rawoodfoundation.org\\\/diversity-equity-and-inclusion\\\/\",\"name\":\"Diversity, Equity, and Inclusion - Raymond A. Wood Foundation\",\"isPartOf\":{\"@id\":\"https:\\\/\\\/www.rawoodfoundation.org\\\/#website\"},\"primaryImageOfPage\":{\"@id\":\"https:\\\/\\\/www.rawoodfoundation.org\\\/diversity-equity-and-inclusion\\\/#primaryimage\"},\"image\":{\"@id\":\"https:\\\/\\\/www.rawoodfoundation.org\\\/diversity-equity-and-inclusion\\\/#primaryimage\"},\"thumbnailUrl\":\"https:\\\/\\\/live-rawf.pantheonsite.io\\\/wp-content\\\/uploads\\\/2023\\\/05\\\/iStock-1455296779.jpg\",\"datePublished\":\"2023-05-16T16:45:02+00:00\",\"dateModified\":\"2025-05-05T17:02:12+00:00\",\"breadcrumb\":{\"@id\":\"https:\\\/\\\/www.rawoodfoundation.org\\\/diversity-equity-and-inclusion\\\/#breadcrumb\"},\"inLanguage\":\"es\",\"potentialAction\":[{\"@type\":\"ReadAction\",\"target\":[\"https:\\\/\\\/www.rawoodfoundation.org\\\/diversity-equity-and-inclusion\\\/\"]}]},{\"@type\":\"ImageObject\",\"inLanguage\":\"es\",\"@id\":\"https:\\\/\\\/www.rawoodfoundation.org\\\/diversity-equity-and-inclusion\\\/#primaryimage\",\"url\":\"https:\\\/\\\/live-rawf.pantheonsite.io\\\/wp-content\\\/uploads\\\/2023\\\/05\\\/iStock-1455296779.jpg\",\"contentUrl\":\"https:\\\/\\\/live-rawf.pantheonsite.io\\\/wp-content\\\/uploads\\\/2023\\\/05\\\/iStock-1455296779.jpg\"},{\"@type\":\"BreadcrumbList\",\"@id\":\"https:\\\/\\\/www.rawoodfoundation.org\\\/diversity-equity-and-inclusion\\\/#breadcrumb\",\"itemListElement\":[{\"@type\":\"ListItem\",\"position\":1,\"name\":\"Home\",\"item\":\"https:\\\/\\\/www.rawoodfoundation.org\\\/\"},{\"@type\":\"ListItem\",\"position\":2,\"name\":\"Diversity, Equity, and Inclusion\"}]},{\"@type\":\"WebSite\",\"@id\":\"https:\\\/\\\/www.rawoodfoundation.org\\\/#website\",\"url\":\"https:\\\/\\\/www.rawoodfoundation.org\\\/\",\"name\":\"Raymond A. Wood Foundation\",\"description\":\"The mission of the RAWF is to provide quality of life support for childhood brain tumor survivors and their families.\",\"publisher\":{\"@id\":\"https:\\\/\\\/www.rawoodfoundation.org\\\/#organization\"},\"potentialAction\":[{\"@type\":\"SearchAction\",\"target\":{\"@type\":\"EntryPoint\",\"urlTemplate\":\"https:\\\/\\\/www.rawoodfoundation.org\\\/?s={search_term_string}\"},\"query-input\":{\"@type\":\"PropertyValueSpecification\",\"valueRequired\":true,\"valueName\":\"search_term_string\"}}],\"inLanguage\":\"es\"},{\"@type\":\"Organization\",\"@id\":\"https:\\\/\\\/www.rawoodfoundation.org\\\/#organization\",\"name\":\"Raymond A. Wood Foundation\",\"url\":\"https:\\\/\\\/www.rawoodfoundation.org\\\/\",\"logo\":{\"@type\":\"ImageObject\",\"inLanguage\":\"es\",\"@id\":\"https:\\\/\\\/www.rawoodfoundation.org\\\/#\\\/schema\\\/logo\\\/image\\\/\",\"url\":\"https:\\\/\\\/www.rawoodfoundation.org\\\/wp-content\\\/uploads\\\/2023\\\/07\\\/Raymond-A-Wood-Foundation-logo.webp\",\"contentUrl\":\"https:\\\/\\\/www.rawoodfoundation.org\\\/wp-content\\\/uploads\\\/2023\\\/07\\\/Raymond-A-Wood-Foundation-logo.webp\",\"width\":470,\"height\":128,\"caption\":\"Raymond A. Wood Foundation\"},\"image\":{\"@id\":\"https:\\\/\\\/www.rawoodfoundation.org\\\/#\\\/schema\\\/logo\\\/image\\\/\"},\"sameAs\":[\"https:\\\/\\\/www.facebook.com\\\/rawoodfoundation\",\"https:\\\/\\\/x.com\\\/rawoodfound\"]}]}<\/script>\n<!-- \/ Yoast SEO plugin. -->","yoast_head_json":{"title":"Diversidad, equidad e inclusi\u00f3n - Fundaci\u00f3n Raymond A. Wood","robots":{"index":"index","follow":"follow","max-snippet":"max-snippet:-1","max-image-preview":"max-image-preview:large","max-video-preview":"max-video-preview:-1"},"canonical":"https:\/\/www.rawoodfoundation.org\/es\/diversidad-equidad-e-inclusion\/","og_locale":"es_MX","og_type":"article","og_title":"Diversity, Equity, and Inclusion - Raymond A. Wood Foundation","og_description":"The Raymond A. Wood Foundation is committed to creating an environment that is diverse, inclusive, ... Read more","og_url":"https:\/\/www.rawoodfoundation.org\/es\/diversidad-equidad-e-inclusion\/","og_site_name":"Raymond A. Wood Foundation","article_publisher":"https:\/\/www.facebook.com\/rawoodfoundation","article_modified_time":"2025-05-05T17:02:12+00:00","og_image":[{"url":"https:\/\/live-rawf.pantheonsite.io\/wp-content\/uploads\/2023\/05\/iStock-1455296779.jpg","type":"","width":"","height":""}],"twitter_card":"summary_large_image","twitter_site":"@rawoodfound","twitter_misc":{"Tiempo de lectura":"2 minutos"},"schema":{"@context":"https:\/\/schema.org","@graph":[{"@type":"WebPage","@id":"https:\/\/www.rawoodfoundation.org\/diversity-equity-and-inclusion\/","url":"https:\/\/www.rawoodfoundation.org\/diversity-equity-and-inclusion\/","name":"Diversidad, equidad e inclusi\u00f3n - Fundaci\u00f3n Raymond A. Wood","isPartOf":{"@id":"https:\/\/www.rawoodfoundation.org\/#website"},"primaryImageOfPage":{"@id":"https:\/\/www.rawoodfoundation.org\/diversity-equity-and-inclusion\/#primaryimage"},"image":{"@id":"https:\/\/www.rawoodfoundation.org\/diversity-equity-and-inclusion\/#primaryimage"},"thumbnailUrl":"https:\/\/live-rawf.pantheonsite.io\/wp-content\/uploads\/2023\/05\/iStock-1455296779.jpg","datePublished":"2023-05-16T16:45:02+00:00","dateModified":"2025-05-05T17:02:12+00:00","breadcrumb":{"@id":"https:\/\/www.rawoodfoundation.org\/diversity-equity-and-inclusion\/#breadcrumb"},"inLanguage":"es","potentialAction":[{"@type":"ReadAction","target":["https:\/\/www.rawoodfoundation.org\/diversity-equity-and-inclusion\/"]}]},{"@type":"ImageObject","inLanguage":"es","@id":"https:\/\/www.rawoodfoundation.org\/diversity-equity-and-inclusion\/#primaryimage","url":"https:\/\/live-rawf.pantheonsite.io\/wp-content\/uploads\/2023\/05\/iStock-1455296779.jpg","contentUrl":"https:\/\/live-rawf.pantheonsite.io\/wp-content\/uploads\/2023\/05\/iStock-1455296779.jpg"},{"@type":"BreadcrumbList","@id":"https:\/\/www.rawoodfoundation.org\/diversity-equity-and-inclusion\/#breadcrumb","itemListElement":[{"@type":"ListItem","position":1,"name":"Home","item":"https:\/\/www.rawoodfoundation.org\/"},{"@type":"ListItem","position":2,"name":"Diversity, Equity, and Inclusion"}]},{"@type":"WebSite","@id":"https:\/\/www.rawoodfoundation.org\/#website","url":"https:\/\/www.rawoodfoundation.org\/","name":"Fundaci\u00f3n Raymond A. Wood","description":"La misi\u00f3n de la RAWF es proporcionar apoyo a la calidad de vida de los supervivientes de tumores cerebrales infantiles y sus familias.","publisher":{"@id":"https:\/\/www.rawoodfoundation.org\/#organization"},"potentialAction":[{"@type":"SearchAction","target":{"@type":"EntryPoint","urlTemplate":"https:\/\/www.rawoodfoundation.org\/?s={search_term_string}"},"query-input":{"@type":"PropertyValueSpecification","valueRequired":true,"valueName":"search_term_string"}}],"inLanguage":"es"},{"@type":"Organization","@id":"https:\/\/www.rawoodfoundation.org\/#organization","name":"Fundaci\u00f3n Raymond A. Wood","url":"https:\/\/www.rawoodfoundation.org\/","logo":{"@type":"ImageObject","inLanguage":"es","@id":"https:\/\/www.rawoodfoundation.org\/#\/schema\/logo\/image\/","url":"https:\/\/www.rawoodfoundation.org\/wp-content\/uploads\/2023\/07\/Raymond-A-Wood-Foundation-logo.webp","contentUrl":"https:\/\/www.rawoodfoundation.org\/wp-content\/uploads\/2023\/07\/Raymond-A-Wood-Foundation-logo.webp","width":470,"height":128,"caption":"Raymond A. Wood Foundation"},"image":{"@id":"https:\/\/www.rawoodfoundation.org\/#\/schema\/logo\/image\/"},"sameAs":["https:\/\/www.facebook.com\/rawoodfoundation","https:\/\/x.com\/rawoodfound"]}]}},"_links":{"self":[{"href":"https:\/\/www.rawoodfoundation.org\/es\/wp-json\/wp\/v2\/pages\/5209","targetHints":{"allow":["GET"]}}],"collection":[{"href":"https:\/\/www.rawoodfoundation.org\/es\/wp-json\/wp\/v2\/pages"}],"about":[{"href":"https:\/\/www.rawoodfoundation.org\/es\/wp-json\/wp\/v2\/types\/page"}],"author":[{"embeddable":true,"href":"https:\/\/www.rawoodfoundation.org\/es\/wp-json\/wp\/v2\/users\/1"}],"replies":[{"embeddable":true,"href":"https:\/\/www.rawoodfoundation.org\/es\/wp-json\/wp\/v2\/comments?post=5209"}],"version-history":[{"count":5,"href":"https:\/\/www.rawoodfoundation.org\/es\/wp-json\/wp\/v2\/pages\/5209\/revisions"}],"predecessor-version":[{"id":12932,"href":"https:\/\/www.rawoodfoundation.org\/es\/wp-json\/wp\/v2\/pages\/5209\/revisions\/12932"}],"wp:attachment":[{"href":"https:\/\/www.rawoodfoundation.org\/es\/wp-json\/wp\/v2\/media?parent=5209"}],"curies":[{"name":"wp","href":"https:\/\/api.w.org\/{rel}","templated":true}]}}