{"id":5187,"date":"2023-05-16T16:04:13","date_gmt":"2023-05-16T16:04:13","guid":{"rendered":"https:\/\/live-rawf.pantheonsite.io\/?page_id=5187"},"modified":"2026-04-08T18:37:28","modified_gmt":"2026-04-08T18:37:28","slug":"aplicacion-corporal","status":"publish","type":"page","link":"https:\/\/www.rawoodfoundation.org\/es\/bod-application\/","title":{"rendered":"\u00danase a nuestro Consejo de Administraci\u00f3n"},"content":{"rendered":"<h2 class=\"wp-block-heading\">Tener un impacto duradero en la vida de los pacientes y sus familias<\/h2>\n\n\n\n<p>Formar parte del Consejo de Administraci\u00f3n de la Fundaci\u00f3n Raymond A. Wood ofrece una oportunidad \u00fanica y gratificante de defender a quienes se enfrentan a los retos m\u00e9dicos y cognitivos de los tumores cerebrales hipotal\u00e1mico-hipofisarios, al tiempo que se aboga por un futuro m\u00e1s brillante y saludable.<\/p>\n\n\n\n<p>RAWF es una din\u00e1mica organizaci\u00f3n de defensa de los pacientes dedicada a mejorar la vida de las personas que luchan contra tumores cerebrales raros y los retos de por vida que suponen los tumores y\/o los tratamientos. Al convertirse en miembro de la junta directiva, formar\u00e1 parte de un equipo de personas compasivas y motivadas que comparten un objetivo com\u00fan: marcar una diferencia positiva en el mundo de la atenci\u00f3n sanitaria y la investigaci\u00f3n cerebral.<\/p>\n\n\n\n<h4 class=\"wp-block-heading\">\u00bfPor qu\u00e9 unirse a nosotros?<\/h4>\n\n\n\n<p>Formar parte de la junta directiva de una organizaci\u00f3n en crecimiento es una oportunidad gratificante. He aqu\u00ed algunas razones para considerar la posibilidad de unirse:<\/p>\n\n\n\n<ol class=\"wp-block-list\">\n<li><strong>Potenciar la defensa centrada en el paciente<\/strong>: En el centro de nuestra misi\u00f3n se encuentra el compromiso inquebrantable con la defensa centrada en el paciente. Como miembro de la Junta Directiva, desempe\u00f1ar\u00e1 un papel crucial en la elaboraci\u00f3n de pol\u00edticas, programas e iniciativas que den prioridad a las necesidades, los derechos y la dignidad de los pacientes. Su voz nos ayudar\u00e1 a proporcionar un s\u00f3lido sistema de apoyo a los pacientes, garantizando que reciban la mejor atenci\u00f3n posible.<\/li>\n\n\n\n<li><strong>Consiga un impacto tangible:<\/strong> Formar parte de nuestro Consejo de Administraci\u00f3n ofrece la oportunidad de transformar vidas a un nivel tangible. Desde defender proyectos de investigaci\u00f3n hasta encabezar campa\u00f1as de concienciaci\u00f3n, contribuir\u00e1s activamente a esfuerzos que cambian vidas e influyen positivamente en el panorama m\u00e9dico.<\/li>\n\n\n\n<li><strong>Fomentar la innovaci\u00f3n: <\/strong>La Fundaci\u00f3n Raymond A. Wood cree en el impulso de la innovaci\u00f3n en la atenci\u00f3n al paciente. Como miembro del consejo, colaborar\u00e1 con expertos, investigadores y l\u00edderes del sector, fomentando una cultura de aprendizaje y mejora continuos. Juntos exploraremos soluciones innovadoras que podr\u00edan dar forma al futuro de la asistencia sanitaria.<\/li>\n\n\n\n<li><strong>Crear una red de apoyo: <\/strong>Cuando se une a nuestra Junta, pasa a formar parte de una comunidad solidaria y af\u00edn que comparte su pasi\u00f3n por la defensa del paciente. Con\u00e9ctese con otros miembros de la Junta, todos ellos con formaci\u00f3n y experiencia diversas, y juntos crearemos una red de apoyo y camarader\u00eda inquebrantables.<\/li>\n\n\n\n<li><strong>Crecimiento y desarrollo personal: <\/strong>Formar parte del Consejo de Administraci\u00f3n de la Fundaci\u00f3n Raymond A. Wood no es s\u00f3lo devolver algo a la sociedad, sino tambi\u00e9n crecer personalmente. Como miembro del consejo, mejorar\u00e1 su capacidad de liderazgo, obtendr\u00e1 informaci\u00f3n valiosa sobre el sector sanitario y forjar\u00e1 conexiones que pueden influir positivamente en su trayectoria profesional.<\/li>\n<\/ol>\n\n\n\n<p>\u00danase hoy mismo a la Junta Directiva de la Fundaci\u00f3n Raymond A. Wood y convi\u00e9rtase en un faro de esperanza para pacientes y familias. Juntos, impulsemos el cambio, concienciemos y potenciemos vidas en el \u00e1mbito de la defensa de los pacientes con tumores cerebrales. Su dedicaci\u00f3n y pasi\u00f3n pueden ser el catalizador de un futuro m\u00e1s brillante y saludable para todos. D\u00e9 el primer paso para marcar la diferencia y \u00fanase hoy mismo a nuestro excepcional equipo.<\/p>\n\n\n\n<h3 class=\"wp-block-heading\">Cualidades de un miembro del Consejo de Administraci\u00f3n de la RAWF<\/h3>\n\n\n\n<ul class=\"wp-block-list\">\n<li><strong>Integridad y \u00e9tica:<\/strong> Demuestra elevadas normas \u00e9ticas y act\u00faa en el mejor inter\u00e9s de la organizaci\u00f3n y sus partes interesadas.<\/li>\n\n\n\n<li><strong>Compromiso y fiabilidad:<\/strong> Dedicado a cumplir con sus responsabilidades e invertir el tiempo y el esfuerzo necesarios en el servicio del consejo.<\/li>\n\n\n\n<li><strong>Pasi\u00f3n por la misi\u00f3n:<\/strong> Profundamente comprometida con la mejora de las vidas de los supervivientes de tumores cerebrales hipotal\u00e1mico-hipofisarios y sus familias.<\/li>\n\n\n\n<li><strong>Visi\u00f3n estrat\u00e9gica:<\/strong> Aporta una perspectiva de futuro y contribuye a la planificaci\u00f3n y el crecimiento a largo plazo.<\/li>\n\n\n\n<li><strong>Conocimientos y experiencia pertinentes:<\/strong> Ofrece habilidades, conocimientos o experiencia vivida que se alinean con la misi\u00f3n y las prioridades estrat\u00e9gicas de RAWF.<\/li>\n\n\n\n<li><strong>Educaci\u00f3n financiera:<\/strong> Comprende los estados financieros, la elaboraci\u00f3n de presupuestos y la administraci\u00f3n de recursos.<\/li>\n\n\n\n<li><strong>Resoluci\u00f3n de problemas y pensamiento cr\u00edtico:<\/strong> Capaz de analizar cuestiones complejas y aportar ideas reflexivas y orientadas a la b\u00fasqueda de soluciones.<\/li>\n\n\n\n<li><strong>Mentalidad de colaboraci\u00f3n:<\/strong> Trabaja eficazmente con los dem\u00e1s, valorando las diversas perspectivas y fomentando un entorno orientado al trabajo en equipo.<\/li>\n\n\n\n<li><strong>Habilidades de comunicaci\u00f3n:<\/strong> Se comunica con claridad y participa activamente en los debates y la toma de decisiones.<\/li>\n\n\n\n<li><strong>Orientaci\u00f3n al liderazgo:<\/strong> Predica con el ejemplo y est\u00e1 dispuesta a tomar la iniciativa y a apoyar a los l\u00edderes del consejo y de los comit\u00e9s cuando sea necesario.<\/li>\n\n\n\n<li><strong>Independencia y buen juicio:<\/strong> Mantiene la objetividad y ejerce una supervisi\u00f3n independiente.<\/li>\n\n\n\n<li><strong>Compromiso con la diversidad, la equidad y la inclusi\u00f3n:<\/strong> Valora las diversas perspectivas y apoya las pr\u00e1cticas integradoras en la gobernanza y la participaci\u00f3n de la comunidad.<\/li>\n\n\n\n<li><strong>Adaptabilidad:<\/strong> Responde eficazmente a las necesidades, prioridades y entornos cambiantes.<\/li>\n<\/ul>\n\n\n\n<hr class=\"wp-block-separator has-alpha-channel-opacity\"\/>\n\n\n\n<h3 class=\"wp-block-heading\">Expectativas de los miembros de la RAWF<\/h3>\n\n\n\n<p><strong>Liderazgo de apoyo:<\/strong> Colaborar de forma constructiva con el Director Ejecutivo y el personal, manteniendo al mismo tiempo los l\u00edmites de gobernanza adecuados.<\/p>\n\n\n\n<p><strong>Administraci\u00f3n de la misi\u00f3n:<\/strong> Defender y promover activamente la misi\u00f3n de la RAWF y garantizar que todas las decisiones se ajusten a los valores y las prioridades estrat\u00e9gicas de la organizaci\u00f3n.<\/p>\n\n\n\n<p><strong>Recaudaci\u00f3n de fondos y compromiso financiero:<\/strong> Realizar una contribuci\u00f3n financiera personal anual que sea significativa en relaci\u00f3n con la capacidad individual y participar activamente en los esfuerzos de recaudaci\u00f3n de fondos, incluidas las presentaciones de donantes, el cultivo, las campa\u00f1as y los eventos.<\/p>\n\n\n\n<p><strong>Embajada y promoci\u00f3n:<\/strong> Actuar como embajador visible de RAWF, ayudando a aumentar la concienciaci\u00f3n y a ampliar el alcance de la organizaci\u00f3n.<\/p>\n\n\n\n<p><strong>Supervisi\u00f3n estrat\u00e9gica:<\/strong> Contribuir al desarrollo, la aplicaci\u00f3n y el seguimiento de los objetivos estrat\u00e9gicos y los indicadores clave de rendimiento.<\/p>\n\n\n\n<p><strong>Gobernanza y responsabilidad fiduciaria:<\/strong> Garantizar una s\u00f3lida supervisi\u00f3n financiera, el cumplimiento de las normas jur\u00eddicas y \u00e9ticas, y una gesti\u00f3n responsable de los recursos.<\/p>\n\n\n\n<p><strong>Compromiso y participaci\u00f3n:<\/strong> Asistir y participar activamente en las reuniones del Consejo y de los comit\u00e9s, acudir preparado y contribuir de forma significativa a los debates e iniciativas.<\/p>\n\n\n\n<p><strong>Aprovechar las redes:<\/strong> Utilizar las redes personales y profesionales para entablar relaciones con donantes, socios, investigadores y otras partes interesadas.<\/p>\n\n\n\n<p><strong>Servicio en comisi\u00f3n:<\/strong> Formar parte de al menos un comit\u00e9 del Consejo y contribuir a su trabajo y objetivos.<\/p>\n\n\n\n<hr class=\"wp-block-separator has-alpha-channel-opacity\"\/>\n\n\n\n<h3 class=\"wp-block-heading\">\u00danase a la Junta Directiva de RAWF<\/h3>\n\n\n\n<p>Si le apasiona promover la investigaci\u00f3n, la defensa y el apoyo a los supervivientes de tumores cerebrales hipotal\u00e1mico-hipofisarios, le invitamos a presentar su candidatura para formar parte de la Junta Directiva de la Fundaci\u00f3n Raymond A. Wood.<\/p>\n\n\n\n<p><strong>\u00bfLe interesa presentar su candidatura?<\/strong><br>Env\u00ede su CV y carta de presentaci\u00f3n por correo electr\u00f3nico a <a href=\"mailto:outreach@rawoodfoundation.org\">outreach@rawoodfoundation.org<\/a><\/p>\n\n\n\n<p>Gracias por su inter\u00e9s. Estamos deseando ponernos en contacto con personas dispuestas a tener un impacto significativo en la sociedad.<\/p>\n\n\n\n<p><\/p>","protected":false},"excerpt":{"rendered":"<p>Consiga un impacto duradero en la vida de los pacientes y sus familias \u00danase al Consejo de ... <a title=\"\u00danase a nuestro Consejo de Administraci\u00f3n\" class=\"read-more\" href=\"https:\/\/www.rawoodfoundation.org\/es\/bod-application\/\" aria-label=\"Leer m\u00e1s sobre \u00danete a nuestro Consejo de Administraci\u00f3n\">Seguir leyendo<\/a><\/p>","protected":false},"author":1,"featured_media":0,"parent":0,"menu_order":102,"comment_status":"closed","ping_status":"closed","template":"","meta":{"_acf_changed":false,"footnotes":""},"class_list":{"0":"post-5187","1":"page","2":"type-page","3":"status-publish","5":"no-featured-image-padding"},"acf":[],"yoast_head":"<!-- This site is optimized with the Yoast SEO plugin v27.3 - https:\/\/yoast.com\/product\/yoast-seo-wordpress\/ -->\n<title>Join Our Board of Directors - Raymond A. Wood Foundation<\/title>\n<meta name=\"description\" content=\"Interested in becming part of our Board of Directors? Review the documents on this page and fill out the content form.\" \/>\n<meta name=\"robots\" content=\"index, follow, max-snippet:-1, max-image-preview:large, max-video-preview:-1\" \/>\n<link rel=\"canonical\" href=\"https:\/\/www.rawoodfoundation.org\/es\/aplicacion-corporal\/\" \/>\n<meta property=\"og:locale\" content=\"es_MX\" \/>\n<meta property=\"og:type\" content=\"article\" \/>\n<meta property=\"og:title\" content=\"Join Our Board of Directors - Raymond A. Wood Foundation\" \/>\n<meta property=\"og:description\" content=\"Interested in becming part of our Board of Directors? Review the documents on this page and fill out the content form.\" \/>\n<meta property=\"og:url\" content=\"https:\/\/www.rawoodfoundation.org\/es\/aplicacion-corporal\/\" \/>\n<meta property=\"og:site_name\" content=\"Raymond A. Wood Foundation\" \/>\n<meta property=\"article:publisher\" content=\"https:\/\/www.facebook.com\/rawoodfoundation\" \/>\n<meta property=\"article:modified_time\" content=\"2026-04-08T18:37:28+00:00\" \/>\n<meta property=\"og:image\" content=\"https:\/\/www.rawoodfoundation.org\/wp-content\/uploads\/2025\/08\/SEAN.jpg\" \/>\n\t<meta property=\"og:image:width\" content=\"400\" \/>\n\t<meta property=\"og:image:height\" content=\"400\" \/>\n\t<meta property=\"og:image:type\" content=\"image\/jpeg\" \/>\n<meta name=\"twitter:card\" content=\"summary_large_image\" \/>\n<meta name=\"twitter:image\" content=\"https:\/\/www.rawoodfoundation.org\/wp-content\/uploads\/2025\/08\/SEAN.jpg\" \/>\n<meta name=\"twitter:site\" content=\"@rawoodfound\" \/>\n<meta name=\"twitter:label1\" content=\"Tiempo de lectura\" \/>\n\t<meta name=\"twitter:data1\" content=\"4 minutos\" \/>\n<script type=\"application\/ld+json\" class=\"yoast-schema-graph\">{\"@context\":\"https:\\\/\\\/schema.org\",\"@graph\":[{\"@type\":\"WebPage\",\"@id\":\"https:\\\/\\\/www.rawoodfoundation.org\\\/bod-application\\\/\",\"url\":\"https:\\\/\\\/www.rawoodfoundation.org\\\/bod-application\\\/\",\"name\":\"Join Our Board of Directors - Raymond A. Wood Foundation\",\"isPartOf\":{\"@id\":\"https:\\\/\\\/www.rawoodfoundation.org\\\/#website\"},\"datePublished\":\"2023-05-16T16:04:13+00:00\",\"dateModified\":\"2026-04-08T18:37:28+00:00\",\"description\":\"Interested in becming part of our Board of Directors? Review the documents on this page and fill out the content form.\",\"breadcrumb\":{\"@id\":\"https:\\\/\\\/www.rawoodfoundation.org\\\/bod-application\\\/#breadcrumb\"},\"inLanguage\":\"es\",\"potentialAction\":[{\"@type\":\"ReadAction\",\"target\":[\"https:\\\/\\\/www.rawoodfoundation.org\\\/bod-application\\\/\"]}]},{\"@type\":\"BreadcrumbList\",\"@id\":\"https:\\\/\\\/www.rawoodfoundation.org\\\/bod-application\\\/#breadcrumb\",\"itemListElement\":[{\"@type\":\"ListItem\",\"position\":1,\"name\":\"Home\",\"item\":\"https:\\\/\\\/www.rawoodfoundation.org\\\/\"},{\"@type\":\"ListItem\",\"position\":2,\"name\":\"Join Our Board of Directors\"}]},{\"@type\":\"WebSite\",\"@id\":\"https:\\\/\\\/www.rawoodfoundation.org\\\/#website\",\"url\":\"https:\\\/\\\/www.rawoodfoundation.org\\\/\",\"name\":\"Raymond A. Wood Foundation\",\"description\":\"The mission of the RAWF is to provide quality of life support for childhood brain tumor survivors and their families.\",\"publisher\":{\"@id\":\"https:\\\/\\\/www.rawoodfoundation.org\\\/#organization\"},\"potentialAction\":[{\"@type\":\"SearchAction\",\"target\":{\"@type\":\"EntryPoint\",\"urlTemplate\":\"https:\\\/\\\/www.rawoodfoundation.org\\\/?s={search_term_string}\"},\"query-input\":{\"@type\":\"PropertyValueSpecification\",\"valueRequired\":true,\"valueName\":\"search_term_string\"}}],\"inLanguage\":\"es\"},{\"@type\":\"Organization\",\"@id\":\"https:\\\/\\\/www.rawoodfoundation.org\\\/#organization\",\"name\":\"Raymond A. Wood Foundation\",\"url\":\"https:\\\/\\\/www.rawoodfoundation.org\\\/\",\"logo\":{\"@type\":\"ImageObject\",\"inLanguage\":\"es\",\"@id\":\"https:\\\/\\\/www.rawoodfoundation.org\\\/#\\\/schema\\\/logo\\\/image\\\/\",\"url\":\"https:\\\/\\\/www.rawoodfoundation.org\\\/wp-content\\\/uploads\\\/2023\\\/07\\\/Raymond-A-Wood-Foundation-logo.webp\",\"contentUrl\":\"https:\\\/\\\/www.rawoodfoundation.org\\\/wp-content\\\/uploads\\\/2023\\\/07\\\/Raymond-A-Wood-Foundation-logo.webp\",\"width\":470,\"height\":128,\"caption\":\"Raymond A. Wood Foundation\"},\"image\":{\"@id\":\"https:\\\/\\\/www.rawoodfoundation.org\\\/#\\\/schema\\\/logo\\\/image\\\/\"},\"sameAs\":[\"https:\\\/\\\/www.facebook.com\\\/rawoodfoundation\",\"https:\\\/\\\/x.com\\\/rawoodfound\"]}]}<\/script>\n<!-- \/ Yoast SEO plugin. -->","yoast_head_json":{"title":"\u00danase a nuestro Consejo de Administraci\u00f3n - Fundaci\u00f3n Raymond A. Wood","description":"\u00bfLe interesa formar parte de nuestro Consejo de Administraci\u00f3n? Revise los documentos de esta p\u00e1gina y rellene el formulario de contenidos.","robots":{"index":"index","follow":"follow","max-snippet":"max-snippet:-1","max-image-preview":"max-image-preview:large","max-video-preview":"max-video-preview:-1"},"canonical":"https:\/\/www.rawoodfoundation.org\/es\/aplicacion-corporal\/","og_locale":"es_MX","og_type":"article","og_title":"Join Our Board of Directors - Raymond A. Wood Foundation","og_description":"Interested in becming part of our Board of Directors? Review the documents on this page and fill out the content form.","og_url":"https:\/\/www.rawoodfoundation.org\/es\/aplicacion-corporal\/","og_site_name":"Raymond A. Wood Foundation","article_publisher":"https:\/\/www.facebook.com\/rawoodfoundation","article_modified_time":"2026-04-08T18:37:28+00:00","og_image":[{"width":400,"height":400,"url":"https:\/\/www.rawoodfoundation.org\/wp-content\/uploads\/2025\/08\/SEAN.jpg","type":"image\/jpeg"}],"twitter_card":"summary_large_image","twitter_image":"https:\/\/www.rawoodfoundation.org\/wp-content\/uploads\/2025\/08\/SEAN.jpg","twitter_site":"@rawoodfound","twitter_misc":{"Tiempo de lectura":"4 minutos"},"schema":{"@context":"https:\/\/schema.org","@graph":[{"@type":"WebPage","@id":"https:\/\/www.rawoodfoundation.org\/bod-application\/","url":"https:\/\/www.rawoodfoundation.org\/bod-application\/","name":"\u00danase a nuestro Consejo de Administraci\u00f3n - Fundaci\u00f3n Raymond A. Wood","isPartOf":{"@id":"https:\/\/www.rawoodfoundation.org\/#website"},"datePublished":"2023-05-16T16:04:13+00:00","dateModified":"2026-04-08T18:37:28+00:00","description":"\u00bfLe interesa formar parte de nuestro Consejo de Administraci\u00f3n? Revise los documentos de esta p\u00e1gina y rellene el formulario de contenidos.","breadcrumb":{"@id":"https:\/\/www.rawoodfoundation.org\/bod-application\/#breadcrumb"},"inLanguage":"es","potentialAction":[{"@type":"ReadAction","target":["https:\/\/www.rawoodfoundation.org\/bod-application\/"]}]},{"@type":"BreadcrumbList","@id":"https:\/\/www.rawoodfoundation.org\/bod-application\/#breadcrumb","itemListElement":[{"@type":"ListItem","position":1,"name":"Home","item":"https:\/\/www.rawoodfoundation.org\/"},{"@type":"ListItem","position":2,"name":"Join Our Board of Directors"}]},{"@type":"WebSite","@id":"https:\/\/www.rawoodfoundation.org\/#website","url":"https:\/\/www.rawoodfoundation.org\/","name":"Fundaci\u00f3n Raymond A. Wood","description":"La misi\u00f3n de la RAWF es proporcionar apoyo a la calidad de vida de los supervivientes de tumores cerebrales infantiles y sus familias.","publisher":{"@id":"https:\/\/www.rawoodfoundation.org\/#organization"},"potentialAction":[{"@type":"SearchAction","target":{"@type":"EntryPoint","urlTemplate":"https:\/\/www.rawoodfoundation.org\/?s={search_term_string}"},"query-input":{"@type":"PropertyValueSpecification","valueRequired":true,"valueName":"search_term_string"}}],"inLanguage":"es"},{"@type":"Organization","@id":"https:\/\/www.rawoodfoundation.org\/#organization","name":"Fundaci\u00f3n Raymond A. Wood","url":"https:\/\/www.rawoodfoundation.org\/","logo":{"@type":"ImageObject","inLanguage":"es","@id":"https:\/\/www.rawoodfoundation.org\/#\/schema\/logo\/image\/","url":"https:\/\/www.rawoodfoundation.org\/wp-content\/uploads\/2023\/07\/Raymond-A-Wood-Foundation-logo.webp","contentUrl":"https:\/\/www.rawoodfoundation.org\/wp-content\/uploads\/2023\/07\/Raymond-A-Wood-Foundation-logo.webp","width":470,"height":128,"caption":"Raymond A. Wood Foundation"},"image":{"@id":"https:\/\/www.rawoodfoundation.org\/#\/schema\/logo\/image\/"},"sameAs":["https:\/\/www.facebook.com\/rawoodfoundation","https:\/\/x.com\/rawoodfound"]}]}},"_links":{"self":[{"href":"https:\/\/www.rawoodfoundation.org\/es\/wp-json\/wp\/v2\/pages\/5187","targetHints":{"allow":["GET"]}}],"collection":[{"href":"https:\/\/www.rawoodfoundation.org\/es\/wp-json\/wp\/v2\/pages"}],"about":[{"href":"https:\/\/www.rawoodfoundation.org\/es\/wp-json\/wp\/v2\/types\/page"}],"author":[{"embeddable":true,"href":"https:\/\/www.rawoodfoundation.org\/es\/wp-json\/wp\/v2\/users\/1"}],"replies":[{"embeddable":true,"href":"https:\/\/www.rawoodfoundation.org\/es\/wp-json\/wp\/v2\/comments?post=5187"}],"version-history":[{"count":22,"href":"https:\/\/www.rawoodfoundation.org\/es\/wp-json\/wp\/v2\/pages\/5187\/revisions"}],"predecessor-version":[{"id":19577,"href":"https:\/\/www.rawoodfoundation.org\/es\/wp-json\/wp\/v2\/pages\/5187\/revisions\/19577"}],"wp:attachment":[{"href":"https:\/\/www.rawoodfoundation.org\/es\/wp-json\/wp\/v2\/media?parent=5187"}],"curies":[{"name":"wp","href":"https:\/\/api.w.org\/{rel}","templated":true}]}}