{"id":5174,"date":"2023-05-16T15:43:58","date_gmt":"2023-05-16T15:43:58","guid":{"rendered":"https:\/\/live-rawf.pantheonsite.io\/?page_id=5174"},"modified":"2023-08-09T17:54:00","modified_gmt":"2023-08-09T17:54:00","slug":"informe-anualf22","status":"publish","type":"page","link":"https:\/\/www.rawoodfoundation.org\/es\/annualreportfy22\/","title":{"rendered":"Informe anual del ejercicio 2022"},"content":{"rendered":"<h2 class=\"wp-block-heading has-text-align-center\">Impacto de la RAWF<\/h2>\n\n\n<div class=\"wp-block-image\">\n<figure class=\"aligncenter size-full is-resized\"><img decoding=\"async\" src=\"https:\/\/live-rawf.pantheonsite.io\/wp-content\/uploads\/2023\/05\/report.png\" alt=\"\" class=\"wp-image-5175\" width=\"787\" height=\"532\" srcset=\"https:\/\/www.rawoodfoundation.org\/wp-content\/uploads\/2023\/05\/report.png 666w, https:\/\/www.rawoodfoundation.org\/wp-content\/uploads\/2023\/05\/report-300x203.png 300w, https:\/\/www.rawoodfoundation.org\/wp-content\/uploads\/2023\/05\/report-18x12.png 18w\" sizes=\"(max-width: 787px) 100vw, 787px\" \/><\/figure><\/div>\n\n\n<div style=\"height:43px\" aria-hidden=\"true\" class=\"wp-block-spacer\"><\/div>\n\n\n\n<p>Con su apoyo, la Fundaci\u00f3n Raymond A. Wood ha crecido enormemente en el \u00faltimo a\u00f1o hasta convertirse en una organizaci\u00f3n de defensa que amplifica la voz del paciente. Compartimos con ustedes una retrospectiva de nuestro trabajo, programas y logros, as\u00ed como una mirada a nuestros objetivos en los pr\u00f3ximos a\u00f1os.<\/p>\n\n\n\n<a class=\"gb-button gb-button-c97fa5cb gb-button-text\" href=\"https:\/\/live-rawf.pantheonsite.io\/wp-content\/uploads\/2023\/07\/AnnualReport2022-DigitalVersion.pdf\" target=\"_blank\" rel=\"noopener noreferrer\">Ver el informe completo<\/a>\n\n\n\n<hr class=\"wp-block-separator has-alpha-channel-opacity\"\/>\n\n\n\n<h3 class=\"wp-block-heading\">Aspectos destacados <\/h3>\n\n\n\n<div class=\"wp-block-columns is-layout-flex wp-container-core-columns-is-layout-9d6595d7 wp-block-columns-is-layout-flex\">\n<div class=\"wp-block-column is-layout-flow wp-block-column-is-layout-flow\">\n<p><strong>Nuestro porqu\u00e9:<\/strong> Lo que nos impulsa en nuestra defensa de los pacientes con tumores cerebrales.<\/p>\n\n\n\n<p><strong>En qu\u00e9 creemos<\/strong>: Nuestra visi\u00f3n, misi\u00f3n y valores fundamentales.<\/p>\n\n\n\n<p><strong>Qui\u00e9nes somos:<\/strong> Nuestro personal, junta directiva y consejo asesor cient\u00edfico.<\/p>\n\n\n\n<p><strong>Nuestro impacto:<\/strong> El apoyo que prestamos a nuestra comunidad y nuestros hitos a lo largo de los a\u00f1os.<\/p>\n\n\n\n<p><strong>Programas y eventos:<\/strong> C\u00f3mo estamos trabajando para desarrollar soluciones a los retos relacionados con las enfermedades y crear oportunidades para la educaci\u00f3n.<\/p>\n<\/div>\n\n\n\n<div class=\"wp-block-column is-layout-flow wp-block-column-is-layout-flow\">\n<p><strong>Encontrar soluciones:<\/strong> Nuestro trabajo para resolver los retos actuales de los tumores cerebrales hipotal\u00e1mico-hipofisarios.<\/p>\n\n\n\n<p><strong>Objetivos estrat\u00e9gicos:<\/strong> Nuestras metas y objetivos para los pr\u00f3ximos tres a\u00f1os.<\/p>\n\n\n\n<p><strong>Informe financiero:<\/strong> Ingresos y gastos en el ejercicio 2022.<\/p>\n\n\n\n<p><strong>Participar:<\/strong> C\u00f3mo formar parte del movimiento para encontrar mejores tratamientos contra los tumores y soluciones para los retos a largo plazo a los que se enfrentan los supervivientes.<\/p>\n<\/div>\n<\/div>\n\n\n\n<hr class=\"wp-block-separator has-alpha-channel-opacity\"\/>\n\n\n<div class=\"gb-container gb-container-98493386\">\n\n<div class=\"wp-block-columns is-layout-flex wp-container-core-columns-is-layout-9d6595d7 wp-block-columns-is-layout-flex\">\n<div class=\"wp-block-column is-layout-flow wp-block-column-is-layout-flow\" style=\"flex-basis:33.33%\">\n<figure class=\"wp-block-image size-full\"><img decoding=\"async\" width=\"360\" height=\"240\" src=\"https:\/\/live-rawf.pantheonsite.io\/wp-content\/uploads\/2023\/07\/thumb_jake-serota.jpg\" alt=\"\" class=\"wp-image-6963\" srcset=\"https:\/\/www.rawoodfoundation.org\/wp-content\/uploads\/2023\/07\/thumb_jake-serota.jpg 360w, https:\/\/www.rawoodfoundation.org\/wp-content\/uploads\/2023\/07\/thumb_jake-serota-300x200.jpg 300w, https:\/\/www.rawoodfoundation.org\/wp-content\/uploads\/2023\/07\/thumb_jake-serota-18x12.jpg 18w\" sizes=\"(max-width: 360px) 100vw, 360px\" \/><\/figure>\n<\/div>\n\n\n\n<div class=\"wp-block-column is-layout-flow wp-block-column-is-layout-flow\" style=\"flex-basis:66.66%\">\n<h3 class=\"wp-block-heading\">Apoya nuestra misi\u00f3n<\/h3>\n\n\n\n<p>Su apoyo puede tener un impacto duradero en nuestra misi\u00f3n, permiti\u00e9ndonos crear un cambio positivo y transformar las vidas de estos supervivientes de tumores cerebrales. \u00danase a nosotros en la defensa de esta causa, y juntos, podemos allanar el camino para un futuro m\u00e1s brillante, no s\u00f3lo para estos pacientes, sino para la investigaci\u00f3n del cerebro y el apoyo a los pacientes.<\/p>\n\n\n\n<p class=\"gb-headline gb-headline-1207c705 round-icon\"><span class=\"gb-icon\"><svg aria-hidden=\"true\" role=\"img\" height=\"1em\" width=\"1em\" viewbox=\"0 0 256 512\" xmlns=\"http:\/\/www.w3.org\/2000\/svg\"><path fill=\"currentColor\" d=\"M224.3 273l-136 136c-9.4 9.4-24.6 9.4-33.9 0l-22.6-22.6c-9.4-9.4-9.4-24.6 0-33.9l96.4-96.4-96.4-96.4c-9.4-9.4-9.4-24.6 0-33.9L54.3 103c9.4-9.4 24.6-9.4 33.9 0l136 136c9.5 9.4 9.5 24.6.1 34z\"><\/path><\/svg><\/span><span class=\"gb-headline-text\"><a href=\"https:\/\/raymondawoodfoundation-bloom.kindful.com\/\">Haz un donativo para impulsar nuestra misi\u00f3n<\/a><\/span><\/p>\n<\/div>\n<\/div>\n\n<\/div>","protected":false},"excerpt":{"rendered":"<p>Impacto de RAWF Con su apoyo, la Fundaci\u00f3n Raymond A. Wood ha crecido enormemente a lo largo de ... <a title=\"Informe anual del ejercicio 2022\" class=\"read-more\" href=\"https:\/\/www.rawoodfoundation.org\/es\/annualreportfy22\/\" aria-label=\"Leer m\u00e1s sobre Informe anual del ejercicio 2022\">Seguir leyendo<\/a><\/p>","protected":false},"author":1,"featured_media":0,"parent":0,"menu_order":88,"comment_status":"closed","ping_status":"closed","template":"","meta":{"_acf_changed":false,"footnotes":""},"class_list":{"0":"post-5174","1":"page","2":"type-page","3":"status-publish","5":"no-featured-image-padding"},"acf":[],"yoast_head":"<!-- This site is optimized with the Yoast SEO plugin v27.3 - https:\/\/yoast.com\/product\/yoast-seo-wordpress\/ -->\n<title>FY 2022 Annual Report - Raymond A. Wood Foundation<\/title>\n<meta name=\"description\" content=\"Discover our 2022 Annual Report.\" \/>\n<meta name=\"robots\" content=\"index, follow, max-snippet:-1, max-image-preview:large, max-video-preview:-1\" \/>\n<link rel=\"canonical\" href=\"https:\/\/www.rawoodfoundation.org\/es\/informe-anualf22\/\" \/>\n<meta property=\"og:locale\" content=\"es_MX\" \/>\n<meta property=\"og:type\" content=\"article\" \/>\n<meta property=\"og:title\" content=\"FY 2022 Annual Report - Raymond A. Wood Foundation\" \/>\n<meta property=\"og:description\" content=\"Discover our 2022 Annual Report.\" \/>\n<meta property=\"og:url\" content=\"https:\/\/www.rawoodfoundation.org\/es\/informe-anualf22\/\" \/>\n<meta property=\"og:site_name\" content=\"Raymond A. Wood Foundation\" \/>\n<meta property=\"article:publisher\" content=\"https:\/\/www.facebook.com\/rawoodfoundation\" \/>\n<meta property=\"article:modified_time\" content=\"2023-08-09T17:54:00+00:00\" \/>\n<meta property=\"og:image\" content=\"https:\/\/live-rawf.pantheonsite.io\/wp-content\/uploads\/2023\/05\/report.png\" \/>\n<meta name=\"twitter:card\" content=\"summary_large_image\" \/>\n<meta name=\"twitter:site\" content=\"@rawoodfound\" \/>\n<meta name=\"twitter:label1\" content=\"Tiempo de lectura\" \/>\n\t<meta name=\"twitter:data1\" content=\"2 minutos\" \/>\n<script type=\"application\/ld+json\" class=\"yoast-schema-graph\">{\"@context\":\"https:\\\/\\\/schema.org\",\"@graph\":[{\"@type\":\"WebPage\",\"@id\":\"https:\\\/\\\/www.rawoodfoundation.org\\\/annualreportfy22\\\/\",\"url\":\"https:\\\/\\\/www.rawoodfoundation.org\\\/annualreportfy22\\\/\",\"name\":\"FY 2022 Annual Report - Raymond A. Wood Foundation\",\"isPartOf\":{\"@id\":\"https:\\\/\\\/www.rawoodfoundation.org\\\/#website\"},\"primaryImageOfPage\":{\"@id\":\"https:\\\/\\\/www.rawoodfoundation.org\\\/annualreportfy22\\\/#primaryimage\"},\"image\":{\"@id\":\"https:\\\/\\\/www.rawoodfoundation.org\\\/annualreportfy22\\\/#primaryimage\"},\"thumbnailUrl\":\"https:\\\/\\\/live-rawf.pantheonsite.io\\\/wp-content\\\/uploads\\\/2023\\\/05\\\/report.png\",\"datePublished\":\"2023-05-16T15:43:58+00:00\",\"dateModified\":\"2023-08-09T17:54:00+00:00\",\"description\":\"Discover our 2022 Annual Report.\",\"breadcrumb\":{\"@id\":\"https:\\\/\\\/www.rawoodfoundation.org\\\/annualreportfy22\\\/#breadcrumb\"},\"inLanguage\":\"es\",\"potentialAction\":[{\"@type\":\"ReadAction\",\"target\":[\"https:\\\/\\\/www.rawoodfoundation.org\\\/annualreportfy22\\\/\"]}]},{\"@type\":\"ImageObject\",\"inLanguage\":\"es\",\"@id\":\"https:\\\/\\\/www.rawoodfoundation.org\\\/annualreportfy22\\\/#primaryimage\",\"url\":\"https:\\\/\\\/live-rawf.pantheonsite.io\\\/wp-content\\\/uploads\\\/2023\\\/05\\\/report.png\",\"contentUrl\":\"https:\\\/\\\/live-rawf.pantheonsite.io\\\/wp-content\\\/uploads\\\/2023\\\/05\\\/report.png\"},{\"@type\":\"BreadcrumbList\",\"@id\":\"https:\\\/\\\/www.rawoodfoundation.org\\\/annualreportfy22\\\/#breadcrumb\",\"itemListElement\":[{\"@type\":\"ListItem\",\"position\":1,\"name\":\"Home\",\"item\":\"https:\\\/\\\/www.rawoodfoundation.org\\\/\"},{\"@type\":\"ListItem\",\"position\":2,\"name\":\"FY 2022 Annual Report\"}]},{\"@type\":\"WebSite\",\"@id\":\"https:\\\/\\\/www.rawoodfoundation.org\\\/#website\",\"url\":\"https:\\\/\\\/www.rawoodfoundation.org\\\/\",\"name\":\"Raymond A. Wood Foundation\",\"description\":\"The mission of the RAWF is to provide quality of life support for childhood brain tumor survivors and their families.\",\"publisher\":{\"@id\":\"https:\\\/\\\/www.rawoodfoundation.org\\\/#organization\"},\"potentialAction\":[{\"@type\":\"SearchAction\",\"target\":{\"@type\":\"EntryPoint\",\"urlTemplate\":\"https:\\\/\\\/www.rawoodfoundation.org\\\/?s={search_term_string}\"},\"query-input\":{\"@type\":\"PropertyValueSpecification\",\"valueRequired\":true,\"valueName\":\"search_term_string\"}}],\"inLanguage\":\"es\"},{\"@type\":\"Organization\",\"@id\":\"https:\\\/\\\/www.rawoodfoundation.org\\\/#organization\",\"name\":\"Raymond A. Wood Foundation\",\"url\":\"https:\\\/\\\/www.rawoodfoundation.org\\\/\",\"logo\":{\"@type\":\"ImageObject\",\"inLanguage\":\"es\",\"@id\":\"https:\\\/\\\/www.rawoodfoundation.org\\\/#\\\/schema\\\/logo\\\/image\\\/\",\"url\":\"https:\\\/\\\/www.rawoodfoundation.org\\\/wp-content\\\/uploads\\\/2023\\\/07\\\/Raymond-A-Wood-Foundation-logo.webp\",\"contentUrl\":\"https:\\\/\\\/www.rawoodfoundation.org\\\/wp-content\\\/uploads\\\/2023\\\/07\\\/Raymond-A-Wood-Foundation-logo.webp\",\"width\":470,\"height\":128,\"caption\":\"Raymond A. Wood Foundation\"},\"image\":{\"@id\":\"https:\\\/\\\/www.rawoodfoundation.org\\\/#\\\/schema\\\/logo\\\/image\\\/\"},\"sameAs\":[\"https:\\\/\\\/www.facebook.com\\\/rawoodfoundation\",\"https:\\\/\\\/x.com\\\/rawoodfound\"]}]}<\/script>\n<!-- \/ Yoast SEO plugin. -->","yoast_head_json":{"title":"Informe anual del ejercicio 2022 - Fundaci\u00f3n Raymond A. Wood","description":"Descubra nuestro Informe Anual 2022.","robots":{"index":"index","follow":"follow","max-snippet":"max-snippet:-1","max-image-preview":"max-image-preview:large","max-video-preview":"max-video-preview:-1"},"canonical":"https:\/\/www.rawoodfoundation.org\/es\/informe-anualf22\/","og_locale":"es_MX","og_type":"article","og_title":"FY 2022 Annual Report - Raymond A. Wood Foundation","og_description":"Discover our 2022 Annual Report.","og_url":"https:\/\/www.rawoodfoundation.org\/es\/informe-anualf22\/","og_site_name":"Raymond A. Wood Foundation","article_publisher":"https:\/\/www.facebook.com\/rawoodfoundation","article_modified_time":"2023-08-09T17:54:00+00:00","og_image":[{"url":"https:\/\/live-rawf.pantheonsite.io\/wp-content\/uploads\/2023\/05\/report.png","type":"","width":"","height":""}],"twitter_card":"summary_large_image","twitter_site":"@rawoodfound","twitter_misc":{"Tiempo de lectura":"2 minutos"},"schema":{"@context":"https:\/\/schema.org","@graph":[{"@type":"WebPage","@id":"https:\/\/www.rawoodfoundation.org\/annualreportfy22\/","url":"https:\/\/www.rawoodfoundation.org\/annualreportfy22\/","name":"Informe anual del ejercicio 2022 - Fundaci\u00f3n Raymond A. Wood","isPartOf":{"@id":"https:\/\/www.rawoodfoundation.org\/#website"},"primaryImageOfPage":{"@id":"https:\/\/www.rawoodfoundation.org\/annualreportfy22\/#primaryimage"},"image":{"@id":"https:\/\/www.rawoodfoundation.org\/annualreportfy22\/#primaryimage"},"thumbnailUrl":"https:\/\/live-rawf.pantheonsite.io\/wp-content\/uploads\/2023\/05\/report.png","datePublished":"2023-05-16T15:43:58+00:00","dateModified":"2023-08-09T17:54:00+00:00","description":"Descubra nuestro Informe Anual 2022.","breadcrumb":{"@id":"https:\/\/www.rawoodfoundation.org\/annualreportfy22\/#breadcrumb"},"inLanguage":"es","potentialAction":[{"@type":"ReadAction","target":["https:\/\/www.rawoodfoundation.org\/annualreportfy22\/"]}]},{"@type":"ImageObject","inLanguage":"es","@id":"https:\/\/www.rawoodfoundation.org\/annualreportfy22\/#primaryimage","url":"https:\/\/live-rawf.pantheonsite.io\/wp-content\/uploads\/2023\/05\/report.png","contentUrl":"https:\/\/live-rawf.pantheonsite.io\/wp-content\/uploads\/2023\/05\/report.png"},{"@type":"BreadcrumbList","@id":"https:\/\/www.rawoodfoundation.org\/annualreportfy22\/#breadcrumb","itemListElement":[{"@type":"ListItem","position":1,"name":"Home","item":"https:\/\/www.rawoodfoundation.org\/"},{"@type":"ListItem","position":2,"name":"FY 2022 Annual Report"}]},{"@type":"WebSite","@id":"https:\/\/www.rawoodfoundation.org\/#website","url":"https:\/\/www.rawoodfoundation.org\/","name":"Fundaci\u00f3n Raymond A. Wood","description":"La misi\u00f3n de la RAWF es proporcionar apoyo a la calidad de vida de los supervivientes de tumores cerebrales infantiles y sus familias.","publisher":{"@id":"https:\/\/www.rawoodfoundation.org\/#organization"},"potentialAction":[{"@type":"SearchAction","target":{"@type":"EntryPoint","urlTemplate":"https:\/\/www.rawoodfoundation.org\/?s={search_term_string}"},"query-input":{"@type":"PropertyValueSpecification","valueRequired":true,"valueName":"search_term_string"}}],"inLanguage":"es"},{"@type":"Organization","@id":"https:\/\/www.rawoodfoundation.org\/#organization","name":"Fundaci\u00f3n Raymond A. Wood","url":"https:\/\/www.rawoodfoundation.org\/","logo":{"@type":"ImageObject","inLanguage":"es","@id":"https:\/\/www.rawoodfoundation.org\/#\/schema\/logo\/image\/","url":"https:\/\/www.rawoodfoundation.org\/wp-content\/uploads\/2023\/07\/Raymond-A-Wood-Foundation-logo.webp","contentUrl":"https:\/\/www.rawoodfoundation.org\/wp-content\/uploads\/2023\/07\/Raymond-A-Wood-Foundation-logo.webp","width":470,"height":128,"caption":"Raymond A. Wood Foundation"},"image":{"@id":"https:\/\/www.rawoodfoundation.org\/#\/schema\/logo\/image\/"},"sameAs":["https:\/\/www.facebook.com\/rawoodfoundation","https:\/\/x.com\/rawoodfound"]}]}},"_links":{"self":[{"href":"https:\/\/www.rawoodfoundation.org\/es\/wp-json\/wp\/v2\/pages\/5174","targetHints":{"allow":["GET"]}}],"collection":[{"href":"https:\/\/www.rawoodfoundation.org\/es\/wp-json\/wp\/v2\/pages"}],"about":[{"href":"https:\/\/www.rawoodfoundation.org\/es\/wp-json\/wp\/v2\/types\/page"}],"author":[{"embeddable":true,"href":"https:\/\/www.rawoodfoundation.org\/es\/wp-json\/wp\/v2\/users\/1"}],"replies":[{"embeddable":true,"href":"https:\/\/www.rawoodfoundation.org\/es\/wp-json\/wp\/v2\/comments?post=5174"}],"version-history":[{"count":12,"href":"https:\/\/www.rawoodfoundation.org\/es\/wp-json\/wp\/v2\/pages\/5174\/revisions"}],"predecessor-version":[{"id":8162,"href":"https:\/\/www.rawoodfoundation.org\/es\/wp-json\/wp\/v2\/pages\/5174\/revisions\/8162"}],"wp:attachment":[{"href":"https:\/\/www.rawoodfoundation.org\/es\/wp-json\/wp\/v2\/media?parent=5174"}],"curies":[{"name":"wp","href":"https:\/\/api.w.org\/{rel}","templated":true}]}}