{"id":5152,"date":"2023-05-16T14:21:41","date_gmt":"2023-05-16T14:21:41","guid":{"rendered":"https:\/\/live-rawf.pantheonsite.io\/?page_id=5152"},"modified":"2024-04-09T17:51:33","modified_gmt":"2024-04-09T17:51:33","slug":"mision-vision","status":"publish","type":"page","link":"https:\/\/www.rawoodfoundation.org\/es\/mission-vision\/","title":{"rendered":"Misi\u00f3n y visi\u00f3n"},"content":{"rendered":"<h2 class=\"wp-block-heading\"><strong>Acerca de la Fundaci\u00f3n Raymond A. Wood<\/strong><\/h2>\n\n\n\n<p>La Fundaci\u00f3n Raymond A. Wood es una organizaci\u00f3n de defensa de los pacientes de enfermedades raras dirigida por padres y pacientes, dedicada a capacitar a los supervivientes de tumores cerebrales de craneofaringioma e hipot\u00e1lamo-hipofisario. La misi\u00f3n de la Fundaci\u00f3n Raymond A. Wood es impulsar la investigaci\u00f3n y defender los resultados del tratamiento para mejorar la calidad de vida de los supervivientes de tumores cerebrales hipotal\u00e1mico-hipofisarios.<\/p>\n\n\n\n<p><strong>Abogar por un futuro mejor<\/strong><\/p>\n\n\n\n<p>Fundada en 2017 por unos padres que experimentaron personalmente los retos del craneofaringioma, la Fundaci\u00f3n Raymond A. Wood est\u00e1 impulsada por un profundo compromiso de marcar la diferencia. Al ser testigos de la capacidad de recuperaci\u00f3n de su hijo frente a esta enfermedad rara, crearon la fundaci\u00f3n para ser un faro de esperanza y apoyo para otros que se enfrentan a batallas similares.<\/p>\n\n\n\n<p><strong>Una voz para la comunidad de pacientes<\/strong><\/p>\n\n\n\n<p>Somos un poderoso defensor de la comunidad de pacientes con craneofaringioma y tumores cerebrales hipot\u00e1lamo-hipofisarios en el \u00e1mbito de la investigaci\u00f3n y la asistencia sanitaria. A trav\u00e9s de nuestros esfuerzos de defensa, nos esforzamos por amplificar las voces de los supervivientes y cuidadores, garantizando que sus perspectivas sean escuchadas y valoradas.<\/p>\n\n\n\n<p><strong>Capacitar a supervivientes y cuidadores<\/strong><\/p>\n\n\n\n<p>En el centro de nuestra misi\u00f3n est\u00e1 la creencia de que los supervivientes y los cuidadores tienen el poder de ser sus mejores defensores. Nos comprometemos a proporcionarles los conocimientos, recursos y herramientas necesarios para afrontar las complejidades de estas enfermedades. A trav\u00e9s de la educaci\u00f3n y el apoyo, capacitamos a las personas para que asuman un papel activo en el proceso de atenci\u00f3n sanitaria.<\/p>\n\n\n\n<p><strong>Soluciones pioneras para retos complejos<\/strong><\/p>\n\n\n\n<p>El craneofaringioma y los tumores cerebrales hipot\u00e1lamo-hipofisarios presentan retos polifac\u00e9ticos que afectan significativamente a la calidad de vida. La Fundaci\u00f3n Raymond A. Wood se dedica a mejorar los resultados de los tratamientos y a buscar soluciones innovadoras. Mediante asociaciones estrat\u00e9gicas y financiaci\u00f3n, impulsamos iniciativas de investigaci\u00f3n destinadas a mejorar la vida de los afectados por estas enfermedades.<\/p>\n\n\n\n<p><strong>Juntos, prosperamos<\/strong><\/p>\n\n\n\n<p>La Fundaci\u00f3n Raymond A. Wood es un faro de esperanza, unidad y resistencia para la comunidad de los tumores cerebrales craneofaringiomas e hipot\u00e1lamo-hipofisarios. Juntos, trabajamos por un futuro en el que los supervivientes no s\u00f3lo superen sus retos, sino que prosperen con un sentido renovado de prop\u00f3sito y posibilidad.<\/p>\n\n\n\n<hr class=\"wp-block-separator has-alpha-channel-opacity\"\/>\n\n\n\n<div style=\"height:40px\" aria-hidden=\"true\" class=\"wp-block-spacer\"><\/div>\n\n\n\n<div class=\"wp-block-columns is-layout-flex wp-container-core-columns-is-layout-9d6595d7 wp-block-columns-is-layout-flex\">\n<div class=\"wp-block-column is-layout-flow wp-block-column-is-layout-flow\" style=\"flex-basis:33.33%\">\n<figure class=\"wp-block-image size-full\"><img decoding=\"async\" width=\"600\" height=\"687\" src=\"https:\/\/live-rawf.pantheonsite.io\/wp-content\/uploads\/2023\/08\/Alex.png\" alt=\"Alex Wood\" class=\"wp-image-8087\" srcset=\"https:\/\/www.rawoodfoundation.org\/wp-content\/uploads\/2023\/08\/Alex.png 600w, https:\/\/www.rawoodfoundation.org\/wp-content\/uploads\/2023\/08\/Alex-262x300.png 262w, https:\/\/www.rawoodfoundation.org\/wp-content\/uploads\/2023\/08\/Alex-10x12.png 10w\" sizes=\"(max-width: 600px) 100vw, 600px\" \/><figcaption class=\"wp-element-caption\">Raymond Alexander Wood, 12 a\u00f1os, diagnosticado a los 4 a\u00f1os.<\/figcaption><\/figure>\n<\/div>\n\n\n\n<div class=\"wp-block-column is-layout-flow wp-block-column-is-layout-flow\" style=\"flex-basis:66.66%\">\n<h3 class=\"gb-headline gb-headline-2fb9ed01 gb-headline-text\">Misi\u00f3n <\/h3>\n\n\n\n<p>La misi\u00f3n de la Fundaci\u00f3n Raymond A. Wood es impulsar la investigaci\u00f3n y defender los resultados del tratamiento para mejorar la calidad de vida de los supervivientes de tumores cerebrales hipotal\u00e1mico-hipofisarios.<\/p>\n\n\n\n<h3 class=\"gb-headline gb-headline-fd04ca53 gb-headline-text\">Visi\u00f3n <\/h3>\n\n\n\n<p>Garantizar que los supervivientes de tumores cerebrales hipotal\u00e1mico-hipofisarios vivan una vida sin el impacto de la enfermedad.<\/p>\n<\/div>\n<\/div>\n\n\n<div class=\"gb-container gb-container-e8faa447 alignfull\">\n<div class=\"gb-container gb-container-c5d48590\">\n\n<h2 class=\"wp-block-heading\">Valores fundamentales y principios rectores<\/h2>\n\n\n<div class=\"gb-grid-wrapper gb-grid-wrapper-2d348ef2\">\n<div class=\"gb-grid-column gb-grid-column-5f108342\"><div class=\"gb-container gb-container-5f108342\">\n\n<h4 class=\"wp-block-heading\"><strong>Creatividad e innovaci\u00f3n<\/strong><\/h4>\n\n\n\n<p>Buscar nuevos enfoques para crear soluciones o mejorar los sistemas para servir mejor a la comunidad.<\/p>\n\n<\/div><\/div>\n\n<div class=\"gb-grid-column gb-grid-column-74311f7f\"><div class=\"gb-container gb-container-74311f7f\">\n\n<h4 class=\"wp-block-heading\"><strong>Integridad y transparencia<\/strong><\/h4>\n\n\n\n<p>Inspirar confianza mediante una comunicaci\u00f3n abierta interna y externamente.&nbsp;<\/p>\n\n<\/div><\/div>\n<\/div>\n\n<div class=\"gb-grid-wrapper gb-grid-wrapper-a1d7cdd1\">\n<div class=\"gb-grid-column gb-grid-column-797e8cdf\"><div class=\"gb-container gb-container-797e8cdf\">\n\n<h4 class=\"wp-block-heading\"><strong><strong><strong>Empat\u00eda, atenci\u00f3n y compasi\u00f3n<\/strong><\/strong><\/strong><\/h4>\n\n\n\n<p>Siempre desde la comprensi\u00f3n de los retos a los que se enfrenta la comunidad.<\/p>\n\n<\/div><\/div>\n\n<div class=\"gb-grid-column gb-grid-column-09ca9f52\"><div class=\"gb-container gb-container-09ca9f52\">\n\n<h4 class=\"wp-block-heading\"><strong><strong><strong>\u00c9tica y confidencialidad<\/strong><\/strong><\/strong><\/h4>\n\n\n\n<p>Mantener la confidencialidad de toda la informaci\u00f3n relativa a pacientes, supervivientes, cuidadores y profesionales sanitarios.<\/p>\n\n<\/div><\/div>\n<\/div>\n<\/div>\n<\/div>\n\n\n<div style=\"height:42px\" aria-hidden=\"true\" class=\"wp-block-spacer\"><\/div>","protected":false},"excerpt":{"rendered":"<p>Acerca de la Fundaci\u00f3n Raymond A. Wood La Fundaci\u00f3n Raymond A. Wood es una ... <a title=\"Misi\u00f3n y visi\u00f3n\" class=\"read-more\" href=\"https:\/\/www.rawoodfoundation.org\/es\/mission-vision\/\" aria-label=\"Leer m\u00e1s sobre Misi\u00f3n y visi\u00f3n\">Seguir leyendo<\/a><\/p>","protected":false},"author":1,"featured_media":0,"parent":0,"menu_order":105,"comment_status":"closed","ping_status":"closed","template":"","meta":{"_acf_changed":false,"footnotes":""},"class_list":{"0":"post-5152","1":"page","2":"type-page","3":"status-publish","5":"no-featured-image-padding"},"acf":[],"yoast_head":"<!-- This site is optimized with the Yoast SEO plugin v27.3 - https:\/\/yoast.com\/product\/yoast-seo-wordpress\/ -->\n<title>Mission &amp; Vision - Raymond A. Wood Foundation<\/title>\n<meta name=\"description\" content=\"Learn about our goal to support survivors of childhood brain tumors and their families by providing a means to get devices or other resources\" \/>\n<meta name=\"robots\" content=\"index, follow, max-snippet:-1, max-image-preview:large, max-video-preview:-1\" \/>\n<link rel=\"canonical\" href=\"https:\/\/www.rawoodfoundation.org\/es\/mision-vision\/\" \/>\n<meta property=\"og:locale\" content=\"es_MX\" \/>\n<meta property=\"og:type\" content=\"article\" \/>\n<meta property=\"og:title\" content=\"Mission &amp; Vision - Raymond A. Wood Foundation\" \/>\n<meta property=\"og:description\" content=\"Learn about our goal to support survivors of childhood brain tumors and their families by providing a means to get devices or other resources\" \/>\n<meta property=\"og:url\" content=\"https:\/\/www.rawoodfoundation.org\/es\/mision-vision\/\" \/>\n<meta property=\"og:site_name\" content=\"Raymond A. Wood Foundation\" \/>\n<meta property=\"article:publisher\" content=\"https:\/\/www.facebook.com\/rawoodfoundation\" \/>\n<meta property=\"article:modified_time\" content=\"2024-04-09T17:51:33+00:00\" \/>\n<meta property=\"og:image\" content=\"https:\/\/live-rawf.pantheonsite.io\/wp-content\/uploads\/2023\/08\/Alex.png\" \/>\n<meta name=\"twitter:card\" content=\"summary_large_image\" \/>\n<meta name=\"twitter:site\" content=\"@rawoodfound\" \/>\n<meta name=\"twitter:label1\" content=\"Tiempo de lectura\" \/>\n\t<meta name=\"twitter:data1\" content=\"5 minutos\" \/>\n<script type=\"application\/ld+json\" class=\"yoast-schema-graph\">{\"@context\":\"https:\\\/\\\/schema.org\",\"@graph\":[{\"@type\":\"WebPage\",\"@id\":\"https:\\\/\\\/www.rawoodfoundation.org\\\/mission-vision\\\/\",\"url\":\"https:\\\/\\\/www.rawoodfoundation.org\\\/mission-vision\\\/\",\"name\":\"Mission & Vision - Raymond A. Wood Foundation\",\"isPartOf\":{\"@id\":\"https:\\\/\\\/www.rawoodfoundation.org\\\/#website\"},\"primaryImageOfPage\":{\"@id\":\"https:\\\/\\\/www.rawoodfoundation.org\\\/mission-vision\\\/#primaryimage\"},\"image\":{\"@id\":\"https:\\\/\\\/www.rawoodfoundation.org\\\/mission-vision\\\/#primaryimage\"},\"thumbnailUrl\":\"https:\\\/\\\/live-rawf.pantheonsite.io\\\/wp-content\\\/uploads\\\/2023\\\/08\\\/Alex.png\",\"datePublished\":\"2023-05-16T14:21:41+00:00\",\"dateModified\":\"2024-04-09T17:51:33+00:00\",\"description\":\"Learn about our goal to support survivors of childhood brain tumors and their families by providing a means to get devices or other resources\",\"breadcrumb\":{\"@id\":\"https:\\\/\\\/www.rawoodfoundation.org\\\/mission-vision\\\/#breadcrumb\"},\"inLanguage\":\"es\",\"potentialAction\":[{\"@type\":\"ReadAction\",\"target\":[\"https:\\\/\\\/www.rawoodfoundation.org\\\/mission-vision\\\/\"]}]},{\"@type\":\"ImageObject\",\"inLanguage\":\"es\",\"@id\":\"https:\\\/\\\/www.rawoodfoundation.org\\\/mission-vision\\\/#primaryimage\",\"url\":\"https:\\\/\\\/live-rawf.pantheonsite.io\\\/wp-content\\\/uploads\\\/2023\\\/08\\\/Alex.png\",\"contentUrl\":\"https:\\\/\\\/live-rawf.pantheonsite.io\\\/wp-content\\\/uploads\\\/2023\\\/08\\\/Alex.png\"},{\"@type\":\"BreadcrumbList\",\"@id\":\"https:\\\/\\\/www.rawoodfoundation.org\\\/mission-vision\\\/#breadcrumb\",\"itemListElement\":[{\"@type\":\"ListItem\",\"position\":1,\"name\":\"Home\",\"item\":\"https:\\\/\\\/www.rawoodfoundation.org\\\/\"},{\"@type\":\"ListItem\",\"position\":2,\"name\":\"Mission &#038; Vision\"}]},{\"@type\":\"WebSite\",\"@id\":\"https:\\\/\\\/www.rawoodfoundation.org\\\/#website\",\"url\":\"https:\\\/\\\/www.rawoodfoundation.org\\\/\",\"name\":\"Raymond A. Wood Foundation\",\"description\":\"The mission of the RAWF is to provide quality of life support for childhood brain tumor survivors and their families.\",\"publisher\":{\"@id\":\"https:\\\/\\\/www.rawoodfoundation.org\\\/#organization\"},\"potentialAction\":[{\"@type\":\"SearchAction\",\"target\":{\"@type\":\"EntryPoint\",\"urlTemplate\":\"https:\\\/\\\/www.rawoodfoundation.org\\\/?s={search_term_string}\"},\"query-input\":{\"@type\":\"PropertyValueSpecification\",\"valueRequired\":true,\"valueName\":\"search_term_string\"}}],\"inLanguage\":\"es\"},{\"@type\":\"Organization\",\"@id\":\"https:\\\/\\\/www.rawoodfoundation.org\\\/#organization\",\"name\":\"Raymond A. Wood Foundation\",\"url\":\"https:\\\/\\\/www.rawoodfoundation.org\\\/\",\"logo\":{\"@type\":\"ImageObject\",\"inLanguage\":\"es\",\"@id\":\"https:\\\/\\\/www.rawoodfoundation.org\\\/#\\\/schema\\\/logo\\\/image\\\/\",\"url\":\"https:\\\/\\\/www.rawoodfoundation.org\\\/wp-content\\\/uploads\\\/2023\\\/07\\\/Raymond-A-Wood-Foundation-logo.webp\",\"contentUrl\":\"https:\\\/\\\/www.rawoodfoundation.org\\\/wp-content\\\/uploads\\\/2023\\\/07\\\/Raymond-A-Wood-Foundation-logo.webp\",\"width\":470,\"height\":128,\"caption\":\"Raymond A. Wood Foundation\"},\"image\":{\"@id\":\"https:\\\/\\\/www.rawoodfoundation.org\\\/#\\\/schema\\\/logo\\\/image\\\/\"},\"sameAs\":[\"https:\\\/\\\/www.facebook.com\\\/rawoodfoundation\",\"https:\\\/\\\/x.com\\\/rawoodfound\"]}]}<\/script>\n<!-- \/ Yoast SEO plugin. -->","yoast_head_json":{"title":"Misi\u00f3n y visi\u00f3n - Fundaci\u00f3n Raymond A. Wood","description":"Conozca nuestro objetivo de apoyar a los supervivientes de tumores cerebrales infantiles y a sus familias proporcion\u00e1ndoles un medio para conseguir dispositivos u otros recursos.","robots":{"index":"index","follow":"follow","max-snippet":"max-snippet:-1","max-image-preview":"max-image-preview:large","max-video-preview":"max-video-preview:-1"},"canonical":"https:\/\/www.rawoodfoundation.org\/es\/mision-vision\/","og_locale":"es_MX","og_type":"article","og_title":"Mission & Vision - Raymond A. Wood Foundation","og_description":"Learn about our goal to support survivors of childhood brain tumors and their families by providing a means to get devices or other resources","og_url":"https:\/\/www.rawoodfoundation.org\/es\/mision-vision\/","og_site_name":"Raymond A. Wood Foundation","article_publisher":"https:\/\/www.facebook.com\/rawoodfoundation","article_modified_time":"2024-04-09T17:51:33+00:00","og_image":[{"url":"https:\/\/live-rawf.pantheonsite.io\/wp-content\/uploads\/2023\/08\/Alex.png","type":"","width":"","height":""}],"twitter_card":"summary_large_image","twitter_site":"@rawoodfound","twitter_misc":{"Tiempo de lectura":"5 minutos"},"schema":{"@context":"https:\/\/schema.org","@graph":[{"@type":"WebPage","@id":"https:\/\/www.rawoodfoundation.org\/mission-vision\/","url":"https:\/\/www.rawoodfoundation.org\/mission-vision\/","name":"Misi\u00f3n y visi\u00f3n - Fundaci\u00f3n Raymond A. Wood","isPartOf":{"@id":"https:\/\/www.rawoodfoundation.org\/#website"},"primaryImageOfPage":{"@id":"https:\/\/www.rawoodfoundation.org\/mission-vision\/#primaryimage"},"image":{"@id":"https:\/\/www.rawoodfoundation.org\/mission-vision\/#primaryimage"},"thumbnailUrl":"https:\/\/live-rawf.pantheonsite.io\/wp-content\/uploads\/2023\/08\/Alex.png","datePublished":"2023-05-16T14:21:41+00:00","dateModified":"2024-04-09T17:51:33+00:00","description":"Conozca nuestro objetivo de apoyar a los supervivientes de tumores cerebrales infantiles y a sus familias proporcion\u00e1ndoles un medio para conseguir dispositivos u otros recursos.","breadcrumb":{"@id":"https:\/\/www.rawoodfoundation.org\/mission-vision\/#breadcrumb"},"inLanguage":"es","potentialAction":[{"@type":"ReadAction","target":["https:\/\/www.rawoodfoundation.org\/mission-vision\/"]}]},{"@type":"ImageObject","inLanguage":"es","@id":"https:\/\/www.rawoodfoundation.org\/mission-vision\/#primaryimage","url":"https:\/\/live-rawf.pantheonsite.io\/wp-content\/uploads\/2023\/08\/Alex.png","contentUrl":"https:\/\/live-rawf.pantheonsite.io\/wp-content\/uploads\/2023\/08\/Alex.png"},{"@type":"BreadcrumbList","@id":"https:\/\/www.rawoodfoundation.org\/mission-vision\/#breadcrumb","itemListElement":[{"@type":"ListItem","position":1,"name":"Home","item":"https:\/\/www.rawoodfoundation.org\/"},{"@type":"ListItem","position":2,"name":"Mission &#038; Vision"}]},{"@type":"WebSite","@id":"https:\/\/www.rawoodfoundation.org\/#website","url":"https:\/\/www.rawoodfoundation.org\/","name":"Fundaci\u00f3n Raymond A. Wood","description":"La misi\u00f3n de la RAWF es proporcionar apoyo a la calidad de vida de los supervivientes de tumores cerebrales infantiles y sus familias.","publisher":{"@id":"https:\/\/www.rawoodfoundation.org\/#organization"},"potentialAction":[{"@type":"SearchAction","target":{"@type":"EntryPoint","urlTemplate":"https:\/\/www.rawoodfoundation.org\/?s={search_term_string}"},"query-input":{"@type":"PropertyValueSpecification","valueRequired":true,"valueName":"search_term_string"}}],"inLanguage":"es"},{"@type":"Organization","@id":"https:\/\/www.rawoodfoundation.org\/#organization","name":"Fundaci\u00f3n Raymond A. Wood","url":"https:\/\/www.rawoodfoundation.org\/","logo":{"@type":"ImageObject","inLanguage":"es","@id":"https:\/\/www.rawoodfoundation.org\/#\/schema\/logo\/image\/","url":"https:\/\/www.rawoodfoundation.org\/wp-content\/uploads\/2023\/07\/Raymond-A-Wood-Foundation-logo.webp","contentUrl":"https:\/\/www.rawoodfoundation.org\/wp-content\/uploads\/2023\/07\/Raymond-A-Wood-Foundation-logo.webp","width":470,"height":128,"caption":"Raymond A. Wood Foundation"},"image":{"@id":"https:\/\/www.rawoodfoundation.org\/#\/schema\/logo\/image\/"},"sameAs":["https:\/\/www.facebook.com\/rawoodfoundation","https:\/\/x.com\/rawoodfound"]}]}},"_links":{"self":[{"href":"https:\/\/www.rawoodfoundation.org\/es\/wp-json\/wp\/v2\/pages\/5152","targetHints":{"allow":["GET"]}}],"collection":[{"href":"https:\/\/www.rawoodfoundation.org\/es\/wp-json\/wp\/v2\/pages"}],"about":[{"href":"https:\/\/www.rawoodfoundation.org\/es\/wp-json\/wp\/v2\/types\/page"}],"author":[{"embeddable":true,"href":"https:\/\/www.rawoodfoundation.org\/es\/wp-json\/wp\/v2\/users\/1"}],"replies":[{"embeddable":true,"href":"https:\/\/www.rawoodfoundation.org\/es\/wp-json\/wp\/v2\/comments?post=5152"}],"version-history":[{"count":25,"href":"https:\/\/www.rawoodfoundation.org\/es\/wp-json\/wp\/v2\/pages\/5152\/revisions"}],"predecessor-version":[{"id":9150,"href":"https:\/\/www.rawoodfoundation.org\/es\/wp-json\/wp\/v2\/pages\/5152\/revisions\/9150"}],"wp:attachment":[{"href":"https:\/\/www.rawoodfoundation.org\/es\/wp-json\/wp\/v2\/media?parent=5152"}],"curies":[{"name":"wp","href":"https:\/\/api.w.org\/{rel}","templated":true}]}}