{"id":4858,"date":"2023-05-09T18:04:13","date_gmt":"2023-05-09T18:04:13","guid":{"rendered":"https:\/\/live-rawf.pantheonsite.io\/?page_id=4858"},"modified":"2025-05-05T19:16:23","modified_gmt":"2025-05-05T19:16:23","slug":"recien-diagnosticado","status":"publish","type":"page","link":"https:\/\/www.rawoodfoundation.org\/es\/newly-diagnosed\/","title":{"rendered":"Reci\u00e9n diagnosticado"},"content":{"rendered":"<h2 class=\"wp-block-heading\">Encontrar el camino a seguir<\/h2>\n\n\n\n<p>Si le acaban de diagnosticar un tumor cerebral como el craneofaringioma, es probable que se sienta abrumado y asustado.<\/p>\n\n\n\n<p>Tal vez se pregunte <strong>por qu\u00e9 y c\u00f3mo ha sucedido<\/strong> a usted o a un miembro de su familia.<\/p>\n\n\n\n<p>Puede ser <strong>enfrentarse a muchas decisiones para encontrar el mejor tratamiento y m\u00e9dico<\/strong>s, o tal vez usted o su ser querido ya se han sometido al tratamiento para extirpar el tumor y ahora se preguntan, \u00bfqu\u00e9 sigue?<\/p>\n\n\n\n<p>Usted es <strong>preocupado por lo que significa tener este tumor cerebral<\/strong> y qu\u00e9 ser\u00e1 de su salud y de la vida de su ser querido con este diagn\u00f3stico.<\/p>\n\n\n\n<p><strong>Sentimos mucho saber que ahora es usted paciente o familiar de un tumor cerebral <\/strong>pero queremos que sepas que NO est\u00e1s solo.<\/p>\n\n\n\n<p>En la Fundaci\u00f3n Raymond A. Wood \"lo entendemos\" porque hemos estado en su lugar. Fundada por los padres de un ni\u00f1o con craneofaringioma, somos una organizaci\u00f3n de defensa de los supervivientes de tumores hipot\u00e1lamo-hipofisarios y de los afectados por los mismos. <strong>estamos aqu\u00ed para usted<\/strong>.<\/p>\n\n\n\n<hr class=\"wp-block-separator has-alpha-channel-opacity\"\/>\n\n\n\n<div class=\"wp-block-columns is-layout-flex wp-container-core-columns-is-layout-9d6595d7 wp-block-columns-is-layout-flex\">\n<div class=\"wp-block-column is-layout-flow wp-block-column-is-layout-flow\" style=\"flex-basis:33.33%\">\n<h2 class=\"wp-block-heading\">Conozca la Fundaci\u00f3n Raymond A. Wood (RAWF)<\/h2>\n\n\n\n<p class=\"gb-headline gb-headline-f07515ca round-icon\"><span class=\"gb-icon\"><svg aria-hidden=\"true\" role=\"img\" height=\"1em\" width=\"1em\" viewbox=\"0 0 256 512\" xmlns=\"http:\/\/www.w3.org\/2000\/svg\"><path fill=\"currentColor\" d=\"M224.3 273l-136 136c-9.4 9.4-24.6 9.4-33.9 0l-22.6-22.6c-9.4-9.4-9.4-24.6 0-33.9l96.4-96.4-96.4-96.4c-9.4-9.4-9.4-24.6 0-33.9L54.3 103c9.4-9.4 24.6-9.4 33.9 0l136 136c9.5 9.4 9.5 24.6.1 34z\"><\/path><\/svg><\/span><span class=\"gb-headline-text\"><a href=\"\/es\/mision-vision\/\">M\u00e1s informaci\u00f3n<\/a><\/span><\/p>\n<\/div>\n\n\n\n<div class=\"wp-block-column is-layout-flow wp-block-column-is-layout-flow\" style=\"flex-basis:66.66%\">\n<p>Como organizaci\u00f3n de defensa de los pacientes, la misi\u00f3n de RAWF es ayudar a los supervivientes de tumores cerebrales hipotal\u00e1mico-hipofisarios a mejorar su calidad de vida proporcion\u00e1ndoles acceso a la educaci\u00f3n, la tecnolog\u00eda y los tratamientos en evoluci\u00f3n.<\/p>\n\n\n\n<p>Como organizaci\u00f3n de defensa de las enfermedades raras, RAWF trabaja con la FDA, otras organizaciones aliadas y empresas farmac\u00e9uticas y de dispositivos m\u00e9dicos en nombre de su comunidad de supervivientes de tumores cerebrales.<\/p>\n\n\n\n<p class=\"gb-headline gb-headline-cd0c0e1a gb-headline-text\">RAWF se enorgullece de ser beneficiario de la <a href=\"https:\/\/chanzuckerberg.com\/science\/programs-resources\/rare-as-one\/\" target=\"_blank\" rel=\"noreferrer noopener\">Iniciativa Chan Zuckerberg Rare as One Project<\/a> y est\u00e1 utilizando los recursos de esta oportunidad para crear una red de investigaci\u00f3n que aborde las afecciones menos conocidas y m\u00e1s dif\u00edciles de tratar de los supervivientes de craneofaringioma, as\u00ed como para satisfacer las necesidades de la poblaci\u00f3n m\u00e1s desatendida de nuestros supervivientes.<\/p>\n\n\n\n<figure class=\"wp-block-embed is-type-video is-provider-youtube wp-block-embed-youtube wp-embed-aspect-16-9 wp-has-aspect-ratio\"><div class=\"wp-block-embed__wrapper\">\n<iframe title=\"La Fundaci\u00f3n Raymond A. Wood es una organizaci\u00f3n de defensa de los pacientes de enfermedades raras dirigida por padres.\" width=\"1200\" height=\"675\" src=\"https:\/\/www.youtube.com\/embed\/zgXSFWoGRJs?feature=oembed&#038;enablejsapi=1&#038;origin=https:\/\/www.rawoodfoundation.org\" frameborder=\"0\" allow=\"accelerometer; autoplay; clipboard-write; encrypted-media; gyroscope; picture-in-picture; web-share\" referrerpolicy=\"strict-origin-when-cross-origin\" allowfullscreen><\/iframe>\n<\/div><\/figure>\n<\/div>\n<\/div>\n\n\n\n<hr class=\"wp-block-separator has-alpha-channel-opacity\"\/>\n\n\n\n<h3 class=\"wp-block-heading\">Recursos para pacientes reci\u00e9n diagnosticados y sus familias<\/h3>\n\n\n\n<div class=\"wp-block-columns is-layout-flex wp-container-core-columns-is-layout-9d6595d7 wp-block-columns-is-layout-flex\">\n<div class=\"wp-block-column is-layout-flow wp-block-column-is-layout-flow\"><div class=\"gb-container gb-container-a83858ef clickable-container\">\n\n<h5 class=\"gb-headline gb-headline-83ff5696 round-icon\"><span class=\"gb-icon\"><svg aria-hidden=\"true\" role=\"img\" height=\"1em\" width=\"1em\" viewbox=\"0 0 256 512\" xmlns=\"http:\/\/www.w3.org\/2000\/svg\"><path fill=\"currentColor\" d=\"M224.3 273l-136 136c-9.4 9.4-24.6 9.4-33.9 0l-22.6-22.6c-9.4-9.4-9.4-24.6 0-33.9l96.4-96.4-96.4-96.4c-9.4-9.4-9.4-24.6 0-33.9L54.3 103c9.4-9.4 24.6-9.4 33.9 0l136 136c9.5 9.4 9.5 24.6.1 34z\"><\/path><\/svg><\/span><span class=\"gb-headline-text\"><a href=\"https:\/\/live-rawf.pantheonsite.io\/disease-information\/\">Informaci\u00f3n sobre enfermedades<\/a><\/span><\/h5>\n\n<\/div><\/div>\n\n\n\n<div class=\"wp-block-column is-layout-flow wp-block-column-is-layout-flow\"><div class=\"gb-container gb-container-c65b9708 clickable-container\">\n\n<h5 class=\"gb-headline gb-headline-2aee17b1 round-icon\"><span class=\"gb-icon\"><svg aria-hidden=\"true\" role=\"img\" height=\"1em\" width=\"1em\" viewbox=\"0 0 256 512\" xmlns=\"http:\/\/www.w3.org\/2000\/svg\"><path fill=\"currentColor\" d=\"M224.3 273l-136 136c-9.4 9.4-24.6 9.4-33.9 0l-22.6-22.6c-9.4-9.4-9.4-24.6 0-33.9l96.4-96.4-96.4-96.4c-9.4-9.4-9.4-24.6 0-33.9L54.3 103c9.4-9.4 24.6-9.4 33.9 0l136 136c9.5 9.4 9.5 24.6.1 34z\"><\/path><\/svg><\/span><span class=\"gb-headline-text\"><a href=\"https:\/\/live-rawf.pantheonsite.io\/events\/\">Eventos<\/a><\/span><\/h5>\n\n<\/div><\/div>\n\n\n\n<div class=\"wp-block-column is-layout-flow wp-block-column-is-layout-flow\"><div class=\"gb-container gb-container-3430f7bc clickable-container\"><a class=\"gb-container-link\" href=\"\/es\/buscador-de-medicos\/\" aria-label=\"Buscador de m\u00e9dicos\"><\/a>\n\n<h5 class=\"gb-headline gb-headline-fa56953d round-icon\"><span class=\"gb-icon\"><svg aria-hidden=\"true\" role=\"img\" height=\"1em\" width=\"1em\" viewbox=\"0 0 256 512\" xmlns=\"http:\/\/www.w3.org\/2000\/svg\"><path fill=\"currentColor\" d=\"M224.3 273l-136 136c-9.4 9.4-24.6 9.4-33.9 0l-22.6-22.6c-9.4-9.4-9.4-24.6 0-33.9l96.4-96.4-96.4-96.4c-9.4-9.4-9.4-24.6 0-33.9L54.3 103c9.4-9.4 24.6-9.4 33.9 0l136 136c9.5 9.4 9.5 24.6.1 34z\"><\/path><\/svg><\/span><span class=\"gb-headline-text\"><a href=\"https:\/\/live-rawf.pantheonsite.io\/physician-finder\/\">Buscador de m\u00e9dicos<\/a><\/span><\/h5>\n\n<\/div><\/div>\n<\/div>\n\n\n\n<div style=\"height:30px\" aria-hidden=\"true\" class=\"wp-block-spacer\"><\/div>\n\n\n\n\n\n<hr class=\"wp-block-separator has-alpha-channel-opacity\"\/>\n\n\n\n<div class=\"wp-block-columns is-layout-flex wp-container-core-columns-is-layout-9d6595d7 wp-block-columns-is-layout-flex\">\n<div class=\"wp-block-column is-layout-flow wp-block-column-is-layout-flow\">\n<h3 class=\"wp-block-heading\">Suscr\u00edbase a nuestro canal de YouTube <\/h3>\n\n\n\n<p>RAWF tiene un <a href=\"https:\/\/www.youtube.com\/c\/RaymondAWoodFoundation\" target=\"_blank\" rel=\"noreferrer noopener\"><strong>Canal YouTube<\/strong><\/a> con v\u00eddeos educativos. Puede suscribirse y acceder a contenidos actualizados peri\u00f3dicamente.<\/p>\n\n\n\n<p>Para ver algunas de las otras ofertas de RAWF, consulte los programas que ofrecemos en el sitio web bajo <a href=\"\/es\/eventos\/\">Eventos<\/a>.<\/p>\n\n\n\n<p class=\"gb-headline gb-headline-9c0b6445 round-icon\"><span class=\"gb-icon\"><svg aria-hidden=\"true\" role=\"img\" height=\"1em\" width=\"1em\" viewbox=\"0 0 256 512\" xmlns=\"http:\/\/www.w3.org\/2000\/svg\"><path fill=\"currentColor\" d=\"M224.3 273l-136 136c-9.4 9.4-24.6 9.4-33.9 0l-22.6-22.6c-9.4-9.4-9.4-24.6 0-33.9l96.4-96.4-96.4-96.4c-9.4-9.4-9.4-24.6 0-33.9L54.3 103c9.4-9.4 24.6-9.4 33.9 0l136 136c9.5 9.4 9.5 24.6.1 34z\"><\/path><\/svg><\/span><span class=\"gb-headline-text\"><a href=\"https:\/\/www.youtube.com\/channel\/UCyM_PCQiJzcXwL9H6_gXHFQ?sub_confirmation=1\">Suscr\u00edbase a nuestro canal de YouTube<\/a><\/span><\/p>\n<\/div>\n\n\n\n<div class=\"wp-block-column is-layout-flow wp-block-column-is-layout-flow\">\n<figure class=\"wp-block-embed is-type-video is-provider-youtube wp-block-embed-youtube wp-embed-aspect-16-9 wp-has-aspect-ratio\"><div class=\"wp-block-embed__wrapper\">\n<iframe title=\"El panorama molecular, inflamatorio e inmunitario del craneofaringioma y nuevas formas de combatirlo\" width=\"1200\" height=\"675\" src=\"https:\/\/www.youtube.com\/embed\/dgdQZqKntQg?feature=oembed&#038;enablejsapi=1&#038;origin=https:\/\/www.rawoodfoundation.org\" frameborder=\"0\" allow=\"accelerometer; autoplay; clipboard-write; encrypted-media; gyroscope; picture-in-picture; web-share\" referrerpolicy=\"strict-origin-when-cross-origin\" allowfullscreen><\/iframe>\n<\/div><\/figure>\n<\/div>\n<\/div>\n\n\n\n<hr class=\"wp-block-separator has-alpha-channel-opacity\"\/>\n\n\n\n<h3 class=\"wp-block-heading\">Otros recursos<\/h3>\n\n\n\n<p>Existen recursos en Internet y grupos de apoyo para pacientes y cuidadores de craneofaringiomas. Aqu\u00ed tiene algunos:<\/p>\n\n\n\n<ul class=\"wp-block-list\">\n<li><a href=\"https:\/\/www.facebook.com\/groups\/craniosurvivors\/\" target=\"_blank\" rel=\"noreferrer noopener\"><strong>Grupo de Facebook para craneofaringioma<\/strong><\/a><\/li>\n\n\n\n<li><a href=\"https:\/\/rarediseases.org\/rare-diseases\/craniopharyngioma\/\" target=\"_blank\" rel=\"noreferrer noopener\"><strong>National Organization of Rare Disorders: craneofaringioma<\/strong><\/a><\/li>\n\n\n\n<li><a href=\"https:\/\/rarediseases.info.nih.gov\/diseases\/10486\/craniopharyngioma\" target=\"_blank\" rel=\"noreferrer noopener\"><strong>Instituto Nacional de la Salud: craneofaringioma<\/strong><\/a><\/li>\n<\/ul>\n\n\n\n<hr class=\"wp-block-separator has-alpha-channel-opacity\"\/>\n\n\n\n<h3 class=\"wp-block-heading has-text-align-center\">P\u00f3ngase en contacto con nosotros<\/h3>\n\n\n\n<p class=\"has-text-align-center\">Ofrecemos oportunidades de tutor\u00eda a las nuevas familias. P\u00f3ngase en contacto con nosotros y d\u00edganos c\u00f3mo podemos ayudarle.<\/p>\n\n\n\n<div class=\"wp-block-columns is-layout-flex wp-container-core-columns-is-layout-9d6595d7 wp-block-columns-is-layout-flex\">\n<div class=\"wp-block-column is-layout-flow wp-block-column-is-layout-flow\" style=\"flex-basis:50%\">\n<script src=\"https:\/\/s3-us-west-2.amazonaws.com\/bloomerang-public-cdn\/raymondawoodfoundation\/.widget-js\/42207232.js\" type=\"text\/javascript\"><\/script>\n<\/div>\n\n\n\n<div class=\"wp-block-column is-layout-flow wp-block-column-is-layout-flow\" style=\"flex-basis:50%\">\n<figure class=\"wp-block-image size-full\"><img decoding=\"async\" width=\"509\" height=\"339\" src=\"https:\/\/live-rawf.pantheonsite.io\/wp-content\/uploads\/2023\/07\/help.jpg\" alt=\"Mam\u00e1 consolando a su hija\" class=\"wp-image-7538\" srcset=\"https:\/\/www.rawoodfoundation.org\/wp-content\/uploads\/2023\/07\/help.jpg 509w, https:\/\/www.rawoodfoundation.org\/wp-content\/uploads\/2023\/07\/help-300x200.jpg 300w, https:\/\/www.rawoodfoundation.org\/wp-content\/uploads\/2023\/07\/help-18x12.jpg 18w\" sizes=\"(max-width: 509px) 100vw, 509px\" \/><\/figure>\n<\/div>\n<\/div>\n\n\n\n<div style=\"height:65px\" aria-hidden=\"true\" class=\"wp-block-spacer\"><\/div>","protected":false},"excerpt":{"rendered":"<p>Encontrar el camino a seguir Si es usted un paciente reci\u00e9n diagnosticado o el cuidador de un ... <a title=\"Reci\u00e9n diagnosticado\" class=\"read-more\" href=\"https:\/\/www.rawoodfoundation.org\/es\/newly-diagnosed\/\" aria-label=\"Leer m\u00e1s sobre Reci\u00e9n diagnosticado\">Seguir leyendo<\/a><\/p>","protected":false},"author":1,"featured_media":0,"parent":0,"menu_order":106,"comment_status":"closed","ping_status":"closed","template":"","meta":{"_acf_changed":false,"footnotes":""},"class_list":{"0":"post-4858","1":"page","2":"type-page","3":"status-publish","5":"no-featured-image-padding"},"acf":[],"yoast_head":"<!-- This site is optimized with the Yoast SEO plugin v27.3 - https:\/\/yoast.com\/product\/yoast-seo-wordpress\/ -->\n<title>Newly Diagnosed - Raymond A. Wood Foundation<\/title>\n<meta name=\"description\" content=\"The Raymond A. Wood Foundation are an advocacy organization for survivors of hypothalamic-pituitary tumors and we are here for you.\" \/>\n<meta name=\"robots\" content=\"index, follow, max-snippet:-1, max-image-preview:large, max-video-preview:-1\" \/>\n<link rel=\"canonical\" href=\"https:\/\/www.rawoodfoundation.org\/es\/recien-diagnosticado\/\" \/>\n<meta property=\"og:locale\" content=\"es_MX\" \/>\n<meta property=\"og:type\" content=\"article\" \/>\n<meta property=\"og:title\" content=\"Newly Diagnosed - Raymond A. Wood Foundation\" \/>\n<meta property=\"og:description\" content=\"The Raymond A. Wood Foundation are an advocacy organization for survivors of hypothalamic-pituitary tumors and we are here for you.\" \/>\n<meta property=\"og:url\" content=\"https:\/\/www.rawoodfoundation.org\/es\/recien-diagnosticado\/\" \/>\n<meta property=\"og:site_name\" content=\"Raymond A. Wood Foundation\" \/>\n<meta property=\"article:publisher\" content=\"https:\/\/www.facebook.com\/rawoodfoundation\" \/>\n<meta property=\"article:modified_time\" content=\"2025-05-05T19:16:23+00:00\" \/>\n<meta property=\"og:image\" content=\"https:\/\/live-rawf.pantheonsite.io\/wp-content\/uploads\/2023\/07\/help.jpg\" \/>\n<meta name=\"twitter:card\" content=\"summary_large_image\" \/>\n<meta name=\"twitter:site\" content=\"@rawoodfound\" \/>\n<meta name=\"twitter:label1\" content=\"Tiempo de lectura\" \/>\n\t<meta name=\"twitter:data1\" content=\"5 minutos\" \/>\n<script type=\"application\/ld+json\" class=\"yoast-schema-graph\">{\"@context\":\"https:\\\/\\\/schema.org\",\"@graph\":[{\"@type\":\"WebPage\",\"@id\":\"https:\\\/\\\/www.rawoodfoundation.org\\\/newly-diagnosed\\\/\",\"url\":\"https:\\\/\\\/www.rawoodfoundation.org\\\/newly-diagnosed\\\/\",\"name\":\"Newly Diagnosed - Raymond A. Wood Foundation\",\"isPartOf\":{\"@id\":\"https:\\\/\\\/www.rawoodfoundation.org\\\/#website\"},\"primaryImageOfPage\":{\"@id\":\"https:\\\/\\\/www.rawoodfoundation.org\\\/newly-diagnosed\\\/#primaryimage\"},\"image\":{\"@id\":\"https:\\\/\\\/www.rawoodfoundation.org\\\/newly-diagnosed\\\/#primaryimage\"},\"thumbnailUrl\":\"https:\\\/\\\/live-rawf.pantheonsite.io\\\/wp-content\\\/uploads\\\/2023\\\/07\\\/help.jpg\",\"datePublished\":\"2023-05-09T18:04:13+00:00\",\"dateModified\":\"2025-05-05T19:16:23+00:00\",\"description\":\"The Raymond A. Wood Foundation are an advocacy organization for survivors of hypothalamic-pituitary tumors and we are here for you.\",\"breadcrumb\":{\"@id\":\"https:\\\/\\\/www.rawoodfoundation.org\\\/newly-diagnosed\\\/#breadcrumb\"},\"inLanguage\":\"es\",\"potentialAction\":[{\"@type\":\"ReadAction\",\"target\":[\"https:\\\/\\\/www.rawoodfoundation.org\\\/newly-diagnosed\\\/\"]}]},{\"@type\":\"ImageObject\",\"inLanguage\":\"es\",\"@id\":\"https:\\\/\\\/www.rawoodfoundation.org\\\/newly-diagnosed\\\/#primaryimage\",\"url\":\"https:\\\/\\\/live-rawf.pantheonsite.io\\\/wp-content\\\/uploads\\\/2023\\\/07\\\/help.jpg\",\"contentUrl\":\"https:\\\/\\\/live-rawf.pantheonsite.io\\\/wp-content\\\/uploads\\\/2023\\\/07\\\/help.jpg\"},{\"@type\":\"BreadcrumbList\",\"@id\":\"https:\\\/\\\/www.rawoodfoundation.org\\\/newly-diagnosed\\\/#breadcrumb\",\"itemListElement\":[{\"@type\":\"ListItem\",\"position\":1,\"name\":\"Home\",\"item\":\"https:\\\/\\\/www.rawoodfoundation.org\\\/\"},{\"@type\":\"ListItem\",\"position\":2,\"name\":\"Newly Diagnosed\"}]},{\"@type\":\"WebSite\",\"@id\":\"https:\\\/\\\/www.rawoodfoundation.org\\\/#website\",\"url\":\"https:\\\/\\\/www.rawoodfoundation.org\\\/\",\"name\":\"Raymond A. Wood Foundation\",\"description\":\"The mission of the RAWF is to provide quality of life support for childhood brain tumor survivors and their families.\",\"publisher\":{\"@id\":\"https:\\\/\\\/www.rawoodfoundation.org\\\/#organization\"},\"potentialAction\":[{\"@type\":\"SearchAction\",\"target\":{\"@type\":\"EntryPoint\",\"urlTemplate\":\"https:\\\/\\\/www.rawoodfoundation.org\\\/?s={search_term_string}\"},\"query-input\":{\"@type\":\"PropertyValueSpecification\",\"valueRequired\":true,\"valueName\":\"search_term_string\"}}],\"inLanguage\":\"es\"},{\"@type\":\"Organization\",\"@id\":\"https:\\\/\\\/www.rawoodfoundation.org\\\/#organization\",\"name\":\"Raymond A. Wood Foundation\",\"url\":\"https:\\\/\\\/www.rawoodfoundation.org\\\/\",\"logo\":{\"@type\":\"ImageObject\",\"inLanguage\":\"es\",\"@id\":\"https:\\\/\\\/www.rawoodfoundation.org\\\/#\\\/schema\\\/logo\\\/image\\\/\",\"url\":\"https:\\\/\\\/www.rawoodfoundation.org\\\/wp-content\\\/uploads\\\/2023\\\/07\\\/Raymond-A-Wood-Foundation-logo.webp\",\"contentUrl\":\"https:\\\/\\\/www.rawoodfoundation.org\\\/wp-content\\\/uploads\\\/2023\\\/07\\\/Raymond-A-Wood-Foundation-logo.webp\",\"width\":470,\"height\":128,\"caption\":\"Raymond A. Wood Foundation\"},\"image\":{\"@id\":\"https:\\\/\\\/www.rawoodfoundation.org\\\/#\\\/schema\\\/logo\\\/image\\\/\"},\"sameAs\":[\"https:\\\/\\\/www.facebook.com\\\/rawoodfoundation\",\"https:\\\/\\\/x.com\\\/rawoodfound\"]}]}<\/script>\n<!-- \/ Yoast SEO plugin. -->","yoast_head_json":{"title":"Reci\u00e9n diagnosticados - Fundaci\u00f3n Raymond A. Wood","description":"La Fundaci\u00f3n Raymond A. Wood es una organizaci\u00f3n de defensa de los supervivientes de tumores hipotal\u00e1mico-hipofisarios y estamos aqu\u00ed para usted.","robots":{"index":"index","follow":"follow","max-snippet":"max-snippet:-1","max-image-preview":"max-image-preview:large","max-video-preview":"max-video-preview:-1"},"canonical":"https:\/\/www.rawoodfoundation.org\/es\/recien-diagnosticado\/","og_locale":"es_MX","og_type":"article","og_title":"Newly Diagnosed - Raymond A. Wood Foundation","og_description":"The Raymond A. Wood Foundation are an advocacy organization for survivors of hypothalamic-pituitary tumors and we are here for you.","og_url":"https:\/\/www.rawoodfoundation.org\/es\/recien-diagnosticado\/","og_site_name":"Raymond A. Wood Foundation","article_publisher":"https:\/\/www.facebook.com\/rawoodfoundation","article_modified_time":"2025-05-05T19:16:23+00:00","og_image":[{"url":"https:\/\/live-rawf.pantheonsite.io\/wp-content\/uploads\/2023\/07\/help.jpg","type":"","width":"","height":""}],"twitter_card":"summary_large_image","twitter_site":"@rawoodfound","twitter_misc":{"Tiempo de lectura":"5 minutos"},"schema":{"@context":"https:\/\/schema.org","@graph":[{"@type":"WebPage","@id":"https:\/\/www.rawoodfoundation.org\/newly-diagnosed\/","url":"https:\/\/www.rawoodfoundation.org\/newly-diagnosed\/","name":"Reci\u00e9n diagnosticados - Fundaci\u00f3n Raymond A. Wood","isPartOf":{"@id":"https:\/\/www.rawoodfoundation.org\/#website"},"primaryImageOfPage":{"@id":"https:\/\/www.rawoodfoundation.org\/newly-diagnosed\/#primaryimage"},"image":{"@id":"https:\/\/www.rawoodfoundation.org\/newly-diagnosed\/#primaryimage"},"thumbnailUrl":"https:\/\/live-rawf.pantheonsite.io\/wp-content\/uploads\/2023\/07\/help.jpg","datePublished":"2023-05-09T18:04:13+00:00","dateModified":"2025-05-05T19:16:23+00:00","description":"La Fundaci\u00f3n Raymond A. Wood es una organizaci\u00f3n de defensa de los supervivientes de tumores hipotal\u00e1mico-hipofisarios y estamos aqu\u00ed para usted.","breadcrumb":{"@id":"https:\/\/www.rawoodfoundation.org\/newly-diagnosed\/#breadcrumb"},"inLanguage":"es","potentialAction":[{"@type":"ReadAction","target":["https:\/\/www.rawoodfoundation.org\/newly-diagnosed\/"]}]},{"@type":"ImageObject","inLanguage":"es","@id":"https:\/\/www.rawoodfoundation.org\/newly-diagnosed\/#primaryimage","url":"https:\/\/live-rawf.pantheonsite.io\/wp-content\/uploads\/2023\/07\/help.jpg","contentUrl":"https:\/\/live-rawf.pantheonsite.io\/wp-content\/uploads\/2023\/07\/help.jpg"},{"@type":"BreadcrumbList","@id":"https:\/\/www.rawoodfoundation.org\/newly-diagnosed\/#breadcrumb","itemListElement":[{"@type":"ListItem","position":1,"name":"Home","item":"https:\/\/www.rawoodfoundation.org\/"},{"@type":"ListItem","position":2,"name":"Newly Diagnosed"}]},{"@type":"WebSite","@id":"https:\/\/www.rawoodfoundation.org\/#website","url":"https:\/\/www.rawoodfoundation.org\/","name":"Fundaci\u00f3n Raymond A. Wood","description":"La misi\u00f3n de la RAWF es proporcionar apoyo a la calidad de vida de los supervivientes de tumores cerebrales infantiles y sus familias.","publisher":{"@id":"https:\/\/www.rawoodfoundation.org\/#organization"},"potentialAction":[{"@type":"SearchAction","target":{"@type":"EntryPoint","urlTemplate":"https:\/\/www.rawoodfoundation.org\/?s={search_term_string}"},"query-input":{"@type":"PropertyValueSpecification","valueRequired":true,"valueName":"search_term_string"}}],"inLanguage":"es"},{"@type":"Organization","@id":"https:\/\/www.rawoodfoundation.org\/#organization","name":"Fundaci\u00f3n Raymond A. Wood","url":"https:\/\/www.rawoodfoundation.org\/","logo":{"@type":"ImageObject","inLanguage":"es","@id":"https:\/\/www.rawoodfoundation.org\/#\/schema\/logo\/image\/","url":"https:\/\/www.rawoodfoundation.org\/wp-content\/uploads\/2023\/07\/Raymond-A-Wood-Foundation-logo.webp","contentUrl":"https:\/\/www.rawoodfoundation.org\/wp-content\/uploads\/2023\/07\/Raymond-A-Wood-Foundation-logo.webp","width":470,"height":128,"caption":"Raymond A. Wood Foundation"},"image":{"@id":"https:\/\/www.rawoodfoundation.org\/#\/schema\/logo\/image\/"},"sameAs":["https:\/\/www.facebook.com\/rawoodfoundation","https:\/\/x.com\/rawoodfound"]}]}},"_links":{"self":[{"href":"https:\/\/www.rawoodfoundation.org\/es\/wp-json\/wp\/v2\/pages\/4858","targetHints":{"allow":["GET"]}}],"collection":[{"href":"https:\/\/www.rawoodfoundation.org\/es\/wp-json\/wp\/v2\/pages"}],"about":[{"href":"https:\/\/www.rawoodfoundation.org\/es\/wp-json\/wp\/v2\/types\/page"}],"author":[{"embeddable":true,"href":"https:\/\/www.rawoodfoundation.org\/es\/wp-json\/wp\/v2\/users\/1"}],"replies":[{"embeddable":true,"href":"https:\/\/www.rawoodfoundation.org\/es\/wp-json\/wp\/v2\/comments?post=4858"}],"version-history":[{"count":50,"href":"https:\/\/www.rawoodfoundation.org\/es\/wp-json\/wp\/v2\/pages\/4858\/revisions"}],"predecessor-version":[{"id":12975,"href":"https:\/\/www.rawoodfoundation.org\/es\/wp-json\/wp\/v2\/pages\/4858\/revisions\/12975"}],"wp:attachment":[{"href":"https:\/\/www.rawoodfoundation.org\/es\/wp-json\/wp\/v2\/media?parent=4858"}],"curies":[{"name":"wp","href":"https:\/\/api.w.org\/{rel}","templated":true}]}}