{"id":19461,"date":"2026-04-02T14:28:31","date_gmt":"2026-04-02T14:28:31","guid":{"rendered":"https:\/\/www.rawoodfoundation.org\/?page_id=19461"},"modified":"2026-04-03T18:16:11","modified_gmt":"2026-04-03T18:16:11","slug":"comprension-de-la-hiperfagia-en-el-craneofaringioma","status":"publish","type":"page","link":"https:\/\/www.rawoodfoundation.org\/es\/understanding-hyperphagia-in-craniopharyngioma\/","title":{"rendered":"Hiperfagia en el craneofaringioma"},"content":{"rendered":"<h2 class=\"wp-block-heading\"><strong>El Registro de Pacientes arroja luz sobre esta cr\u00edtica carencia en los supervivientes con HO.<\/strong><\/h2>\n\n\n<div class=\"wp-block-image\">\n<figure class=\"alignright size-full is-resized\"><img decoding=\"async\" width=\"488\" height=\"352\" src=\"https:\/\/www.rawoodfoundation.org\/wp-content\/uploads\/2026\/04\/Hy.png\" alt=\"Captura de pantalla del estudio publicado con el logotipo del Registro de Pacientes con Tumores Cerebrales Hipotal\u00e1mico-Hipofisarios\" class=\"wp-image-19444\" style=\"width:488px;height:auto\" srcset=\"https:\/\/www.rawoodfoundation.org\/wp-content\/uploads\/2026\/04\/Hy.png 488w, https:\/\/www.rawoodfoundation.org\/wp-content\/uploads\/2026\/04\/Hy-300x216.png 300w, https:\/\/www.rawoodfoundation.org\/wp-content\/uploads\/2026\/04\/Hy-18x12.png 18w\" sizes=\"(max-width: 488px) 100vw, 488px\" \/><\/figure><\/div>\n\n\n<p>La hiperfagia -definida como hambre excesiva, dificultad para sentirse saciado y b\u00fasqueda constante de comida- afecta a m\u00e1s de la mitad de las personas con craneofaringioma, especialmente a las diagnosticadas de obesidad hipotal\u00e1mica (HO). Nuestro anterior <a href=\"https:\/\/www.rawoodfoundation.org\/es\/estudio-de-impacto-sobre-los-cuidadores\/\">Estudio sobre el impacto en los cuidadores<\/a> demostr\u00f3 que la hiperfagia disminu\u00eda en gran medida la calidad de vida de los supervivientes y supon\u00eda una carga importante para los cuidadores.<\/p>\n\n\n\n<p>En este nuevo estudio, nuestro objetivo era comprender mejor las caracter\u00edsticas espec\u00edficas de la hiperfagia en la PC y determinar si difiere entre las personas con y sin HO. Este conocimiento es importante para desarrollar tratamientos eficaces que realmente aborden esta necesidad grave e insatisfecha.<\/p>\n\n\n\n<p><strong>Los objetivos de este estudio eran<\/strong>:<\/p>\n\n\n\n<ul class=\"wp-block-list\">\n<li>Medir la gravedad de la hiperfagia en la PC utilizando herramientas de evaluaci\u00f3n que han demostrado su eficacia en otras afecciones.<\/li>\n\n\n\n<li>Comparaci\u00f3n de las conductas alimentarias en supervivientes de craneofaringioma con y sin HO<\/li>\n\n\n\n<li>Caracterizar la hiperfagia y c\u00f3mo se manifiesta en los supervivientes de PC.<\/li>\n<\/ul>\n\n\n\n<a class=\"gb-button gb-button-5f3c8578 gb-button-text\" href=\"https:\/\/www.nature.com\/articles\/s41598-026-45789-3.epdf?sharing_token=mEpnCamYfi9NxVs2IHbbjdRgN0jAjWel9jnR3ZoTv0Oe0wdgranKOEPVOAPZeNfuRJfF7FbI6V-herx4yAl6vSzCD5IXKNBivRz7yGxLzJEVCrtbKKx9Wt-4FxZM7Cdd6KDyllnMopvadf1U5CnaxpsyTWsz3Wm5aZSD9e5R7PU%3D\" target=\"_blank\" rel=\"noopener noreferrer\">Ver publicaci\u00f3n completa<\/a>\n\n\n\n<div style=\"height:53px\" aria-hidden=\"true\" class=\"wp-block-spacer\"><\/div>\n\n\n\n<hr class=\"wp-block-separator has-alpha-channel-opacity\"\/>\n\n\n\n<h3 class=\"wp-block-heading\"><strong>Principales resultados<\/strong><\/h3>\n\n\n\n<p><strong>Los supervivientes con HO se enfrentan a retos sanitarios adicionales<\/strong><\/p>\n\n\n\n<ul class=\"wp-block-list\">\n<li>Se enfrentan a muchos m\u00e1s problemas de salud que los supervivientes sin HO. La mayor\u00eda de los problemas est\u00e1n relacionados con la disfunci\u00f3n hipotal\u00e1mica, conocida como s\u00edndrome hipotal\u00e1mico, e incluyen fatiga, alteraci\u00f3n del reloj corporal y dificultades emocionales, cognitivas y conductuales. Estos hallazgos demuestran que la HO es algo m\u00e1s que obesidad y debe considerarse parte de un s\u00edndrome hipotal\u00e1mico m\u00e1s amplio.<\/li>\n<\/ul>\n\n\n\n<p><strong>Los supervivientes con HO tienen peores conductas alimentarias<\/strong><\/p>\n\n\n\n<ul class=\"wp-block-list\">\n<li>Desarrollan un hambre m\u00e1s intensa tras el tratamiento del tumor en comparaci\u00f3n con los supervivientes sin HO<\/li>\n\n\n\n<li>Experimentan mayores niveles de hambre, se sienten menos saciados y tienen una duraci\u00f3n de las comidas m\u00e1s corta.<\/li>\n<\/ul>\n\n\n\n<ul class=\"wp-block-list\">\n<li>Piensan constantemente en comida y les consumen los pensamientos alimentarios<\/li>\n\n\n\n<li>En algunos casos, pueden comer art\u00edculos no alimentarios<\/li>\n\n\n\n<li>Tienen respuestas emocionales y conductuales m\u00e1s fuertes al hambre<\/li>\n<\/ul>\n\n\n\n<p><strong>Los cuidadores de supervivientes con HO utilizan estrategias de control alimentario<\/strong><\/p>\n\n\n\n<ul class=\"wp-block-list\">\n<li>La mayor\u00eda de los cuidadores supervisan de cerca al ni\u00f1o en casa, evitan los lugares donde hay comida, alertan a los dem\u00e1s sobre los problemas alimentarios de su hijo y comprueban si hay comida escondida en las pertenencias o el dormitorio del ni\u00f1o.<\/li>\n<\/ul>\n\n\n\n<p><strong>Los supervivientes con HO presentan puntuaciones de gravedad de la hiperfagia similares a las observadas en el s\u00edndrome de Prader-Willi<\/strong><\/p>\n\n\n\n<ul class=\"wp-block-list\">\n<li>La puntuaci\u00f3n media HQ-CT de los supervivientes con HO coincid\u00eda con las puntuaciones encontradas en individuos con s\u00edndrome de Prader-Willi, mientras que los supervivientes sin HO ten\u00edan puntuaciones similares a las de los ni\u00f1os con desarrollo t\u00edpico.<\/li>\n<\/ul>\n\n\n\n<hr class=\"wp-block-separator has-alpha-channel-opacity\"\/>\n\n\n\n<h3 class=\"wp-block-heading\"><strong>Una herramienta sencilla pero potente para identificar la hiperfagia<\/strong><\/h3>\n\n\n\n<ul class=\"wp-block-list\">\n<li>Identificar la hiperfagia puede ser dif\u00edcil porque estos comportamientos son complejos y no se ven f\u00e1cilmente durante una visita al m\u00e9dico, y puede haber estigma en torno a los comportamientos alimentarios y de b\u00fasqueda de comida. Nuestro estudio descubri\u00f3 que simplemente preguntando<strong><em>\"\u00bfCu\u00e1nto tiempo al d\u00eda te preocupan los pensamientos sobre la comida?\". <\/em><\/strong><em>en una escala de 0 (ninguna vez) a 10 (todo el tiempo)<\/em>), puede ser una forma sencilla y eficaz de detectar la hiperfagia en entornos cl\u00ednicos. Esto podr\u00eda ayudar a los m\u00e9dicos a detectar la enfermedad m\u00e1s f\u00e1cilmente durante las visitas rutinarias.<\/li>\n<\/ul>\n\n\n\n<hr class=\"wp-block-separator has-alpha-channel-opacity\"\/>\n\n\n\n<h3 class=\"wp-block-heading\"><strong>Implicaciones para la gesti\u00f3n de los cuidados y el desarrollo terap\u00e9utico<\/strong><\/h3>\n\n\n\n<p>La hiperfagia es una necesidad cr\u00edtica no cubierta que es compleja y a menudo dif\u00edcil de diagnosticar en una consulta m\u00e9dica breve o en ensayos cl\u00ednicos. Este estudio:<\/p>\n\n\n\n<ul class=\"wp-block-list\">\n<li>Destaca las herramientas pr\u00e1cticas para ayudar a diagnosticar la hiperfagia<\/li>\n\n\n\n<li>Explora las herramientas de evaluaci\u00f3n que pueden medir la hiperfagia y utilizarse para comprobar la eficacia de los nuevos f\u00e1rmacos.<\/li>\n\n\n\n<li>Permite un diagn\u00f3stico m\u00e1s preciso y una mejor atenci\u00f3n al paciente<\/li>\n<\/ul>\n\n\n\n<p>En \u00faltima instancia, estos hallazgos nos acercan a tratamientos que aborden realmente las necesidades de las personas que viven con par\u00e1lisis cerebral.<\/p>\n\n\n\n<hr class=\"wp-block-separator has-alpha-channel-opacity\"\/>\n\n\n\n<h3 class=\"wp-block-heading\"><strong>Conclusi\u00f3n<\/strong><\/h3>\n\n\n\n<p>Este estudio muestra que los comportamientos alimentarios en la PC oscilan entre la hiperfagia normal y la grave, especialmente en los supervivientes con HO. Esto subraya lo grave que puede ser la hiperfagia en este grupo y destaca la necesidad urgente de desarrollar terapias dirigidas a la hiperfagia.<\/p>\n\n\n\n<p>Hiperfagia en craneofaringioma - un estudio real del registro internacional de pacientes con tumores cerebrales hipotal\u00e1mico-hipofisarios<\/p>\n\n\n\n<a class=\"gb-button gb-button-90d6d93b gb-button-text\" href=\"https:\/\/rdcu.be\/fbnCW\" target=\"_blank\" rel=\"noopener noreferrer\">Acceso a la publicaci\u00f3n completa<\/a>\n\n\n\n<p><\/p>\n\n\n\n<hr class=\"wp-block-separator has-alpha-channel-opacity\"\/>\n\n\n\n<h3 class=\"wp-block-heading\"><strong>Papel del registro de pacientes<\/strong><\/h3>\n\n\n\n<p>Este estudio ha sido posible gracias a la participaci\u00f3n en el <a href=\"https:\/\/www.rawoodfoundation.org\/es\/hptumorregistry\/\">Registro de pacientes con tumores cerebrales hipotal\u00e1mico-hipofisarios<\/a>.<\/p>\n\n\n\n<p>Como infraestructura de investigaci\u00f3n, el registro permite:<\/p>\n\n\n\n<ul class=\"wp-block-list\">\n<li>Recogida longitudinal de datos<\/li>\n\n\n\n<li>Generaci\u00f3n de pruebas reales<\/li>\n\n\n\n<li>Identificaci\u00f3n de necesidades cl\u00ednicas no cubiertas<\/li>\n<\/ul>\n\n\n\n<p>La participaci\u00f3n en el registro contribuye a una base de pruebas cada vez mayor que apoya una mejor comprensi\u00f3n de la par\u00e1lisis cerebral y acelera el progreso de la investigaci\u00f3n.<\/p>\n\n\n\n<a class=\"gb-button gb-button-9440288f gb-button-text\" href=\"https:\/\/www.rawoodfoundation.org\/es\/hptumorregistry\/\" target=\"_blank\" rel=\"noopener noreferrer\">\u00danase al Registro<\/a>\n\n\n\n<hr class=\"wp-block-separator has-alpha-channel-opacity\"\/>\n\n\n\n<h3 class=\"wp-block-heading\"><strong>Avanzar en la investigaci\u00f3n<\/strong><\/h3>\n\n\n\n<p>Participaci\u00f3n continua en el <a href=\"https:\/\/www.rawoodfoundation.org\/es\/hptumorregistry\/\">registro de pacientes<\/a> sigue siendo esencial para ampliar la base de pruebas, afinar las prioridades de investigaci\u00f3n y acelerar el desarrollo de terapias dirigidas.<\/p>\n\n\n\n<p>La contribuci\u00f3n continuada de los datos comunicados por los pacientes desempe\u00f1ar\u00e1 un papel fundamental en la mejora de los resultados para las personas que viven con craneofaringioma.<\/p>\n\n\n\n<a class=\"gb-button gb-button-8db09f63 gb-button-text\" href=\"https:\/\/www.rawoodfoundation.org\/es\/hacer-un-donativo\/\">Apoye nuestra labor de investigaci\u00f3n<\/a>\n\n\n\n<p><\/p>","protected":false},"excerpt":{"rendered":"<p>Shedding light on this critical unmet in survivors with HO through the Patient Registry Hyperphagia\u2014defined &#8230; <a title=\"Hiperfagia en el craneofaringioma\" class=\"read-more\" href=\"https:\/\/www.rawoodfoundation.org\/es\/understanding-hyperphagia-in-craniopharyngioma\/\" aria-label=\"Leer m\u00e1s sobre Hyperphagia in Craniopharyngioma\">Seguir leyendo<\/a><\/p>","protected":false},"author":6,"featured_media":0,"parent":0,"menu_order":2,"comment_status":"closed","ping_status":"closed","template":"","meta":{"_acf_changed":false,"footnotes":""},"class_list":{"0":"post-19461","1":"page","2":"type-page","3":"status-publish","5":"no-featured-image-padding"},"acf":[],"yoast_head":"<!-- This site is optimized with the Yoast SEO plugin v27.3 - https:\/\/yoast.com\/product\/yoast-seo-wordpress\/ -->\n<title>Hyperphagia in Craniopharyngioma - Raymond A. Wood Foundation<\/title>\n<meta name=\"robots\" content=\"index, follow, max-snippet:-1, max-image-preview:large, max-video-preview:-1\" \/>\n<link rel=\"canonical\" href=\"https:\/\/www.rawoodfoundation.org\/es\/comprension-de-la-hiperfagia-en-el-craneofaringioma\/\" \/>\n<meta property=\"og:locale\" content=\"es_MX\" \/>\n<meta property=\"og:type\" content=\"article\" \/>\n<meta property=\"og:title\" content=\"Hyperphagia in Craniopharyngioma - Raymond A. Wood Foundation\" \/>\n<meta property=\"og:description\" content=\"Shedding light on this critical unmet in survivors with HO through the Patient Registry Hyperphagia\u2014defined ... Read more\" \/>\n<meta property=\"og:url\" content=\"https:\/\/www.rawoodfoundation.org\/es\/comprension-de-la-hiperfagia-en-el-craneofaringioma\/\" \/>\n<meta property=\"og:site_name\" content=\"Raymond A. Wood Foundation\" \/>\n<meta property=\"article:publisher\" content=\"https:\/\/www.facebook.com\/rawoodfoundation\" \/>\n<meta property=\"article:modified_time\" content=\"2026-04-03T18:16:11+00:00\" \/>\n<meta property=\"og:image\" content=\"https:\/\/www.rawoodfoundation.org\/wp-content\/uploads\/2026\/04\/Hy.png\" \/>\n\t<meta property=\"og:image:width\" content=\"488\" \/>\n\t<meta property=\"og:image:height\" content=\"352\" \/>\n\t<meta property=\"og:image:type\" content=\"image\/png\" \/>\n<meta name=\"twitter:card\" content=\"summary_large_image\" \/>\n<meta name=\"twitter:site\" content=\"@rawoodfound\" \/>\n<meta name=\"twitter:label1\" content=\"Tiempo de lectura\" \/>\n\t<meta name=\"twitter:data1\" content=\"4 minutos\" \/>\n<script type=\"application\/ld+json\" class=\"yoast-schema-graph\">{\"@context\":\"https:\\\/\\\/schema.org\",\"@graph\":[{\"@type\":\"WebPage\",\"@id\":\"https:\\\/\\\/www.rawoodfoundation.org\\\/understanding-hyperphagia-in-craniopharyngioma\\\/\",\"url\":\"https:\\\/\\\/www.rawoodfoundation.org\\\/understanding-hyperphagia-in-craniopharyngioma\\\/\",\"name\":\"Hyperphagia in Craniopharyngioma - Raymond A. Wood Foundation\",\"isPartOf\":{\"@id\":\"https:\\\/\\\/www.rawoodfoundation.org\\\/#website\"},\"primaryImageOfPage\":{\"@id\":\"https:\\\/\\\/www.rawoodfoundation.org\\\/understanding-hyperphagia-in-craniopharyngioma\\\/#primaryimage\"},\"image\":{\"@id\":\"https:\\\/\\\/www.rawoodfoundation.org\\\/understanding-hyperphagia-in-craniopharyngioma\\\/#primaryimage\"},\"thumbnailUrl\":\"https:\\\/\\\/www.rawoodfoundation.org\\\/wp-content\\\/uploads\\\/2026\\\/04\\\/Hy.png\",\"datePublished\":\"2026-04-02T14:28:31+00:00\",\"dateModified\":\"2026-04-03T18:16:11+00:00\",\"breadcrumb\":{\"@id\":\"https:\\\/\\\/www.rawoodfoundation.org\\\/understanding-hyperphagia-in-craniopharyngioma\\\/#breadcrumb\"},\"inLanguage\":\"es\",\"potentialAction\":[{\"@type\":\"ReadAction\",\"target\":[\"https:\\\/\\\/www.rawoodfoundation.org\\\/understanding-hyperphagia-in-craniopharyngioma\\\/\"]}]},{\"@type\":\"ImageObject\",\"inLanguage\":\"es\",\"@id\":\"https:\\\/\\\/www.rawoodfoundation.org\\\/understanding-hyperphagia-in-craniopharyngioma\\\/#primaryimage\",\"url\":\"https:\\\/\\\/www.rawoodfoundation.org\\\/wp-content\\\/uploads\\\/2026\\\/04\\\/Hy.png\",\"contentUrl\":\"https:\\\/\\\/www.rawoodfoundation.org\\\/wp-content\\\/uploads\\\/2026\\\/04\\\/Hy.png\"},{\"@type\":\"BreadcrumbList\",\"@id\":\"https:\\\/\\\/www.rawoodfoundation.org\\\/understanding-hyperphagia-in-craniopharyngioma\\\/#breadcrumb\",\"itemListElement\":[{\"@type\":\"ListItem\",\"position\":1,\"name\":\"Home\",\"item\":\"https:\\\/\\\/www.rawoodfoundation.org\\\/\"},{\"@type\":\"ListItem\",\"position\":2,\"name\":\"Hyperphagia in Craniopharyngioma\"}]},{\"@type\":\"WebSite\",\"@id\":\"https:\\\/\\\/www.rawoodfoundation.org\\\/#website\",\"url\":\"https:\\\/\\\/www.rawoodfoundation.org\\\/\",\"name\":\"Raymond A. Wood Foundation\",\"description\":\"The mission of the RAWF is to provide quality of life support for childhood brain tumor survivors and their families.\",\"publisher\":{\"@id\":\"https:\\\/\\\/www.rawoodfoundation.org\\\/#organization\"},\"potentialAction\":[{\"@type\":\"SearchAction\",\"target\":{\"@type\":\"EntryPoint\",\"urlTemplate\":\"https:\\\/\\\/www.rawoodfoundation.org\\\/?s={search_term_string}\"},\"query-input\":{\"@type\":\"PropertyValueSpecification\",\"valueRequired\":true,\"valueName\":\"search_term_string\"}}],\"inLanguage\":\"es\"},{\"@type\":\"Organization\",\"@id\":\"https:\\\/\\\/www.rawoodfoundation.org\\\/#organization\",\"name\":\"Raymond A. Wood Foundation\",\"url\":\"https:\\\/\\\/www.rawoodfoundation.org\\\/\",\"logo\":{\"@type\":\"ImageObject\",\"inLanguage\":\"es\",\"@id\":\"https:\\\/\\\/www.rawoodfoundation.org\\\/#\\\/schema\\\/logo\\\/image\\\/\",\"url\":\"https:\\\/\\\/www.rawoodfoundation.org\\\/wp-content\\\/uploads\\\/2023\\\/07\\\/Raymond-A-Wood-Foundation-logo.webp\",\"contentUrl\":\"https:\\\/\\\/www.rawoodfoundation.org\\\/wp-content\\\/uploads\\\/2023\\\/07\\\/Raymond-A-Wood-Foundation-logo.webp\",\"width\":470,\"height\":128,\"caption\":\"Raymond A. Wood Foundation\"},\"image\":{\"@id\":\"https:\\\/\\\/www.rawoodfoundation.org\\\/#\\\/schema\\\/logo\\\/image\\\/\"},\"sameAs\":[\"https:\\\/\\\/www.facebook.com\\\/rawoodfoundation\",\"https:\\\/\\\/x.com\\\/rawoodfound\"]}]}<\/script>\n<!-- \/ Yoast SEO plugin. -->","yoast_head_json":{"title":"Hiperfagia en el craneofaringioma - Raymond A. Wood Foundation","robots":{"index":"index","follow":"follow","max-snippet":"max-snippet:-1","max-image-preview":"max-image-preview:large","max-video-preview":"max-video-preview:-1"},"canonical":"https:\/\/www.rawoodfoundation.org\/es\/comprension-de-la-hiperfagia-en-el-craneofaringioma\/","og_locale":"es_MX","og_type":"article","og_title":"Hyperphagia in Craniopharyngioma - Raymond A. Wood Foundation","og_description":"Shedding light on this critical unmet in survivors with HO through the Patient Registry Hyperphagia\u2014defined ... Read more","og_url":"https:\/\/www.rawoodfoundation.org\/es\/comprension-de-la-hiperfagia-en-el-craneofaringioma\/","og_site_name":"Raymond A. Wood Foundation","article_publisher":"https:\/\/www.facebook.com\/rawoodfoundation","article_modified_time":"2026-04-03T18:16:11+00:00","og_image":[{"width":488,"height":352,"url":"https:\/\/www.rawoodfoundation.org\/wp-content\/uploads\/2026\/04\/Hy.png","type":"image\/png"}],"twitter_card":"summary_large_image","twitter_site":"@rawoodfound","twitter_misc":{"Tiempo de lectura":"4 minutos"},"schema":{"@context":"https:\/\/schema.org","@graph":[{"@type":"WebPage","@id":"https:\/\/www.rawoodfoundation.org\/understanding-hyperphagia-in-craniopharyngioma\/","url":"https:\/\/www.rawoodfoundation.org\/understanding-hyperphagia-in-craniopharyngioma\/","name":"Hiperfagia en el craneofaringioma - Raymond A. Wood Foundation","isPartOf":{"@id":"https:\/\/www.rawoodfoundation.org\/#website"},"primaryImageOfPage":{"@id":"https:\/\/www.rawoodfoundation.org\/understanding-hyperphagia-in-craniopharyngioma\/#primaryimage"},"image":{"@id":"https:\/\/www.rawoodfoundation.org\/understanding-hyperphagia-in-craniopharyngioma\/#primaryimage"},"thumbnailUrl":"https:\/\/www.rawoodfoundation.org\/wp-content\/uploads\/2026\/04\/Hy.png","datePublished":"2026-04-02T14:28:31+00:00","dateModified":"2026-04-03T18:16:11+00:00","breadcrumb":{"@id":"https:\/\/www.rawoodfoundation.org\/understanding-hyperphagia-in-craniopharyngioma\/#breadcrumb"},"inLanguage":"es","potentialAction":[{"@type":"ReadAction","target":["https:\/\/www.rawoodfoundation.org\/understanding-hyperphagia-in-craniopharyngioma\/"]}]},{"@type":"ImageObject","inLanguage":"es","@id":"https:\/\/www.rawoodfoundation.org\/understanding-hyperphagia-in-craniopharyngioma\/#primaryimage","url":"https:\/\/www.rawoodfoundation.org\/wp-content\/uploads\/2026\/04\/Hy.png","contentUrl":"https:\/\/www.rawoodfoundation.org\/wp-content\/uploads\/2026\/04\/Hy.png"},{"@type":"BreadcrumbList","@id":"https:\/\/www.rawoodfoundation.org\/understanding-hyperphagia-in-craniopharyngioma\/#breadcrumb","itemListElement":[{"@type":"ListItem","position":1,"name":"Home","item":"https:\/\/www.rawoodfoundation.org\/"},{"@type":"ListItem","position":2,"name":"Hyperphagia in Craniopharyngioma"}]},{"@type":"WebSite","@id":"https:\/\/www.rawoodfoundation.org\/#website","url":"https:\/\/www.rawoodfoundation.org\/","name":"Fundaci\u00f3n Raymond A. Wood","description":"La misi\u00f3n de la RAWF es proporcionar apoyo a la calidad de vida de los supervivientes de tumores cerebrales infantiles y sus familias.","publisher":{"@id":"https:\/\/www.rawoodfoundation.org\/#organization"},"potentialAction":[{"@type":"SearchAction","target":{"@type":"EntryPoint","urlTemplate":"https:\/\/www.rawoodfoundation.org\/?s={search_term_string}"},"query-input":{"@type":"PropertyValueSpecification","valueRequired":true,"valueName":"search_term_string"}}],"inLanguage":"es"},{"@type":"Organization","@id":"https:\/\/www.rawoodfoundation.org\/#organization","name":"Fundaci\u00f3n Raymond A. Wood","url":"https:\/\/www.rawoodfoundation.org\/","logo":{"@type":"ImageObject","inLanguage":"es","@id":"https:\/\/www.rawoodfoundation.org\/#\/schema\/logo\/image\/","url":"https:\/\/www.rawoodfoundation.org\/wp-content\/uploads\/2023\/07\/Raymond-A-Wood-Foundation-logo.webp","contentUrl":"https:\/\/www.rawoodfoundation.org\/wp-content\/uploads\/2023\/07\/Raymond-A-Wood-Foundation-logo.webp","width":470,"height":128,"caption":"Raymond A. Wood Foundation"},"image":{"@id":"https:\/\/www.rawoodfoundation.org\/#\/schema\/logo\/image\/"},"sameAs":["https:\/\/www.facebook.com\/rawoodfoundation","https:\/\/x.com\/rawoodfound"]}]}},"_links":{"self":[{"href":"https:\/\/www.rawoodfoundation.org\/es\/wp-json\/wp\/v2\/pages\/19461","targetHints":{"allow":["GET"]}}],"collection":[{"href":"https:\/\/www.rawoodfoundation.org\/es\/wp-json\/wp\/v2\/pages"}],"about":[{"href":"https:\/\/www.rawoodfoundation.org\/es\/wp-json\/wp\/v2\/types\/page"}],"author":[{"embeddable":true,"href":"https:\/\/www.rawoodfoundation.org\/es\/wp-json\/wp\/v2\/users\/6"}],"replies":[{"embeddable":true,"href":"https:\/\/www.rawoodfoundation.org\/es\/wp-json\/wp\/v2\/comments?post=19461"}],"version-history":[{"count":3,"href":"https:\/\/www.rawoodfoundation.org\/es\/wp-json\/wp\/v2\/pages\/19461\/revisions"}],"predecessor-version":[{"id":19502,"href":"https:\/\/www.rawoodfoundation.org\/es\/wp-json\/wp\/v2\/pages\/19461\/revisions\/19502"}],"wp:attachment":[{"href":"https:\/\/www.rawoodfoundation.org\/es\/wp-json\/wp\/v2\/media?parent=19461"}],"curies":[{"name":"wp","href":"https:\/\/api.w.org\/{rel}","templated":true}]}}