{"id":19383,"date":"2026-03-27T17:57:30","date_gmt":"2026-03-27T17:57:30","guid":{"rendered":"https:\/\/www.rawoodfoundation.org\/?page_id=19383"},"modified":"2026-03-27T18:21:34","modified_gmt":"2026-03-27T18:21:34","slug":"benigno-no-es-fino-rally-para-la-investigacion","status":"publish","type":"page","link":"https:\/\/www.rawoodfoundation.org\/es\/benigno-no-es-fino-rally-para-la-investigacion\/","title":{"rendered":"Benigno no es bueno: concentraci\u00f3n en favor de la investigaci\u00f3n"},"content":{"rendered":"<figure class=\"wp-block-image size-full\"><img decoding=\"async\" width=\"729\" height=\"323\" src=\"https:\/\/www.rawoodfoundation.org\/wp-content\/uploads\/2026\/03\/BENIGN-HERE.jpg\" alt=\"IMAGEN DE LA CABEZA DE UN NI\u00d1O con texto superpuesto: Benigno no est\u00e1 bien Rally por la investigaci\u00f3n. \u00danase a la comunidad RAWF durante el mes de concienciaci\u00f3n sobre los tumores cerebrales para recaudar fondos esenciales.\" class=\"wp-image-19393\" srcset=\"https:\/\/www.rawoodfoundation.org\/wp-content\/uploads\/2026\/03\/BENIGN-HERE.jpg 729w, https:\/\/www.rawoodfoundation.org\/wp-content\/uploads\/2026\/03\/BENIGN-HERE-300x133.jpg 300w, https:\/\/www.rawoodfoundation.org\/wp-content\/uploads\/2026\/03\/BENIGN-HERE-18x8.jpg 18w\" sizes=\"(max-width: 729px) 100vw, 729px\" \/><\/figure>\n\n\n\n<h2 class=\"wp-block-heading\">Empiece o \u00fanase a un equipo este mes de mayo y convierta la concienciaci\u00f3n en impacto real.<\/h2>\n\n\n\n<p>Este mes de mayo, durante el Mes de Concienciaci\u00f3n sobre los Tumores Cerebrales, la Fundaci\u00f3n Raymond A. Wood re\u00fane a nuestra comunidad para <strong>Benigno no es bueno: concentraci\u00f3n en favor de la investigaci\u00f3n<\/strong>-una recaudaci\u00f3n de fondos divertida, en equipo y con impacto real.<\/p>\n\n\n\n<p>Tanto si eres un superviviente, un cuidador, un amigo o un simpatizante, puedes unirte a un equipo, reunir a tu red y ayudar a recaudar fondos fundamentales para la investigaci\u00f3n y el apoyo a los pacientes. Con herramientas sencillas, mensajes semanales y una poderosa misi\u00f3n que te respalda, es f\u00e1cil participar y marcar la diferencia.<\/p>\n\n\n\n<a class=\"gb-button gb-button-99b1f091 gb-button-text\" href=\"https:\/\/givebutter.com\/benign-is-not-fine\" target=\"_blank\" rel=\"noopener noreferrer\">Comenzar<\/a>\n\n\n\n<hr class=\"wp-block-separator has-alpha-channel-opacity\"\/>\n\n\n\n<h3 class=\"wp-block-heading\">Benigno no est\u00e1 bien: <strong>Por qu\u00e9 es importante este mensaje<\/strong><\/h3>\n\n\n\n<p>El t\u00e9rmino \"benigno\" puede minimizar el impacto grave y duradero de estos tumores.<\/p>\n\n\n\n<p>Pero los pacientes saben la verdad:<\/p>\n\n\n\n<ul class=\"wp-block-list\">\n<li>Los efectos no terminan despu\u00e9s del tratamiento<\/li>\n\n\n\n<li>Los retos son a menudo invisibles<\/li>\n\n\n\n<li>El apoyo y la investigaci\u00f3n no est\u00e1n donde tienen que estar<\/li>\n<\/ul>\n\n\n\n<p><strong>Benigno no es bueno<\/strong> es cambiar esa narrativa e impulsar un cambio real para esta comunidad.<\/p>\n\n\n\n<hr class=\"wp-block-separator has-alpha-channel-opacity\"\/>\n\n\n\n<h3 class=\"wp-block-heading\"><strong>C\u00f3mo funciona la campa\u00f1a<\/strong><\/h3>\n\n\n\n<p><strong>Benigno no es bueno: concentraci\u00f3n en favor de la investigaci\u00f3n<\/strong> es una divertida campa\u00f1a de recaudaci\u00f3n de fondos en equipo que se celebra durante todo el mes de mayo en honor al Mes de la concienciaci\u00f3n sobre los tumores cerebrales.<\/p>\n\n\n\n<p>Los participantes forman equipos y trabajan juntos para recaudar fondos, sensibilizar a la opini\u00f3n p\u00fablica e impulsar la iniciativa, todo ello con herramientas sencillas y apoyo permanente.<\/p>\n\n\n\n<h4 class=\"wp-block-heading\"><strong>Estructura del equipo<\/strong><\/h4>\n\n\n\n<ul class=\"wp-block-list\">\n<li>Cada equipo se fija un objetivo de <strong>$2,500<\/strong><\/li>\n\n\n\n<li>Los equipos incluyen un <strong>capit\u00e1n, co-capit\u00e1n y 2-4 miembros<\/strong><\/li>\n\n\n\n<li>Los objetivos individuales de recaudaci\u00f3n de fondos suelen oscilar entre <strong>$250-$500<\/strong><\/li>\n<\/ul>\n\n\n\n<h4 class=\"wp-block-heading\"><strong>Qu\u00e9 esperar<\/strong><\/h4>\n\n\n\n<ul class=\"wp-block-list\">\n<li><strong>1 de mayo:<\/strong> Lanzamiento virtual de la campa\u00f1a<\/li>\n\n\n\n<li><strong>Sugerencias semanales:<\/strong> Texto, correo electr\u00f3nico e ideas para las redes sociales que simplifican la recaudaci\u00f3n de fondos<\/li>\n\n\n\n<li><strong>Reconocimientos y premios:<\/strong> Celebre los progresos durante todo el mes<\/li>\n\n\n\n<li><strong>Camisetas de equipo e incentivos<\/strong> para mantener alta la energ\u00eda<\/li>\n\n\n\n<li><strong>Rally Zoom de fin de mes<\/strong> para celebrar juntos<\/li>\n<\/ul>\n\n\n\n<h4 class=\"wp-block-heading\"><strong>Flexible y orientado a la comunidad<\/strong><\/h4>\n\n\n\n<p>La mayor parte de la campa\u00f1a se desarrolla en l\u00ednea, lo que facilita la participaci\u00f3n desde cualquier lugar.<\/p>\n\n\n\n<p>Los equipos tambi\u00e9n tienen la opci\u00f3n de organizar un <strong>\"Squad Night\" o reuni\u00f3n local<\/strong>-una forma divertida de conectar, hacer fotos y compartir tu impacto.<\/p>\n\n\n\n<p>No se necesita experiencia. Solo ganas de presentarse, compartir y dejar huella.<\/p>\n\n\n\n<hr class=\"wp-block-separator has-alpha-channel-opacity\"\/>\n\n\n\n<h3 class=\"wp-block-heading\"><strong>Destino de la recaudaci\u00f3n<\/strong><\/h3>\n\n\n\n<figure class=\"wp-block-image size-full\"><img decoding=\"async\" width=\"1024\" height=\"732\" src=\"https:\/\/www.rawoodfoundation.org\/wp-content\/uploads\/2026\/03\/CMP_7129-Edit.jpeg\" alt=\"\" class=\"wp-image-19390\" srcset=\"https:\/\/www.rawoodfoundation.org\/wp-content\/uploads\/2026\/03\/CMP_7129-Edit.jpeg 1024w, https:\/\/www.rawoodfoundation.org\/wp-content\/uploads\/2026\/03\/CMP_7129-Edit-300x214.jpeg 300w, https:\/\/www.rawoodfoundation.org\/wp-content\/uploads\/2026\/03\/CMP_7129-Edit-768x549.jpeg 768w, https:\/\/www.rawoodfoundation.org\/wp-content\/uploads\/2026\/03\/CMP_7129-Edit-18x12.jpeg 18w\" sizes=\"(max-width: 1024px) 100vw, 1024px\" \/><\/figure>\n\n\n\n<div style=\"height:49px\" aria-hidden=\"true\" class=\"wp-block-spacer\"><\/div>\n\n\n\n<p>Los fondos recaudados a trav\u00e9s de esta campa\u00f1a apoyan <strong>fondo operativo de la Fundaci\u00f3n Raymond A. Wood<\/strong>-alimentando el trabajo que hace posible nuestra misi\u00f3n cada d\u00eda.<\/p>\n\n\n\n<p>Esto incluye el avance de la investigaci\u00f3n, el apoyo a pacientes y familiares, la creaci\u00f3n de comunidades y la ampliaci\u00f3n de la concienciaci\u00f3n sobre los tumores cerebrales hipotal\u00e1mico-hipofisarios.<\/p>\n\n\n\n<p><strong>Su recaudaci\u00f3n de fondos nos ayuda a seguir ayudando a esta comunidad ahora y en el futuro.<\/strong><\/p>\n\n\n\n<hr class=\"wp-block-separator has-alpha-channel-opacity\"\/>\n\n\n\n<h2 class=\"wp-block-heading\"><strong>\u00danete o crea un equipo. Deja huella.<\/strong><\/h2>\n\n\n<div class=\"gb-container gb-container-7f83134c\">\n<div class=\"gb-container gb-container-bcdaf35d\">\n<div class=\"wp-block-image\">\n<figure class=\"alignright size-full is-resized\"><img decoding=\"async\" width=\"900\" height=\"900\" src=\"https:\/\/www.rawoodfoundation.org\/wp-content\/uploads\/2026\/03\/t-shirt.jpg\" alt=\"Foto de la camiseta con el logotipo que dice \u00danete a un equipo y consigue la codiciada camiseta BINF y otros premios\" class=\"wp-image-19389\" style=\"width:388px;height:auto\" srcset=\"https:\/\/www.rawoodfoundation.org\/wp-content\/uploads\/2026\/03\/t-shirt.jpg 900w, https:\/\/www.rawoodfoundation.org\/wp-content\/uploads\/2026\/03\/t-shirt-300x300.jpg 300w, https:\/\/www.rawoodfoundation.org\/wp-content\/uploads\/2026\/03\/t-shirt-150x150.jpg 150w, https:\/\/www.rawoodfoundation.org\/wp-content\/uploads\/2026\/03\/t-shirt-768x768.jpg 768w, https:\/\/www.rawoodfoundation.org\/wp-content\/uploads\/2026\/03\/t-shirt-12x12.jpg 12w, https:\/\/www.rawoodfoundation.org\/wp-content\/uploads\/2026\/03\/t-shirt-330x330.jpg 330w\" sizes=\"(max-width: 900px) 100vw, 900px\" \/><\/figure><\/div>\n<\/div>\n<\/div>\n\n\n<p>Esta es su oportunidad de pasar de la concienciaci\u00f3n a la acci\u00f3n.<\/p>\n\n\n\n<p>Tanto si desea dirigir un equipo como unirse a uno, formar\u00e1 parte de una comunidad que trabaja unida para apoyar a los supervivientes, las familias y la investigaci\u00f3n cr\u00edtica.<\/p>\n\n\n\n<p>No necesitas experiencia en recaudaci\u00f3n de fondos, s\u00f3lo ganas de presentarte, compartir y marcar la diferencia.<\/p>\n\n\n\n<a class=\"gb-button gb-button-d9b0518a gb-button-text\" href=\"https:\/\/givebutter.com\/benign-is-not-fine\" target=\"_blank\" rel=\"noopener noreferrer\">Comenzar<\/a>\n\n\n\n<p><br><\/p>\n\n\n\n<p><\/p>","protected":false},"excerpt":{"rendered":"<p>Start or join a team this May and turn awareness into real impact. This May &#8230; <a title=\"Benigno no es bueno: concentraci\u00f3n en favor de la investigaci\u00f3n\" class=\"read-more\" href=\"https:\/\/www.rawoodfoundation.org\/es\/benigno-no-es-fino-rally-para-la-investigacion\/\" aria-label=\"Leer m\u00e1s sobre Benign Is Not Fine: Rally for Research\">Seguir leyendo<\/a><\/p>","protected":false},"author":4,"featured_media":0,"parent":0,"menu_order":3,"comment_status":"closed","ping_status":"closed","template":"","meta":{"_acf_changed":false,"footnotes":""},"class_list":{"0":"post-19383","1":"page","2":"type-page","3":"status-publish","5":"no-featured-image-padding"},"acf":[],"yoast_head":"<!-- This site is optimized with the Yoast SEO plugin v25.0 - https:\/\/yoast.com\/wordpress\/plugins\/seo\/ -->\n<title>Benign Is Not Fine: Rally for Research - Raymond A. Wood Foundation<\/title>\n<meta name=\"robots\" content=\"index, follow, max-snippet:-1, max-image-preview:large, max-video-preview:-1\" \/>\n<link rel=\"canonical\" href=\"https:\/\/www.rawoodfoundation.org\/es\/benigno-no-es-fino-rally-para-la-investigacion\/\" \/>\n<meta property=\"og:locale\" content=\"es_MX\" \/>\n<meta property=\"og:type\" content=\"article\" \/>\n<meta property=\"og:title\" content=\"Benign Is Not Fine: Rally for Research - Raymond A. Wood Foundation\" \/>\n<meta property=\"og:description\" content=\"Start or join a team this May and turn awareness into real impact. This May ... Read more\" \/>\n<meta property=\"og:url\" content=\"https:\/\/www.rawoodfoundation.org\/es\/benigno-no-es-fino-rally-para-la-investigacion\/\" \/>\n<meta property=\"og:site_name\" content=\"Raymond A. Wood Foundation\" \/>\n<meta property=\"article:publisher\" content=\"https:\/\/www.facebook.com\/rawoodfoundation\" \/>\n<meta property=\"article:modified_time\" content=\"2026-03-27T18:21:34+00:00\" \/>\n<meta property=\"og:image\" content=\"https:\/\/www.rawoodfoundation.org\/wp-content\/uploads\/2026\/03\/BENIGN-HERE.jpg\" \/>\n\t<meta property=\"og:image:width\" content=\"729\" \/>\n\t<meta property=\"og:image:height\" content=\"323\" \/>\n\t<meta property=\"og:image:type\" content=\"image\/jpeg\" \/>\n<meta name=\"twitter:card\" content=\"summary_large_image\" \/>\n<meta name=\"twitter:site\" content=\"@rawoodfound\" \/>\n<meta name=\"twitter:label1\" content=\"Tiempo de lectura\" \/>\n\t<meta name=\"twitter:data1\" content=\"3 minutos\" \/>\n<script type=\"application\/ld+json\" class=\"yoast-schema-graph\">{\"@context\":\"https:\/\/schema.org\",\"@graph\":[{\"@type\":\"WebPage\",\"@id\":\"https:\/\/www.rawoodfoundation.org\/benign-is-not-fine-rally-for-research\/\",\"url\":\"https:\/\/www.rawoodfoundation.org\/benign-is-not-fine-rally-for-research\/\",\"name\":\"Benign Is Not Fine: Rally for Research - Raymond A. Wood Foundation\",\"isPartOf\":{\"@id\":\"https:\/\/www.rawoodfoundation.org\/#website\"},\"primaryImageOfPage\":{\"@id\":\"https:\/\/www.rawoodfoundation.org\/benign-is-not-fine-rally-for-research\/#primaryimage\"},\"image\":{\"@id\":\"https:\/\/www.rawoodfoundation.org\/benign-is-not-fine-rally-for-research\/#primaryimage\"},\"thumbnailUrl\":\"https:\/\/www.rawoodfoundation.org\/wp-content\/uploads\/2026\/03\/BENIGN-HERE.jpg\",\"datePublished\":\"2026-03-27T17:57:30+00:00\",\"dateModified\":\"2026-03-27T18:21:34+00:00\",\"breadcrumb\":{\"@id\":\"https:\/\/www.rawoodfoundation.org\/benign-is-not-fine-rally-for-research\/#breadcrumb\"},\"inLanguage\":\"es\",\"potentialAction\":[{\"@type\":\"ReadAction\",\"target\":[\"https:\/\/www.rawoodfoundation.org\/benign-is-not-fine-rally-for-research\/\"]}]},{\"@type\":\"ImageObject\",\"inLanguage\":\"es\",\"@id\":\"https:\/\/www.rawoodfoundation.org\/benign-is-not-fine-rally-for-research\/#primaryimage\",\"url\":\"https:\/\/www.rawoodfoundation.org\/wp-content\/uploads\/2026\/03\/BENIGN-HERE.jpg\",\"contentUrl\":\"https:\/\/www.rawoodfoundation.org\/wp-content\/uploads\/2026\/03\/BENIGN-HERE.jpg\"},{\"@type\":\"BreadcrumbList\",\"@id\":\"https:\/\/www.rawoodfoundation.org\/benign-is-not-fine-rally-for-research\/#breadcrumb\",\"itemListElement\":[{\"@type\":\"ListItem\",\"position\":1,\"name\":\"Home\",\"item\":\"https:\/\/www.rawoodfoundation.org\/\"},{\"@type\":\"ListItem\",\"position\":2,\"name\":\"Benign Is Not Fine: Rally for Research\"}]},{\"@type\":\"WebSite\",\"@id\":\"https:\/\/www.rawoodfoundation.org\/#website\",\"url\":\"https:\/\/www.rawoodfoundation.org\/\",\"name\":\"Raymond A. Wood Foundation\",\"description\":\"The mission of the RAWF is to provide quality of life support for childhood brain tumor survivors and their families.\",\"publisher\":{\"@id\":\"https:\/\/www.rawoodfoundation.org\/#organization\"},\"potentialAction\":[{\"@type\":\"SearchAction\",\"target\":{\"@type\":\"EntryPoint\",\"urlTemplate\":\"https:\/\/www.rawoodfoundation.org\/?s={search_term_string}\"},\"query-input\":{\"@type\":\"PropertyValueSpecification\",\"valueRequired\":true,\"valueName\":\"search_term_string\"}}],\"inLanguage\":\"es\"},{\"@type\":\"Organization\",\"@id\":\"https:\/\/www.rawoodfoundation.org\/#organization\",\"name\":\"Raymond A. Wood Foundation\",\"url\":\"https:\/\/www.rawoodfoundation.org\/\",\"logo\":{\"@type\":\"ImageObject\",\"inLanguage\":\"es\",\"@id\":\"https:\/\/www.rawoodfoundation.org\/#\/schema\/logo\/image\/\",\"url\":\"https:\/\/www.rawoodfoundation.org\/wp-content\/uploads\/2023\/07\/Raymond-A-Wood-Foundation-logo.webp\",\"contentUrl\":\"https:\/\/www.rawoodfoundation.org\/wp-content\/uploads\/2023\/07\/Raymond-A-Wood-Foundation-logo.webp\",\"width\":470,\"height\":128,\"caption\":\"Raymond A. Wood Foundation\"},\"image\":{\"@id\":\"https:\/\/www.rawoodfoundation.org\/#\/schema\/logo\/image\/\"},\"sameAs\":[\"https:\/\/www.facebook.com\/rawoodfoundation\",\"https:\/\/x.com\/rawoodfound\"]}]}<\/script>\n<!-- \/ Yoast SEO plugin. -->","yoast_head_json":{"title":"Benign Is Not Fine: Rally for Research - Raymond A. Wood Foundation","robots":{"index":"index","follow":"follow","max-snippet":"max-snippet:-1","max-image-preview":"max-image-preview:large","max-video-preview":"max-video-preview:-1"},"canonical":"https:\/\/www.rawoodfoundation.org\/es\/benigno-no-es-fino-rally-para-la-investigacion\/","og_locale":"es_MX","og_type":"article","og_title":"Benign Is Not Fine: Rally for Research - Raymond A. Wood Foundation","og_description":"Start or join a team this May and turn awareness into real impact. This May ... Read more","og_url":"https:\/\/www.rawoodfoundation.org\/es\/benigno-no-es-fino-rally-para-la-investigacion\/","og_site_name":"Raymond A. Wood Foundation","article_publisher":"https:\/\/www.facebook.com\/rawoodfoundation","article_modified_time":"2026-03-27T18:21:34+00:00","og_image":[{"width":729,"height":323,"url":"https:\/\/www.rawoodfoundation.org\/wp-content\/uploads\/2026\/03\/BENIGN-HERE.jpg","type":"image\/jpeg"}],"twitter_card":"summary_large_image","twitter_site":"@rawoodfound","twitter_misc":{"Tiempo de lectura":"3 minutos"},"schema":{"@context":"https:\/\/schema.org","@graph":[{"@type":"WebPage","@id":"https:\/\/www.rawoodfoundation.org\/benign-is-not-fine-rally-for-research\/","url":"https:\/\/www.rawoodfoundation.org\/benign-is-not-fine-rally-for-research\/","name":"Benign Is Not Fine: Rally for Research - Raymond A. Wood Foundation","isPartOf":{"@id":"https:\/\/www.rawoodfoundation.org\/#website"},"primaryImageOfPage":{"@id":"https:\/\/www.rawoodfoundation.org\/benign-is-not-fine-rally-for-research\/#primaryimage"},"image":{"@id":"https:\/\/www.rawoodfoundation.org\/benign-is-not-fine-rally-for-research\/#primaryimage"},"thumbnailUrl":"https:\/\/www.rawoodfoundation.org\/wp-content\/uploads\/2026\/03\/BENIGN-HERE.jpg","datePublished":"2026-03-27T17:57:30+00:00","dateModified":"2026-03-27T18:21:34+00:00","breadcrumb":{"@id":"https:\/\/www.rawoodfoundation.org\/benign-is-not-fine-rally-for-research\/#breadcrumb"},"inLanguage":"es","potentialAction":[{"@type":"ReadAction","target":["https:\/\/www.rawoodfoundation.org\/benign-is-not-fine-rally-for-research\/"]}]},{"@type":"ImageObject","inLanguage":"es","@id":"https:\/\/www.rawoodfoundation.org\/benign-is-not-fine-rally-for-research\/#primaryimage","url":"https:\/\/www.rawoodfoundation.org\/wp-content\/uploads\/2026\/03\/BENIGN-HERE.jpg","contentUrl":"https:\/\/www.rawoodfoundation.org\/wp-content\/uploads\/2026\/03\/BENIGN-HERE.jpg"},{"@type":"BreadcrumbList","@id":"https:\/\/www.rawoodfoundation.org\/benign-is-not-fine-rally-for-research\/#breadcrumb","itemListElement":[{"@type":"ListItem","position":1,"name":"Home","item":"https:\/\/www.rawoodfoundation.org\/"},{"@type":"ListItem","position":2,"name":"Benign Is Not Fine: Rally for Research"}]},{"@type":"WebSite","@id":"https:\/\/www.rawoodfoundation.org\/#website","url":"https:\/\/www.rawoodfoundation.org\/","name":"Raymond A. Wood Foundation","description":"The mission of the RAWF is to provide quality of life support for childhood brain tumor survivors and their families.","publisher":{"@id":"https:\/\/www.rawoodfoundation.org\/#organization"},"potentialAction":[{"@type":"SearchAction","target":{"@type":"EntryPoint","urlTemplate":"https:\/\/www.rawoodfoundation.org\/?s={search_term_string}"},"query-input":{"@type":"PropertyValueSpecification","valueRequired":true,"valueName":"search_term_string"}}],"inLanguage":"es"},{"@type":"Organization","@id":"https:\/\/www.rawoodfoundation.org\/#organization","name":"Raymond A. Wood Foundation","url":"https:\/\/www.rawoodfoundation.org\/","logo":{"@type":"ImageObject","inLanguage":"es","@id":"https:\/\/www.rawoodfoundation.org\/#\/schema\/logo\/image\/","url":"https:\/\/www.rawoodfoundation.org\/wp-content\/uploads\/2023\/07\/Raymond-A-Wood-Foundation-logo.webp","contentUrl":"https:\/\/www.rawoodfoundation.org\/wp-content\/uploads\/2023\/07\/Raymond-A-Wood-Foundation-logo.webp","width":470,"height":128,"caption":"Raymond A. Wood Foundation"},"image":{"@id":"https:\/\/www.rawoodfoundation.org\/#\/schema\/logo\/image\/"},"sameAs":["https:\/\/www.facebook.com\/rawoodfoundation","https:\/\/x.com\/rawoodfound"]}]}},"_links":{"self":[{"href":"https:\/\/www.rawoodfoundation.org\/es\/wp-json\/wp\/v2\/pages\/19383","targetHints":{"allow":["GET"]}}],"collection":[{"href":"https:\/\/www.rawoodfoundation.org\/es\/wp-json\/wp\/v2\/pages"}],"about":[{"href":"https:\/\/www.rawoodfoundation.org\/es\/wp-json\/wp\/v2\/types\/page"}],"author":[{"embeddable":true,"href":"https:\/\/www.rawoodfoundation.org\/es\/wp-json\/wp\/v2\/users\/4"}],"replies":[{"embeddable":true,"href":"https:\/\/www.rawoodfoundation.org\/es\/wp-json\/wp\/v2\/comments?post=19383"}],"version-history":[{"count":5,"href":"https:\/\/www.rawoodfoundation.org\/es\/wp-json\/wp\/v2\/pages\/19383\/revisions"}],"predecessor-version":[{"id":19395,"href":"https:\/\/www.rawoodfoundation.org\/es\/wp-json\/wp\/v2\/pages\/19383\/revisions\/19395"}],"wp:attachment":[{"href":"https:\/\/www.rawoodfoundation.org\/es\/wp-json\/wp\/v2\/media?parent=19383"}],"curies":[{"name":"wp","href":"https:\/\/api.w.org\/{rel}","templated":true}]}}