{"id":19283,"date":"2026-03-23T18:36:01","date_gmt":"2026-03-23T18:36:01","guid":{"rendered":"https:\/\/www.rawoodfoundation.org\/?page_id=19283"},"modified":"2026-04-02T14:34:43","modified_gmt":"2026-04-02T14:34:43","slug":"investigacion-sobre-craneofaringiomas","status":"publish","type":"page","link":"https:\/\/www.rawoodfoundation.org\/es\/craniopharyngioma-research\/","title":{"rendered":"Investigaci\u00f3n del craneofaringioma y perspectivas de los pacientes"},"content":{"rendered":"<figure class=\"wp-block-image size-full\"><img decoding=\"async\" width=\"800\" height=\"400\" src=\"https:\/\/www.rawoodfoundation.org\/wp-content\/uploads\/2026\/03\/hero.jpg\" alt=\"\" class=\"wp-image-19284\" srcset=\"https:\/\/www.rawoodfoundation.org\/wp-content\/uploads\/2026\/03\/hero.jpg 800w, https:\/\/www.rawoodfoundation.org\/wp-content\/uploads\/2026\/03\/hero-300x150.jpg 300w, https:\/\/www.rawoodfoundation.org\/wp-content\/uploads\/2026\/03\/hero-768x384.jpg 768w, https:\/\/www.rawoodfoundation.org\/wp-content\/uploads\/2026\/03\/hero-18x9.jpg 18w\" sizes=\"(max-width: 800px) 100vw, 800px\" \/><\/figure>\n\n\n\n<div style=\"height:100px\" aria-hidden=\"true\" class=\"wp-block-spacer\"><\/div>\n\n\n\n<p>En la Fundaci\u00f3n Raymond A. Wood (RAWF), nos comprometemos a promover <strong>investigaci\u00f3n sobre craneofaringiomas<\/strong> centr\u00e1ndose en las experiencias vividas por pacientes y cuidadores.<\/p>\n\n\n\n<p>Nuestro trabajo se centra en comprender el impacto en el mundo real de los tumores cerebrales hipotal\u00e1mico-hipofisarios, traduciendo las opiniones de los pacientes en pruebas que informan la atenci\u00f3n, orientan la investigaci\u00f3n y refuerzan la defensa.<\/p>\n\n\n\n<p>Aunque nuestros estudios actuales se centran en <strong>craneofaringioma<\/strong>Este trabajo contribuye a un esfuerzo m\u00e1s amplio para mejorar los resultados en todo el mundo. <strong>tumores cerebrales hipot\u00e1lamo-hipofisarios y afecciones relacionadas<\/strong>obesidad hipotal\u00e1mica.<\/p>\n\n\n\n<hr class=\"wp-block-separator has-alpha-channel-opacity\"\/>\n\n\n\n<h2 class=\"wp-block-heading\"><strong>Explore nuestra investigaci\u00f3n<\/strong><\/h2>\n\n\n\n<h3 class=\"wp-block-heading\"><strong>Hiperfagia en el craneofaringioma <\/strong><\/h3>\n\n\n\n<p>Comprender una enfermedad cr\u00edtica y poco reconocida<\/p>\n\n\n\n<p>Este estudio explora c\u00f3mo se presenta la hiperfagia en el craneofaringioma, utilizando los puntos de vista de pacientes y cuidadores para comprender mejor su impacto, mejorar la identificaci\u00f3n e informar sobre futuros cuidados.<\/p>\n\n\n\n<p><a href=\"https:\/\/www.rawoodfoundation.org\/es\/comprension-de-la-hiperfagia-en-el-craneofaringioma\/\">\u2192 Explora las conclusiones completas<\/a><\/p>\n\n\n\n<div style=\"height:54px\" aria-hidden=\"true\" class=\"wp-block-spacer\"><\/div>\n\n\n\n<h3 class=\"wp-block-heading\"><strong>Prioridades de tratamiento en la investigaci\u00f3n del craneofaringioma<\/strong><\/h3>\n\n\n\n<p>Comprender los resultados centrados en el paciente<\/p>\n\n\n\n<p>Este estudio explora c\u00f3mo los pacientes y cuidadores eval\u00faan las opciones de tratamiento para el craneofaringioma y qu\u00e9 resultados son los m\u00e1s importantes en la vida diaria.<\/p>\n\n\n\n<p>\u2192 <a href=\"https:\/\/www.rawoodfoundation.org\/es\/prioridades-de-tratamiento-en-el-craneofaringioma\/\">Descubra todas las conclusiones<\/a><\/p>\n\n\n\n<div style=\"height:54px\" aria-hidden=\"true\" class=\"wp-block-spacer\"><\/div>\n\n\n\n<h3 class=\"wp-block-heading\"><strong>Impacto del cuidador en el craneofaringioma<\/strong><\/h3>\n\n\n\n<p>Comprender la experiencia del cuidador<\/p>\n\n\n\n<p>Este estudio destaca las experiencias de los cuidadores que apoyan a las personas con craneofaringioma y el importante papel que desempe\u00f1an en los cuidados a largo plazo.<\/p>\n\n\n\n<p>\u2192 <a href=\"https:\/\/www.rawoodfoundation.org\/es\/estudio-de-impacto-sobre-los-cuidadores\/\">Descubra todas las conclusiones<\/a><br><\/p>\n\n\n\n<hr class=\"wp-block-separator has-alpha-channel-opacity\"\/>\n\n\n\n<h3 class=\"wp-block-heading\"><strong>Por qu\u00e9 es importante esta investigaci\u00f3n<\/strong><\/h3>\n\n\n\n<p>Existe una laguna cr\u00edtica en <strong>investigaci\u00f3n sobre craneofaringiomas<\/strong>En particular, para comprender los resultados a largo plazo y la calidad de vida.<\/p>\n\n\n\n<p>Nuestro trabajo ayuda:<\/p>\n\n\n\n<ul class=\"wp-block-list\">\n<li>Definir los resultados centrados en el paciente<\/li>\n\n\n\n<li>Mejorar la comprensi\u00f3n del impacto hipotal\u00e1mico<\/li>\n\n\n\n<li>Informar a m\u00e9dicos e investigadores<\/li>\n\n\n\n<li>Reforzar la defensa del acceso al tratamiento<\/li>\n\n\n\n<li>Dar voz a pacientes y cuidadores<\/li>\n<\/ul>\n\n\n\n<hr class=\"wp-block-separator has-alpha-channel-opacity\"\/>\n\n\n\n<h3 class=\"wp-block-heading\"><strong>\u00danase al registro de pacientes con tumores cerebrales hipotal\u00e1mico-hipofisarios<\/strong><\/h3>\n\n\n\n<p>Nos comprometemos a fomentar la investigaci\u00f3n con la comunidad.<\/p>\n\n\n\n<p>En <strong>Registro de pacientes con tumor cerebral hipotal\u00e1mico-hipofisario<\/strong> es fundamental para avanzar <strong>investigaci\u00f3n sobre tumores cerebrales hipotal\u00e1micos<\/strong> y mejorar la asistencia.<\/p>\n\n\n\n<p>Al inscribirse en el registro, usted ayuda:<\/p>\n\n\n\n<ul class=\"wp-block-list\">\n<li>Avanzar en la investigaci\u00f3n del craneofaringioma y los trastornos hipotal\u00e1micos<\/li>\n\n\n\n<li>Garantizar que las experiencias de los pacientes influyan en el desarrollo del tratamiento<\/li>\n\n\n\n<li>Apoyar la defensa de una mejor atenci\u00f3n y acceso<\/li>\n<\/ul>\n\n\n\n<p>\u2192 <a href=\"https:\/\/www.rawoodfoundation.org\/es\/registro-de-pacientes\/\">\u00danase al registro de pacientes<\/a><br><\/p>\n\n\n\n<p><\/p>","protected":false},"excerpt":{"rendered":"<p>At the Raymond A. Wood Foundation (RAWF), we are committed to advancing craniopharyngioma research by &#8230; <a title=\"Craniopharyngioma Research &amp; Patient Insights\" class=\"read-more\" href=\"https:\/\/www.rawoodfoundation.org\/es\/craniopharyngioma-research\/\" aria-label=\"Leer m\u00e1s sobre Craniopharyngioma Research &amp; Patient Insights\">Seguir leyendo<\/a><\/p>","protected":false},"author":4,"featured_media":0,"parent":0,"menu_order":4,"comment_status":"closed","ping_status":"closed","template":"","meta":{"_acf_changed":false,"footnotes":""},"class_list":{"0":"post-19283","1":"page","2":"type-page","3":"status-publish","5":"no-featured-image-padding"},"acf":[],"yoast_head":"<!-- This site is optimized with the Yoast SEO plugin v27.5 - https:\/\/yoast.com\/product\/yoast-seo-wordpress\/ -->\n<title>Craniopharyngioma Research Studies | RAWF<\/title>\n<meta name=\"description\" content=\"Explore craniopharyngioma research, caregiver insights, and patient-driven studies improving care, quality of life, and access to treatment.\" \/>\n<meta name=\"robots\" content=\"index, follow, max-snippet:-1, max-image-preview:large, max-video-preview:-1\" \/>\n<link rel=\"canonical\" href=\"https:\/\/www.rawoodfoundation.org\/es\/investigacion-sobre-craneofaringiomas\/\" \/>\n<meta property=\"og:locale\" content=\"es_MX\" \/>\n<meta property=\"og:type\" content=\"article\" \/>\n<meta property=\"og:title\" content=\"Craniopharyngioma Research Studies | RAWF\" \/>\n<meta property=\"og:description\" content=\"Explore craniopharyngioma research, caregiver insights, and patient-driven studies improving care, quality of life, and access to treatment.\" \/>\n<meta property=\"og:url\" content=\"https:\/\/www.rawoodfoundation.org\/es\/investigacion-sobre-craneofaringiomas\/\" \/>\n<meta property=\"og:site_name\" content=\"Raymond A. Wood Foundation\" \/>\n<meta property=\"article:publisher\" content=\"https:\/\/www.facebook.com\/rawoodfoundation\" \/>\n<meta property=\"article:modified_time\" content=\"2026-04-02T14:34:43+00:00\" \/>\n<meta property=\"og:image\" content=\"https:\/\/www.rawoodfoundation.org\/wp-content\/uploads\/2026\/03\/hero.jpg\" \/>\n\t<meta property=\"og:image:width\" content=\"800\" \/>\n\t<meta property=\"og:image:height\" content=\"400\" \/>\n\t<meta property=\"og:image:type\" content=\"image\/jpeg\" \/>\n<meta name=\"twitter:card\" content=\"summary_large_image\" \/>\n<meta name=\"twitter:site\" content=\"@rawoodfound\" \/>\n<meta name=\"twitter:label1\" content=\"Tiempo de lectura\" \/>\n\t<meta name=\"twitter:data1\" content=\"2 minutos\" \/>\n<script type=\"application\/ld+json\" class=\"yoast-schema-graph\">{\"@context\":\"https:\\\/\\\/schema.org\",\"@graph\":[{\"@type\":\"WebPage\",\"@id\":\"https:\\\/\\\/www.rawoodfoundation.org\\\/craniopharyngioma-research\\\/\",\"url\":\"https:\\\/\\\/www.rawoodfoundation.org\\\/craniopharyngioma-research\\\/\",\"name\":\"Craniopharyngioma Research Studies | RAWF\",\"isPartOf\":{\"@id\":\"https:\\\/\\\/www.rawoodfoundation.org\\\/#website\"},\"primaryImageOfPage\":{\"@id\":\"https:\\\/\\\/www.rawoodfoundation.org\\\/craniopharyngioma-research\\\/#primaryimage\"},\"image\":{\"@id\":\"https:\\\/\\\/www.rawoodfoundation.org\\\/craniopharyngioma-research\\\/#primaryimage\"},\"thumbnailUrl\":\"https:\\\/\\\/www.rawoodfoundation.org\\\/wp-content\\\/uploads\\\/2026\\\/03\\\/hero.jpg\",\"datePublished\":\"2026-03-23T18:36:01+00:00\",\"dateModified\":\"2026-04-02T14:34:43+00:00\",\"description\":\"Explore craniopharyngioma research, caregiver insights, and patient-driven studies improving care, quality of life, and access to treatment.\",\"breadcrumb\":{\"@id\":\"https:\\\/\\\/www.rawoodfoundation.org\\\/craniopharyngioma-research\\\/#breadcrumb\"},\"inLanguage\":\"es\",\"potentialAction\":[{\"@type\":\"ReadAction\",\"target\":[\"https:\\\/\\\/www.rawoodfoundation.org\\\/craniopharyngioma-research\\\/\"]}]},{\"@type\":\"ImageObject\",\"inLanguage\":\"es\",\"@id\":\"https:\\\/\\\/www.rawoodfoundation.org\\\/craniopharyngioma-research\\\/#primaryimage\",\"url\":\"https:\\\/\\\/www.rawoodfoundation.org\\\/wp-content\\\/uploads\\\/2026\\\/03\\\/hero.jpg\",\"contentUrl\":\"https:\\\/\\\/www.rawoodfoundation.org\\\/wp-content\\\/uploads\\\/2026\\\/03\\\/hero.jpg\"},{\"@type\":\"BreadcrumbList\",\"@id\":\"https:\\\/\\\/www.rawoodfoundation.org\\\/craniopharyngioma-research\\\/#breadcrumb\",\"itemListElement\":[{\"@type\":\"ListItem\",\"position\":1,\"name\":\"Home\",\"item\":\"https:\\\/\\\/www.rawoodfoundation.org\\\/\"},{\"@type\":\"ListItem\",\"position\":2,\"name\":\"Craniopharyngioma Research &amp; Patient Insights\"}]},{\"@type\":\"WebSite\",\"@id\":\"https:\\\/\\\/www.rawoodfoundation.org\\\/#website\",\"url\":\"https:\\\/\\\/www.rawoodfoundation.org\\\/\",\"name\":\"Raymond A. Wood Foundation\",\"description\":\"The mission of the RAWF is to provide quality of life support for childhood brain tumor survivors and their families.\",\"publisher\":{\"@id\":\"https:\\\/\\\/www.rawoodfoundation.org\\\/#organization\"},\"potentialAction\":[{\"@type\":\"SearchAction\",\"target\":{\"@type\":\"EntryPoint\",\"urlTemplate\":\"https:\\\/\\\/www.rawoodfoundation.org\\\/?s={search_term_string}\"},\"query-input\":{\"@type\":\"PropertyValueSpecification\",\"valueRequired\":true,\"valueName\":\"search_term_string\"}}],\"inLanguage\":\"es\"},{\"@type\":\"Organization\",\"@id\":\"https:\\\/\\\/www.rawoodfoundation.org\\\/#organization\",\"name\":\"Raymond A. Wood Foundation\",\"url\":\"https:\\\/\\\/www.rawoodfoundation.org\\\/\",\"logo\":{\"@type\":\"ImageObject\",\"inLanguage\":\"es\",\"@id\":\"https:\\\/\\\/www.rawoodfoundation.org\\\/#\\\/schema\\\/logo\\\/image\\\/\",\"url\":\"https:\\\/\\\/www.rawoodfoundation.org\\\/wp-content\\\/uploads\\\/2023\\\/07\\\/Raymond-A-Wood-Foundation-logo.webp\",\"contentUrl\":\"https:\\\/\\\/www.rawoodfoundation.org\\\/wp-content\\\/uploads\\\/2023\\\/07\\\/Raymond-A-Wood-Foundation-logo.webp\",\"width\":470,\"height\":128,\"caption\":\"Raymond A. Wood Foundation\"},\"image\":{\"@id\":\"https:\\\/\\\/www.rawoodfoundation.org\\\/#\\\/schema\\\/logo\\\/image\\\/\"},\"sameAs\":[\"https:\\\/\\\/www.facebook.com\\\/rawoodfoundation\",\"https:\\\/\\\/x.com\\\/rawoodfound\"]}]}<\/script>\n<!-- \/ Yoast SEO plugin. -->","yoast_head_json":{"title":"Estudios de investigaci\u00f3n sobre craneofaringioma | RAWF","description":"Explore la investigaci\u00f3n sobre craneofaringioma, los puntos de vista de los cuidadores y los estudios impulsados por pacientes que mejoran la atenci\u00f3n, la calidad de vida y el acceso al tratamiento.","robots":{"index":"index","follow":"follow","max-snippet":"max-snippet:-1","max-image-preview":"max-image-preview:large","max-video-preview":"max-video-preview:-1"},"canonical":"https:\/\/www.rawoodfoundation.org\/es\/investigacion-sobre-craneofaringiomas\/","og_locale":"es_MX","og_type":"article","og_title":"Craniopharyngioma Research Studies | RAWF","og_description":"Explore craniopharyngioma research, caregiver insights, and patient-driven studies improving care, quality of life, and access to treatment.","og_url":"https:\/\/www.rawoodfoundation.org\/es\/investigacion-sobre-craneofaringiomas\/","og_site_name":"Raymond A. Wood Foundation","article_publisher":"https:\/\/www.facebook.com\/rawoodfoundation","article_modified_time":"2026-04-02T14:34:43+00:00","og_image":[{"width":800,"height":400,"url":"https:\/\/www.rawoodfoundation.org\/wp-content\/uploads\/2026\/03\/hero.jpg","type":"image\/jpeg"}],"twitter_card":"summary_large_image","twitter_site":"@rawoodfound","twitter_misc":{"Tiempo de lectura":"2 minutos"},"schema":{"@context":"https:\/\/schema.org","@graph":[{"@type":"WebPage","@id":"https:\/\/www.rawoodfoundation.org\/craniopharyngioma-research\/","url":"https:\/\/www.rawoodfoundation.org\/craniopharyngioma-research\/","name":"Estudios de investigaci\u00f3n sobre craneofaringioma | RAWF","isPartOf":{"@id":"https:\/\/www.rawoodfoundation.org\/#website"},"primaryImageOfPage":{"@id":"https:\/\/www.rawoodfoundation.org\/craniopharyngioma-research\/#primaryimage"},"image":{"@id":"https:\/\/www.rawoodfoundation.org\/craniopharyngioma-research\/#primaryimage"},"thumbnailUrl":"https:\/\/www.rawoodfoundation.org\/wp-content\/uploads\/2026\/03\/hero.jpg","datePublished":"2026-03-23T18:36:01+00:00","dateModified":"2026-04-02T14:34:43+00:00","description":"Explore la investigaci\u00f3n sobre craneofaringioma, los puntos de vista de los cuidadores y los estudios impulsados por pacientes que mejoran la atenci\u00f3n, la calidad de vida y el acceso al tratamiento.","breadcrumb":{"@id":"https:\/\/www.rawoodfoundation.org\/craniopharyngioma-research\/#breadcrumb"},"inLanguage":"es","potentialAction":[{"@type":"ReadAction","target":["https:\/\/www.rawoodfoundation.org\/craniopharyngioma-research\/"]}]},{"@type":"ImageObject","inLanguage":"es","@id":"https:\/\/www.rawoodfoundation.org\/craniopharyngioma-research\/#primaryimage","url":"https:\/\/www.rawoodfoundation.org\/wp-content\/uploads\/2026\/03\/hero.jpg","contentUrl":"https:\/\/www.rawoodfoundation.org\/wp-content\/uploads\/2026\/03\/hero.jpg"},{"@type":"BreadcrumbList","@id":"https:\/\/www.rawoodfoundation.org\/craniopharyngioma-research\/#breadcrumb","itemListElement":[{"@type":"ListItem","position":1,"name":"Home","item":"https:\/\/www.rawoodfoundation.org\/"},{"@type":"ListItem","position":2,"name":"Craniopharyngioma Research &amp; Patient Insights"}]},{"@type":"WebSite","@id":"https:\/\/www.rawoodfoundation.org\/#website","url":"https:\/\/www.rawoodfoundation.org\/","name":"Fundaci\u00f3n Raymond A. Wood","description":"La misi\u00f3n de la RAWF es proporcionar apoyo a la calidad de vida de los supervivientes de tumores cerebrales infantiles y sus familias.","publisher":{"@id":"https:\/\/www.rawoodfoundation.org\/#organization"},"potentialAction":[{"@type":"SearchAction","target":{"@type":"EntryPoint","urlTemplate":"https:\/\/www.rawoodfoundation.org\/?s={search_term_string}"},"query-input":{"@type":"PropertyValueSpecification","valueRequired":true,"valueName":"search_term_string"}}],"inLanguage":"es"},{"@type":"Organization","@id":"https:\/\/www.rawoodfoundation.org\/#organization","name":"Fundaci\u00f3n Raymond A. Wood","url":"https:\/\/www.rawoodfoundation.org\/","logo":{"@type":"ImageObject","inLanguage":"es","@id":"https:\/\/www.rawoodfoundation.org\/#\/schema\/logo\/image\/","url":"https:\/\/www.rawoodfoundation.org\/wp-content\/uploads\/2023\/07\/Raymond-A-Wood-Foundation-logo.webp","contentUrl":"https:\/\/www.rawoodfoundation.org\/wp-content\/uploads\/2023\/07\/Raymond-A-Wood-Foundation-logo.webp","width":470,"height":128,"caption":"Raymond A. Wood Foundation"},"image":{"@id":"https:\/\/www.rawoodfoundation.org\/#\/schema\/logo\/image\/"},"sameAs":["https:\/\/www.facebook.com\/rawoodfoundation","https:\/\/x.com\/rawoodfound"]}]}},"_links":{"self":[{"href":"https:\/\/www.rawoodfoundation.org\/es\/wp-json\/wp\/v2\/pages\/19283","targetHints":{"allow":["GET"]}}],"collection":[{"href":"https:\/\/www.rawoodfoundation.org\/es\/wp-json\/wp\/v2\/pages"}],"about":[{"href":"https:\/\/www.rawoodfoundation.org\/es\/wp-json\/wp\/v2\/types\/page"}],"author":[{"embeddable":true,"href":"https:\/\/www.rawoodfoundation.org\/es\/wp-json\/wp\/v2\/users\/4"}],"replies":[{"embeddable":true,"href":"https:\/\/www.rawoodfoundation.org\/es\/wp-json\/wp\/v2\/comments?post=19283"}],"version-history":[{"count":6,"href":"https:\/\/www.rawoodfoundation.org\/es\/wp-json\/wp\/v2\/pages\/19283\/revisions"}],"predecessor-version":[{"id":19468,"href":"https:\/\/www.rawoodfoundation.org\/es\/wp-json\/wp\/v2\/pages\/19283\/revisions\/19468"}],"wp:attachment":[{"href":"https:\/\/www.rawoodfoundation.org\/es\/wp-json\/wp\/v2\/media?parent=19283"}],"curies":[{"name":"wp","href":"https:\/\/api.w.org\/{rel}","templated":true}]}}