{"id":14302,"date":"2025-07-03T16:52:15","date_gmt":"2025-07-03T16:52:15","guid":{"rendered":"https:\/\/www.rawoodfoundation.org\/?page_id=14302"},"modified":"2026-03-05T16:54:19","modified_gmt":"2026-03-05T16:54:19","slug":"apoyo-en-el-duelo","status":"publish","type":"page","link":"https:\/\/www.rawoodfoundation.org\/es\/grief-support\/","title":{"rendered":"Apoyo en el duelo"},"content":{"rendered":"<div class=\"wp-block-image\">\n<figure class=\"aligncenter size-full\"><img decoding=\"async\" width=\"509\" height=\"339\" src=\"https:\/\/www.rawoodfoundation.org\/wp-content\/uploads\/2023\/07\/help.jpg\" alt=\"Mam\u00e1 consolando a su hija\" class=\"wp-image-7538\" srcset=\"https:\/\/www.rawoodfoundation.org\/wp-content\/uploads\/2023\/07\/help.jpg 509w, https:\/\/www.rawoodfoundation.org\/wp-content\/uploads\/2023\/07\/help-300x200.jpg 300w, https:\/\/www.rawoodfoundation.org\/wp-content\/uploads\/2023\/07\/help-18x12.jpg 18w\" sizes=\"(max-width: 509px) 100vw, 509px\" \/><\/figure><\/div>\n\n\n<h2 class=\"wp-block-heading\">Un espacio seguro para sanar y ser escuchado<\/h2>\n\n\n\n<p>La Fundaci\u00f3n Raymond A. Wood reconoce que el duelo forma parte de este viaje y ofrece apoyo individualizado en un espacio virtual de apoyo para que los miembros de nuestra comunidad de tumores cerebrales puedan procesar su experiencia de duelo \u00fanica.<\/p>\n\n\n\n<p>Dirigidas por la especialista en apoyo al duelo Holly Gainsboro, las sesiones de apoyo al duelo de la Fundaci\u00f3n Raymond A. Wood son un espacio seguro y de apoyo para que las personas afectadas por tumores cerebrales hipofisarios hipotal\u00e1micos compartan sus experiencias con el duelo con la orientaci\u00f3n de un profesional de apoyo al duelo.<\/p>\n\n\n\n<p>Las Sesiones de Apoyo al Duelo acogen a cualquier persona que se haya visto afectada por un tumor cerebral hipofisario hipotal\u00e1mico (es decir, cuidador, superviviente, c\u00f3nyuge, hermano, hijo) y ofrece a los participantes un espacio para ser escuchados a la vez que proporciona herramientas y recursos para apoyar a las personas en su proceso de duelo.<\/p>\n\n\n\n<p>Estas sesiones ya est\u00e1n disponibles previa solicitud. Para solicitar una cita, rellene el formulario <a href=\"https:\/\/forms.microsoft.com\/r\/T3XA7bwN7r\">este formulario<\/a>incluyendo al menos 3 opciones de fecha y hora que le resulten convenientes. La confirmaci\u00f3n tardar\u00e1 3 d\u00edas laborables.<\/p>\n\n\n\n<p>Si tiene alguna pregunta, env\u00ede un correo electr\u00f3nico a outreach@rawoodfoundation.org.<\/p>\n\n\n\n<a class=\"gb-button gb-button-a806d6ff gb-button-text\" href=\"https:\/\/forms.microsoft.com\/r\/T3XA7bwN7r\" target=\"_blank\" rel=\"noopener noreferrer\">Solicitar una cita<\/a>","protected":false},"excerpt":{"rendered":"<p>Un espacio seguro para sanar y ser escuchado La Fundaci\u00f3n Raymond A. Wood reconoce que ... <a title=\"Apoyo en el duelo\" class=\"read-more\" href=\"https:\/\/www.rawoodfoundation.org\/es\/grief-support\/\" aria-label=\"Leer m\u00e1s sobre Apoyo en el duelo\">Seguir leyendo<\/a><\/p>","protected":false},"author":4,"featured_media":0,"parent":0,"menu_order":11,"comment_status":"closed","ping_status":"closed","template":"","meta":{"_acf_changed":false,"footnotes":""},"class_list":{"0":"post-14302","1":"page","2":"type-page","3":"status-publish","5":"no-featured-image-padding"},"acf":[],"yoast_head":"<!-- This site is optimized with the Yoast SEO plugin v27.3 - https:\/\/yoast.com\/product\/yoast-seo-wordpress\/ -->\n<title>Grief Support - Raymond A. Wood Foundation<\/title>\n<meta name=\"robots\" content=\"index, follow, max-snippet:-1, max-image-preview:large, max-video-preview:-1\" \/>\n<link rel=\"canonical\" href=\"https:\/\/www.rawoodfoundation.org\/es\/apoyo-en-el-duelo\/\" \/>\n<meta property=\"og:locale\" content=\"es_MX\" \/>\n<meta property=\"og:type\" content=\"article\" \/>\n<meta property=\"og:title\" content=\"Grief Support - Raymond A. Wood Foundation\" \/>\n<meta property=\"og:description\" content=\"A Safe Space to Heal and Be Heard The Raymond A. Wood Foundation recognizes that ... Read more\" \/>\n<meta property=\"og:url\" content=\"https:\/\/www.rawoodfoundation.org\/es\/apoyo-en-el-duelo\/\" \/>\n<meta property=\"og:site_name\" content=\"Raymond A. Wood Foundation\" \/>\n<meta property=\"article:publisher\" content=\"https:\/\/www.facebook.com\/rawoodfoundation\" \/>\n<meta property=\"article:modified_time\" content=\"2026-03-05T16:54:19+00:00\" \/>\n<meta property=\"og:image\" content=\"https:\/\/www.rawoodfoundation.org\/wp-content\/uploads\/2023\/07\/help.jpg\" \/>\n\t<meta property=\"og:image:width\" content=\"509\" \/>\n\t<meta property=\"og:image:height\" content=\"339\" \/>\n\t<meta property=\"og:image:type\" content=\"image\/jpeg\" \/>\n<meta name=\"twitter:card\" content=\"summary_large_image\" \/>\n<meta name=\"twitter:site\" content=\"@rawoodfound\" \/>\n<meta name=\"twitter:label1\" content=\"Tiempo de lectura\" \/>\n\t<meta name=\"twitter:data1\" content=\"1 minuto\" \/>\n<script type=\"application\/ld+json\" class=\"yoast-schema-graph\">{\"@context\":\"https:\\\/\\\/schema.org\",\"@graph\":[{\"@type\":\"WebPage\",\"@id\":\"https:\\\/\\\/www.rawoodfoundation.org\\\/grief-support\\\/\",\"url\":\"https:\\\/\\\/www.rawoodfoundation.org\\\/grief-support\\\/\",\"name\":\"Grief Support - Raymond A. Wood Foundation\",\"isPartOf\":{\"@id\":\"https:\\\/\\\/www.rawoodfoundation.org\\\/#website\"},\"primaryImageOfPage\":{\"@id\":\"https:\\\/\\\/www.rawoodfoundation.org\\\/grief-support\\\/#primaryimage\"},\"image\":{\"@id\":\"https:\\\/\\\/www.rawoodfoundation.org\\\/grief-support\\\/#primaryimage\"},\"thumbnailUrl\":\"https:\\\/\\\/www.rawoodfoundation.org\\\/wp-content\\\/uploads\\\/2023\\\/07\\\/help.jpg\",\"datePublished\":\"2025-07-03T16:52:15+00:00\",\"dateModified\":\"2026-03-05T16:54:19+00:00\",\"breadcrumb\":{\"@id\":\"https:\\\/\\\/www.rawoodfoundation.org\\\/grief-support\\\/#breadcrumb\"},\"inLanguage\":\"es\",\"potentialAction\":[{\"@type\":\"ReadAction\",\"target\":[\"https:\\\/\\\/www.rawoodfoundation.org\\\/grief-support\\\/\"]}]},{\"@type\":\"ImageObject\",\"inLanguage\":\"es\",\"@id\":\"https:\\\/\\\/www.rawoodfoundation.org\\\/grief-support\\\/#primaryimage\",\"url\":\"https:\\\/\\\/www.rawoodfoundation.org\\\/wp-content\\\/uploads\\\/2023\\\/07\\\/help.jpg\",\"contentUrl\":\"https:\\\/\\\/www.rawoodfoundation.org\\\/wp-content\\\/uploads\\\/2023\\\/07\\\/help.jpg\"},{\"@type\":\"BreadcrumbList\",\"@id\":\"https:\\\/\\\/www.rawoodfoundation.org\\\/grief-support\\\/#breadcrumb\",\"itemListElement\":[{\"@type\":\"ListItem\",\"position\":1,\"name\":\"Home\",\"item\":\"https:\\\/\\\/www.rawoodfoundation.org\\\/\"},{\"@type\":\"ListItem\",\"position\":2,\"name\":\"Grief Support\"}]},{\"@type\":\"WebSite\",\"@id\":\"https:\\\/\\\/www.rawoodfoundation.org\\\/#website\",\"url\":\"https:\\\/\\\/www.rawoodfoundation.org\\\/\",\"name\":\"Raymond A. Wood Foundation\",\"description\":\"The mission of the RAWF is to provide quality of life support for childhood brain tumor survivors and their families.\",\"publisher\":{\"@id\":\"https:\\\/\\\/www.rawoodfoundation.org\\\/#organization\"},\"potentialAction\":[{\"@type\":\"SearchAction\",\"target\":{\"@type\":\"EntryPoint\",\"urlTemplate\":\"https:\\\/\\\/www.rawoodfoundation.org\\\/?s={search_term_string}\"},\"query-input\":{\"@type\":\"PropertyValueSpecification\",\"valueRequired\":true,\"valueName\":\"search_term_string\"}}],\"inLanguage\":\"es\"},{\"@type\":\"Organization\",\"@id\":\"https:\\\/\\\/www.rawoodfoundation.org\\\/#organization\",\"name\":\"Raymond A. Wood Foundation\",\"url\":\"https:\\\/\\\/www.rawoodfoundation.org\\\/\",\"logo\":{\"@type\":\"ImageObject\",\"inLanguage\":\"es\",\"@id\":\"https:\\\/\\\/www.rawoodfoundation.org\\\/#\\\/schema\\\/logo\\\/image\\\/\",\"url\":\"https:\\\/\\\/www.rawoodfoundation.org\\\/wp-content\\\/uploads\\\/2023\\\/07\\\/Raymond-A-Wood-Foundation-logo.webp\",\"contentUrl\":\"https:\\\/\\\/www.rawoodfoundation.org\\\/wp-content\\\/uploads\\\/2023\\\/07\\\/Raymond-A-Wood-Foundation-logo.webp\",\"width\":470,\"height\":128,\"caption\":\"Raymond A. Wood Foundation\"},\"image\":{\"@id\":\"https:\\\/\\\/www.rawoodfoundation.org\\\/#\\\/schema\\\/logo\\\/image\\\/\"},\"sameAs\":[\"https:\\\/\\\/www.facebook.com\\\/rawoodfoundation\",\"https:\\\/\\\/x.com\\\/rawoodfound\"]}]}<\/script>\n<!-- \/ Yoast SEO plugin. -->","yoast_head_json":{"title":"Apoyo en el duelo - Fundaci\u00f3n Raymond A. Wood","robots":{"index":"index","follow":"follow","max-snippet":"max-snippet:-1","max-image-preview":"max-image-preview:large","max-video-preview":"max-video-preview:-1"},"canonical":"https:\/\/www.rawoodfoundation.org\/es\/apoyo-en-el-duelo\/","og_locale":"es_MX","og_type":"article","og_title":"Grief Support - Raymond A. Wood Foundation","og_description":"A Safe Space to Heal and Be Heard The Raymond A. Wood Foundation recognizes that ... Read more","og_url":"https:\/\/www.rawoodfoundation.org\/es\/apoyo-en-el-duelo\/","og_site_name":"Raymond A. Wood Foundation","article_publisher":"https:\/\/www.facebook.com\/rawoodfoundation","article_modified_time":"2026-03-05T16:54:19+00:00","og_image":[{"width":509,"height":339,"url":"https:\/\/www.rawoodfoundation.org\/wp-content\/uploads\/2023\/07\/help.jpg","type":"image\/jpeg"}],"twitter_card":"summary_large_image","twitter_site":"@rawoodfound","twitter_misc":{"Tiempo de lectura":"1 minuto"},"schema":{"@context":"https:\/\/schema.org","@graph":[{"@type":"WebPage","@id":"https:\/\/www.rawoodfoundation.org\/grief-support\/","url":"https:\/\/www.rawoodfoundation.org\/grief-support\/","name":"Apoyo en el duelo - Fundaci\u00f3n Raymond A. Wood","isPartOf":{"@id":"https:\/\/www.rawoodfoundation.org\/#website"},"primaryImageOfPage":{"@id":"https:\/\/www.rawoodfoundation.org\/grief-support\/#primaryimage"},"image":{"@id":"https:\/\/www.rawoodfoundation.org\/grief-support\/#primaryimage"},"thumbnailUrl":"https:\/\/www.rawoodfoundation.org\/wp-content\/uploads\/2023\/07\/help.jpg","datePublished":"2025-07-03T16:52:15+00:00","dateModified":"2026-03-05T16:54:19+00:00","breadcrumb":{"@id":"https:\/\/www.rawoodfoundation.org\/grief-support\/#breadcrumb"},"inLanguage":"es","potentialAction":[{"@type":"ReadAction","target":["https:\/\/www.rawoodfoundation.org\/grief-support\/"]}]},{"@type":"ImageObject","inLanguage":"es","@id":"https:\/\/www.rawoodfoundation.org\/grief-support\/#primaryimage","url":"https:\/\/www.rawoodfoundation.org\/wp-content\/uploads\/2023\/07\/help.jpg","contentUrl":"https:\/\/www.rawoodfoundation.org\/wp-content\/uploads\/2023\/07\/help.jpg"},{"@type":"BreadcrumbList","@id":"https:\/\/www.rawoodfoundation.org\/grief-support\/#breadcrumb","itemListElement":[{"@type":"ListItem","position":1,"name":"Home","item":"https:\/\/www.rawoodfoundation.org\/"},{"@type":"ListItem","position":2,"name":"Grief Support"}]},{"@type":"WebSite","@id":"https:\/\/www.rawoodfoundation.org\/#website","url":"https:\/\/www.rawoodfoundation.org\/","name":"Fundaci\u00f3n Raymond A. Wood","description":"La misi\u00f3n de la RAWF es proporcionar apoyo a la calidad de vida de los supervivientes de tumores cerebrales infantiles y sus familias.","publisher":{"@id":"https:\/\/www.rawoodfoundation.org\/#organization"},"potentialAction":[{"@type":"SearchAction","target":{"@type":"EntryPoint","urlTemplate":"https:\/\/www.rawoodfoundation.org\/?s={search_term_string}"},"query-input":{"@type":"PropertyValueSpecification","valueRequired":true,"valueName":"search_term_string"}}],"inLanguage":"es"},{"@type":"Organization","@id":"https:\/\/www.rawoodfoundation.org\/#organization","name":"Fundaci\u00f3n Raymond A. Wood","url":"https:\/\/www.rawoodfoundation.org\/","logo":{"@type":"ImageObject","inLanguage":"es","@id":"https:\/\/www.rawoodfoundation.org\/#\/schema\/logo\/image\/","url":"https:\/\/www.rawoodfoundation.org\/wp-content\/uploads\/2023\/07\/Raymond-A-Wood-Foundation-logo.webp","contentUrl":"https:\/\/www.rawoodfoundation.org\/wp-content\/uploads\/2023\/07\/Raymond-A-Wood-Foundation-logo.webp","width":470,"height":128,"caption":"Raymond A. Wood Foundation"},"image":{"@id":"https:\/\/www.rawoodfoundation.org\/#\/schema\/logo\/image\/"},"sameAs":["https:\/\/www.facebook.com\/rawoodfoundation","https:\/\/x.com\/rawoodfound"]}]}},"_links":{"self":[{"href":"https:\/\/www.rawoodfoundation.org\/es\/wp-json\/wp\/v2\/pages\/14302","targetHints":{"allow":["GET"]}}],"collection":[{"href":"https:\/\/www.rawoodfoundation.org\/es\/wp-json\/wp\/v2\/pages"}],"about":[{"href":"https:\/\/www.rawoodfoundation.org\/es\/wp-json\/wp\/v2\/types\/page"}],"author":[{"embeddable":true,"href":"https:\/\/www.rawoodfoundation.org\/es\/wp-json\/wp\/v2\/users\/4"}],"replies":[{"embeddable":true,"href":"https:\/\/www.rawoodfoundation.org\/es\/wp-json\/wp\/v2\/comments?post=14302"}],"version-history":[{"count":3,"href":"https:\/\/www.rawoodfoundation.org\/es\/wp-json\/wp\/v2\/pages\/14302\/revisions"}],"predecessor-version":[{"id":18951,"href":"https:\/\/www.rawoodfoundation.org\/es\/wp-json\/wp\/v2\/pages\/14302\/revisions\/18951"}],"wp:attachment":[{"href":"https:\/\/www.rawoodfoundation.org\/es\/wp-json\/wp\/v2\/media?parent=14302"}],"curies":[{"name":"wp","href":"https:\/\/api.w.org\/{rel}","templated":true}]}}