{"id":14144,"date":"2025-06-27T20:19:55","date_gmt":"2025-06-27T20:19:55","guid":{"rendered":"https:\/\/www.rawoodfoundation.org\/?page_id=14144"},"modified":"2025-10-28T18:57:54","modified_gmt":"2025-10-28T18:57:54","slug":"informe-anual-ejercicio-2024","status":"publish","type":"page","link":"https:\/\/www.rawoodfoundation.org\/es\/fy-2024-annual-report\/","title":{"rendered":"Informe anual del ejercicio 2025"},"content":{"rendered":"<h2 class=\"wp-block-heading\">Impulsados por el prop\u00f3sito, impulsados por el progreso<\/h2>\n\n\n\n<p>En la Fundaci\u00f3n Raymond A. Wood (RAWF), la transparencia y la rendici\u00f3n de cuentas son fundamentales para nuestra misi\u00f3n de empoderar a los supervivientes de tumores cerebrales hipotal\u00e1mico-hipofisarios. Nuestros informes anuales destacan los progresos que hemos realizado juntos, desde el avance de la investigaci\u00f3n hasta el fortalecimiento del apoyo comunitario y la educaci\u00f3n.<\/p>\n\n\n\n<p>Cada a\u00f1o, estos informes comparten las historias, las cifras de impacto y la gesti\u00f3n financiera que hacen posible nuestro trabajo. Le invitamos a explorar nuestros informes anuales para ver c\u00f3mo su generosidad y nuestros esfuerzos colectivos impulsan el cambio y mejoran vidas.<\/p>\n\n\n\n<figure class=\"wp-block-image aligncenter size-full\"><img decoding=\"async\" width=\"630\" height=\"810\" src=\"https:\/\/www.rawoodfoundation.org\/wp-content\/uploads\/2025\/10\/cover.jpg\" alt=\"Portada del Informe Anual 2025\" class=\"wp-image-17602\" srcset=\"https:\/\/www.rawoodfoundation.org\/wp-content\/uploads\/2025\/10\/cover.jpg 630w, https:\/\/www.rawoodfoundation.org\/wp-content\/uploads\/2025\/10\/cover-233x300.jpg 233w, https:\/\/www.rawoodfoundation.org\/wp-content\/uploads\/2025\/10\/cover-9x12.jpg 9w\" sizes=\"(max-width: 630px) 100vw, 630px\" \/><\/figure>\n\n\n\n<div style=\"height:43px\" aria-hidden=\"true\" class=\"wp-block-spacer\"><\/div>\n\n\n<div class=\"gb-container gb-container-f6e20761\">\n\n<a class=\"gb-button gb-button-08ff6772 gb-button-text\" href=\"https:\/\/www.rawoodfoundation.org\/wp-content\/uploads\/2025\/10\/RAWF-FY-25-Annual-Report-Final-Lo.pdf\" target=\"_blank\" rel=\"noopener noreferrer\"><strong>Ver el informe anual del ejercicio 2025 \"<\/strong><\/a>\n\n<\/div>\n\n\n<p><br><a href=\"https:\/\/www.rawoodfoundation.org\/wp-content\/uploads\/2025\/08\/RAWF-FY-24-Annual-Report-v2.pdf\">Ver el informe anual del ejercicio 2024 \"<\/a><\/p>\n\n\n\n<p><a href=\"https:\/\/www.rawoodfoundation.org\/wp-content\/uploads\/2024\/03\/RAWF-FY-23-Annual-Report-Final-lo.pdf\">Ver el informe anual del ejercicio 2023 \"<\/a><\/p>\n\n\n\n<p><a href=\"https:\/\/www.rawoodfoundation.org\/es\/informe-anualf22\/\">Ver el informe anual del ejercicio 2022 \"<\/a><\/p>\n\n\n\n<hr class=\"wp-block-separator has-alpha-channel-opacity\"\/>\n\n\n\n<h3 class=\"wp-block-heading\">Lo m\u00e1s destacado de 2025 <\/h3>\n\n\n\n<p>La Raymond A. Wood Foundation (RAWF) reflexiona con orgullo sobre un a\u00f1o transformador marcado por la innovaci\u00f3n, la resiliencia y el progreso impulsado por la comunidad. De julio de 2024 a junio de 2025, avanzamos en la investigaci\u00f3n cr\u00edtica, ampliamos el apoyo directo y profundizamos nuestro impacto, todo mientras naveg\u00e1bamos nuestro primer a\u00f1o fiscal completo despu\u00e9s de la conclusi\u00f3n de la subvenci\u00f3n de la Iniciativa Chan Zuckerberg.<\/p>\n\n\n\n<h3 class=\"wp-block-heading\">Investigaci\u00f3n que refleja la vida real<\/h3>\n\n\n\n<p>RAWF lanz\u00f3 oficialmente el <strong>Registro de pacientes con tumor cerebral hipotal\u00e1mico-hipofisario<\/strong>una iniciativa pionera que recoge las experiencias de supervivientes y cuidadores. Este registro sirvi\u00f3 de base para tres importantes estudios realizados en el a\u00f1o fiscal 2025 sobre:<\/p>\n\n\n\n<ul class=\"wp-block-list\">\n<li><strong>Hiperfagia (hambre compulsiva)<\/strong> en supervivientes<\/li>\n\n\n\n<li><strong>Prioridades de tratamiento definidas por el paciente<\/strong><\/li>\n\n\n\n<li><strong>Fatiga<\/strong> en colaboraci\u00f3n con Rhythm Pharmaceuticals<\/li>\n<\/ul>\n\n\n\n<p>Tambi\u00e9n hemos avanzado en el desarrollo de un <strong>medidor dom\u00e9stico de sodio<\/strong>una herramienta innovadora para las familias que gestionan el desequilibrio cr\u00f3nico de sodio, con planes de validaci\u00f3n de fase 1 en marcha.<\/p>\n\n\n\n<h3 class=\"wp-block-heading\">Apoyo directo que marca la diferencia<\/h3>\n\n\n\n<ul class=\"wp-block-list\">\n<li><strong>6 analizadores de sangre port\u00e1tiles<\/strong> que permiten a las familias con necesidades endocrinas complejas recibir una atenci\u00f3n domiciliaria m\u00e1s segura.<\/li>\n\n\n\n<li><strong>12 grupos de apoyo cada uno<\/strong> para cuidadores y supervivientes proporcionaron espacios de confianza para la conexi\u00f3n.<\/li>\n\n\n\n<li><strong>Programas de apoyo a adolescentes y duelo<\/strong> se introdujeron para responder a la evoluci\u00f3n de las necesidades emocionales.<\/li>\n<\/ul>\n\n\n\n<h3 class=\"wp-block-heading\">Comunidad que mueve la misi\u00f3n<\/h3>\n\n\n\n<ul class=\"wp-block-list\">\n<li><strong>M\u00e1s de $760.000 recaudados<\/strong>-un a\u00f1o r\u00e9cord, gracias a los simpatizantes de base, los grandes donantes y los eventos.<\/li>\n\n\n\n<li><strong>Gala DC's Dancing Stars<\/strong> volvi\u00f3, recaudando $93.000 para RAWF.<\/li>\n\n\n\n<li><strong>Shore da m\u00e1s<\/strong> recaud\u00f3 casi $96.000 el Martes de Acci\u00f3n Solidaria.<\/li>\n\n\n\n<li><strong>El equipo RAWF corri\u00f3 la Media Marat\u00f3n de Nueva York<\/strong>recaudando $15.000.<\/li>\n\n\n\n<li><strong>Evento art\u00edstico en l\u00ednea \"El arte de sobrevivir<\/strong> obtuvo 74 participaciones, 22.839 votos y $15.272 de recaudaci\u00f3n.<\/li>\n<\/ul>\n\n\n\n<h3 class=\"wp-block-heading\">La defensa en acci\u00f3n<\/h3>\n\n\n\n<ul class=\"wp-block-list\">\n<li>RAWF llev\u00f3 la voz de los pacientes al Capitolio, la FDA y los foros mundiales de investigaci\u00f3n.<\/li>\n\n\n\n<li>Reforzamos las colaboraciones con investigadores y empresas que desarrollan tratamientos para la obesidad hipotal\u00e1mica y afecciones relacionadas.<\/li>\n<\/ul>\n\n\n\n<h3 class=\"wp-block-heading\">De cara al futuro<\/h3>\n\n\n\n<p>El ejercicio 2026 marca la aplicaci\u00f3n de un nuevo plan estrat\u00e9gico trienal centrado en<\/p>\n\n\n\n<ul class=\"wp-block-list\">\n<li>Ampliar la investigaci\u00f3n centrada en la experiencia vivida<\/li>\n\n\n\n<li>Impulsar la innovaci\u00f3n como el medidor de sodio<\/li>\n\n\n\n<li>Seguir creciendo como portavoz del paciente en la investigaci\u00f3n<\/li>\n\n\n\n<li>Garantizar una financiaci\u00f3n sostenible para llevar adelante nuestra misi\u00f3n<\/li>\n<\/ul>\n\n\n\n<p>\u00danase a nosotros para hacer avanzar la ciencia y construir un futuro en el que los supervivientes prosperen.<\/p>\n\n\n\n<hr class=\"wp-block-separator has-alpha-channel-opacity\"\/>\n\n\n<div class=\"gb-container gb-container-98493386\">\n\n<div class=\"wp-block-columns is-layout-flex wp-container-core-columns-is-layout-9d6595d7 wp-block-columns-is-layout-flex\">\n<div class=\"wp-block-column is-layout-flow wp-block-column-is-layout-flow\" style=\"flex-basis:33.33%\">\n<figure class=\"wp-block-image size-full\"><img decoding=\"async\" width=\"360\" height=\"240\" src=\"https:\/\/live-rawf.pantheonsite.io\/wp-content\/uploads\/2023\/07\/thumb_jake-serota.jpg\" alt=\"\" class=\"wp-image-6963\" srcset=\"https:\/\/www.rawoodfoundation.org\/wp-content\/uploads\/2023\/07\/thumb_jake-serota.jpg 360w, https:\/\/www.rawoodfoundation.org\/wp-content\/uploads\/2023\/07\/thumb_jake-serota-300x200.jpg 300w, https:\/\/www.rawoodfoundation.org\/wp-content\/uploads\/2023\/07\/thumb_jake-serota-18x12.jpg 18w\" sizes=\"(max-width: 360px) 100vw, 360px\" \/><\/figure>\n<\/div>\n\n\n\n<div class=\"wp-block-column is-layout-flow wp-block-column-is-layout-flow\" style=\"flex-basis:66.66%\">\n<h3 class=\"wp-block-heading\">Apoya nuestra misi\u00f3n<\/h3>\n\n\n\n<p>Su apoyo puede tener un impacto duradero en nuestra misi\u00f3n, permiti\u00e9ndonos crear un cambio positivo y transformar las vidas de estos supervivientes de tumores cerebrales. \u00danase a nosotros en la defensa de esta causa, y juntos, podemos allanar el camino para un futuro m\u00e1s brillante, no s\u00f3lo para estos pacientes, sino para la investigaci\u00f3n del cerebro y el apoyo a los pacientes.<\/p>\n\n\n\n<p class=\"gb-headline gb-headline-1207c705 round-icon\"><span class=\"gb-icon\"><svg aria-hidden=\"true\" role=\"img\" height=\"1em\" width=\"1em\" viewbox=\"0 0 256 512\" xmlns=\"http:\/\/www.w3.org\/2000\/svg\"><path fill=\"currentColor\" d=\"M224.3 273l-136 136c-9.4 9.4-24.6 9.4-33.9 0l-22.6-22.6c-9.4-9.4-9.4-24.6 0-33.9l96.4-96.4-96.4-96.4c-9.4-9.4-9.4-24.6 0-33.9L54.3 103c9.4-9.4 24.6-9.4 33.9 0l136 136c9.5 9.4 9.5 24.6.1 34z\"><\/path><\/svg><\/span><span class=\"gb-headline-text\"><a href=\"https:\/\/raymondawoodfoundation-bloom.kindful.com\/\">Haz un donativo para impulsar nuestra misi\u00f3n<\/a><\/span><\/p>\n<\/div>\n<\/div>\n\n<\/div>","protected":false},"excerpt":{"rendered":"<p>Impulsados por el prop\u00f3sito, impulsados por el progreso En la Fundaci\u00f3n Raymond A. Wood (RAWF), la transparencia y ... <a title=\"Informe anual del ejercicio 2025\" class=\"read-more\" href=\"https:\/\/www.rawoodfoundation.org\/es\/fy-2024-annual-report\/\" aria-label=\"Leer m\u00e1s sobre Informe anual del ejercicio 2025\">Seguir leyendo<\/a><\/p>","protected":false},"author":4,"featured_media":0,"parent":0,"menu_order":86,"comment_status":"closed","ping_status":"closed","template":"","meta":{"_acf_changed":false,"footnotes":""},"class_list":{"0":"post-14144","1":"page","2":"type-page","3":"status-publish","5":"no-featured-image-padding"},"acf":[],"yoast_head":"<!-- This site is optimized with the Yoast SEO plugin v27.3 - https:\/\/yoast.com\/product\/yoast-seo-wordpress\/ -->\n<title>FY 2025 Annual Report - Raymond A. Wood Foundation<\/title>\n<meta name=\"description\" content=\"Discover our 2022 Annual Report.\" \/>\n<meta name=\"robots\" content=\"index, follow, max-snippet:-1, max-image-preview:large, max-video-preview:-1\" \/>\n<link rel=\"canonical\" href=\"https:\/\/www.rawoodfoundation.org\/es\/informe-anual-ejercicio-2024\/\" \/>\n<meta property=\"og:locale\" content=\"es_MX\" \/>\n<meta property=\"og:type\" content=\"article\" \/>\n<meta property=\"og:title\" content=\"FY 2025 Annual Report - Raymond A. Wood Foundation\" \/>\n<meta property=\"og:description\" content=\"Discover our 2022 Annual Report.\" \/>\n<meta property=\"og:url\" content=\"https:\/\/www.rawoodfoundation.org\/es\/informe-anual-ejercicio-2024\/\" \/>\n<meta property=\"og:site_name\" content=\"Raymond A. Wood Foundation\" \/>\n<meta property=\"article:publisher\" content=\"https:\/\/www.facebook.com\/rawoodfoundation\" \/>\n<meta property=\"article:modified_time\" content=\"2025-10-28T18:57:54+00:00\" \/>\n<meta property=\"og:image\" content=\"https:\/\/www.rawoodfoundation.org\/wp-content\/uploads\/2025\/10\/cover.jpg\" \/>\n\t<meta property=\"og:image:width\" content=\"630\" \/>\n\t<meta property=\"og:image:height\" content=\"810\" \/>\n\t<meta property=\"og:image:type\" content=\"image\/jpeg\" \/>\n<meta name=\"twitter:card\" content=\"summary_large_image\" \/>\n<meta name=\"twitter:site\" content=\"@rawoodfound\" \/>\n<meta name=\"twitter:label1\" content=\"Tiempo de lectura\" \/>\n\t<meta name=\"twitter:data1\" content=\"3 minutos\" \/>\n<script type=\"application\/ld+json\" class=\"yoast-schema-graph\">{\"@context\":\"https:\\\/\\\/schema.org\",\"@graph\":[{\"@type\":\"WebPage\",\"@id\":\"https:\\\/\\\/www.rawoodfoundation.org\\\/fy-2024-annual-report\\\/\",\"url\":\"https:\\\/\\\/www.rawoodfoundation.org\\\/fy-2024-annual-report\\\/\",\"name\":\"FY 2025 Annual Report - Raymond A. Wood Foundation\",\"isPartOf\":{\"@id\":\"https:\\\/\\\/www.rawoodfoundation.org\\\/#website\"},\"primaryImageOfPage\":{\"@id\":\"https:\\\/\\\/www.rawoodfoundation.org\\\/fy-2024-annual-report\\\/#primaryimage\"},\"image\":{\"@id\":\"https:\\\/\\\/www.rawoodfoundation.org\\\/fy-2024-annual-report\\\/#primaryimage\"},\"thumbnailUrl\":\"https:\\\/\\\/www.rawoodfoundation.org\\\/wp-content\\\/uploads\\\/2025\\\/10\\\/cover.jpg\",\"datePublished\":\"2025-06-27T20:19:55+00:00\",\"dateModified\":\"2025-10-28T18:57:54+00:00\",\"description\":\"Discover our 2022 Annual Report.\",\"breadcrumb\":{\"@id\":\"https:\\\/\\\/www.rawoodfoundation.org\\\/fy-2024-annual-report\\\/#breadcrumb\"},\"inLanguage\":\"es\",\"potentialAction\":[{\"@type\":\"ReadAction\",\"target\":[\"https:\\\/\\\/www.rawoodfoundation.org\\\/fy-2024-annual-report\\\/\"]}]},{\"@type\":\"ImageObject\",\"inLanguage\":\"es\",\"@id\":\"https:\\\/\\\/www.rawoodfoundation.org\\\/fy-2024-annual-report\\\/#primaryimage\",\"url\":\"https:\\\/\\\/www.rawoodfoundation.org\\\/wp-content\\\/uploads\\\/2025\\\/10\\\/cover.jpg\",\"contentUrl\":\"https:\\\/\\\/www.rawoodfoundation.org\\\/wp-content\\\/uploads\\\/2025\\\/10\\\/cover.jpg\"},{\"@type\":\"BreadcrumbList\",\"@id\":\"https:\\\/\\\/www.rawoodfoundation.org\\\/fy-2024-annual-report\\\/#breadcrumb\",\"itemListElement\":[{\"@type\":\"ListItem\",\"position\":1,\"name\":\"Home\",\"item\":\"https:\\\/\\\/www.rawoodfoundation.org\\\/\"},{\"@type\":\"ListItem\",\"position\":2,\"name\":\"FY 2025 Annual Report\"}]},{\"@type\":\"WebSite\",\"@id\":\"https:\\\/\\\/www.rawoodfoundation.org\\\/#website\",\"url\":\"https:\\\/\\\/www.rawoodfoundation.org\\\/\",\"name\":\"Raymond A. Wood Foundation\",\"description\":\"The mission of the RAWF is to provide quality of life support for childhood brain tumor survivors and their families.\",\"publisher\":{\"@id\":\"https:\\\/\\\/www.rawoodfoundation.org\\\/#organization\"},\"potentialAction\":[{\"@type\":\"SearchAction\",\"target\":{\"@type\":\"EntryPoint\",\"urlTemplate\":\"https:\\\/\\\/www.rawoodfoundation.org\\\/?s={search_term_string}\"},\"query-input\":{\"@type\":\"PropertyValueSpecification\",\"valueRequired\":true,\"valueName\":\"search_term_string\"}}],\"inLanguage\":\"es\"},{\"@type\":\"Organization\",\"@id\":\"https:\\\/\\\/www.rawoodfoundation.org\\\/#organization\",\"name\":\"Raymond A. Wood Foundation\",\"url\":\"https:\\\/\\\/www.rawoodfoundation.org\\\/\",\"logo\":{\"@type\":\"ImageObject\",\"inLanguage\":\"es\",\"@id\":\"https:\\\/\\\/www.rawoodfoundation.org\\\/#\\\/schema\\\/logo\\\/image\\\/\",\"url\":\"https:\\\/\\\/www.rawoodfoundation.org\\\/wp-content\\\/uploads\\\/2023\\\/07\\\/Raymond-A-Wood-Foundation-logo.webp\",\"contentUrl\":\"https:\\\/\\\/www.rawoodfoundation.org\\\/wp-content\\\/uploads\\\/2023\\\/07\\\/Raymond-A-Wood-Foundation-logo.webp\",\"width\":470,\"height\":128,\"caption\":\"Raymond A. Wood Foundation\"},\"image\":{\"@id\":\"https:\\\/\\\/www.rawoodfoundation.org\\\/#\\\/schema\\\/logo\\\/image\\\/\"},\"sameAs\":[\"https:\\\/\\\/www.facebook.com\\\/rawoodfoundation\",\"https:\\\/\\\/x.com\\\/rawoodfound\"]}]}<\/script>\n<!-- \/ Yoast SEO plugin. -->","yoast_head_json":{"title":"Informe anual del ejercicio 2025 - Fundaci\u00f3n Raymond A. Wood","description":"Descubra nuestro Informe Anual 2022.","robots":{"index":"index","follow":"follow","max-snippet":"max-snippet:-1","max-image-preview":"max-image-preview:large","max-video-preview":"max-video-preview:-1"},"canonical":"https:\/\/www.rawoodfoundation.org\/es\/informe-anual-ejercicio-2024\/","og_locale":"es_MX","og_type":"article","og_title":"FY 2025 Annual Report - Raymond A. Wood Foundation","og_description":"Discover our 2022 Annual Report.","og_url":"https:\/\/www.rawoodfoundation.org\/es\/informe-anual-ejercicio-2024\/","og_site_name":"Raymond A. Wood Foundation","article_publisher":"https:\/\/www.facebook.com\/rawoodfoundation","article_modified_time":"2025-10-28T18:57:54+00:00","og_image":[{"width":630,"height":810,"url":"https:\/\/www.rawoodfoundation.org\/wp-content\/uploads\/2025\/10\/cover.jpg","type":"image\/jpeg"}],"twitter_card":"summary_large_image","twitter_site":"@rawoodfound","twitter_misc":{"Tiempo de lectura":"3 minutos"},"schema":{"@context":"https:\/\/schema.org","@graph":[{"@type":"WebPage","@id":"https:\/\/www.rawoodfoundation.org\/fy-2024-annual-report\/","url":"https:\/\/www.rawoodfoundation.org\/fy-2024-annual-report\/","name":"Informe anual del ejercicio 2025 - Fundaci\u00f3n Raymond A. Wood","isPartOf":{"@id":"https:\/\/www.rawoodfoundation.org\/#website"},"primaryImageOfPage":{"@id":"https:\/\/www.rawoodfoundation.org\/fy-2024-annual-report\/#primaryimage"},"image":{"@id":"https:\/\/www.rawoodfoundation.org\/fy-2024-annual-report\/#primaryimage"},"thumbnailUrl":"https:\/\/www.rawoodfoundation.org\/wp-content\/uploads\/2025\/10\/cover.jpg","datePublished":"2025-06-27T20:19:55+00:00","dateModified":"2025-10-28T18:57:54+00:00","description":"Descubra nuestro Informe Anual 2022.","breadcrumb":{"@id":"https:\/\/www.rawoodfoundation.org\/fy-2024-annual-report\/#breadcrumb"},"inLanguage":"es","potentialAction":[{"@type":"ReadAction","target":["https:\/\/www.rawoodfoundation.org\/fy-2024-annual-report\/"]}]},{"@type":"ImageObject","inLanguage":"es","@id":"https:\/\/www.rawoodfoundation.org\/fy-2024-annual-report\/#primaryimage","url":"https:\/\/www.rawoodfoundation.org\/wp-content\/uploads\/2025\/10\/cover.jpg","contentUrl":"https:\/\/www.rawoodfoundation.org\/wp-content\/uploads\/2025\/10\/cover.jpg"},{"@type":"BreadcrumbList","@id":"https:\/\/www.rawoodfoundation.org\/fy-2024-annual-report\/#breadcrumb","itemListElement":[{"@type":"ListItem","position":1,"name":"Home","item":"https:\/\/www.rawoodfoundation.org\/"},{"@type":"ListItem","position":2,"name":"FY 2025 Annual Report"}]},{"@type":"WebSite","@id":"https:\/\/www.rawoodfoundation.org\/#website","url":"https:\/\/www.rawoodfoundation.org\/","name":"Fundaci\u00f3n Raymond A. Wood","description":"La misi\u00f3n de la RAWF es proporcionar apoyo a la calidad de vida de los supervivientes de tumores cerebrales infantiles y sus familias.","publisher":{"@id":"https:\/\/www.rawoodfoundation.org\/#organization"},"potentialAction":[{"@type":"SearchAction","target":{"@type":"EntryPoint","urlTemplate":"https:\/\/www.rawoodfoundation.org\/?s={search_term_string}"},"query-input":{"@type":"PropertyValueSpecification","valueRequired":true,"valueName":"search_term_string"}}],"inLanguage":"es"},{"@type":"Organization","@id":"https:\/\/www.rawoodfoundation.org\/#organization","name":"Fundaci\u00f3n Raymond A. Wood","url":"https:\/\/www.rawoodfoundation.org\/","logo":{"@type":"ImageObject","inLanguage":"es","@id":"https:\/\/www.rawoodfoundation.org\/#\/schema\/logo\/image\/","url":"https:\/\/www.rawoodfoundation.org\/wp-content\/uploads\/2023\/07\/Raymond-A-Wood-Foundation-logo.webp","contentUrl":"https:\/\/www.rawoodfoundation.org\/wp-content\/uploads\/2023\/07\/Raymond-A-Wood-Foundation-logo.webp","width":470,"height":128,"caption":"Raymond A. Wood Foundation"},"image":{"@id":"https:\/\/www.rawoodfoundation.org\/#\/schema\/logo\/image\/"},"sameAs":["https:\/\/www.facebook.com\/rawoodfoundation","https:\/\/x.com\/rawoodfound"]}]}},"_links":{"self":[{"href":"https:\/\/www.rawoodfoundation.org\/es\/wp-json\/wp\/v2\/pages\/14144","targetHints":{"allow":["GET"]}}],"collection":[{"href":"https:\/\/www.rawoodfoundation.org\/es\/wp-json\/wp\/v2\/pages"}],"about":[{"href":"https:\/\/www.rawoodfoundation.org\/es\/wp-json\/wp\/v2\/types\/page"}],"author":[{"embeddable":true,"href":"https:\/\/www.rawoodfoundation.org\/es\/wp-json\/wp\/v2\/users\/4"}],"replies":[{"embeddable":true,"href":"https:\/\/www.rawoodfoundation.org\/es\/wp-json\/wp\/v2\/comments?post=14144"}],"version-history":[{"count":8,"href":"https:\/\/www.rawoodfoundation.org\/es\/wp-json\/wp\/v2\/pages\/14144\/revisions"}],"predecessor-version":[{"id":17612,"href":"https:\/\/www.rawoodfoundation.org\/es\/wp-json\/wp\/v2\/pages\/14144\/revisions\/17612"}],"wp:attachment":[{"href":"https:\/\/www.rawoodfoundation.org\/es\/wp-json\/wp\/v2\/media?parent=14144"}],"curies":[{"name":"wp","href":"https:\/\/api.w.org\/{rel}","templated":true}]}}