{"id":12209,"date":"2025-03-25T18:32:20","date_gmt":"2025-03-25T18:32:20","guid":{"rendered":"https:\/\/www.rawoodfoundation.org\/?page_id=12209"},"modified":"2026-02-19T15:37:53","modified_gmt":"2026-02-19T15:37:53","slug":"movingforamission","status":"publish","type":"page","link":"https:\/\/www.rawoodfoundation.org\/es\/movingforamission\/","title":{"rendered":"Moverse por una misi\u00f3n: Correr con determinaci\u00f3n"},"content":{"rendered":"<h2 class=\"wp-block-heading\">Convierte tus kil\u00f3metros en significado corriendo o caminando en honor de los supervivientes de tumores cerebrales y sus familias.<\/h2>\n\n\n\n<div class=\"wp-block-columns is-layout-flex wp-container-core-columns-is-layout-9d6595d7 wp-block-columns-is-layout-flex\">\n<div class=\"wp-block-column is-layout-flow wp-block-column-is-layout-flow\">\n<p>\u00bfCorrer\u00e1s una carrera este a\u00f1o o caminar\u00e1s por una causa? Tanto si te apuntas a una carrera de 5 km, a una media marat\u00f3n o a tu propio viaje personal para ponerte en forma, hazlo con un prop\u00f3sito uni\u00e9ndote a <strong>Trasladarse para una misi\u00f3n<\/strong>!<\/p>\n\n\n\n<p>Como participante, recibir\u00e1 un <strong>dorsal personalizable<\/strong> para llevar durante tu carrera o entrenamiento. Estos dorsales son gratuitos para los corredores, por lo que podr\u00e1s mostrar con orgullo tu apoyo a la <strong>Fundaci\u00f3n Raymond A. Wood<\/strong> y supervivientes de tumores cerebrales hipotal\u00e1mico-hipofisarios.<\/p>\n\n\n\n<p>Al Moverse por una Misi\u00f3n, no s\u00f3lo est\u00e1 llegando a una meta. Est\u00e1s concienciando a una comunidad con tumores cerebrales poco frecuentes y ayud\u00e1ndonos a avanzar en nuestro trabajo de investigaci\u00f3n, defensa y apoyo.<\/p>\n<\/div>\n\n\n\n<div class=\"wp-block-column is-layout-flow wp-block-column-is-layout-flow\">\n<figure class=\"wp-block-image size-large\"><img decoding=\"async\" width=\"1024\" height=\"1024\" src=\"https:\/\/www.rawoodfoundation.org\/wp-content\/uploads\/2025\/03\/John-1024x1024.png\" alt=\"Dorsal\" class=\"wp-image-12214\" srcset=\"https:\/\/www.rawoodfoundation.org\/wp-content\/uploads\/2025\/03\/John-1024x1024.png 1024w, https:\/\/www.rawoodfoundation.org\/wp-content\/uploads\/2025\/03\/John-300x300.png 300w, https:\/\/www.rawoodfoundation.org\/wp-content\/uploads\/2025\/03\/John-150x150.png 150w, https:\/\/www.rawoodfoundation.org\/wp-content\/uploads\/2025\/03\/John-768x768.png 768w, https:\/\/www.rawoodfoundation.org\/wp-content\/uploads\/2025\/03\/John-12x12.png 12w, https:\/\/www.rawoodfoundation.org\/wp-content\/uploads\/2025\/03\/John-330x330.png 330w, https:\/\/www.rawoodfoundation.org\/wp-content\/uploads\/2025\/03\/John.png 1080w\" sizes=\"(max-width: 1024px) 100vw, 1024px\" \/><\/figure>\n<\/div>\n<\/div>\n\n\n\n<p><\/p>\n\n\n\n<h3 class=\"wp-block-heading\">Lo que obtienes cuando te presentas a RAWF:<\/h3>\n\n\n\n<ul class=\"wp-block-list\">\n<li>A <strong>dorsal personalizable<\/strong> por correo (gratuito para residentes en EE.UU.)<\/li>\n\n\n\n<li>Una insignia digital para compartir en las redes sociales<\/li>\n\n\n\n<li>Un kit opcional de recaudaci\u00f3n de fondos si desea recaudar dinero mientras entrena.<\/li>\n\n\n\n<li>Un sentimiento de conexi\u00f3n con una causa significativa<\/li>\n<\/ul>\n\n\n\n<h3 class=\"wp-block-heading\">Qui\u00e9n puede participar:<\/h3>\n\n\n\n<p>Cualquiera que participe en una carrera -de cualquier distancia- o que simplemente quiera dedicar sus paseos, carreras o entrenamientos a un prop\u00f3sito mayor.<\/p>\n\n\n\n<p>Para empezar, p\u00f3ngase en contacto con nosotros en <a href=\"mailto:development@rawoodfoundation.org\">development@rawoodfoundation.org<\/a> o <a href=\"https:\/\/givebutter.com\/movingforRAWF\" target=\"_blank\" rel=\"noreferrer noopener\">cree su p\u00e1gina de recaudaci\u00f3n de fondos aqu\u00ed<\/a>.<\/p>\n\n\n\n<hr class=\"wp-block-separator has-alpha-channel-opacity\"\/>\n\n\n\n<h3 class=\"wp-block-heading\">\u00danete a nuestros equipos de carreras: Pr\u00f3ximos eventos<\/h3>\n\n\n\n<p><strong>Cada kil\u00f3metro cuenta una historia.<\/strong><\/p>\n\n\n\n<p>Nos enorgullece colaborar con eventos de carreras que han seleccionado a la Fundaci\u00f3n Raymond A. Wood como socio ben\u00e9fico oficial. Estas carreras son oportunidades para impulsar la investigaci\u00f3n, la defensa y el apoyo que cambia la vida de los supervivientes de tumores cerebrales hipotal\u00e1mico-hipofisarios.<\/p>\n\n\n\n<p>Cuando corre con nosotros, est\u00e1 haciendo algo m\u00e1s que cruzar una l\u00ednea de meta. Est\u00e1s ayudando a avanzar en la investigaci\u00f3n, a fortalecer nuestro registro de pacientes y a mejorar la calidad de vida de las familias que se enfrentan a una supervivencia compleja.<\/p>\n\n\n\n<p>Tanto si eres un maratoniano experimentado como si te enfrentas a tus primeros 8K, hay un lugar para ti en el equipo RAWF.<\/p>\n\n\n\n<h3 class=\"wp-block-heading\">\u00bfPor qu\u00e9 correr con nosotros?<\/h3>\n\n\n\n<ul class=\"wp-block-list\">\n<li>Recaudar fondos que apoyen directamente la investigaci\u00f3n cr\u00edtica<\/li>\n\n\n\n<li>Aumentar la concienciaci\u00f3n sobre los supervivientes de tumores cerebrales raros<\/li>\n\n\n\n<li>\u00danase a una comunidad que entiende de resiliencia<\/li>\n\n\n\n<li>Convierta los kil\u00f3metros personales en un impacto significativo<\/li>\n<\/ul>\n\n\n\n<h3 class=\"wp-block-heading\">Pr\u00f3ximos eventos<\/h3>\n\n\n\n<p><strong>Media Marat\u00f3n de Nueva York<\/strong>&nbsp;<br>Domingo, 15 de marzo de 2026<\/p>\n\n\n<div class=\"wp-block-image\">\n<figure class=\"alignright size-large is-resized\"><img decoding=\"async\" width=\"1024\" height=\"1024\" src=\"https:\/\/www.rawoodfoundation.org\/wp-content\/uploads\/2026\/02\/1-1024x1024.png\" alt=\"\" class=\"wp-image-18705\" style=\"width:500px\" srcset=\"https:\/\/www.rawoodfoundation.org\/wp-content\/uploads\/2026\/02\/1-1024x1024.png 1024w, https:\/\/www.rawoodfoundation.org\/wp-content\/uploads\/2026\/02\/1-300x300.png 300w, https:\/\/www.rawoodfoundation.org\/wp-content\/uploads\/2026\/02\/1-150x150.png 150w, https:\/\/www.rawoodfoundation.org\/wp-content\/uploads\/2026\/02\/1-768x768.png 768w, https:\/\/www.rawoodfoundation.org\/wp-content\/uploads\/2026\/02\/1-12x12.png 12w, https:\/\/www.rawoodfoundation.org\/wp-content\/uploads\/2026\/02\/1-330x330.png 330w, https:\/\/www.rawoodfoundation.org\/wp-content\/uploads\/2026\/02\/1.png 1080w\" sizes=\"(max-width: 1024px) 100vw, 1024px\" \/><\/figure><\/div>\n\n\n<p>La Fundaci\u00f3n Raymond A. Wood es uno de los socios ben\u00e9ficos de la Media Marat\u00f3n de Nueva York de 2026.&nbsp;<br>&nbsp;<br>Nuestro equipo de 5 personas est\u00e1 preparado para vivir la inolvidable experiencia de correr por las calles de Nueva York mientras apoyamos nuestra misi\u00f3n de mejorar la calidad de vida de los supervivientes de tumores cerebrales. Esta carrera de 13,1 millas es la media marat\u00f3n m\u00e1s grande de Estados Unidos y atraviesa lugares emblem\u00e1ticos de Nueva York como el puente de Brooklyn y Times Square.&nbsp;&nbsp;<\/p>\n\n\n\n<p>Aunque nuestro equipo est\u00e1 completo este a\u00f1o, \u00a1puedes apoyar al equipo y nuestros objetivos haciendo una donaci\u00f3n! Cada d\u00f3lar que recaudamos ayuda a la investigaci\u00f3n pionera, los programas y el apoyo a los supervivientes de tumores cerebrales hipotal\u00e1mico-hipofisarios y a sus cuidadores. Est\u00e9 atento el a\u00f1o que viene para ver la oportunidad de unirse a nuestro equipo de carrera.<\/p>\n\n\n\n<a class=\"gb-button gb-button-a49efad7 gb-button-text\" href=\"https:\/\/givebutter.com\/2026TeamRAWFNYC\u00a0\u00a0\" target=\"_blank\" rel=\"noopener noreferrer\">Donar ahora<\/a>\n\n\n\n<p><\/p>\n\n\n\n<div style=\"height:70px\" aria-hidden=\"true\" class=\"wp-block-spacer\"><\/div>\n\n\n\n<p><strong>Marat\u00f3n de Filadelfia<\/strong>&nbsp;<br>S\u00e1bado 21 de noviembre - Domingo 22 de noviembre<\/p>\n\n\n<div class=\"wp-block-image\">\n<figure class=\"alignright size-large is-resized\"><img decoding=\"async\" width=\"1024\" height=\"1024\" src=\"https:\/\/www.rawoodfoundation.org\/wp-content\/uploads\/2026\/02\/2-1024x1024.png\" alt=\"\" class=\"wp-image-18704\" style=\"width:500px\" srcset=\"https:\/\/www.rawoodfoundation.org\/wp-content\/uploads\/2026\/02\/2-1024x1024.png 1024w, https:\/\/www.rawoodfoundation.org\/wp-content\/uploads\/2026\/02\/2-300x300.png 300w, https:\/\/www.rawoodfoundation.org\/wp-content\/uploads\/2026\/02\/2-150x150.png 150w, https:\/\/www.rawoodfoundation.org\/wp-content\/uploads\/2026\/02\/2-768x768.png 768w, https:\/\/www.rawoodfoundation.org\/wp-content\/uploads\/2026\/02\/2-12x12.png 12w, https:\/\/www.rawoodfoundation.org\/wp-content\/uploads\/2026\/02\/2-330x330.png 330w, https:\/\/www.rawoodfoundation.org\/wp-content\/uploads\/2026\/02\/2.png 1080w\" sizes=\"(max-width: 1024px) 100vw, 1024px\" \/><\/figure><\/div>\n\n\n<p>La Fundaci\u00f3n Raymond A. Wood es uno de los socios ben\u00e9ficos de la Marat\u00f3n de Filadelfia 2026. Esto incluye el marat\u00f3n completo, el medio marat\u00f3n y los 8 km.&nbsp;&nbsp;<\/p>\n\n\n\n<p>Nuestro equipo correr\u00e1 por los barrios m\u00e1s pintorescos e hist\u00f3ricos de Filadelfia, desde las calles llenas de historia de Old City hasta el Museo de Arte de Filadelfia.&nbsp;<\/p>\n\n\n\n<p>Nuestra misi\u00f3n con estas 3 emocionantes carreras es recaudar fondos para apoyar nuestra misi\u00f3n de mejorar la calidad de vida de los supervivientes de tumores cerebrales.&nbsp;&nbsp;<\/p>\n\n\n\n<p><strong>\u00a1\u00danete a nuestro equipo! <\/strong>Correo electr\u00f3nico <a href=\"mailto:development@rawoodfoundation.org\">development@rawoodfoundation.org<\/a> para asegurar su plaza.<\/p>\n\n\n\n<p><\/p>\n\n\n\n<p><\/p>\n\n\n\n<hr class=\"wp-block-separator has-alpha-channel-opacity\"\/>\n\n\n\n<h3 class=\"wp-block-heading has-text-align-center\"><strong>\u00bfListo para moverte con determinaci\u00f3n?<\/strong><\/h3>\n\n\n\n<p class=\"has-text-align-center\">Elige tu carrera, reclama tu plaza y convierte tus kil\u00f3metros en impulso para los supervivientes de todo el mundo. <\/p>\n\n\n<div class=\"wp-block-image\">\n<figure class=\"aligncenter size-full\"><img decoding=\"async\" width=\"360\" height=\"103\" src=\"https:\/\/www.rawoodfoundation.org\/wp-content\/uploads\/2026\/02\/moving-mission.png\" alt=\"\" class=\"wp-image-18709\" srcset=\"https:\/\/www.rawoodfoundation.org\/wp-content\/uploads\/2026\/02\/moving-mission.png 360w, https:\/\/www.rawoodfoundation.org\/wp-content\/uploads\/2026\/02\/moving-mission-300x86.png 300w, https:\/\/www.rawoodfoundation.org\/wp-content\/uploads\/2026\/02\/moving-mission-18x5.png 18w\" sizes=\"(max-width: 360px) 100vw, 360px\" \/><\/figure><\/div>\n\n<div class=\"gb-container gb-container-827fe11f\">\n\n<a class=\"gb-button gb-button-6a98a46a gb-button-text\" href=\"https:\/\/givebutter.com\/movingforRAWF\" target=\"_blank\" rel=\"noopener noreferrer\">\u00danete a nuestro equipo<\/a>\n\n<\/div>\n\n\n<p><\/p>","protected":false},"excerpt":{"rendered":"<p>Convierte tus kil\u00f3metros en significado corriendo o caminando en honor de los supervivientes de tumores cerebrales ... <a title=\"Moverse por una misi\u00f3n: Correr con determinaci\u00f3n\" class=\"read-more\" href=\"https:\/\/www.rawoodfoundation.org\/es\/movingforamission\/\" aria-label=\"Leer m\u00e1s sobre Moverse por una misi\u00f3n: Correr con prop\u00f3sito\">Seguir leyendo<\/a><\/p>","protected":false},"author":4,"featured_media":0,"parent":0,"menu_order":12,"comment_status":"closed","ping_status":"closed","template":"","meta":{"_acf_changed":false,"footnotes":""},"class_list":{"0":"post-12209","1":"page","2":"type-page","3":"status-publish","5":"no-featured-image-padding"},"acf":[],"yoast_head":"<!-- This site is optimized with the Yoast SEO plugin v25.0 - https:\/\/yoast.com\/wordpress\/plugins\/seo\/ -->\n<title>Moving for a Mission: Run with Purpose - Raymond A. Wood Foundation<\/title>\n<meta name=\"robots\" content=\"index, follow, max-snippet:-1, max-image-preview:large, max-video-preview:-1\" \/>\n<link rel=\"canonical\" href=\"https:\/\/www.rawoodfoundation.org\/es\/movingforamission\/\" \/>\n<meta property=\"og:locale\" content=\"es_MX\" \/>\n<meta property=\"og:type\" content=\"article\" \/>\n<meta property=\"og:title\" content=\"Moving for a Mission: Run with Purpose - Raymond A. Wood Foundation\" \/>\n<meta property=\"og:description\" content=\"Turn your miles into meaning by running or walking in honor of brain tumor survivors ... Read more\" \/>\n<meta property=\"og:url\" content=\"https:\/\/www.rawoodfoundation.org\/es\/movingforamission\/\" \/>\n<meta property=\"og:site_name\" content=\"Raymond A. Wood Foundation\" \/>\n<meta property=\"article:publisher\" content=\"https:\/\/www.facebook.com\/rawoodfoundation\" \/>\n<meta property=\"article:modified_time\" content=\"2026-02-19T15:37:53+00:00\" \/>\n<meta property=\"og:image\" content=\"https:\/\/www.rawoodfoundation.org\/wp-content\/uploads\/2025\/03\/John.png\" \/>\n\t<meta property=\"og:image:width\" content=\"1080\" \/>\n\t<meta property=\"og:image:height\" content=\"1080\" \/>\n\t<meta property=\"og:image:type\" content=\"image\/png\" \/>\n<meta name=\"twitter:card\" content=\"summary_large_image\" \/>\n<meta name=\"twitter:site\" content=\"@rawoodfound\" \/>\n<meta name=\"twitter:label1\" content=\"Tiempo de lectura\" \/>\n\t<meta name=\"twitter:data1\" content=\"4 minutos\" \/>\n<script type=\"application\/ld+json\" class=\"yoast-schema-graph\">{\"@context\":\"https:\/\/schema.org\",\"@graph\":[{\"@type\":\"WebPage\",\"@id\":\"https:\/\/www.rawoodfoundation.org\/movingforamission\/\",\"url\":\"https:\/\/www.rawoodfoundation.org\/movingforamission\/\",\"name\":\"Moving for a Mission: Run with Purpose - Raymond A. Wood Foundation\",\"isPartOf\":{\"@id\":\"https:\/\/www.rawoodfoundation.org\/#website\"},\"primaryImageOfPage\":{\"@id\":\"https:\/\/www.rawoodfoundation.org\/movingforamission\/#primaryimage\"},\"image\":{\"@id\":\"https:\/\/www.rawoodfoundation.org\/movingforamission\/#primaryimage\"},\"thumbnailUrl\":\"https:\/\/www.rawoodfoundation.org\/wp-content\/uploads\/2025\/03\/John-1024x1024.png\",\"datePublished\":\"2025-03-25T18:32:20+00:00\",\"dateModified\":\"2026-02-19T15:37:53+00:00\",\"breadcrumb\":{\"@id\":\"https:\/\/www.rawoodfoundation.org\/movingforamission\/#breadcrumb\"},\"inLanguage\":\"es\",\"potentialAction\":[{\"@type\":\"ReadAction\",\"target\":[\"https:\/\/www.rawoodfoundation.org\/movingforamission\/\"]}]},{\"@type\":\"ImageObject\",\"inLanguage\":\"es\",\"@id\":\"https:\/\/www.rawoodfoundation.org\/movingforamission\/#primaryimage\",\"url\":\"https:\/\/www.rawoodfoundation.org\/wp-content\/uploads\/2025\/03\/John-1024x1024.png\",\"contentUrl\":\"https:\/\/www.rawoodfoundation.org\/wp-content\/uploads\/2025\/03\/John-1024x1024.png\"},{\"@type\":\"BreadcrumbList\",\"@id\":\"https:\/\/www.rawoodfoundation.org\/movingforamission\/#breadcrumb\",\"itemListElement\":[{\"@type\":\"ListItem\",\"position\":1,\"name\":\"Home\",\"item\":\"https:\/\/www.rawoodfoundation.org\/\"},{\"@type\":\"ListItem\",\"position\":2,\"name\":\"Moving for a Mission: Run with Purpose\"}]},{\"@type\":\"WebSite\",\"@id\":\"https:\/\/www.rawoodfoundation.org\/#website\",\"url\":\"https:\/\/www.rawoodfoundation.org\/\",\"name\":\"Raymond A. Wood Foundation\",\"description\":\"The mission of the RAWF is to provide quality of life support for childhood brain tumor survivors and their families.\",\"publisher\":{\"@id\":\"https:\/\/www.rawoodfoundation.org\/#organization\"},\"potentialAction\":[{\"@type\":\"SearchAction\",\"target\":{\"@type\":\"EntryPoint\",\"urlTemplate\":\"https:\/\/www.rawoodfoundation.org\/?s={search_term_string}\"},\"query-input\":{\"@type\":\"PropertyValueSpecification\",\"valueRequired\":true,\"valueName\":\"search_term_string\"}}],\"inLanguage\":\"es\"},{\"@type\":\"Organization\",\"@id\":\"https:\/\/www.rawoodfoundation.org\/#organization\",\"name\":\"Raymond A. Wood Foundation\",\"url\":\"https:\/\/www.rawoodfoundation.org\/\",\"logo\":{\"@type\":\"ImageObject\",\"inLanguage\":\"es\",\"@id\":\"https:\/\/www.rawoodfoundation.org\/#\/schema\/logo\/image\/\",\"url\":\"https:\/\/www.rawoodfoundation.org\/wp-content\/uploads\/2023\/07\/Raymond-A-Wood-Foundation-logo.webp\",\"contentUrl\":\"https:\/\/www.rawoodfoundation.org\/wp-content\/uploads\/2023\/07\/Raymond-A-Wood-Foundation-logo.webp\",\"width\":470,\"height\":128,\"caption\":\"Raymond A. Wood Foundation\"},\"image\":{\"@id\":\"https:\/\/www.rawoodfoundation.org\/#\/schema\/logo\/image\/\"},\"sameAs\":[\"https:\/\/www.facebook.com\/rawoodfoundation\",\"https:\/\/x.com\/rawoodfound\"]}]}<\/script>\n<!-- \/ Yoast SEO plugin. -->","yoast_head_json":{"title":"Moving for a Mission: Run with Purpose - Raymond A. Wood Foundation","robots":{"index":"index","follow":"follow","max-snippet":"max-snippet:-1","max-image-preview":"max-image-preview:large","max-video-preview":"max-video-preview:-1"},"canonical":"https:\/\/www.rawoodfoundation.org\/es\/movingforamission\/","og_locale":"es_MX","og_type":"article","og_title":"Moving for a Mission: Run with Purpose - Raymond A. Wood Foundation","og_description":"Turn your miles into meaning by running or walking in honor of brain tumor survivors ... Read more","og_url":"https:\/\/www.rawoodfoundation.org\/es\/movingforamission\/","og_site_name":"Raymond A. Wood Foundation","article_publisher":"https:\/\/www.facebook.com\/rawoodfoundation","article_modified_time":"2026-02-19T15:37:53+00:00","og_image":[{"width":1080,"height":1080,"url":"https:\/\/www.rawoodfoundation.org\/wp-content\/uploads\/2025\/03\/John.png","type":"image\/png"}],"twitter_card":"summary_large_image","twitter_site":"@rawoodfound","twitter_misc":{"Tiempo de lectura":"4 minutos"},"schema":{"@context":"https:\/\/schema.org","@graph":[{"@type":"WebPage","@id":"https:\/\/www.rawoodfoundation.org\/movingforamission\/","url":"https:\/\/www.rawoodfoundation.org\/movingforamission\/","name":"Moving for a Mission: Run with Purpose - Raymond A. Wood Foundation","isPartOf":{"@id":"https:\/\/www.rawoodfoundation.org\/#website"},"primaryImageOfPage":{"@id":"https:\/\/www.rawoodfoundation.org\/movingforamission\/#primaryimage"},"image":{"@id":"https:\/\/www.rawoodfoundation.org\/movingforamission\/#primaryimage"},"thumbnailUrl":"https:\/\/www.rawoodfoundation.org\/wp-content\/uploads\/2025\/03\/John-1024x1024.png","datePublished":"2025-03-25T18:32:20+00:00","dateModified":"2026-02-19T15:37:53+00:00","breadcrumb":{"@id":"https:\/\/www.rawoodfoundation.org\/movingforamission\/#breadcrumb"},"inLanguage":"es","potentialAction":[{"@type":"ReadAction","target":["https:\/\/www.rawoodfoundation.org\/movingforamission\/"]}]},{"@type":"ImageObject","inLanguage":"es","@id":"https:\/\/www.rawoodfoundation.org\/movingforamission\/#primaryimage","url":"https:\/\/www.rawoodfoundation.org\/wp-content\/uploads\/2025\/03\/John-1024x1024.png","contentUrl":"https:\/\/www.rawoodfoundation.org\/wp-content\/uploads\/2025\/03\/John-1024x1024.png"},{"@type":"BreadcrumbList","@id":"https:\/\/www.rawoodfoundation.org\/movingforamission\/#breadcrumb","itemListElement":[{"@type":"ListItem","position":1,"name":"Home","item":"https:\/\/www.rawoodfoundation.org\/"},{"@type":"ListItem","position":2,"name":"Moving for a Mission: Run with Purpose"}]},{"@type":"WebSite","@id":"https:\/\/www.rawoodfoundation.org\/#website","url":"https:\/\/www.rawoodfoundation.org\/","name":"Raymond A. Wood Foundation","description":"The mission of the RAWF is to provide quality of life support for childhood brain tumor survivors and their families.","publisher":{"@id":"https:\/\/www.rawoodfoundation.org\/#organization"},"potentialAction":[{"@type":"SearchAction","target":{"@type":"EntryPoint","urlTemplate":"https:\/\/www.rawoodfoundation.org\/?s={search_term_string}"},"query-input":{"@type":"PropertyValueSpecification","valueRequired":true,"valueName":"search_term_string"}}],"inLanguage":"es"},{"@type":"Organization","@id":"https:\/\/www.rawoodfoundation.org\/#organization","name":"Raymond A. Wood Foundation","url":"https:\/\/www.rawoodfoundation.org\/","logo":{"@type":"ImageObject","inLanguage":"es","@id":"https:\/\/www.rawoodfoundation.org\/#\/schema\/logo\/image\/","url":"https:\/\/www.rawoodfoundation.org\/wp-content\/uploads\/2023\/07\/Raymond-A-Wood-Foundation-logo.webp","contentUrl":"https:\/\/www.rawoodfoundation.org\/wp-content\/uploads\/2023\/07\/Raymond-A-Wood-Foundation-logo.webp","width":470,"height":128,"caption":"Raymond A. Wood Foundation"},"image":{"@id":"https:\/\/www.rawoodfoundation.org\/#\/schema\/logo\/image\/"},"sameAs":["https:\/\/www.facebook.com\/rawoodfoundation","https:\/\/x.com\/rawoodfound"]}]}},"_links":{"self":[{"href":"https:\/\/www.rawoodfoundation.org\/es\/wp-json\/wp\/v2\/pages\/12209","targetHints":{"allow":["GET"]}}],"collection":[{"href":"https:\/\/www.rawoodfoundation.org\/es\/wp-json\/wp\/v2\/pages"}],"about":[{"href":"https:\/\/www.rawoodfoundation.org\/es\/wp-json\/wp\/v2\/types\/page"}],"author":[{"embeddable":true,"href":"https:\/\/www.rawoodfoundation.org\/es\/wp-json\/wp\/v2\/users\/4"}],"replies":[{"embeddable":true,"href":"https:\/\/www.rawoodfoundation.org\/es\/wp-json\/wp\/v2\/comments?post=12209"}],"version-history":[{"count":9,"href":"https:\/\/www.rawoodfoundation.org\/es\/wp-json\/wp\/v2\/pages\/12209\/revisions"}],"predecessor-version":[{"id":18722,"href":"https:\/\/www.rawoodfoundation.org\/es\/wp-json\/wp\/v2\/pages\/12209\/revisions\/18722"}],"wp:attachment":[{"href":"https:\/\/www.rawoodfoundation.org\/es\/wp-json\/wp\/v2\/media?parent=12209"}],"curies":[{"name":"wp","href":"https:\/\/api.w.org\/{rel}","templated":true}]}}