{"id":11313,"date":"2025-01-26T15:56:26","date_gmt":"2025-01-26T15:56:26","guid":{"rendered":"https:\/\/www.rawoodfoundation.org\/?page_id=11313"},"modified":"2025-04-03T18:40:53","modified_gmt":"2025-04-03T18:40:53","slug":"embajador","status":"publish","type":"page","link":"https:\/\/www.rawoodfoundation.org\/es\/ambassador\/","title":{"rendered":"Programa de Embajadores de la Fundaci\u00f3n Raymond A. Wood"},"content":{"rendered":"<h2 class=\"wp-block-heading\">Convi\u00e9rtase en defensor de las familias con tumores cerebrales raros<\/h2>\n\n\n\n<p>El Programa de Embajadores de la Fundaci\u00f3n Raymond A. Wood permite a personas apasionadas marcar la diferencia en las vidas de las personas afectadas por tumores cerebrales hipotal\u00e1mico-hipofisarios. Como embajador, se unir\u00e1 a una comunidad dedicada de defensores que crean conciencia, comparten recursos e inspiran a la acci\u00f3n en apoyo de nuestra misi\u00f3n.<\/p>\n\n\n\n<h3 class=\"wp-block-heading\">\u00bfQu\u00e9 es el Programa de Embajadores?<\/h3>\n\n\n\n<p>El Programa de Embajadores es una iniciativa impulsada por voluntarios dise\u00f1ada para ampliar el alcance y el impacto de la Raymond A. Wood Foundation. Los embajadores son partidarios entusiastas que:<\/p>\n\n\n\n<ul class=\"wp-block-list\">\n<li>Actuar como representantes de la Fundaci\u00f3n en sus comunidades.<\/li>\n\n\n\n<li>Comparta nuestra misi\u00f3n, programas y recursos con las familias afectadas por tumores cerebrales raros.<\/li>\n\n\n\n<li>Organizar actos locales y recaudar fondos para apoyar nuestras iniciativas.<\/li>\n\n\n\n<li>Promover la concienciaci\u00f3n y la educaci\u00f3n sobre los retos espec\u00edficos a los que se enfrentan supervivientes y cuidadores.<\/li>\n<\/ul>\n\n\n\n<p>Los embajadores son el coraz\u00f3n de nuestro movimiento de base y ayudan a tender puentes entre nuestra fundaci\u00f3n y las personas a las que servimos en todo el mundo. Juntos podemos crear una red de apoyo, esperanza y empoderamiento.<\/p>\n\n\n\n<h3 class=\"wp-block-heading\">\u00bfPor qu\u00e9 ser embajador?<\/h3>\n\n\n\n<p>Al convertirte en embajador, lo har\u00e1s:<\/p>\n\n\n\n<ul class=\"wp-block-list\">\n<li>Desempe\u00f1ar un papel activo en el apoyo a supervivientes, cuidadores y familias en duelo.<\/li>\n\n\n\n<li>Adquirir una valiosa experiencia en promoci\u00f3n, divulgaci\u00f3n y planificaci\u00f3n de eventos.<\/li>\n\n\n\n<li>Establecer v\u00ednculos significativos con personas de ideas afines.<\/li>\n\n\n\n<li>Reciba formaci\u00f3n y recursos exclusivos de la Fundaci\u00f3n.<\/li>\n\n\n\n<li>Tenga un impacto duradero en su comunidad.<\/li>\n<\/ul>\n\n\n\n<h3 class=\"wp-block-heading\">C\u00f3mo participar<\/h3>\n\n\n\n<p>Empezar a trabajar como embajador es muy f\u00e1cil. A continuaci\u00f3n te explicamos c\u00f3mo puedes unirte:<\/p>\n\n\n\n<ol start=\"1\" class=\"wp-block-list\">\n<li><strong>Inscribirse<\/strong>: Complete nuestro Programa de Embajadores <a href=\"https:\/\/www.surveymonkey.com\/r\/TVSL2QR\"><strong>formulario de solicitud<\/strong><\/a>.<\/li>\n\n\n\n<li><strong>Asistir a la formaci\u00f3n<\/strong>: Participe en una sesi\u00f3n de orientaci\u00f3n virtual para conocer nuestra misi\u00f3n, recursos y su papel como embajador.<\/li>\n\n\n\n<li><strong>Empezar a abogar<\/strong>: Empieza a concienciar, organizar actos y compartir nuestro mensaje en tu comunidad.<\/li>\n\n\n\n<li><strong>Mantente conectado<\/strong>: \u00danase a las convocatorias de nuestro Programa de Embajadores para intercambiar ideas, compartir \u00e9xitos y recibir informaci\u00f3n actualizada de la Fundaci\u00f3n.<\/li>\n<\/ol>\n\n\n\n<h3 class=\"wp-block-heading has-text-align-left\">Conozca a nuestros embajadores<\/h3>\n\n\n\n<figure class=\"wp-block-image size-medium is-resized is-style-default\"><img decoding=\"async\" width=\"300\" height=\"300\" src=\"https:\/\/www.rawoodfoundation.org\/wp-content\/uploads\/2025\/03\/Amy-Mathies-300x300.png\" alt=\"Amy Mathies\" class=\"wp-image-12124\" style=\"width:234px;height:auto\" srcset=\"https:\/\/www.rawoodfoundation.org\/wp-content\/uploads\/2025\/03\/Amy-Mathies-300x300.png 300w, https:\/\/www.rawoodfoundation.org\/wp-content\/uploads\/2025\/03\/Amy-Mathies-150x150.png 150w, https:\/\/www.rawoodfoundation.org\/wp-content\/uploads\/2025\/03\/Amy-Mathies-12x12.png 12w, https:\/\/www.rawoodfoundation.org\/wp-content\/uploads\/2025\/03\/Amy-Mathies-330x330.png 330w, https:\/\/www.rawoodfoundation.org\/wp-content\/uploads\/2025\/03\/Amy-Mathies.png 400w\" sizes=\"(max-width: 300px) 100vw, 300px\" \/><\/figure>\n\n\n\n<a class=\"gb-button gb-button-bd971fd5 gb-button-text\" href=\"https:\/\/www.rawoodfoundation.org\/es\/miembro\/amy-tomita-mathies-ph-d\/\">Amy Tomita-Mathies, PhD; Cuidadora | Jap\u00f3n<\/a>\n\n\n\n<p><\/p>\n\n\n\n<p><\/p>\n\n\n\n<h3 class=\"wp-block-heading\">Marca la diferencia<\/h3>\n\n\n\n<p>Nuestros embajadores marcan la diferencia. Desde la venta de pasteles hasta la organizaci\u00f3n de marchas de concienciaci\u00f3n, nuestros voluntarios encuentran formas creativas de apoyar a la Fundaci\u00f3n Raymond A. Wood. <\/p>\n\n\n\n<figure class=\"wp-block-image size-large is-style-default\"><img decoding=\"async\" width=\"1024\" height=\"768\" src=\"https:\/\/www.rawoodfoundation.org\/wp-content\/uploads\/2025\/01\/IMG_2055-web-1024x768.jpg\" alt=\"\" class=\"wp-image-11323\" srcset=\"https:\/\/www.rawoodfoundation.org\/wp-content\/uploads\/2025\/01\/IMG_2055-web-1024x768.jpg 1024w, https:\/\/www.rawoodfoundation.org\/wp-content\/uploads\/2025\/01\/IMG_2055-web-300x225.jpg 300w, https:\/\/www.rawoodfoundation.org\/wp-content\/uploads\/2025\/01\/IMG_2055-web-768x576.jpg 768w, https:\/\/www.rawoodfoundation.org\/wp-content\/uploads\/2025\/01\/IMG_2055-web-16x12.jpg 16w, https:\/\/www.rawoodfoundation.org\/wp-content\/uploads\/2025\/01\/IMG_2055-web.jpg 1500w\" sizes=\"(max-width: 1024px) 100vw, 1024px\" \/><\/figure>\n\n\n\n<div style=\"height:47px\" aria-hidden=\"true\" class=\"wp-block-spacer\"><\/div>\n\n\n\n<h3 class=\"wp-block-heading\"><strong>\u00danete a nosotros<\/strong><\/h3>\n\n\n\n<p>\u00bfEst\u00e1 preparado para ser la voz de los supervivientes de tumores cerebrales raros? Inscr\u00edbase en el Programa de Embajadores de la Fundaci\u00f3n Raymond A. Wood y empiece a dejar huella hoy mismo. Juntos podemos ofrecer esperanza, recursos y un futuro mejor a los supervivientes y sus familias.  Si desea m\u00e1s informaci\u00f3n, env\u00ede un correo electr\u00f3nico a outreach@rawoodfoundation.org. <\/p>\n\n\n<div class=\"gb-container gb-container-0dcf6f0e\">\n<div class=\"gb-container gb-container-1a7690db\">\n<div class=\"gb-container gb-container-14d73a5c\">\n\n<a class=\"gb-button gb-button-add8556f gb-button-text\" href=\"https:\/\/www.surveymonkey.com\/r\/TVSL2QR\">Convi\u00e9rtete en embajador<\/a>\n\n<\/div>\n<\/div>\n<\/div>\n\n\n<p><\/p>","protected":false},"excerpt":{"rendered":"<p>Convi\u00e9rtase en un defensor de las familias con tumores cerebrales raros El Programa de Embajadores de la Fundaci\u00f3n Raymond A. Wood ... <a title=\"Programa de Embajadores de la Fundaci\u00f3n Raymond A. Wood\" class=\"read-more\" href=\"https:\/\/www.rawoodfoundation.org\/es\/ambassador\/\" aria-label=\"Leer m\u00e1s sobre Programa de Embajadores de la Fundaci\u00f3n Raymond A. Wood\">Seguir leyendo<\/a><\/p>","protected":false},"author":4,"featured_media":11323,"parent":0,"menu_order":17,"comment_status":"closed","ping_status":"closed","template":"","meta":{"_acf_changed":false,"footnotes":""},"class_list":{"0":"post-11313","1":"page","2":"type-page","3":"status-publish","4":"has-post-thumbnail","6":"no-featured-image-padding"},"acf":[],"yoast_head":"<!-- This site is optimized with the Yoast SEO plugin v27.3 - https:\/\/yoast.com\/product\/yoast-seo-wordpress\/ -->\n<title>Raymond A. Wood Foundation&#039;s Ambassador Program - Raymond A. Wood Foundation<\/title>\n<meta name=\"robots\" content=\"index, follow, max-snippet:-1, max-image-preview:large, max-video-preview:-1\" \/>\n<link rel=\"canonical\" href=\"https:\/\/www.rawoodfoundation.org\/es\/embajador\/\" \/>\n<meta property=\"og:locale\" content=\"es_MX\" \/>\n<meta property=\"og:type\" content=\"article\" \/>\n<meta property=\"og:title\" content=\"Raymond A. Wood Foundation&#039;s Ambassador Program - Raymond A. Wood Foundation\" \/>\n<meta property=\"og:description\" content=\"Become a Champion for Rare Brain Tumor Families The Raymond A. Wood Foundation\u2019s Ambassador Program ... Read more\" \/>\n<meta property=\"og:url\" content=\"https:\/\/www.rawoodfoundation.org\/es\/embajador\/\" \/>\n<meta property=\"og:site_name\" content=\"Raymond A. Wood Foundation\" \/>\n<meta property=\"article:publisher\" content=\"https:\/\/www.facebook.com\/rawoodfoundation\" \/>\n<meta property=\"article:modified_time\" content=\"2025-04-03T18:40:53+00:00\" \/>\n<meta property=\"og:image\" content=\"https:\/\/www.rawoodfoundation.org\/wp-content\/uploads\/2025\/01\/IMG_2055-web.jpg\" \/>\n\t<meta property=\"og:image:width\" content=\"1500\" \/>\n\t<meta property=\"og:image:height\" content=\"1125\" \/>\n\t<meta property=\"og:image:type\" content=\"image\/jpeg\" \/>\n<meta name=\"twitter:card\" content=\"summary_large_image\" \/>\n<meta name=\"twitter:site\" content=\"@rawoodfound\" \/>\n<meta name=\"twitter:label1\" content=\"Tiempo de lectura\" \/>\n\t<meta name=\"twitter:data1\" content=\"3 minutos\" \/>\n<script type=\"application\/ld+json\" class=\"yoast-schema-graph\">{\"@context\":\"https:\\\/\\\/schema.org\",\"@graph\":[{\"@type\":\"WebPage\",\"@id\":\"https:\\\/\\\/www.rawoodfoundation.org\\\/ambassador\\\/\",\"url\":\"https:\\\/\\\/www.rawoodfoundation.org\\\/ambassador\\\/\",\"name\":\"Raymond A. Wood Foundation's Ambassador Program - Raymond A. Wood Foundation\",\"isPartOf\":{\"@id\":\"https:\\\/\\\/www.rawoodfoundation.org\\\/#website\"},\"primaryImageOfPage\":{\"@id\":\"https:\\\/\\\/www.rawoodfoundation.org\\\/ambassador\\\/#primaryimage\"},\"image\":{\"@id\":\"https:\\\/\\\/www.rawoodfoundation.org\\\/ambassador\\\/#primaryimage\"},\"thumbnailUrl\":\"https:\\\/\\\/www.rawoodfoundation.org\\\/wp-content\\\/uploads\\\/2025\\\/01\\\/IMG_2055-web.jpg\",\"datePublished\":\"2025-01-26T15:56:26+00:00\",\"dateModified\":\"2025-04-03T18:40:53+00:00\",\"breadcrumb\":{\"@id\":\"https:\\\/\\\/www.rawoodfoundation.org\\\/ambassador\\\/#breadcrumb\"},\"inLanguage\":\"es\",\"potentialAction\":[{\"@type\":\"ReadAction\",\"target\":[\"https:\\\/\\\/www.rawoodfoundation.org\\\/ambassador\\\/\"]}]},{\"@type\":\"ImageObject\",\"inLanguage\":\"es\",\"@id\":\"https:\\\/\\\/www.rawoodfoundation.org\\\/ambassador\\\/#primaryimage\",\"url\":\"https:\\\/\\\/www.rawoodfoundation.org\\\/wp-content\\\/uploads\\\/2025\\\/01\\\/IMG_2055-web.jpg\",\"contentUrl\":\"https:\\\/\\\/www.rawoodfoundation.org\\\/wp-content\\\/uploads\\\/2025\\\/01\\\/IMG_2055-web.jpg\",\"width\":1500,\"height\":1125},{\"@type\":\"BreadcrumbList\",\"@id\":\"https:\\\/\\\/www.rawoodfoundation.org\\\/ambassador\\\/#breadcrumb\",\"itemListElement\":[{\"@type\":\"ListItem\",\"position\":1,\"name\":\"Home\",\"item\":\"https:\\\/\\\/www.rawoodfoundation.org\\\/\"},{\"@type\":\"ListItem\",\"position\":2,\"name\":\"Raymond A. Wood Foundation&#8217;s Ambassador Program\"}]},{\"@type\":\"WebSite\",\"@id\":\"https:\\\/\\\/www.rawoodfoundation.org\\\/#website\",\"url\":\"https:\\\/\\\/www.rawoodfoundation.org\\\/\",\"name\":\"Raymond A. Wood Foundation\",\"description\":\"The mission of the RAWF is to provide quality of life support for childhood brain tumor survivors and their families.\",\"publisher\":{\"@id\":\"https:\\\/\\\/www.rawoodfoundation.org\\\/#organization\"},\"potentialAction\":[{\"@type\":\"SearchAction\",\"target\":{\"@type\":\"EntryPoint\",\"urlTemplate\":\"https:\\\/\\\/www.rawoodfoundation.org\\\/?s={search_term_string}\"},\"query-input\":{\"@type\":\"PropertyValueSpecification\",\"valueRequired\":true,\"valueName\":\"search_term_string\"}}],\"inLanguage\":\"es\"},{\"@type\":\"Organization\",\"@id\":\"https:\\\/\\\/www.rawoodfoundation.org\\\/#organization\",\"name\":\"Raymond A. Wood Foundation\",\"url\":\"https:\\\/\\\/www.rawoodfoundation.org\\\/\",\"logo\":{\"@type\":\"ImageObject\",\"inLanguage\":\"es\",\"@id\":\"https:\\\/\\\/www.rawoodfoundation.org\\\/#\\\/schema\\\/logo\\\/image\\\/\",\"url\":\"https:\\\/\\\/www.rawoodfoundation.org\\\/wp-content\\\/uploads\\\/2023\\\/07\\\/Raymond-A-Wood-Foundation-logo.webp\",\"contentUrl\":\"https:\\\/\\\/www.rawoodfoundation.org\\\/wp-content\\\/uploads\\\/2023\\\/07\\\/Raymond-A-Wood-Foundation-logo.webp\",\"width\":470,\"height\":128,\"caption\":\"Raymond A. Wood Foundation\"},\"image\":{\"@id\":\"https:\\\/\\\/www.rawoodfoundation.org\\\/#\\\/schema\\\/logo\\\/image\\\/\"},\"sameAs\":[\"https:\\\/\\\/www.facebook.com\\\/rawoodfoundation\",\"https:\\\/\\\/x.com\\\/rawoodfound\"]}]}<\/script>\n<!-- \/ Yoast SEO plugin. -->","yoast_head_json":{"title":"Programa de Embajadores de la Fundaci\u00f3n Raymond A. Wood - Fundaci\u00f3n Raymond A. Wood","robots":{"index":"index","follow":"follow","max-snippet":"max-snippet:-1","max-image-preview":"max-image-preview:large","max-video-preview":"max-video-preview:-1"},"canonical":"https:\/\/www.rawoodfoundation.org\/es\/embajador\/","og_locale":"es_MX","og_type":"article","og_title":"Raymond A. Wood Foundation's Ambassador Program - Raymond A. Wood Foundation","og_description":"Become a Champion for Rare Brain Tumor Families The Raymond A. Wood Foundation\u2019s Ambassador Program ... Read more","og_url":"https:\/\/www.rawoodfoundation.org\/es\/embajador\/","og_site_name":"Raymond A. Wood Foundation","article_publisher":"https:\/\/www.facebook.com\/rawoodfoundation","article_modified_time":"2025-04-03T18:40:53+00:00","og_image":[{"width":1500,"height":1125,"url":"https:\/\/www.rawoodfoundation.org\/wp-content\/uploads\/2025\/01\/IMG_2055-web.jpg","type":"image\/jpeg"}],"twitter_card":"summary_large_image","twitter_site":"@rawoodfound","twitter_misc":{"Tiempo de lectura":"3 minutos"},"schema":{"@context":"https:\/\/schema.org","@graph":[{"@type":"WebPage","@id":"https:\/\/www.rawoodfoundation.org\/ambassador\/","url":"https:\/\/www.rawoodfoundation.org\/ambassador\/","name":"Programa de Embajadores de la Fundaci\u00f3n Raymond A. Wood - Fundaci\u00f3n Raymond A. Wood","isPartOf":{"@id":"https:\/\/www.rawoodfoundation.org\/#website"},"primaryImageOfPage":{"@id":"https:\/\/www.rawoodfoundation.org\/ambassador\/#primaryimage"},"image":{"@id":"https:\/\/www.rawoodfoundation.org\/ambassador\/#primaryimage"},"thumbnailUrl":"https:\/\/www.rawoodfoundation.org\/wp-content\/uploads\/2025\/01\/IMG_2055-web.jpg","datePublished":"2025-01-26T15:56:26+00:00","dateModified":"2025-04-03T18:40:53+00:00","breadcrumb":{"@id":"https:\/\/www.rawoodfoundation.org\/ambassador\/#breadcrumb"},"inLanguage":"es","potentialAction":[{"@type":"ReadAction","target":["https:\/\/www.rawoodfoundation.org\/ambassador\/"]}]},{"@type":"ImageObject","inLanguage":"es","@id":"https:\/\/www.rawoodfoundation.org\/ambassador\/#primaryimage","url":"https:\/\/www.rawoodfoundation.org\/wp-content\/uploads\/2025\/01\/IMG_2055-web.jpg","contentUrl":"https:\/\/www.rawoodfoundation.org\/wp-content\/uploads\/2025\/01\/IMG_2055-web.jpg","width":1500,"height":1125},{"@type":"BreadcrumbList","@id":"https:\/\/www.rawoodfoundation.org\/ambassador\/#breadcrumb","itemListElement":[{"@type":"ListItem","position":1,"name":"Home","item":"https:\/\/www.rawoodfoundation.org\/"},{"@type":"ListItem","position":2,"name":"Raymond A. Wood Foundation&#8217;s Ambassador Program"}]},{"@type":"WebSite","@id":"https:\/\/www.rawoodfoundation.org\/#website","url":"https:\/\/www.rawoodfoundation.org\/","name":"Fundaci\u00f3n Raymond A. Wood","description":"La misi\u00f3n de la RAWF es proporcionar apoyo a la calidad de vida de los supervivientes de tumores cerebrales infantiles y sus familias.","publisher":{"@id":"https:\/\/www.rawoodfoundation.org\/#organization"},"potentialAction":[{"@type":"SearchAction","target":{"@type":"EntryPoint","urlTemplate":"https:\/\/www.rawoodfoundation.org\/?s={search_term_string}"},"query-input":{"@type":"PropertyValueSpecification","valueRequired":true,"valueName":"search_term_string"}}],"inLanguage":"es"},{"@type":"Organization","@id":"https:\/\/www.rawoodfoundation.org\/#organization","name":"Fundaci\u00f3n Raymond A. Wood","url":"https:\/\/www.rawoodfoundation.org\/","logo":{"@type":"ImageObject","inLanguage":"es","@id":"https:\/\/www.rawoodfoundation.org\/#\/schema\/logo\/image\/","url":"https:\/\/www.rawoodfoundation.org\/wp-content\/uploads\/2023\/07\/Raymond-A-Wood-Foundation-logo.webp","contentUrl":"https:\/\/www.rawoodfoundation.org\/wp-content\/uploads\/2023\/07\/Raymond-A-Wood-Foundation-logo.webp","width":470,"height":128,"caption":"Raymond A. Wood Foundation"},"image":{"@id":"https:\/\/www.rawoodfoundation.org\/#\/schema\/logo\/image\/"},"sameAs":["https:\/\/www.facebook.com\/rawoodfoundation","https:\/\/x.com\/rawoodfound"]}]}},"_links":{"self":[{"href":"https:\/\/www.rawoodfoundation.org\/es\/wp-json\/wp\/v2\/pages\/11313","targetHints":{"allow":["GET"]}}],"collection":[{"href":"https:\/\/www.rawoodfoundation.org\/es\/wp-json\/wp\/v2\/pages"}],"about":[{"href":"https:\/\/www.rawoodfoundation.org\/es\/wp-json\/wp\/v2\/types\/page"}],"author":[{"embeddable":true,"href":"https:\/\/www.rawoodfoundation.org\/es\/wp-json\/wp\/v2\/users\/4"}],"replies":[{"embeddable":true,"href":"https:\/\/www.rawoodfoundation.org\/es\/wp-json\/wp\/v2\/comments?post=11313"}],"version-history":[{"count":15,"href":"https:\/\/www.rawoodfoundation.org\/es\/wp-json\/wp\/v2\/pages\/11313\/revisions"}],"predecessor-version":[{"id":12131,"href":"https:\/\/www.rawoodfoundation.org\/es\/wp-json\/wp\/v2\/pages\/11313\/revisions\/12131"}],"wp:featuredmedia":[{"embeddable":true,"href":"https:\/\/www.rawoodfoundation.org\/es\/wp-json\/wp\/v2\/media\/11323"}],"wp:attachment":[{"href":"https:\/\/www.rawoodfoundation.org\/es\/wp-json\/wp\/v2\/media?parent=11313"}],"curies":[{"name":"wp","href":"https:\/\/api.w.org\/{rel}","templated":true}]}}