{"id":11292,"date":"2025-01-26T15:55:42","date_gmt":"2025-01-26T15:55:42","guid":{"rendered":"https:\/\/www.rawoodfoundation.org\/?page_id=11292"},"modified":"2025-03-13T19:48:01","modified_gmt":"2025-03-13T19:48:01","slug":"conectar-a-cuidadores-y-supervivientes-acceder-a-recursos-vitales-con-unite-us","status":"publish","type":"page","link":"https:\/\/www.rawoodfoundation.org\/es\/connecting-caregivers-and-survivors-access-vital-resources-with-unite-us\/","title":{"rendered":"Unidos: conectando a cuidadores y supervivientes"},"content":{"rendered":"<h2 class=\"wp-block-heading\">Acceda a recursos vitales con Unidos<\/h2>\n\n\n\n<p><\/p>\n\n\n\n<p>La Fundaci\u00f3n Raymond A. Wood se complace en anunciar su asociaci\u00f3n con la Red de Servicios Sociales de Neurolog\u00eda (NSSN). Esta colaboraci\u00f3n nos permite mejorar la gama de recursos y servicios disponibles para los pacientes y las familias afectados por tumores cerebrales hipotal\u00e1mico-hipofisarios, garantizando que tengan acceso al apoyo que necesitan.<\/p>\n\n\n\n<figure class=\"wp-block-image size-large\"><img decoding=\"async\" width=\"1024\" height=\"1024\" src=\"https:\/\/www.rawoodfoundation.org\/wp-content\/uploads\/2025\/01\/Partnership-Announcement-RAWF-NSSN-1024x1024.jpg\" alt=\"\" class=\"wp-image-11295\" srcset=\"https:\/\/www.rawoodfoundation.org\/wp-content\/uploads\/2025\/01\/Partnership-Announcement-RAWF-NSSN-1024x1024.jpg 1024w, https:\/\/www.rawoodfoundation.org\/wp-content\/uploads\/2025\/01\/Partnership-Announcement-RAWF-NSSN-300x300.jpg 300w, https:\/\/www.rawoodfoundation.org\/wp-content\/uploads\/2025\/01\/Partnership-Announcement-RAWF-NSSN-150x150.jpg 150w, https:\/\/www.rawoodfoundation.org\/wp-content\/uploads\/2025\/01\/Partnership-Announcement-RAWF-NSSN-768x768.jpg 768w, https:\/\/www.rawoodfoundation.org\/wp-content\/uploads\/2025\/01\/Partnership-Announcement-RAWF-NSSN-12x12.jpg 12w, https:\/\/www.rawoodfoundation.org\/wp-content\/uploads\/2025\/01\/Partnership-Announcement-RAWF-NSSN-330x330.jpg 330w, https:\/\/www.rawoodfoundation.org\/wp-content\/uploads\/2025\/01\/Partnership-Announcement-RAWF-NSSN.jpg 1080w\" sizes=\"(max-width: 1024px) 100vw, 1024px\" \/><\/figure>\n\n\n\n<h3 class=\"wp-block-heading\"><strong>\u00bfQu\u00e9 es la Red de Servicios Sociales de Neurolog\u00eda?<\/strong><\/h3>\n\n\n\n<p>La Red de Servicios Sociales de Neurolog\u00eda es una iniciativa nacional cuyo objetivo es conectar a los pacientes de neurolog\u00eda y a sus cuidadores con servicios sociales vitales. Al vincular a los proveedores de atenci\u00f3n sanitaria, las organizaciones comunitarias y las redes de apoyo social, la NSSN garantiza que las personas reciban la atenci\u00f3n y la asistencia necesarias para afrontar con eficacia sus retos m\u00e9dicos y personales.<\/p>\n\n\n\n<h3 class=\"wp-block-heading\"><strong>\u00bfQu\u00e9 es Unidos?<\/strong><\/h3>\n\n\n\n<p>Unite Us es una plataforma tecnol\u00f3gica segura y de vanguardia que impulsa la Red de Servicios Sociales de Neurolog\u00eda. Esta plataforma facilita una coordinaci\u00f3n perfecta entre los proveedores de asistencia sanitaria y las organizaciones de servicios sociales, agilizando el acceso a servicios esenciales para pacientes y familias. Con Unite Us, las personas pueden navegar por sistemas complejos con facilidad, asegur\u00e1ndose de que sus necesidades se satisfacen de manera eficiente e integral.<\/p>\n\n\n\n<h3 class=\"wp-block-heading\"><strong>Servicios disponibles a trav\u00e9s de Unidos<\/strong><\/h3>\n\n\n\n<p>Al unirse a la Red de Servicios Sociales de Neurolog\u00eda, la Fundaci\u00f3n Raymond A. Wood puede ahora ayudar a pacientes y familiares a acceder a una amplia gama de servicios, entre los que se incluyen:<\/p>\n\n\n\n<ul class=\"wp-block-list\">\n<li>Navegaci\u00f3n sanitaria y de seguros<\/li>\n\n\n\n<li>Salud mental y apoyo psicol\u00f3gico<\/li>\n\n\n\n<li>Ayudas para vivienda y servicios p\u00fablicos<\/li>\n\n\n\n<li>Programas de alimentaci\u00f3n y nutrici\u00f3n<\/li>\n\n\n\n<li>Recursos para el empleo y el desarrollo de la mano de obra<\/li>\n\n\n\n<li>Asistencia al transporte<\/li>\n<\/ul>\n\n\n\n<h3 class=\"wp-block-heading\">C\u00f3mo solicitar servicios<\/h3>\n\n\n\n<p>Si usted o un ser querido necesitan ayuda, el proceso para acceder a los servicios es sencillo y f\u00e1cil de usar. Rellene el siguiente formulario para solicitar servicios.<\/p>\n\n\n\n<p><strong>Si desea m\u00e1s informaci\u00f3n, no dude en ponerse en contacto con nosotros enviando un correo electr\u00f3nico a outreach@rawoodfoundation.org.<\/strong><\/p>\n\n\n\n<p><\/p>\n\n\n\n<div id=\"uu-container\" style=\"height:2200px; min-height:1000px\"><\/div>\n<script type=\"text\/javascript\" src=\"https:\/\/widgets.uniteus.io\/public\/widget.js\"><\/script>\n<script type=\"text\/javascript\">\nvar token = 'eyJhbGciOiJIUzI1NiIsInR5cCI6IkpXVCIsImtpZCI6IndpdWVob2QzMjc4dTJkaG93aDgifQ.eyJpc3MiOm51bGwsInN1YiI6Ijk5NmE3OGNjLTMwMzYtNDU3My1hNGRmLTgxOTk0ZDc3ZjVlNyIsImVtYWlsIjoiZ2xvYmFsLWFyLWFwaS1rZXlAdW5pdGV1cy5jb20iLCJhdWQiOltdLCJleHAiOjM4MDUwNTM3NDMsIm5iZiI6MTY1NzU3MDA5NiwiaWF0IjoxNjU3NTcwMDk2LCJqdGkiOiJjY2VjYjI4ZGI2MGI3NzIyZDExZGY4YjU0OGIxZGJkODU0NzdjYjYwYmEyNjAzOWUwOCIsInVzZXJfaW50ZXJjb21faG1hYyI6ImY3NmZmNzYwNzNmMzgxYzhjMzdkNDQ1NWEwMWFiNThlOTkyMGIxZjE1ZGYxMTQ5Yzk1NmIxN2ZkZmIyZDQ2ZGUifQ.pUlwmNAASQC7Ey-GpXf_vxClGjedx6oGenmt3Eme8Js';var provider_id = '8daf1b1c-f2d2-40c2-a345-dc6dece331c1';window.Uniteus.assistanceRequestWidget(token, 'uu-container', provider_id);\n<\/script>\n\n\n\n<hr class=\"wp-block-separator has-alpha-channel-opacity\"\/>\n\n\n\n<h3 class=\"wp-block-heading\"><strong>Un compromiso de apoyo y atenci\u00f3n<\/strong><\/h3>\n\n\n\n<p>En la Fundaci\u00f3n Raymond A. Wood, nuestra misi\u00f3n siempre ha sido mejorar la calidad de vida de los pacientes y sus familias. Al asociarnos con la Red de Servicios Sociales de Neurolog\u00eda, estamos dando un paso importante hacia la prestaci\u00f3n de una atenci\u00f3n integral y coordinada a quienes atendemos. Juntos, podemos garantizar que nadie se enfrente solo a estos retos.<\/p>\n\n\n\n<p><\/p>","protected":false},"excerpt":{"rendered":"<p>Acceda a recursos vitales con Unidos La Fundaci\u00f3n Raymond A. Wood se complace en anunciar ... <a title=\"Unidos: conectando a cuidadores y supervivientes\" class=\"read-more\" href=\"https:\/\/www.rawoodfoundation.org\/es\/connecting-caregivers-and-survivors-access-vital-resources-with-unite-us\/\" aria-label=\"Leer m\u00e1s sobre Unidos: Conectando a cuidadores y supervivientes\">Seguir leyendo<\/a><\/p>","protected":false},"author":4,"featured_media":0,"parent":0,"menu_order":18,"comment_status":"closed","ping_status":"closed","template":"","meta":{"_acf_changed":false,"footnotes":""},"class_list":{"0":"post-11292","1":"page","2":"type-page","3":"status-publish","5":"no-featured-image-padding"},"acf":[],"yoast_head":"<!-- This site is optimized with the Yoast SEO plugin v27.3 - https:\/\/yoast.com\/product\/yoast-seo-wordpress\/ -->\n<title>Unite Us: Connecting Caregivers and Survivors - Raymond A. Wood Foundation<\/title>\n<meta name=\"robots\" content=\"index, follow, max-snippet:-1, max-image-preview:large, max-video-preview:-1\" \/>\n<link rel=\"canonical\" href=\"https:\/\/www.rawoodfoundation.org\/es\/conectar-a-cuidadores-y-supervivientes-acceder-a-recursos-vitales-con-unite-us\/\" \/>\n<meta property=\"og:locale\" content=\"es_MX\" \/>\n<meta property=\"og:type\" content=\"article\" \/>\n<meta property=\"og:title\" content=\"Unite Us: Connecting Caregivers and Survivors - Raymond A. Wood Foundation\" \/>\n<meta property=\"og:description\" content=\"Access Vital Resources with Unite Us The Raymond A. Wood Foundation is thrilled to announce ... Read more\" \/>\n<meta property=\"og:url\" content=\"https:\/\/www.rawoodfoundation.org\/es\/conectar-a-cuidadores-y-supervivientes-acceder-a-recursos-vitales-con-unite-us\/\" \/>\n<meta property=\"og:site_name\" content=\"Raymond A. Wood Foundation\" \/>\n<meta property=\"article:publisher\" content=\"https:\/\/www.facebook.com\/rawoodfoundation\" \/>\n<meta property=\"article:modified_time\" content=\"2025-03-13T19:48:01+00:00\" \/>\n<meta property=\"og:image\" content=\"https:\/\/www.rawoodfoundation.org\/wp-content\/uploads\/2025\/01\/Partnership-Announcement-RAWF-NSSN-1024x1024.jpg\" \/>\n<meta name=\"twitter:card\" content=\"summary_large_image\" \/>\n<meta name=\"twitter:site\" content=\"@rawoodfound\" \/>\n<meta name=\"twitter:label1\" content=\"Tiempo de lectura\" \/>\n\t<meta name=\"twitter:data1\" content=\"2 minutos\" \/>\n<script type=\"application\/ld+json\" class=\"yoast-schema-graph\">{\"@context\":\"https:\\\/\\\/schema.org\",\"@graph\":[{\"@type\":\"WebPage\",\"@id\":\"https:\\\/\\\/www.rawoodfoundation.org\\\/connecting-caregivers-and-survivors-access-vital-resources-with-unite-us\\\/\",\"url\":\"https:\\\/\\\/www.rawoodfoundation.org\\\/connecting-caregivers-and-survivors-access-vital-resources-with-unite-us\\\/\",\"name\":\"Unite Us: Connecting Caregivers and Survivors - Raymond A. Wood Foundation\",\"isPartOf\":{\"@id\":\"https:\\\/\\\/www.rawoodfoundation.org\\\/#website\"},\"primaryImageOfPage\":{\"@id\":\"https:\\\/\\\/www.rawoodfoundation.org\\\/connecting-caregivers-and-survivors-access-vital-resources-with-unite-us\\\/#primaryimage\"},\"image\":{\"@id\":\"https:\\\/\\\/www.rawoodfoundation.org\\\/connecting-caregivers-and-survivors-access-vital-resources-with-unite-us\\\/#primaryimage\"},\"thumbnailUrl\":\"https:\\\/\\\/www.rawoodfoundation.org\\\/wp-content\\\/uploads\\\/2025\\\/01\\\/Partnership-Announcement-RAWF-NSSN-1024x1024.jpg\",\"datePublished\":\"2025-01-26T15:55:42+00:00\",\"dateModified\":\"2025-03-13T19:48:01+00:00\",\"breadcrumb\":{\"@id\":\"https:\\\/\\\/www.rawoodfoundation.org\\\/connecting-caregivers-and-survivors-access-vital-resources-with-unite-us\\\/#breadcrumb\"},\"inLanguage\":\"es\",\"potentialAction\":[{\"@type\":\"ReadAction\",\"target\":[\"https:\\\/\\\/www.rawoodfoundation.org\\\/connecting-caregivers-and-survivors-access-vital-resources-with-unite-us\\\/\"]}]},{\"@type\":\"ImageObject\",\"inLanguage\":\"es\",\"@id\":\"https:\\\/\\\/www.rawoodfoundation.org\\\/connecting-caregivers-and-survivors-access-vital-resources-with-unite-us\\\/#primaryimage\",\"url\":\"https:\\\/\\\/www.rawoodfoundation.org\\\/wp-content\\\/uploads\\\/2025\\\/01\\\/Partnership-Announcement-RAWF-NSSN-1024x1024.jpg\",\"contentUrl\":\"https:\\\/\\\/www.rawoodfoundation.org\\\/wp-content\\\/uploads\\\/2025\\\/01\\\/Partnership-Announcement-RAWF-NSSN-1024x1024.jpg\"},{\"@type\":\"BreadcrumbList\",\"@id\":\"https:\\\/\\\/www.rawoodfoundation.org\\\/connecting-caregivers-and-survivors-access-vital-resources-with-unite-us\\\/#breadcrumb\",\"itemListElement\":[{\"@type\":\"ListItem\",\"position\":1,\"name\":\"Home\",\"item\":\"https:\\\/\\\/www.rawoodfoundation.org\\\/\"},{\"@type\":\"ListItem\",\"position\":2,\"name\":\"Unite Us: Connecting Caregivers and Survivors\"}]},{\"@type\":\"WebSite\",\"@id\":\"https:\\\/\\\/www.rawoodfoundation.org\\\/#website\",\"url\":\"https:\\\/\\\/www.rawoodfoundation.org\\\/\",\"name\":\"Raymond A. Wood Foundation\",\"description\":\"The mission of the RAWF is to provide quality of life support for childhood brain tumor survivors and their families.\",\"publisher\":{\"@id\":\"https:\\\/\\\/www.rawoodfoundation.org\\\/#organization\"},\"potentialAction\":[{\"@type\":\"SearchAction\",\"target\":{\"@type\":\"EntryPoint\",\"urlTemplate\":\"https:\\\/\\\/www.rawoodfoundation.org\\\/?s={search_term_string}\"},\"query-input\":{\"@type\":\"PropertyValueSpecification\",\"valueRequired\":true,\"valueName\":\"search_term_string\"}}],\"inLanguage\":\"es\"},{\"@type\":\"Organization\",\"@id\":\"https:\\\/\\\/www.rawoodfoundation.org\\\/#organization\",\"name\":\"Raymond A. Wood Foundation\",\"url\":\"https:\\\/\\\/www.rawoodfoundation.org\\\/\",\"logo\":{\"@type\":\"ImageObject\",\"inLanguage\":\"es\",\"@id\":\"https:\\\/\\\/www.rawoodfoundation.org\\\/#\\\/schema\\\/logo\\\/image\\\/\",\"url\":\"https:\\\/\\\/www.rawoodfoundation.org\\\/wp-content\\\/uploads\\\/2023\\\/07\\\/Raymond-A-Wood-Foundation-logo.webp\",\"contentUrl\":\"https:\\\/\\\/www.rawoodfoundation.org\\\/wp-content\\\/uploads\\\/2023\\\/07\\\/Raymond-A-Wood-Foundation-logo.webp\",\"width\":470,\"height\":128,\"caption\":\"Raymond A. Wood Foundation\"},\"image\":{\"@id\":\"https:\\\/\\\/www.rawoodfoundation.org\\\/#\\\/schema\\\/logo\\\/image\\\/\"},\"sameAs\":[\"https:\\\/\\\/www.facebook.com\\\/rawoodfoundation\",\"https:\\\/\\\/x.com\\\/rawoodfound\"]}]}<\/script>\n<!-- \/ Yoast SEO plugin. -->","yoast_head_json":{"title":"Unidos: Conectando a cuidadores y supervivientes - Fundaci\u00f3n Raymond A. Wood","robots":{"index":"index","follow":"follow","max-snippet":"max-snippet:-1","max-image-preview":"max-image-preview:large","max-video-preview":"max-video-preview:-1"},"canonical":"https:\/\/www.rawoodfoundation.org\/es\/conectar-a-cuidadores-y-supervivientes-acceder-a-recursos-vitales-con-unite-us\/","og_locale":"es_MX","og_type":"article","og_title":"Unite Us: Connecting Caregivers and Survivors - Raymond A. Wood Foundation","og_description":"Access Vital Resources with Unite Us The Raymond A. Wood Foundation is thrilled to announce ... Read more","og_url":"https:\/\/www.rawoodfoundation.org\/es\/conectar-a-cuidadores-y-supervivientes-acceder-a-recursos-vitales-con-unite-us\/","og_site_name":"Raymond A. Wood Foundation","article_publisher":"https:\/\/www.facebook.com\/rawoodfoundation","article_modified_time":"2025-03-13T19:48:01+00:00","og_image":[{"url":"https:\/\/www.rawoodfoundation.org\/wp-content\/uploads\/2025\/01\/Partnership-Announcement-RAWF-NSSN-1024x1024.jpg","type":"","width":"","height":""}],"twitter_card":"summary_large_image","twitter_site":"@rawoodfound","twitter_misc":{"Tiempo de lectura":"2 minutos"},"schema":{"@context":"https:\/\/schema.org","@graph":[{"@type":"WebPage","@id":"https:\/\/www.rawoodfoundation.org\/connecting-caregivers-and-survivors-access-vital-resources-with-unite-us\/","url":"https:\/\/www.rawoodfoundation.org\/connecting-caregivers-and-survivors-access-vital-resources-with-unite-us\/","name":"Unidos: Conectando a cuidadores y supervivientes - Fundaci\u00f3n Raymond A. Wood","isPartOf":{"@id":"https:\/\/www.rawoodfoundation.org\/#website"},"primaryImageOfPage":{"@id":"https:\/\/www.rawoodfoundation.org\/connecting-caregivers-and-survivors-access-vital-resources-with-unite-us\/#primaryimage"},"image":{"@id":"https:\/\/www.rawoodfoundation.org\/connecting-caregivers-and-survivors-access-vital-resources-with-unite-us\/#primaryimage"},"thumbnailUrl":"https:\/\/www.rawoodfoundation.org\/wp-content\/uploads\/2025\/01\/Partnership-Announcement-RAWF-NSSN-1024x1024.jpg","datePublished":"2025-01-26T15:55:42+00:00","dateModified":"2025-03-13T19:48:01+00:00","breadcrumb":{"@id":"https:\/\/www.rawoodfoundation.org\/connecting-caregivers-and-survivors-access-vital-resources-with-unite-us\/#breadcrumb"},"inLanguage":"es","potentialAction":[{"@type":"ReadAction","target":["https:\/\/www.rawoodfoundation.org\/connecting-caregivers-and-survivors-access-vital-resources-with-unite-us\/"]}]},{"@type":"ImageObject","inLanguage":"es","@id":"https:\/\/www.rawoodfoundation.org\/connecting-caregivers-and-survivors-access-vital-resources-with-unite-us\/#primaryimage","url":"https:\/\/www.rawoodfoundation.org\/wp-content\/uploads\/2025\/01\/Partnership-Announcement-RAWF-NSSN-1024x1024.jpg","contentUrl":"https:\/\/www.rawoodfoundation.org\/wp-content\/uploads\/2025\/01\/Partnership-Announcement-RAWF-NSSN-1024x1024.jpg"},{"@type":"BreadcrumbList","@id":"https:\/\/www.rawoodfoundation.org\/connecting-caregivers-and-survivors-access-vital-resources-with-unite-us\/#breadcrumb","itemListElement":[{"@type":"ListItem","position":1,"name":"Home","item":"https:\/\/www.rawoodfoundation.org\/"},{"@type":"ListItem","position":2,"name":"Unite Us: Connecting Caregivers and Survivors"}]},{"@type":"WebSite","@id":"https:\/\/www.rawoodfoundation.org\/#website","url":"https:\/\/www.rawoodfoundation.org\/","name":"Fundaci\u00f3n Raymond A. Wood","description":"La misi\u00f3n de la RAWF es proporcionar apoyo a la calidad de vida de los supervivientes de tumores cerebrales infantiles y sus familias.","publisher":{"@id":"https:\/\/www.rawoodfoundation.org\/#organization"},"potentialAction":[{"@type":"SearchAction","target":{"@type":"EntryPoint","urlTemplate":"https:\/\/www.rawoodfoundation.org\/?s={search_term_string}"},"query-input":{"@type":"PropertyValueSpecification","valueRequired":true,"valueName":"search_term_string"}}],"inLanguage":"es"},{"@type":"Organization","@id":"https:\/\/www.rawoodfoundation.org\/#organization","name":"Fundaci\u00f3n Raymond A. Wood","url":"https:\/\/www.rawoodfoundation.org\/","logo":{"@type":"ImageObject","inLanguage":"es","@id":"https:\/\/www.rawoodfoundation.org\/#\/schema\/logo\/image\/","url":"https:\/\/www.rawoodfoundation.org\/wp-content\/uploads\/2023\/07\/Raymond-A-Wood-Foundation-logo.webp","contentUrl":"https:\/\/www.rawoodfoundation.org\/wp-content\/uploads\/2023\/07\/Raymond-A-Wood-Foundation-logo.webp","width":470,"height":128,"caption":"Raymond A. Wood Foundation"},"image":{"@id":"https:\/\/www.rawoodfoundation.org\/#\/schema\/logo\/image\/"},"sameAs":["https:\/\/www.facebook.com\/rawoodfoundation","https:\/\/x.com\/rawoodfound"]}]}},"_links":{"self":[{"href":"https:\/\/www.rawoodfoundation.org\/es\/wp-json\/wp\/v2\/pages\/11292","targetHints":{"allow":["GET"]}}],"collection":[{"href":"https:\/\/www.rawoodfoundation.org\/es\/wp-json\/wp\/v2\/pages"}],"about":[{"href":"https:\/\/www.rawoodfoundation.org\/es\/wp-json\/wp\/v2\/types\/page"}],"author":[{"embeddable":true,"href":"https:\/\/www.rawoodfoundation.org\/es\/wp-json\/wp\/v2\/users\/4"}],"replies":[{"embeddable":true,"href":"https:\/\/www.rawoodfoundation.org\/es\/wp-json\/wp\/v2\/comments?post=11292"}],"version-history":[{"count":7,"href":"https:\/\/www.rawoodfoundation.org\/es\/wp-json\/wp\/v2\/pages\/11292\/revisions"}],"predecessor-version":[{"id":12041,"href":"https:\/\/www.rawoodfoundation.org\/es\/wp-json\/wp\/v2\/pages\/11292\/revisions\/12041"}],"wp:attachment":[{"href":"https:\/\/www.rawoodfoundation.org\/es\/wp-json\/wp\/v2\/media?parent=11292"}],"curies":[{"name":"wp","href":"https:\/\/api.w.org\/{rel}","templated":true}]}}